{"id":1651,"date":"2018-03-28T15:38:32","date_gmt":"2018-03-28T12:38:32","guid":{"rendered":"https:\/\/beauty.dev-ops.club\/meist\/"},"modified":"2019-05-15T18:01:17","modified_gmt":"2019-05-15T15:01:17","slug":"about","status":"publish","type":"page","link":"https:\/\/janssen-beauty.ee\/en\/about","title":{"rendered":"About us"},"content":{"rendered":"<p style=\"text-align: left;\">Minu\u00a0ilusalong\u00a0on avatud alates 13. oktoobrist 2003. Selle aja jooksul on laienenud pakutavate teenuste hulk ning suurenenud k\u00f5rgekvaliteediliste kosmeetikatoodete ja -materjalide valik. Samas on j\u00e4\u00e4nud muutumatuks \u00fcks: hooliv ja t\u00e4helepanelik suhtumine igasse klienti.<\/p>\n<p style=\"text-align: left;\">Minu\u00a0ilusalong\u00a0on s\u00f5bralik ja heatahtlik professionaalide kollektiiv, kelle p\u00fc\u00fcdlused on suunatud sellele, et meie p\u00fcsikliendid ja k\u00fclalised saaksid parima kogemuse, hea tuju ja kvaliteetse teenuse.<\/p>\n<p style=\"text-align: left;\">Alates 2004. aastast oleme professionaalse saksa kosmeetikasarja\u00a0JANSSEN COSMETICS\u00a0ametlik maaletooja.<\/p>\n<p style=\"text-align: left;\">2010.aastast\u00a0oleme professionaalse saksa kosmeetikasarja\u00a0INSPIRA COSMETICS\u00a0ametlik maaletooja.<\/p>\n<p style=\"text-align: left;\">Igakuiselt toimuvad seminarid professionaalsetele kosmeetikutele.<\/p>\n<p style=\"text-align: left;\">Salongis on m\u00fc\u00fcgil kosmeetikatooted n\u00e4ole ja kehale, professionaalsed juuksehooldussarjad, hooldusvahendid k\u00e4tele ja jalgadele. Paljusid tooteid ei ole v\u00f5imalik vabam\u00fc\u00fcgist osta, neid leiab vaid professionaalsetest ilusalongidest ning loomulikult ka\u00a0Minu\u00a0ilusalongist.<\/p>\n<p style=\"text-align: left;\">Loodame siiralt, et meie salongis veedetud aeg pakub Teile t\u00e4ieliku rahulolu ning v\u00f5ib saada toredaks kingituseks nii l\u00e4hedastele, s\u00f5pradele kui \u00e4ripartneritele!<\/p>\n","protected":false},"excerpt":{"rendered":"<p>Minu\u00a0ilusalong\u00a0on avatud alates 13. oktoobrist 2003. Selle aja jooksul on laienenud pakutavate teenuste hulk ning suurenenud k\u00f5rgekvaliteediliste kosmeetikatoodete ja -materjalide valik. Samas on j\u00e4\u00e4nud muutumatuks \u00fcks: hooliv ja t\u00e4helepanelik suhtumine igasse klienti. Minu\u00a0ilusalong\u00a0on s\u00f5bralik ja heatahtlik professionaalide kollektiiv, kelle p\u00fc\u00fcdlused on suunatud sellele, et meie p\u00fcsikliendid ja k\u00fclalised saaksid parima kogemuse, hea tuju ja kvaliteetse [&hellip;]<\/p>\n","protected":false},"author":5,"featured_media":0,"parent":0,"menu_order":0,"comment_status":"closed","ping_status":"closed","template":"","meta":{"footnotes":""},"class_list":["post-1651","page","type-page","status-publish","hentry"],"_links":{"self":[{"href":"https:\/\/janssen-beauty.ee\/en\/wp-json\/wp\/v2\/pages\/1651"}],"collection":[{"href":"https:\/\/janssen-beauty.ee\/en\/wp-json\/wp\/v2\/pages"}],"about":[{"href":"https:\/\/janssen-beauty.ee\/en\/wp-json\/wp\/v2\/types\/page"}],"author":[{"embeddable":true,"href":"https:\/\/janssen-beauty.ee\/en\/wp-json\/wp\/v2\/users\/5"}],"replies":[{"embeddable":true,"href":"https:\/\/janssen-beauty.ee\/en\/wp-json\/wp\/v2\/comments?post=1651"}],"version-history":[{"count":0,"href":"https:\/\/janssen-beauty.ee\/en\/wp-json\/wp\/v2\/pages\/1651\/revisions"}],"wp:attachment":[{"href":"https:\/\/janssen-beauty.ee\/en\/wp-json\/wp\/v2\/media?parent=1651"}],"curies":[{"name":"wp","href":"https:\/\/api.w.org\/{rel}","templated":true}]}}