{"id":1702,"date":"2018-04-27T11:27:45","date_gmt":"2018-04-27T08:27:45","guid":{"rendered":"https:\/\/beauty.dev-ops.club\/teenused\/kosmeetika\/"},"modified":"2024-02-16T10:56:43","modified_gmt":"2024-02-16T08:56:43","slug":"cosmetics","status":"publish","type":"page","link":"https:\/\/janssen-beauty.ee\/en\/servises\/cosmetics","title":{"rendered":"Cosmetics"},"content":{"rendered":"<div class=\"vc_row wpb_row row\"><div class=\"vc_column_container col-md-12\"><div class=\"wpb_wrapper vc_column-inner\">\n<div id=\"rev_slider_3_1_wrapper\" class=\"rev_slider_wrapper fullwidthbanner-container\" data-source=\"gallery\" style=\"margin:0px auto;background:transparent;padding:0px;margin-top:0px;margin-bottom:0px;\">\n<!-- START REVOLUTION SLIDER 5.4.6.4 auto mode -->\n\t<div id=\"rev_slider_3_1\" class=\"rev_slider fullwidthabanner\" style=\"display:none;\" data-version=\"5.4.6.4\">\n<ul>\t<!-- SLIDE  -->\n\t<li data-index=\"rs-4\" data-transition=\"fade\" data-slotamount=\"default\" data-hideafterloop=\"0\" data-hideslideonmobile=\"off\"  data-easein=\"default\" data-easeout=\"default\" data-masterspeed=\"300\"  data-rotate=\"0\"  data-saveperformance=\"off\"  data-title=\"Slide\" data-param1=\"\" data-param2=\"\" data-param3=\"\" data-param4=\"\" data-param5=\"\" data-param6=\"\" data-param7=\"\" data-param8=\"\" data-param9=\"\" data-param10=\"\" data-description=\"\">\n\t\t<!-- MAIN IMAGE -->\n\t\t<img loading=\"lazy\" decoding=\"async\" src=\"https:\/\/janssen-beauty.ee\/wp-content\/uploads\/2018\/04\/MI_0000_IMG_5455.png\"  alt=\"\" title=\"MI_0000_IMG_5455\"  width=\"1170\" height=\"500\" data-bgposition=\"center center\" data-bgfit=\"cover\" data-bgrepeat=\"no-repeat\" class=\"rev-slidebg\" data-no-retina>\n\t\t<!-- LAYERS -->\n\t<\/li>\n\t<!-- SLIDE  -->\n\t<li data-index=\"rs-5\" data-transition=\"fade\" data-slotamount=\"default\" data-hideafterloop=\"0\" data-hideslideonmobile=\"off\"  data-easein=\"default\" data-easeout=\"default\" data-masterspeed=\"300\"  data-rotate=\"0\"  data-saveperformance=\"off\"  data-title=\"Slide\" data-param1=\"\" data-param2=\"\" data-param3=\"\" data-param4=\"\" data-param5=\"\" data-param6=\"\" data-param7=\"\" data-param8=\"\" data-param9=\"\" data-param10=\"\" data-description=\"\">\n\t\t<!-- MAIN IMAGE -->\n\t\t<img loading=\"lazy\" decoding=\"async\" src=\"https:\/\/janssen-beauty.ee\/wp-content\/uploads\/2018\/04\/teenused3.jpg\"  alt=\"\" title=\"teenused3\"  width=\"555\" height=\"370\" data-bgposition=\"center center\" data-bgfit=\"cover\" data-bgrepeat=\"no-repeat\" class=\"rev-slidebg\" data-no-retina>\n\t\t<!-- LAYERS -->\n\t<\/li>\n\t<!-- SLIDE  -->\n\t<li data-index=\"rs-6\" data-transition=\"fade\" data-slotamount=\"7\" data-hideafterloop=\"0\" data-hideslideonmobile=\"off\"  data-easein=\"default\" data-easeout=\"default\" data-masterspeed=\"300\"  data-rotate=\"0\"  data-saveperformance=\"off\"  data-title=\"Slide\" data-param1=\"\" data-param2=\"\" data-param3=\"\" data-param4=\"\" data-param5=\"\" data-param6=\"\" data-param7=\"\" data-param8=\"\" data-param9=\"\" data-param10=\"\" data-description=\"\">\n\t\t<!-- MAIN IMAGE -->\n\t\t<img loading=\"lazy\" decoding=\"async\" src=\"https:\/\/janssen-beauty.ee\/wp-content\/uploads\/2018\/04\/MI_0002_IMG_5451.png\"  alt=\"\" title=\"MI_0002_IMG_5451\"  width=\"1170\" height=\"500\" data-bgposition=\"center center\" data-bgfit=\"cover\" data-bgrepeat=\"no-repeat\" class=\"rev-slidebg\" data-no-retina>\n\t\t<!-- LAYERS -->\n\t<\/li>\n<\/ul>\n<div class=\"tp-bannertimer tp-bottom\" style=\"visibility: hidden !important;\"><\/div>\t<\/div>\n<script>var htmlDiv = document.getElementById(\"rs-plugin-settings-inline-css\"); var htmlDivCss=\"\";\n\t\t\t\tif(htmlDiv) {\n\t\t\t\t\thtmlDiv.innerHTML = htmlDiv.innerHTML + htmlDivCss;\n\t\t\t\t}else{\n\t\t\t\t\tvar htmlDiv = document.createElement(\"div\");\n\t\t\t\t\thtmlDiv.innerHTML = \"<style>\" + htmlDivCss + \"<\/style>\";\n\t\t\t\t\tdocument.getElementsByTagName(\"head\")[0].appendChild(htmlDiv.childNodes[0]);\n\t\t\t\t}\n\t\t\t<\/script>\n\t\t<script type=\"text\/javascript\">\nsetREVStartSize({c: jQuery('#rev_slider_3_1'), gridwidth: [1920], gridheight: [720], sliderLayout: 'auto'});\n\t\t\t\nvar revapi3,\n\ttpj=jQuery;\n\t\t\t\ntpj(document).ready(function() {\n\tif(tpj(\"#rev_slider_3_1\").revolution == undefined){\n\t\trevslider_showDoubleJqueryError(\"#rev_slider_3_1\");\n\t}else{\n\t\trevapi3 = tpj(\"#rev_slider_3_1\").show().revolution({\n\t\t\tsliderType:\"standard\",\n\t\t\tjsFileLocation:\"\/\/janssen-beauty.ee\/wp-content\/plugins\/revslider\/public\/assets\/js\/\",\n\t\t\tsliderLayout:\"auto\",\n\t\t\tdottedOverlay:\"none\",\n\t\t\tdelay:9000,\n\t\t\tnavigation: {\n\t\t\t\tonHoverStop:\"off\",\n\t\t\t},\n\t\t\tvisibilityLevels:[1240,1024,778,480],\n\t\t\tgridwidth:1920,\n\t\t\tgridheight:720,\n\t\t\tlazyType:\"none\",\n\t\t\tshadow:0,\n\t\t\tspinner:\"spinner0\",\n\t\t\tstopLoop:\"off\",\n\t\t\tstopAfterLoops:-1,\n\t\t\tstopAtSlide:-1,\n\t\t\tshuffle:\"off\",\n\t\t\tautoHeight:\"off\",\n\t\t\tdisableProgressBar:\"on\",\n\t\t\thideThumbsOnMobile:\"off\",\n\t\t\thideSliderAtLimit:0,\n\t\t\thideCaptionAtLimit:0,\n\t\t\thideAllCaptionAtLilmit:0,\n\t\t\tdebugMode:false,\n\t\t\tfallbacks: {\n\t\t\t\tsimplifyAll:\"off\",\n\t\t\t\tnextSlideOnWindowFocus:\"off\",\n\t\t\t\tdisableFocusListener:false,\n\t\t\t}\n\t\t});\n\t}\n\t\n});\t\/*ready*\/\n<\/script>\n\t\t<\/div><!-- END REVOLUTION SLIDER --><\/div><\/div><\/div><div class=\"vc_row wpb_row row\"><div class=\"vc_column_container col-md-12\"><div class=\"wpb_wrapper vc_column-inner\"><div class=\"vc_empty_space\"   style=\"height: 32px\" ><span class=\"vc_empty_space_inner\"><\/span><\/div>\n<style type=\"text\/css\">.vc_custom_1516931725074{margin-bottom: 20px !important;background-color: #ffffff !important;}<\/style><div class=\"porto-block \"><div class=\"vc_row wpb_row row vc_custom_1516931725074 vc_row-has-fill\"><div class=\"vc_column_container col-md-12\"><div class=\"wpb_wrapper vc_column-inner\"><div class=\"porto-carousel owl-carousel  m-b-lg stage-margin\" data-plugin-options=\"{&quot;stagePadding&quot;:30,&quot;margin&quot;:0,&quot;autoplay&quot;:&quot;yes&quot;,&quot;autoplayTimeout&quot;:5000,&quot;autoplayHoverPause&quot;:false,&quot;items&quot;:3,&quot;lg&quot;:3,&quot;md&quot;:3,&quot;sm&quot;:2,&quot;xs&quot;:1,&quot;nav&quot;:&quot;yes&quot;,&quot;dots&quot;:false,&quot;animateIn&quot;:&quot;&quot;,&quot;animateOut&quot;:&quot;&quot;,&quot;loop&quot;:&quot;yes&quot;,&quot;center&quot;:false,&quot;video&quot;:false,&quot;lazyLoad&quot;:false,&quot;fullscreen&quot;:false}\">\n\t<div class=\"wpb_single_image wpb_content_element vc_align_center\">\n\t\t<div class=\"wpb_wrapper\">\n\t\t\t\n\t\t\t<a href=\"https:\/\/janssen-beauty.ee\/en\/product-category\/janssen-cosmetics-en\" target=\"_self\"><div class=\"vc_single_image-wrapper   vc_box_border_grey\"><img loading=\"lazy\" decoding=\"async\" width=\"150\" height=\"32\" src=\"https:\/\/janssen-beauty.ee\/wp-content\/uploads\/2024\/02\/JanssenCosmetics_431_RGB-150.jpg\" class=\"vc_single_image-img attachment-thumbnail\" alt=\"\" \/><\/div><\/a>\n\t\t<\/div>\n\t<\/div>\n\n\t<div class=\"wpb_single_image wpb_content_element vc_align_center\">\n\t\t<div class=\"wpb_wrapper\">\n\t\t\t\n\t\t\t<a href=\"https:\/\/janssen-beauty.ee\/en\/product-category\/inspira-cosmetics-en\" target=\"_self\"><div class=\"vc_single_image-wrapper   vc_box_border_grey\"><img loading=\"lazy\" decoding=\"async\" width=\"150\" height=\"150\" src=\"https:\/\/janssen-beauty.ee\/wp-content\/uploads\/2018\/04\/logo-inspira-150x150.jpg\" class=\"vc_single_image-img attachment-thumbnail\" alt=\"\" srcset=\"https:\/\/janssen-beauty.ee\/wp-content\/uploads\/2018\/04\/logo-inspira-150x150.jpg 150w, https:\/\/janssen-beauty.ee\/wp-content\/uploads\/2018\/04\/logo-inspira-300x300.jpg 300w, https:\/\/janssen-beauty.ee\/wp-content\/uploads\/2018\/04\/logo-inspira-768x768.jpg 768w, https:\/\/janssen-beauty.ee\/wp-content\/uploads\/2018\/04\/logo-inspira-560x560.jpg 560w, https:\/\/janssen-beauty.ee\/wp-content\/uploads\/2018\/04\/logo-inspira-367x367.jpg 367w, https:\/\/janssen-beauty.ee\/wp-content\/uploads\/2018\/04\/logo-inspira-85x85.jpg 85w, https:\/\/janssen-beauty.ee\/wp-content\/uploads\/2018\/04\/logo-inspira-50x50.jpg 50w, https:\/\/janssen-beauty.ee\/wp-content\/uploads\/2018\/04\/logo-inspira-600x600.jpg 600w, https:\/\/janssen-beauty.ee\/wp-content\/uploads\/2018\/04\/logo-inspira-100x100.jpg 100w, https:\/\/janssen-beauty.ee\/wp-content\/uploads\/2018\/04\/logo-inspira.jpg 960w\" sizes=\"(max-width: 150px) 100vw, 150px\" \/><\/div><\/a>\n\t\t<\/div>\n\t<\/div>\n\n\t<div class=\"wpb_single_image wpb_content_element vc_align_center\">\n\t\t<div class=\"wpb_wrapper\">\n\t\t\t\n\t\t\t<a href=\"https:\/\/janssen-beauty.ee\/en\/product-category\/Dr-Kadir-en\" target=\"_self\"><div class=\"vc_single_image-wrapper   vc_box_border_grey\"><img loading=\"lazy\" decoding=\"async\" width=\"149\" height=\"150\" src=\"https:\/\/janssen-beauty.ee\/wp-content\/uploads\/2024\/02\/DR-Kadir-logo-ruut-150.jpg\" class=\"vc_single_image-img attachment-thumbnail\" alt=\"\" srcset=\"https:\/\/janssen-beauty.ee\/wp-content\/uploads\/2024\/02\/DR-Kadir-logo-ruut-150.jpg 150w, https:\/\/janssen-beauty.ee\/wp-content\/uploads\/2024\/02\/DR-Kadir-logo-ruut-150-85x85.jpg 85w, https:\/\/janssen-beauty.ee\/wp-content\/uploads\/2024\/02\/DR-Kadir-logo-ruut-150-50x50.jpg 50w, https:\/\/janssen-beauty.ee\/wp-content\/uploads\/2024\/02\/DR-Kadir-logo-ruut-150-100x100.jpg 100w\" sizes=\"(max-width: 149px) 100vw, 149px\" \/><\/div><\/a>\n\t\t<\/div>\n\t<\/div>\n<\/div><\/div><\/div><\/div><\/div><div class=\"vc_empty_space\"   style=\"height: 32px\" ><span class=\"vc_empty_space_inner\"><\/span><\/div>\n<\/div><\/div><\/div><div class=\"vc_row wpb_row row\"><div class=\"vc_column_container col-md-12\"><div class=\"wpb_wrapper vc_column-inner\">\n\t<div class=\"wpb_text_column wpb_content_element \" >\n\t\t<div class=\"wpb_wrapper\">\n\t\t\t<p>Meie salongis kannavad Teie eest hoolt meeldivad ja professionaalse valja\u00f5ppe saanud kosmetoloogid.<br \/>\nMeie kosmetoloogid kasutavad oma t\u00f6\u00f6s kaasaegseid vahendeid (Janssen Cosmetics, Inspira Cosmetics), k\u00f5iki neid tooteid on Teil v\u00f5imalik ka kaasa osta.<br \/>\nN\u00e4idisteenused:<br \/>\n-Silma\u00fcmbruste hooldus<br \/>\n-Naopuhastus &#8211; tavaline puhastus ilma mehhaaniliste toiminguteta (ampullpuhastus).<br \/>\n-L\u00e4mmastikuravi -N\u00e4opiirkonna ravi dr.Karajevi meetodil (meeldiv n\u00e4omassaaz merevaigust pulkadega &#8211; v\u00e4hendab nina-ja suu\u00fcmbruse ning silma\u00fcmbruste kortse, k\u00f5rvaldab silmaturseid, parandab n\u00e4ojumet, ahendab poore. Efekt p\u00fcsib 1-3 aastat ).<br \/>\n-Professor Nazarovi aparaadiga pingutame lihaseid, trimmime, m\u00f5jutame kudede uuenemist.<br \/>\n-N\u00e4olihaseid pingutavad maskid mustika-ja kirsiekstrakti baasil , raviprotseduurid kalamarja,aloe,biloba kollageenlehtedega, erihooldus kaelale ja dekolteele.<br \/>\n-Elektrol\u00fc\u00fcs (epilatsioon) k\u00f5ikidele kehaosadele<br \/>\n-\u201cWaxing\u201d-epilatsioon sooja vahaga<br \/>\n-Bikiinipiirkonna disain (erinevad kujundid , v\u00e4rvimine)<\/p>\n<p>-Rinnahooldus &#8211; tugevdab ja pingutab rinnalihaseid, muudab naha elastseks<br \/>\n-Piersing (naba, kulm, nina, keel, huul, k\u00f5rv) (Alates 14 aastast kuni 18 vajalik vanemate kirjalik n\u00f5usolek<\/p>\n\n\t\t<\/div>\n\t<\/div>\n<\/div><\/div><\/div><div class=\"vc_row wpb_row row\"><div class=\"vc_column_container col-md-4\"><div class=\"wpb_wrapper vc_column-inner\"><div class=\"vc_row wpb_row vc_inner row\"><div class=\"vc_column_container col-md-3\"><div class=\"wpb_wrapper vc_column-inner\">\n\t<div class=\"wpb_single_image wpb_content_element vc_align_left\">\n\t\t<div class=\"wpb_wrapper\">\n\t\t\t\n\t\t\t<div class=\"vc_single_image-wrapper   vc_box_border_grey\"><\/div>\n\t\t<\/div>\n\t<\/div>\n<\/div><\/div><div class=\"vc_column_container col-md-9\"><div class=\"wpb_wrapper vc_column-inner\">\n\t<div class=\"wpb_text_column wpb_content_element \" >\n\t\t<div class=\"wpb_wrapper\">\n\t\t\t<h2>Inna Tammvee<\/h2>\n<h4>Cosmetolog<\/h4>\n\n\t\t<\/div>\n\t<\/div>\n<\/div><\/div><\/div><\/div><\/div><div class=\"vc_column_container col-md-4\"><div class=\"wpb_wrapper vc_column-inner\"><div class=\"vc_row wpb_row vc_inner row\"><div class=\"vc_column_container col-md-3\"><div class=\"wpb_wrapper vc_column-inner\">\n\t<div class=\"wpb_single_image wpb_content_element vc_align_left\">\n\t\t<div class=\"wpb_wrapper\">\n\t\t\t\n\t\t\t<div class=\"vc_single_image-wrapper   vc_box_border_grey\"><\/div>\n\t\t<\/div>\n\t<\/div>\n<\/div><\/div><div class=\"vc_column_container col-md-9\"><div class=\"wpb_wrapper vc_column-inner\">\n\t<div class=\"wpb_text_column wpb_content_element \" >\n\t\t<div class=\"wpb_wrapper\">\n\t\t\t<h2>Veronika Horm<\/h2>\n<h4>Cosmetolog<\/h4>\n\n\t\t<\/div>\n\t<\/div>\n<\/div><\/div><\/div><\/div><\/div><div class=\"vc_column_container col-md-4\"><div class=\"wpb_wrapper vc_column-inner\"><div class=\"vc_row wpb_row vc_inner row\"><div class=\"vc_column_container col-md-3\"><div class=\"wpb_wrapper vc_column-inner\">\n\t<div class=\"wpb_single_image wpb_content_element vc_align_left\">\n\t\t<div class=\"wpb_wrapper\">\n\t\t\t\n\t\t\t<div class=\"vc_single_image-wrapper   vc_box_border_grey\"><\/div>\n\t\t<\/div>\n\t<\/div>\n<\/div><\/div><div class=\"vc_column_container col-md-9\"><div class=\"wpb_wrapper vc_column-inner\">\n\t<div class=\"wpb_text_column wpb_content_element \" >\n\t\t<div class=\"wpb_wrapper\">\n\t\t\t<h2>Ksenia Kozevnikova<\/h2>\n<h4>Cosmetolog<\/h4>\n\n\t\t<\/div>\n\t<\/div>\n<\/div><\/div><\/div><\/div><\/div><\/div>\n","protected":false},"excerpt":{"rendered":"","protected":false},"author":5,"featured_media":0,"parent":1693,"menu_order":0,"comment_status":"closed","ping_status":"closed","template":"","meta":{"footnotes":""},"class_list":["post-1702","page","type-page","status-publish","hentry"],"_links":{"self":[{"href":"https:\/\/janssen-beauty.ee\/en\/wp-json\/wp\/v2\/pages\/1702"}],"collection":[{"href":"https:\/\/janssen-beauty.ee\/en\/wp-json\/wp\/v2\/pages"}],"about":[{"href":"https:\/\/janssen-beauty.ee\/en\/wp-json\/wp\/v2\/types\/page"}],"author":[{"embeddable":true,"href":"https:\/\/janssen-beauty.ee\/en\/wp-json\/wp\/v2\/users\/5"}],"replies":[{"embeddable":true,"href":"https:\/\/janssen-beauty.ee\/en\/wp-json\/wp\/v2\/comments?post=1702"}],"version-history":[{"count":0,"href":"https:\/\/janssen-beauty.ee\/en\/wp-json\/wp\/v2\/pages\/1702\/revisions"}],"up":[{"embeddable":true,"href":"https:\/\/janssen-beauty.ee\/en\/wp-json\/wp\/v2\/pages\/1693"}],"wp:attachment":[{"href":"https:\/\/janssen-beauty.ee\/en\/wp-json\/wp\/v2\/media?parent=1702"}],"curies":[{"name":"wp","href":"https:\/\/api.w.org\/{rel}","templated":true}]}}