{"id":10069,"date":"2022-05-18T09:47:36","date_gmt":"2022-05-18T06:47:37","guid":{"rendered":"https:\/\/janssen-beauty.ee\/?post_type=product&#038;p=10069"},"modified":"2025-07-01T19:14:02","modified_gmt":"2025-07-01T16:14:02","slug":"probiotics-pro-immun-serum-ref-2631-2631p","status":"publish","type":"product","link":"https:\/\/janssen-beauty.ee\/en\/product\/probiotics-pro-immun-serum-ref-2631-2631p","title":{"rendered":"Probiotics Pro-Immun Serum  Ref. 2631 \/ 2631P"},"content":{"rendered":"<p><span data-sheets-value=\"{&quot;1&quot;:2,&quot;2&quot;:&quot;ToimenPuhastab, eemaldades pindmise mustuse. Kergesti mahapestav, muudab n\u00e4o siledaks. Regenereerib ja tervendab. Nahas\u00f5bralik puhastusvahend, tasakaalustab naha pH. nAktiivainedn\u2022 Naturaalne arahhise\u00f5li n\u2022 Unikaalsed naturaalsed niisutusained.nKasutaminenM\u00f5eldud kasutamiseks igal hommikul ja \u00f5htul. Kanda v\u00e4ike kogus puhastusvahendit kaelale, n\u00e4ole ja dekolteele. Masseerida kergelt. L\u00f5puks pesta maha leige veega v\u00f5i puhastada niisutatud vatiga. n&quot;}\" data-sheets-userformat=\"{&quot;2&quot;:8403905,&quot;3&quot;:{&quot;1&quot;:0},&quot;9&quot;:1,&quot;10&quot;:2,&quot;11&quot;:3,&quot;12&quot;:0,&quot;14&quot;:[null,2,0],&quot;15&quot;:&quot;Arial&quot;,&quot;16&quot;:10,&quot;26&quot;:400}\"><strong>Ingredients<\/strong><br \/>\n<\/span><\/p>\n<p class=\"cs95E872D0\"><span class=\"csD5D7D290\">\u2022\u00a0<\/span><span class=\"cs31D24DEE\">Probiotic:<\/span><span class=\"csD5D7D290\">\u00a0made from lactic acid bacteria; strengthens the skin&#8217;s defence mechanisms against pathogenic germs; supports the skin\u2019s barrier function; reduces dryness and irritation; can significantly reduce transepidermal water loss (TEWL) after just 7 days<\/span><\/p>\n<p class=\"cs95E872D0\"><span class=\"csD5D7D290\">\u2022\u00a0<\/span><span class=\"cs31D24DEE\">Microalgae extract:<\/span><span class=\"csD5D7D290\">\u00a0is activated by blue light (HEV= High Energy Visible Light; significantly reduces the signs of digital ageing after just 10 days: Radiance +5%; Wrinkle depth -16%; Firmness +4%<\/span><\/p>\n<p class=\"cs95E872D0\"><span class=\"csD5D7D290\">\u2022\u00a0<\/span><span class=\"cs31D24DEE\">Beta-glucan:\u00a0<\/span><span class=\"csD5D7D290\">natural polysaccharide; stimulates the skin\u2019s own immune system; increases skin&#8217;s resistance<\/span><\/p>\n<p class=\"cs95E872D0\"><span class=\"csD5D7D290\">\u2022\u00a0<\/span><span class=\"cs31D24DEE\">Ectoin\u00ae:<\/span><span class=\"csD5D7D290\">\u00a0protects the Langerhans cells located in the skin (\u201cguardians\u201d of the immune system)<\/span><\/p>\n<p class=\"cs95E872D0\"><span class=\"csD5D7D290\">\u2022\u00a0<\/span><span class=\"cs31D24DEE\">Saccharide isomerate:\u00a0<\/span><span class=\"csD5D7D290\">a skin-identical carbohydrate complex for long-lasting hydration of the skin<\/span><\/p>\n<p class=\"cs95E872D0\"><span class=\"csD5D7D290\">\u2022\u00a0<\/span><span class=\"cs31D24DEE\">Long- and short-chained hyaluronic acids:<\/span><span class=\"csD5D7D290\">\u00a0provides long-lasting moisture<\/span><\/p>\n<p class=\"cs95E872D0\"><span class=\"csD5D7D290\">\u2022\u00a0<\/span><span class=\"cs31D24DEE\">Allantoin:\u00a0<\/span><span class=\"csD5D7D290\">soothing; helps alleviate redness<\/span><\/p>\n<p class=\"cs95E872D0\"><span class=\"csD5D7D290\">\u2022\u00a0<\/span><span class=\"cs31D24DEE\">Bisabolol:\u00a0<\/span><span class=\"csD5D7D290\">soothing; helps alleviate redness<\/span><\/p>\n<p class=\"cs95E872D0\"><span class=\"csD5D7D290\">\u2022\u00a0<\/span><span class=\"cs31D24DEE\">Vitamin E:<\/span><span class=\"csD5D7D290\">\u00a0neutralises the free radicals that cause cell damage supple<\/span><\/p>\n<p><span data-sheets-value=\"{&quot;1&quot;:2,&quot;2&quot;:&quot;ToimenPuhastab, eemaldades pindmise mustuse. Kergesti mahapestav, muudab n\u00e4o siledaks. Regenereerib ja tervendab. Nahas\u00f5bralik puhastusvahend, tasakaalustab naha pH. nAktiivainedn\u2022 Naturaalne arahhise\u00f5li n\u2022 Unikaalsed naturaalsed niisutusained.nKasutaminenM\u00f5eldud kasutamiseks igal hommikul ja \u00f5htul. Kanda v\u00e4ike kogus puhastusvahendit kaelale, n\u00e4ole ja dekolteele. Masseerida kergelt. L\u00f5puks pesta maha leige veega v\u00f5i puhastada niisutatud vatiga. n&quot;}\" data-sheets-userformat=\"{&quot;2&quot;:8403905,&quot;3&quot;:{&quot;1&quot;:0},&quot;9&quot;:1,&quot;10&quot;:2,&quot;11&quot;:3,&quot;12&quot;:0,&quot;14&quot;:[null,2,0],&quot;15&quot;:&quot;Arial&quot;,&quot;16&quot;:10,&quot;26&quot;:400}\">\u00a0<strong>Usage<\/strong><\/span><\/p>\n<p class=\"cs95E872D0\">Gently massage into the skin after cleansing in the morning and\/or evening. Apply to the face, neck and d\u00e9colletage. Let the serum soak in and then apply your usual day or night cream. We recommend following with the PROBIOTICS Anti-Pollution Cream in the morning and\/or evening for a particularly effective skincare routine.<\/p>\n<p>&nbsp;<\/p>\n","protected":false},"excerpt":{"rendered":"<h3 class=\"product-title\"><strong>Probiotics Pro-Immun Seru<\/strong>m<\/h3>\n<p>Ref.2631-Home care 30ml , Ref. 2631\u0420 &#8211; Prof. 50 ml<br \/>\n<b>Description<\/b><\/p>\n<p class=\"cs95E872D0\"><span class=\"desc\">PROBIOTICS Pro-Immune Serum stabilises the skin&#8217;s immune cells, strengthens its microbiome and protects it against digital ageing. The natural balance of the skin&#8217;s protective acid mantle is restored and the skin becomes more resistant to environmental stressors.<\/span><\/p>\n<p class=\"cs95E872D0\"><span class=\"csD5D7D290\">PROBIOTICS Pro-Immune Serum stabilises the skin&#8217;s immune cells, strengthens its microbiome and protects it against digital ageing. The probiotic active ingredient helps balance the microbiome and reduce irritation and damage caused by fine dust and other environmental stressors. The negative effects of blue light are also significantly reduced thanks to a highly effective microalgae extract. In addition, Beta-glucan stimulates the skin&#8217;s own immune system and increases the resistance of the skin by doing so. The Ectoin\u00ae in the serum also supports the skin&#8217;s own protective mechanisms by protecting the Langerhans cells responsible for the skin&#8217;s defence mechanisms. The highly concentrated PROBIOTICS Pro-Immune Serum acts as a protective shield against negative environmental stressors. Gently massage into the skin after cleansing in the morning and evening. Apply to the face, neck and chest. Allow the serum to fully absorb, then apply PROBIOTICS Anti-Pollution Cream.<\/span><\/p>\n<p class=\"cs95E872D0\"><span class=\"csD5D7D290\">With a 24-hour effect, the cream strengthens the skin&#8217;s microbiome, protects against digital ageing and acts as a protective shield against negative environmental influences. The probiotic active ingredient helps balance the microbiome and reduce irritation and damage caused by fine dust and other environmental stressors. Innovative microalgae extract counteracts digital skin ageing caused by blue light. The skin is more resilient and its protective barrier is strengthened.<\/span><\/p>\n","protected":false},"featured_media":10076,"comment_status":"open","ping_status":"closed","template":"","meta":[],"product_cat":[213,160],"product_tag":[],"class_list":{"0":"post-10069","1":"product","2":"type-product","3":"status-publish","4":"has-post-thumbnail","6":"product_cat-all-skin-needs-en","7":"product_cat-janssen-cosmetics-en","9":"first","10":"instock","11":"sale","12":"taxable","13":"shipping-taxable","14":"product-type-variable"},"_links":{"self":[{"href":"https:\/\/janssen-beauty.ee\/en\/wp-json\/wp\/v2\/product\/10069"}],"collection":[{"href":"https:\/\/janssen-beauty.ee\/en\/wp-json\/wp\/v2\/product"}],"about":[{"href":"https:\/\/janssen-beauty.ee\/en\/wp-json\/wp\/v2\/types\/product"}],"replies":[{"embeddable":true,"href":"https:\/\/janssen-beauty.ee\/en\/wp-json\/wp\/v2\/comments?post=10069"}],"wp:featuredmedia":[{"embeddable":true,"href":"https:\/\/janssen-beauty.ee\/en\/wp-json\/wp\/v2\/media\/10076"}],"wp:attachment":[{"href":"https:\/\/janssen-beauty.ee\/en\/wp-json\/wp\/v2\/media?parent=10069"}],"wp:term":[{"taxonomy":"product_cat","embeddable":true,"href":"https:\/\/janssen-beauty.ee\/en\/wp-json\/wp\/v2\/product_cat?post=10069"},{"taxonomy":"product_tag","embeddable":true,"href":"https:\/\/janssen-beauty.ee\/en\/wp-json\/wp\/v2\/product_tag?post=10069"}],"curies":[{"name":"wp","href":"https:\/\/api.w.org\/{rel}","templated":true}]}}