{"id":10168,"date":"2022-06-17T10:08:19","date_gmt":"2022-06-17T07:08:19","guid":{"rendered":"https:\/\/janssen-beauty.ee\/?post_type=product&#038;p=10168"},"modified":"2026-04-07T16:06:13","modified_gmt":"2026-04-07T13:06:13","slug":"aha-bha-cleancer-ref-4002-4002p","status":"publish","type":"product","link":"https:\/\/janssen-beauty.ee\/en\/product\/aha-bha-cleancer-ref-4002-4002p","title":{"rendered":"AHA+BHA Cleancer  Ref. 4002 \/ 4002P"},"content":{"rendered":"<p><span data-sheets-value=\"{&quot;1&quot;:2,&quot;2&quot;:&quot;ToimenPuhastab, eemaldades pindmise mustuse. Kergesti mahapestav, muudab n\u00e4o siledaks. Regenereerib ja tervendab. Nahas\u00f5bralik puhastusvahend, tasakaalustab naha pH. nAktiivainedn\u2022 Naturaalne arahhise\u00f5li n\u2022 Unikaalsed naturaalsed niisutusained.nKasutaminenM\u00f5eldud kasutamiseks igal hommikul ja \u00f5htul. Kanda v\u00e4ike kogus puhastusvahendit kaelale, n\u00e4ole ja dekolteele. Masseerida kergelt. L\u00f5puks pesta maha leige veega v\u00f5i puhastada niisutatud vatiga. n&quot;}\" data-sheets-userformat=\"{&quot;2&quot;:8403905,&quot;3&quot;:{&quot;1&quot;:0},&quot;9&quot;:1,&quot;10&quot;:2,&quot;11&quot;:3,&quot;12&quot;:0,&quot;14&quot;:[null,2,0],&quot;15&quot;:&quot;Arial&quot;,&quot;16&quot;:10,&quot;26&quot;:400}\"><strong>Ingredients<\/strong><br \/>\n<\/span><\/p>\n<p class=\"cs95E872D0\"><span class=\"csD5D7D290\">Mixture of fruit acids identical to those found in nature:<\/span><\/p>\n<p class=\"cs95E872D0\"><span class=\"csD5D7D290\">\u2022\u00a0<\/span><span class=\"cs31D24DEE\">AHA fruit acid complex:<\/span><span class=\"csD5D7D290\">\u00a0Consisting of glycolic, malic, citric and tartaric acids, the formula gently and safely dissolves excess cornification of the skin (keratolytic effect) and stimulates cell proliferation<\/span><\/p>\n<p class=\"cs95E872D0\"><span class=\"csD5D7D290\">\u2022\u00a0<\/span><span class=\"cs31D24DEE\">BHA salicylic acid:<\/span><span class=\"csD5D7D290\">\u00a0Salicylic acid is a naturally occurring active ingredient with antimicrobial and anti-inflammatory properties. In addition, excessive cornification is loosened<\/span><\/p>\n<p><strong>Usage<\/strong><\/p>\n<p class=\"cs95E872D0\"><span class=\"csD5D7D290\">For thorough skin cleansing, generously apply AHA + BHA Cleanser to the face, neck and neckline and gently massage in. Remove any residue with compresses at a comfortable temperature.<\/span><\/p>\n<p class=\"cs95E872D0\"><span class=\"cs52DB4310\">Heads up:<\/span><span class=\"cs43C038A\">\u00a0pH value of 4.2<\/span><\/p>\n<p class=\"cs95E872D0\"><span class=\"cs43C038A\">Do not leave on the skin for more than 3-5 minutes. Do not apply to eyes or mucous membranes.<\/span><\/p>\n<p><span data-sheets-value=\"{&quot;1&quot;:2,&quot;2&quot;:&quot;ToimenPuhastab, eemaldades pindmise mustuse. Kergesti mahapestav, muudab n\u00e4o siledaks. Regenereerib ja tervendab. Nahas\u00f5bralik puhastusvahend, tasakaalustab naha pH. nAktiivainedn\u2022 Naturaalne arahhise\u00f5li n\u2022 Unikaalsed naturaalsed niisutusained.nKasutaminenM\u00f5eldud kasutamiseks igal hommikul ja \u00f5htul. Kanda v\u00e4ike kogus puhastusvahendit kaelale, n\u00e4ole ja dekolteele. Masseerida kergelt. L\u00f5puks pesta maha leige veega v\u00f5i puhastada niisutatud vatiga. n&quot;}\" data-sheets-userformat=\"{&quot;2&quot;:8403905,&quot;3&quot;:{&quot;1&quot;:0},&quot;9&quot;:1,&quot;10&quot;:2,&quot;11&quot;:3,&quot;12&quot;:0,&quot;14&quot;:[null,2,0],&quot;15&quot;:&quot;Arial&quot;,&quot;16&quot;:10,&quot;26&quot;:400}\">\u00a0<\/span><\/p>\n<p>&nbsp;<\/p>\n<p>&nbsp;<\/p>\n","protected":false},"excerpt":{"rendered":"<p><strong>AHA+BHA cleancer\u00a0<\/strong><br \/>\nRef. 4002-Home care 200ml , Ref. 4002\u0420- Prof. 500 ml<br \/>\n<strong>Desctiption<\/strong><br \/>\n<span class=\"desc\">Cleansing emulsion with fruit acids and salicylic acid for thorough cleansing of oily, blemished skin. The complexion can be significantly improved with regular use.<\/span><\/p>\n<p>&nbsp;<\/p>\n<p class=\"cs95E872D0\"><span class=\"csD5D7D290\">Cleansing emulsion with fruit acids and salicylic acid for thorough cleansing of oily, blemished skin. The complexion can be significantly improved with regular use.<\/span><\/p>\n","protected":false},"featured_media":10175,"comment_status":"open","ping_status":"closed","template":"","meta":[],"product_cat":[163,160,191],"product_tag":[],"class_list":{"0":"post-10168","1":"product","2":"type-product","3":"status-publish","4":"has-post-thumbnail","6":"product_cat-cosmeceuticals-sort-by-skin-type-en","7":"product_cat-janssen-cosmetics-en","8":"product_cat-oily-skin-en","10":"first","11":"instock","12":"taxable","13":"shipping-taxable","14":"product-type-variable"},"_links":{"self":[{"href":"https:\/\/janssen-beauty.ee\/en\/wp-json\/wp\/v2\/product\/10168"}],"collection":[{"href":"https:\/\/janssen-beauty.ee\/en\/wp-json\/wp\/v2\/product"}],"about":[{"href":"https:\/\/janssen-beauty.ee\/en\/wp-json\/wp\/v2\/types\/product"}],"replies":[{"embeddable":true,"href":"https:\/\/janssen-beauty.ee\/en\/wp-json\/wp\/v2\/comments?post=10168"}],"wp:featuredmedia":[{"embeddable":true,"href":"https:\/\/janssen-beauty.ee\/en\/wp-json\/wp\/v2\/media\/10175"}],"wp:attachment":[{"href":"https:\/\/janssen-beauty.ee\/en\/wp-json\/wp\/v2\/media?parent=10168"}],"wp:term":[{"taxonomy":"product_cat","embeddable":true,"href":"https:\/\/janssen-beauty.ee\/en\/wp-json\/wp\/v2\/product_cat?post=10168"},{"taxonomy":"product_tag","embeddable":true,"href":"https:\/\/janssen-beauty.ee\/en\/wp-json\/wp\/v2\/product_tag?post=10168"}],"curies":[{"name":"wp","href":"https:\/\/api.w.org\/{rel}","templated":true}]}}