{"id":11324,"date":"2023-10-10T14:51:19","date_gmt":"2023-10-10T11:51:19","guid":{"rendered":"https:\/\/janssen-beauty.ee\/?post_type=product&#038;p=11324"},"modified":"2026-04-23T13:41:48","modified_gmt":"2026-04-23T10:41:48","slug":"glow-radiance-24h-cream-ref-ic-7020-ic-7020p","status":"publish","type":"product","link":"https:\/\/janssen-beauty.ee\/en\/product\/glow-radiance-24h-cream-ref-ic-7020-ic-7020p","title":{"rendered":"Glow &#038; Radiance 24H Cream Ref. IC-7020 \/ IC-7020P"},"content":{"rendered":"<p><strong>Active Ingredients<\/strong><\/p>\n<ul>\n<li><strong>Long-chain Hyaluronic Acid<\/strong>: Large molecules that cannot penetrate the skin bind moisture on the top layer of the skin. &#8211; Binds water in the skin &#8211; Visible smoothing and tightening of the skin &#8211; Visible reduction of wrinkles \u2022<\/li>\n<li><strong>Camelina oil<\/strong>: Is extracted from the seeds of the gold-of-pleasure plant (Camelina Sativa), which belongs to the cruciferous family. In the Bronze and Iron Ages, the plant, which owes its name to its frequent occurrence in fields of flax, was an important crop. Recently, gold of pleasure has been rediscovered, especially in organic farming. The seeds contain 30 to 40% oil, which is obtained by cold pressing or extraction. The high-quality oil strengthens the skin barrier.<\/li>\n<li><strong>Superfruit Ara\u00e7\u00e0 de Agua<\/strong>: The active ingredient extracted from the superfruit Ara\u00e7\u00e1 de \u00e1gua has a high vitamin C content. Which gives it an excellent antioxidant effect, which protects the cells from free radicals. In addition, it supports the body\u2018s own collagen formation in the deeper layers of the skin, ensuring healthy maintenance of connective tissue function. Improves the elasticity of the skin<\/li>\n<li><strong>Freshwater algae<\/strong> (Tetradesmus obliquus): The active ingredient replenishes the carotenoid depot. By reducing ROS production and lipid peroxidation, it protects against radiation from various sources (e.g. WiFi). Extract from the freshwater algae Tetradesmus obliquus from sustainable<\/li>\n<\/ul>\n<p><strong>Properties<\/strong><\/p>\n<ul>\n<li>100% vegan<\/li>\n<li>WiFi and Blue Light protection through extract from Tetradesmus obliquus algae<\/li>\n<li>UV protection \u2022 Superfruit Ara\u00e7\u00e1 de Agua reduces redness and improves skin tone<\/li>\n<li>Hyaluronic Acid acts as a filler and smoothes the first wrinkles<\/li>\n<li>Camelina oil strengthens the skin barrier and soothes<\/li>\n<\/ul>\n<p><strong>Use<\/strong><\/p>\n<p>After cleansing and toning, apply generously to face, neck and d\u00e9collet\u00e9 in the morning and evening.<\/p>\n","protected":false},"excerpt":{"rendered":"<p><strong>Glow &amp; Radiance 24h cream<\/strong><\/p>\n<p>Ref.IC- 7020-Home use 50 ml, Ref.IC- 7020P-Proff. 100 ml<\/p>\n<p><strong>Description<\/strong><\/p>\n<p>24H cream with Wifi and Bluelight protection that gives the skin luminosity and a fresh, healthy glow. Long-chain hyaluronic acid smoothes the first wrinkles and Camelina oil soothes the skin and relieves redness. A UV filter protects against the negative effects of sunlight.<\/p>\n","protected":false},"featured_media":11331,"comment_status":"open","ping_status":"closed","template":"","meta":[],"product_cat":[381,313],"product_tag":[],"class_list":{"0":"post-11324","1":"product","2":"type-product","3":"status-publish","4":"has-post-thumbnail","6":"product_cat-inspira-cosmetics-en","7":"product_cat-tripleg","9":"first","10":"instock","11":"taxable","12":"shipping-taxable","13":"product-type-variable"},"_links":{"self":[{"href":"https:\/\/janssen-beauty.ee\/en\/wp-json\/wp\/v2\/product\/11324"}],"collection":[{"href":"https:\/\/janssen-beauty.ee\/en\/wp-json\/wp\/v2\/product"}],"about":[{"href":"https:\/\/janssen-beauty.ee\/en\/wp-json\/wp\/v2\/types\/product"}],"replies":[{"embeddable":true,"href":"https:\/\/janssen-beauty.ee\/en\/wp-json\/wp\/v2\/comments?post=11324"}],"wp:featuredmedia":[{"embeddable":true,"href":"https:\/\/janssen-beauty.ee\/en\/wp-json\/wp\/v2\/media\/11331"}],"wp:attachment":[{"href":"https:\/\/janssen-beauty.ee\/en\/wp-json\/wp\/v2\/media?parent=11324"}],"wp:term":[{"taxonomy":"product_cat","embeddable":true,"href":"https:\/\/janssen-beauty.ee\/en\/wp-json\/wp\/v2\/product_cat?post=11324"},{"taxonomy":"product_tag","embeddable":true,"href":"https:\/\/janssen-beauty.ee\/en\/wp-json\/wp\/v2\/product_tag?post=11324"}],"curies":[{"name":"wp","href":"https:\/\/api.w.org\/{rel}","templated":true}]}}