{"id":11554,"date":"2023-12-01T15:02:34","date_gmt":"2023-12-01T13:02:34","guid":{"rendered":"https:\/\/janssen-beauty.ee\/?post_type=product&#038;p=11554"},"modified":"2025-11-27T14:13:44","modified_gmt":"2025-11-27T12:13:44","slug":"lip-care-deluxe-ref-991-0202","status":"publish","type":"product","link":"https:\/\/janssen-beauty.ee\/en\/product\/lip-care-deluxe-ref-991-0202","title":{"rendered":"LIP CARE DELUXE   Ref. 991.0202"},"content":{"rendered":"<h3>INGREDIENTS<\/h3>\n<div class=\"mb-2\">\n<ul>\n<li><strong>Shea \u00f5li<\/strong>: toidab, pehmendab, silub, kaitseb huulte \u00f5rna nahka kuivuse eest;<\/li>\n<li><strong>Candelilla vaha<\/strong>: ekstraheeritakse Mehhikost p\u00e4rit Euphorbia antisyphilitica p\u00f5\u00f5sa lehtedest ja vartest. Kaitseb huulte \u00f5rna nahka niiskuse kaotuse eest, s\u00e4ilitab elastsuse, annab s\u00e4ra.<\/li>\n<li><strong>Carnauba vaha<\/strong>: saadud Brasiiliast p\u00e4rit carnauba palmi copernica prunifera lehtedest. \u00dcks parimaid tugevamaid loodusliku p\u00e4ritoluga vahasid. Kaitseb huulte nahka v\u00e4liste m\u00f5jude eest (tuul, k\u00fclm, p\u00e4ike).<\/li>\n<li><strong>Kookose\u00f5li on tugev konsistents<\/strong>: niisutab ja toidab nahka, k\u00f5rvaldab koorimise.<\/li>\n<li><strong>Mesilasvaha<\/strong>: pakub antibakteriaalset kaitset, ravib v\u00e4ikeseid l\u00f5hesid, pehmendab.<\/li>\n<li><strong>Oktidodekanool<\/strong>: puhas l\u00f5hnatu aine, mis on saadud looduslikest rasvadest ja \u00f5lidest, pehmendav komponent;<\/li>\n<li><strong>Tokoferool (E-vitamiin)<\/strong>: kaitseb huulte \u00f5rna nahka vabade radikaalide ja agressiivse keskkonna eest.<\/li>\n<\/ul>\n<\/div>\n<h3>USAGE<\/h3>\n<div class=\"mb-2\">\n<p>Apply in the morning and evening if it needed.<\/p>\n<\/div>\n","protected":false},"excerpt":{"rendered":"<h3 class=\"product-title\">Lip Care DELUXE<\/h3>\n<p>Ref. 991.0202-Home care 4,6 gr<br \/>\n<strong>Description<\/strong><\/p>\n<p>Lip care balsam &#8211;\u00a0Exclusive product for lip care &#8211; intensive hydration and nutrition.<\/p>\n","protected":false},"featured_media":11568,"comment_status":"open","ping_status":"closed","template":"","meta":[],"product_cat":[213,163,160],"product_tag":[],"class_list":{"0":"post-11554","1":"product","2":"type-product","3":"status-publish","4":"has-post-thumbnail","6":"product_cat-all-skin-needs-en","7":"product_cat-cosmeceuticals-sort-by-skin-type-en","8":"product_cat-janssen-cosmetics-en","10":"first","11":"instock","12":"sale","13":"taxable","14":"shipping-taxable","15":"product-type-variable"},"_links":{"self":[{"href":"https:\/\/janssen-beauty.ee\/en\/wp-json\/wp\/v2\/product\/11554"}],"collection":[{"href":"https:\/\/janssen-beauty.ee\/en\/wp-json\/wp\/v2\/product"}],"about":[{"href":"https:\/\/janssen-beauty.ee\/en\/wp-json\/wp\/v2\/types\/product"}],"replies":[{"embeddable":true,"href":"https:\/\/janssen-beauty.ee\/en\/wp-json\/wp\/v2\/comments?post=11554"}],"wp:featuredmedia":[{"embeddable":true,"href":"https:\/\/janssen-beauty.ee\/en\/wp-json\/wp\/v2\/media\/11568"}],"wp:attachment":[{"href":"https:\/\/janssen-beauty.ee\/en\/wp-json\/wp\/v2\/media?parent=11554"}],"wp:term":[{"taxonomy":"product_cat","embeddable":true,"href":"https:\/\/janssen-beauty.ee\/en\/wp-json\/wp\/v2\/product_cat?post=11554"},{"taxonomy":"product_tag","embeddable":true,"href":"https:\/\/janssen-beauty.ee\/en\/wp-json\/wp\/v2\/product_tag?post=11554"}],"curies":[{"name":"wp","href":"https:\/\/api.w.org\/{rel}","templated":true}]}}