{"id":13176,"date":"2024-04-17T13:35:39","date_gmt":"2024-04-17T10:35:40","guid":{"rendered":"https:\/\/janssen-beauty.ee\/?post_type=product&#038;p=13176"},"modified":"2026-04-10T16:06:28","modified_gmt":"2026-04-10T13:06:28","slug":"firming-neck-decollete-cream-ref-ic-9843-ic-9843p","status":"publish","type":"product","link":"https:\/\/janssen-beauty.ee\/en\/product\/firming-neck-decollete-cream-ref-ic-9843-ic-9843p","title":{"rendered":"Firming Neck &#038; Decollet\u00e9 Cream Ref. IC-9843 \/ IC-9843P"},"content":{"rendered":"<p><strong>Active ingredients<\/strong><\/p>\n<ul>\n<li><strong>Hyaluronic acid<\/strong>: with a medium to high molecular weight fills lines and wrinkles<\/li>\n<li><strong>A marine phyto-complex<\/strong>: reduces the double chin, tightens and redefines the contours of the oval (V-lift).<\/li>\n<li><strong>Sweet almond oil<\/strong>: a very high content of unsaturated and polyunsaturated fatty acids smoothes the skin and counteracts redness<\/li>\n<li>A special<strong> peptide<\/strong>: stimulates the production of collagen I and III, the extracellular matrix is strengthened and wrinkles are reduced by up to 45%<\/li>\n<\/ul>\n<p><strong>Use<\/strong><\/p>\n<div class=\"container\">\n<div id=\"loading-container\" class=\"loading-container\">\n<div id=\"articleAjaxRefresh\">\n<div class=\"article \" data-tart_cod=\"7010\">\n<div class=\"row product-description\">\n<div class=\"col-md-12\">\n<div class=\"descbox mb-4\">\n<div class=\"desccontainer mb-2 truncated\">\n<div class=\"container\">\n<div id=\"loading-container\" class=\"loading-container\">\n<div id=\"articleAjaxRefresh\">\n<div class=\"article \" data-tart_cod=\"7030\">\n<div class=\"row product-description\">\n<div class=\"col-md-12\">\n<div class=\"descbox mb-4\">\n<div class=\"desccontainer mb-2 truncated\">\n<p>Apply to the body, neck and d\u00e9collet\u00e9 in the morning and evening after cleansing .<\/p>\n<\/div>\n<\/div>\n<\/div>\n<\/div>\n<\/div>\n<\/div>\n<\/div>\n<div class=\"social-media row margTop-20\">\n<div class=\"col-xs-12\"><\/div>\n<\/div>\n<\/div>\n<\/div>\n<\/div>\n<\/div>\n<\/div>\n<\/div>\n<\/div>\n<\/div>\n<div class=\"social-media row margTop-20\">\n<div class=\"col-xs-12\">\n<div id=\"render-socialmedia\" class=\"pull-right\"><\/div>\n<p>&nbsp;<\/p>\n<\/div>\n<\/div>\n<\/div>\n","protected":false},"excerpt":{"rendered":"<p><strong>Luxurious care cream for neck and d\u00e9collet\u00e9<\/strong><\/p>\n<p>Ref. IC- 9843-Home use 50 ml, Ref. IC- 9843P-Proff. 100 ml<\/p>\n<p><strong>Description<\/strong><\/p>\n<p>Brand new from the research of inspira: cosmetics comes the luxurious care cream for neck and d\u00e9collet\u00e9: the Firming Neck &amp; Decollet\u00e9 Wonder.<\/p>\n<p>Firming Neck &amp; Decollet\u00e9 Wonder Cream\u00a0 is suitable for all skin types.<\/p>\n","protected":false},"featured_media":13180,"comment_status":"open","ping_status":"closed","template":"","meta":[],"product_cat":[381,411],"product_tag":[],"class_list":{"0":"post-13176","1":"product","2":"type-product","3":"status-publish","4":"has-post-thumbnail","6":"product_cat-inspira-cosmetics-en","7":"product_cat-skin-accents-en","9":"first","10":"instock","11":"taxable","12":"shipping-taxable","13":"product-type-variable"},"_links":{"self":[{"href":"https:\/\/janssen-beauty.ee\/en\/wp-json\/wp\/v2\/product\/13176"}],"collection":[{"href":"https:\/\/janssen-beauty.ee\/en\/wp-json\/wp\/v2\/product"}],"about":[{"href":"https:\/\/janssen-beauty.ee\/en\/wp-json\/wp\/v2\/types\/product"}],"replies":[{"embeddable":true,"href":"https:\/\/janssen-beauty.ee\/en\/wp-json\/wp\/v2\/comments?post=13176"}],"wp:featuredmedia":[{"embeddable":true,"href":"https:\/\/janssen-beauty.ee\/en\/wp-json\/wp\/v2\/media\/13180"}],"wp:attachment":[{"href":"https:\/\/janssen-beauty.ee\/en\/wp-json\/wp\/v2\/media?parent=13176"}],"wp:term":[{"taxonomy":"product_cat","embeddable":true,"href":"https:\/\/janssen-beauty.ee\/en\/wp-json\/wp\/v2\/product_cat?post=13176"},{"taxonomy":"product_tag","embeddable":true,"href":"https:\/\/janssen-beauty.ee\/en\/wp-json\/wp\/v2\/product_tag?post=13176"}],"curies":[{"name":"wp","href":"https:\/\/api.w.org\/{rel}","templated":true}]}}