{"id":13441,"date":"2024-06-12T10:05:13","date_gmt":"2024-06-12T07:05:14","guid":{"rendered":"https:\/\/janssen-beauty.ee\/?post_type=product&#038;p=13441"},"modified":"2025-07-01T15:53:22","modified_gmt":"2025-07-01T12:53:22","slug":"intence-calming-lotion-ref-2010-2010p-en","status":"publish","type":"product","link":"https:\/\/janssen-beauty.ee\/en\/product\/intence-calming-lotion-ref-2010-2010p-en","title":{"rendered":"Intence Calming Lotion Ref. 2010 \/ 2010P"},"content":{"rendered":"<p><span data-sheets-value=\"{&quot;1&quot;:2,&quot;2&quot;:&quot;ToimenPuhastab, eemaldades pindmise mustuse. Kergesti mahapestav, muudab n\u00e4o siledaks. Regenereerib ja tervendab. Nahas\u00f5bralik puhastusvahend, tasakaalustab naha pH. nAktiivainedn\u2022 Naturaalne arahhise\u00f5li n\u2022 Unikaalsed naturaalsed niisutusained.nKasutaminenM\u00f5eldud kasutamiseks igal hommikul ja \u00f5htul. Kanda v\u00e4ike kogus puhastusvahendit kaelale, n\u00e4ole ja dekolteele. Masseerida kergelt. L\u00f5puks pesta maha leige veega v\u00f5i puhastada niisutatud vatiga. n&quot;}\" data-sheets-userformat=\"{&quot;2&quot;:8403905,&quot;3&quot;:{&quot;1&quot;:0},&quot;9&quot;:1,&quot;10&quot;:2,&quot;11&quot;:3,&quot;12&quot;:0,&quot;14&quot;:[null,2,0],&quot;15&quot;:&quot;Arial&quot;,&quot;16&quot;:10,&quot;26&quot;:400}\"><strong>Ingredients<\/strong><br \/>\n<\/span><\/p>\n<ul>\n<li>Skin Defense Complex+: Highly active phytocomplex with black currant seed oil (rich in omega-3 and omega-6 fatty acids, reduces inflammatory processes and repairs the skin\u2019s barrier function), balloon plant extract (rich in phytosterols, considered a plant-based alternative to hydrocortison, reduces inflammatory processes) and unsaponifiable fractions of sunflower oil (rich in essential fatty acids; protects and supplements the damaged skin barrier, reduces allergic reactions)<\/li>\n<li>Long-chain and short-chain hyaluronic acid: Provides and locks in intensive moisture<\/li>\n<li>Shea Butter: Cares for the skin and supports its barrier function<\/li>\n<li>Isostearyl Isostearate: Emollient based on plant-based raw materials; clinical studies show that it integrates into the intercellular lipids, supporting them and boosting the skin\u2019s barrier function<\/li>\n<li>Squalane: Similar to the skin\u2019s natural oils; prevents dehydration, smooths skin<\/li>\n<li>Saccharide Isomerate: Carbohydrate complex identical to that of the skin, for long-lasting skin moisturisation (72h effect)<\/li>\n<li>\u03b1 -Bisabolol: Soothing, anti-inflammatory, reduces irritation<\/li>\n<li>Allantoin: Soothes irritated skin and reduces redness<\/li>\n<li>Vitamin E acetate: Protects the cells against damage caused by free radicals<\/li>\n<\/ul>\n<p><span data-sheets-value=\"{&quot;1&quot;:2,&quot;2&quot;:&quot;ToimenPuhastab, eemaldades pindmise mustuse. Kergesti mahapestav, muudab n\u00e4o siledaks. Regenereerib ja tervendab. Nahas\u00f5bralik puhastusvahend, tasakaalustab naha pH. nAktiivainedn\u2022 Naturaalne arahhise\u00f5li n\u2022 Unikaalsed naturaalsed niisutusained.nKasutaminenM\u00f5eldud kasutamiseks igal hommikul ja \u00f5htul. Kanda v\u00e4ike kogus puhastusvahendit kaelale, n\u00e4ole ja dekolteele. Masseerida kergelt. L\u00f5puks pesta maha leige veega v\u00f5i puhastada niisutatud vatiga. n&quot;}\" data-sheets-userformat=\"{&quot;2&quot;:8403905,&quot;3&quot;:{&quot;1&quot;:0},&quot;9&quot;:1,&quot;10&quot;:2,&quot;11&quot;:3,&quot;12&quot;:0,&quot;14&quot;:[null,2,0],&quot;15&quot;:&quot;Arial&quot;,&quot;16&quot;:10,&quot;26&quot;:400}\">\u00a0<strong>Usage<\/strong><\/span><\/p>\n<p>Apply Intense Calming Lotion to the face, neck and decollet\u00e9 after Intense Calming Serum in the morning and evening.<\/p>\n<p>Recommendation: Sensitive skin does not like sunlight. Face Guard Advanced provides the best sun protection. Light as a feather, the emulsion softly coats the skin and reflects UV radiation. Simply apply Face Guard Advanced during the day under the Intense Calming Lotion.<\/p>\n","protected":false},"excerpt":{"rendered":"<p><b>Intence Calming Lotion<\/b><\/p>\n<p>Ref.2010-Home care 50ml , Ref. 2010\u0420 &#8211; Prof. 150 ml<br \/>\n<b>Description<\/b><\/p>\n<p>Light soothing care lotin. With Skin Defense Complex+ to build-up the protective barrier in sensitive skin.<\/p>\n<p>Light 24h care for younger sensitive skin. The fast-absorbing formula nourishes and protects the skin during the day and supports regeneration during the night. With Skin Defense Complex+ as well alpha bisabolol and allantoin and the moisture boosters saccharide isomerate and hyaluronic acid. The light texture is also ideal in high summer temperatures and regions with hot and humid climates. The skin is soothed and balanced.<\/p>\n","protected":false},"featured_media":13445,"comment_status":"open","ping_status":"closed","template":"","meta":[],"product_cat":[160,185],"product_tag":[],"class_list":{"0":"post-13441","1":"product","2":"type-product","3":"status-publish","4":"has-post-thumbnail","6":"product_cat-janssen-cosmetics-en","7":"product_cat-sensitive-skin-en","9":"first","10":"instock","11":"sale","12":"taxable","13":"shipping-taxable","14":"product-type-variable"},"_links":{"self":[{"href":"https:\/\/janssen-beauty.ee\/en\/wp-json\/wp\/v2\/product\/13441"}],"collection":[{"href":"https:\/\/janssen-beauty.ee\/en\/wp-json\/wp\/v2\/product"}],"about":[{"href":"https:\/\/janssen-beauty.ee\/en\/wp-json\/wp\/v2\/types\/product"}],"replies":[{"embeddable":true,"href":"https:\/\/janssen-beauty.ee\/en\/wp-json\/wp\/v2\/comments?post=13441"}],"wp:featuredmedia":[{"embeddable":true,"href":"https:\/\/janssen-beauty.ee\/en\/wp-json\/wp\/v2\/media\/13445"}],"wp:attachment":[{"href":"https:\/\/janssen-beauty.ee\/en\/wp-json\/wp\/v2\/media?parent=13441"}],"wp:term":[{"taxonomy":"product_cat","embeddable":true,"href":"https:\/\/janssen-beauty.ee\/en\/wp-json\/wp\/v2\/product_cat?post=13441"},{"taxonomy":"product_tag","embeddable":true,"href":"https:\/\/janssen-beauty.ee\/en\/wp-json\/wp\/v2\/product_tag?post=13441"}],"curies":[{"name":"wp","href":"https:\/\/api.w.org\/{rel}","templated":true}]}}