{"id":14675,"date":"2025-09-16T14:10:10","date_gmt":"2025-09-16T11:10:11","guid":{"rendered":"https:\/\/janssen-beauty.ee\/?post_type=product&#038;p=14675"},"modified":"2026-01-25T23:29:35","modified_gmt":"2026-01-25T21:29:35","slug":"pro-firming-neck-decollete-cream-ref-0072-0072p-en","status":"publish","type":"product","link":"https:\/\/janssen-beauty.ee\/en\/product\/pro-firming-neck-decollete-cream-ref-0072-0072p-en","title":{"rendered":"PRO-Firming Neck &#038; D\u00e9collet\u00e9 Cream Ref. 0072 \/ 0072P"},"content":{"rendered":"<p><strong>Ingredients<\/strong><\/p>\n<ul>\n<li><em>Bustengold<\/em>, Firming active ingredient from<strong> jojoba seeds<\/strong>: proven to be effective; specifically targets changes in the dermis and the dermal-epidermal junction (DEJ) by regulating the matrisome of sagging skin; protects the skin fibres from fragmentation and revitalises the structure of the DEJ; restores firmness and elasticity in the neck and d\u00e9collet\u00e9<\/li>\n<li><strong>4-fold hyaluronic acid:<\/strong> Mixture of hyaluronic acid with whitening effect, cross-linked hyaluronic acid, long-chain and short-chain hyaluronic acid, provides immediately noticeable smoothness and a long-lasting increase in skin moisture, smoothens and reduces dryness lines, reduces pigmentation spots over the long term<\/li>\n<li><strong>SLM Regenerator<\/strong>: A unique combination of essential fatty acids and phospholipids, high content of highly purified phosphatidycholine, contains lamellar structures that resemble the structure of the lipid matrix of the stratum corneum; the skin barrier is restored and regenerated thanks to it providing new skin lipids<\/li>\n<li><strong>Niacinamide<\/strong>: Vitamin B3; improves the skin&#8217;s natural barrier function; at the same time, it blocks melanin transport and significantly reduces hyperpigmentation of the skin following 8 weeks of application. Your skin gets lightened in an even tone<\/li>\n<li><strong>Sweet almond oil<\/strong>: Caring, nourishing oil with moisturising effect<\/li>\n<\/ul>\n<p>&nbsp;<\/p>\n<p><strong>Properties<\/strong><\/p>\n<ul>\n<li><span style=\"font-weight: 400;\">Smoothes and firms the skin of the neck and d\u00e9collet\u00e9<\/span><\/li>\n<li><span style=\"font-weight: 400;\">Provides a noticeable and lasting lifting effect<\/span><\/li>\n<li><span style=\"font-weight: 400;\">Restores skin firmness and elasticity<\/span><\/li>\n<li><span style=\"font-weight: 400;\">Deeply moisturizes, nourishes, and smoothes the skin<\/span><\/li>\n<li><span style=\"font-weight: 400;\">Protects against premature aging<\/span><\/li>\n<li><span style=\"font-weight: 400;\">Lightens unwanted pigmentation and evens out skin tone<\/span><\/li>\n<li><span style=\"font-weight: 400;\">Protects against free radicals<\/span><\/li>\n<\/ul>\n<p>&nbsp;<\/p>\n<p><strong>Usage<\/strong><\/p>\n<p>Apply to cleansed neck and d\u00e9collet\u00e9 skin and massage in gently.<\/p>\n<p>Pro tip: Ideal as a treatment product to firm the skin of the neck in the aftermath of slimming programmes!<\/p>\n<p>Recommendation:<\/p>\n<p><span style=\"font-weight: 400;\">For maximum protection against photoaging, use Face Guard Advanced SPF 30 as a primer before applying Pro-Firming Neck &amp; D\u00e9collet\u00e9 Cream. A luxurious spa ritual at home:<\/span><\/p>\n<p><span style=\"font-weight: 400;\">Turn your daily skincare routine into a salon-quality treatment: apply a generous layer of cream to your neck and d\u00e9collet\u00e9, cover with plastic wrap, and apply a warm compress for 15\u201320 minutes. Afterward, gently massage any remaining cream into your skin for enhanced results and hydration.<\/span><\/p>\n","protected":false},"excerpt":{"rendered":"<p><strong>PRO-Firming Face, Neck &amp; Decollete Cream<\/strong><br \/>\nRef.0072-Home care 50ml , Ref. 0072P &#8211; Prof. 150 ml<\/p>\n<p><strong>Description<\/strong><\/p>\n<p>Special firming care for the neck and d\u00e9collet\u00e9 area. Improves the elasticity and firmness of the skin so that lines and wrinkles are smoothed out.<\/p>\n<p>Pro-Firming Neck &amp; D\u00e9collet\u00e9 Cream has been specially formulated for the skin around the neck and d\u00e9collet\u00e9. The skin in these areas is often exposed to the sun and is prone to dryness, loss of elasticity, wrinkles and hyperpigmentation. With bust gold and 4-fold hyaluronic acid.<\/p>\n","protected":false},"featured_media":15119,"comment_status":"open","ping_status":"closed","template":"","meta":[],"product_cat":[163,200,160],"product_tag":[],"class_list":{"0":"post-14675","1":"product","2":"type-product","3":"status-publish","4":"has-post-thumbnail","6":"product_cat-cosmeceuticals-sort-by-skin-type-en","7":"product_cat-demanding-skin-en","8":"product_cat-janssen-cosmetics-en","10":"first","11":"instock","12":"sale","13":"taxable","14":"shipping-taxable","15":"product-type-variable"},"_links":{"self":[{"href":"https:\/\/janssen-beauty.ee\/en\/wp-json\/wp\/v2\/product\/14675"}],"collection":[{"href":"https:\/\/janssen-beauty.ee\/en\/wp-json\/wp\/v2\/product"}],"about":[{"href":"https:\/\/janssen-beauty.ee\/en\/wp-json\/wp\/v2\/types\/product"}],"replies":[{"embeddable":true,"href":"https:\/\/janssen-beauty.ee\/en\/wp-json\/wp\/v2\/comments?post=14675"}],"wp:featuredmedia":[{"embeddable":true,"href":"https:\/\/janssen-beauty.ee\/en\/wp-json\/wp\/v2\/media\/15119"}],"wp:attachment":[{"href":"https:\/\/janssen-beauty.ee\/en\/wp-json\/wp\/v2\/media?parent=14675"}],"wp:term":[{"taxonomy":"product_cat","embeddable":true,"href":"https:\/\/janssen-beauty.ee\/en\/wp-json\/wp\/v2\/product_cat?post=14675"},{"taxonomy":"product_tag","embeddable":true,"href":"https:\/\/janssen-beauty.ee\/en\/wp-json\/wp\/v2\/product_tag?post=14675"}],"curies":[{"name":"wp","href":"https:\/\/api.w.org\/{rel}","templated":true}]}}