{"id":15830,"date":"2026-04-09T09:17:10","date_gmt":"2026-04-09T06:17:10","guid":{"rendered":"https:\/\/janssen-beauty.ee\/?post_type=product&#038;p=15830"},"modified":"2026-04-09T10:10:20","modified_gmt":"2026-04-09T07:10:20","slug":"peptide-profirm-treatment-kit-ref-898-600-en","status":"publish","type":"product","link":"https:\/\/janssen-beauty.ee\/en\/product\/peptide-profirm-treatment-kit-ref-898-600-en","title":{"rendered":"Peptide Profirm Treatment Kit Ref. 898.600"},"content":{"rendered":"<p><strong>Active ingredients:<\/strong><\/p>\n<p>Cream Peeling | 15 ml<\/p>\n<ul>\n<li><strong>J\u00f5hvika koorivad osakesed<\/strong>: looduslikud seemned ja puuviljad eemaldavad \u00f5rnalt surnud naharakud ja mustuse.<\/li>\n<li><strong>Bambusetselluloosi<\/strong> (Bambusa Arundinacea) osakesed: peenikesed abrasiivsed osakesed siluvad nahka ja annavad sellele uue s\u00e4ra.<\/li>\n<li><strong>Sahhariid-isomeer<\/strong>: niisutav komponent, tagab pikaajalise niisutava toime (kuni 72 tundi).<\/li>\n<\/ul>\n<p>Peptide Mask | 5 tk<\/p>\n<ul>\n<li><strong>Atseet\u00fc\u00fclheksapeptiid 8<\/strong>: v\u00e4hendab kortse, toimib nagu botoks, l\u00f5dvestades lihaste kokkut\u00f5mbeid.<\/li>\n<li><strong>Glyts\u00fcrretinoehape<\/strong> (lagritsajuure ekstrakt): rahustab ja tugevdab naha barj\u00e4\u00e4ri, v\u00e4hendab p\u00f5letikke ja ketendust.<\/li>\n<li><strong>Pika ahelaga h\u00fcaluroonhape<\/strong>: loob kaitsva niisutava kihi, silub peeneid kortse ja kaitseb nahka kuivamise eest.<\/li>\n<\/ul>\n<p>Peptide Massage Cream | 50 ml<\/p>\n<ul>\n<li><strong>J\u00f5hvika biopeptiid:<\/strong> tugevdab naha maatriksit, v\u00e4hendab kortse, parandab naha s\u00e4ra ja tihedust.<\/li>\n<li><strong>D-pantenool:<\/strong> niisutab, rahustab nahka ja v\u00e4hendab punetust.<\/li>\n<li><strong>Allantoiin:<\/strong> omab rahustavaid omadusi.<\/li>\n<li><strong>Pika ahelaga h\u00fcaluroonhape:<\/strong> loob kaitsva niisutava kihi, silub peeneid kortse.<\/li>\n<li><strong>L\u00fchikese ahelaga h\u00fcaluroonhape:<\/strong> tungib s\u00fcgavale nahka, tagab pikaajalise niisutuse ja v\u00e4hendab kortse.<\/li>\n<li><strong>Makadaamia\u00f5li<\/strong>: toidab nahka, muudab selle pehmeks ja elastsemaks.<\/li>\n<\/ul>\n<p>Peptide Serum | 15 ml<\/p>\n<ul>\n<li><strong>J\u00f5hvika biopeptiid<\/strong>: tugevdab naha barj\u00e4\u00e4ri, parandab naha tihedust ja s\u00e4ra, v\u00e4hendab kortsude s\u00fcgavust.<\/li>\n<li><strong>Atset\u00fc\u00fclheksapeptiid 8:<\/strong> v\u00e4hendab miimikakortsusid botoksiga sarnase l\u00f5\u00f5gastava toime abil.<\/li>\n<li><strong>Pullulan:<\/strong> pinguldab nahka koheselt ja pikaajaliselt, siluvad m\u00e4rgatavalt n\u00e4o kontuure.<\/li>\n<li><strong>Pika ahelaga h\u00fcaluroonhape<\/strong>: loob kaitsva niisutava kihi, silub peeneid kortse.<\/li>\n<li><strong>L\u00fchikese ahelaga h\u00fcaluroonhape<\/strong>: tagab intensiivse niisutuse ja pikaajalise kortse v\u00e4hendamise.<\/li>\n<\/ul>\n<p><strong>Effects:<\/strong><\/p>\n<p>Cream Peeling | 15 ml<\/p>\n<ul>\n<li>puhastab nahka p\u00f5hjalikult, andes sellele v\u00e4rske ja s\u00e4rava v\u00e4limuse.<\/li>\n<li>eemaldab \u00f5rnalt, kuid t\u00f5husalt surnud naharakud ja mustuse.<\/li>\n<li>puhastab nahka s\u00fcgavuti, valmistades selle ette edasiseks hoolduseks.<\/li>\n<li>parandab kosmeetikatoodete imendumist.<\/li>\n<li>looduslikud koostisosad m\u00f5juvad nahale \u00f5rnalt, p\u00f5hjustamata \u00e4rritust.<\/li>\n<\/ul>\n<p>Peptide Mask | 5 tk<\/p>\n<ul>\n<li>niisutab nahka intensiivselt<\/li>\n<li>silub ja tugevdab nahka<\/li>\n<li>kohandub ideaalselt n\u00e4o kontuuridega<\/li>\n<li>pakub nahale jahutavat ja l\u00f5\u00f5gastavat hooldust<\/li>\n<li>v\u00e4hendab naha kuivust, pragusid ja ketendust<\/li>\n<li>kaitseb vabade radikaalide eest<\/li>\n<li>100% biolagunev, keskkonnas\u00f5bralik ja j\u00e4tkusuutlik<\/li>\n<\/ul>\n<p>Peptide Massage Cream | 50 ml<\/p>\n<ul>\n<li>suurep\u00e4rane libisemine<\/li>\n<li>v\u00e4hendab peeneid kortse<\/li>\n<li>rikkalik tekstuur<\/li>\n<li>tagab pikaajalise niisutuse<\/li>\n<\/ul>\n<p>Peptide Serum | 15 ml<\/p>\n<ul>\n<li>v\u00e4hendab kortse ja peeneid jooni<\/li>\n<li>pinguldab ja silub nahka<\/li>\n<li>toetab naha loomulikku uuenemist<\/li>\n<li>suurendab niiskusesisaldust, parandades naha elastsust ja pingulust<\/li>\n<li>parandab naha s\u00e4ra ja \u00fchtlast tooni<\/li>\n<li>imendub kiiresti, j\u00e4ttes naha pehmeks ja siidiseks<\/li>\n<\/ul>\n<p><strong>Usage:<\/strong><\/p>\n<p>Cream Peeling | 15 ml<\/p>\n<p>Peptide Mask | 5 tk<\/p>\n<p>Peptide Massage Cream | 50 ml<\/p>\n<p>Peptide Serum | 15 ml<\/p>\n<table width=\"565\">\n<tbody>\n<tr>\n<td width=\"164\"><strong>Treatment Process<\/strong><\/td>\n<td width=\"231\"><strong>Products<\/strong><\/td>\n<td width=\"89\"><strong>Quantity<\/strong><\/td>\n<td width=\"81\"><strong>Time<\/strong><\/td>\n<\/tr>\n<tr>\n<td width=\"164\">Cleansing<\/td>\n<td width=\"231\">Brightening Face Cleanser &#8211; 0000P<\/td>\n<td width=\"89\">2 ml<\/td>\n<td width=\"81\">5 min<\/td>\n<\/tr>\n<tr>\n<td width=\"164\">Toning<\/td>\n<td width=\"231\">Brightening Face Freshener &#8211; 0001P<\/td>\n<td width=\"89\">3 ml<\/td>\n<td width=\"81\">2 min<\/td>\n<\/tr>\n<tr>\n<td width=\"164\">Deep cleansing\/peeling<\/td>\n<td width=\"231\">Cream\u00a0 Peeling &#8211; 007.83601<\/td>\n<td width=\"89\">6 ml<\/td>\n<td width=\"81\">10 min<\/td>\n<\/tr>\n<tr>\n<td width=\"164\">Toning<\/td>\n<td width=\"231\">Brightening Face Freshener &#8211; 0001P<\/td>\n<td width=\"89\">3 ml<\/td>\n<td width=\"81\">2 min<\/td>\n<\/tr>\n<tr>\n<td width=\"164\">Purifying &#8211; optional<\/td>\n<td width=\"231\">Purifying BHA Serum &#8211; 4030P<\/td>\n<td width=\"89\">1 ml<\/td>\n<td width=\"81\">5-10 min<\/td>\n<\/tr>\n<tr>\n<td width=\"164\">Ampoule fluid<\/td>\n<td width=\"231\">Vita X Power Fluid &#8211; 1957P<\/td>\n<td width=\"89\">1 piece<\/td>\n<td width=\"81\">5 min<\/td>\n<\/tr>\n<tr>\n<td width=\"164\">Mask<\/td>\n<td width=\"231\">Peptide Mask &#8211; 007.83603<\/td>\n<td width=\"89\">1 piece<\/td>\n<td width=\"81\">20 min<\/td>\n<\/tr>\n<tr>\n<td width=\"164\">Massage<\/td>\n<td width=\"231\">Peptide Massage Cream &#8211; 83602<\/td>\n<td width=\"89\">7,5-10 ml<\/td>\n<td width=\"81\">15-20 min<\/td>\n<\/tr>\n<tr>\n<td width=\"164\">Serum<\/td>\n<td width=\"231\">Peptide Serum &#8211; 007.83600<\/td>\n<td width=\"89\">3 ml<\/td>\n<td width=\"81\">1 min<\/td>\n<\/tr>\n<tr>\n<td width=\"164\">UV-protection<\/td>\n<td width=\"231\">Face Guard Advanced &#8211; 2832P<\/td>\n<td width=\"89\">1 ml<\/td>\n<td width=\"81\">2 min<\/td>\n<\/tr>\n<tr>\n<td width=\"164\">Final Step &#8211; eye area<\/td>\n<td width=\"231\">Smooth + Lift Eye Cream &#8211; 0063P<\/td>\n<td width=\"89\">0,5 ml<\/td>\n<td width=\"81\">1 min<\/td>\n<\/tr>\n<tr>\n<td width=\"164\">Daily protection<\/td>\n<td width=\"231\">Votalizing Skin Refiner &#8211; 0013P<\/td>\n<td width=\"89\">1 ml<\/td>\n<td width=\"81\">2 min<\/td>\n<\/tr>\n<\/tbody>\n<\/table>\n","protected":false},"excerpt":{"rendered":"<p><strong>Peptide Pro-Firm Treatment\u00a0<\/strong><\/p>\n<p>Ref. 898.600 -Proff 1 komplekt<br \/>\n<strong>Description:<\/strong><\/p>\n<p><strong>Cream Peeling | 15 ml<\/strong><\/p>\n<p>The Cream Peeling with natural exfoliating particles derived from cranberry fruits and seeds leaves the skin feeling soft and improves its ability to optimally absorb any skincare products you may want to use subsequently.<\/p>\n<p><strong>Peptide Mask | 5 tk\u00a0<\/strong><\/p>\n<p>The Peptide Mask made from biodegradable premium Lyocell is infused with a serum containing acetyl hexapeptide-8, long-chain hyaluronic acid and glycyrrhetinic acid.<\/p>\n<p>The transparent Peptide Mask adapts perfectly to the contours of the face and provides instant freshness.The skin is noticeably moisturised and smoothed. It can help reduce redness and swelling.<\/p>\n<p><strong>Peptide Massage Cream | 50 ml<\/strong><\/p>\n<p>Nourishing and soothing Peptide Massage Cream with biopeptides derived from cranberries, which have a comprehensive anti-ageing effect. For a relaxed, silky-smooth skin.<\/p>\n<p><strong>Peptide Serum | 15 ml<\/strong><\/p>\n<p>The Peptide Serum acts as a perfect finishing treatment for the salon treatment.<\/p>\n<p>The serum combines two highly effective peptides with hyaluronic acids and pullulan to activate skin renewal and reduce the appearance of fine lines and wrinkles. The light emulsion serum can help make the skin look more youthful, firmer and softer.<\/p>\n<p>&nbsp;<\/p>\n","protected":false},"featured_media":15833,"comment_status":"open","ping_status":"closed","template":"","meta":[],"product_cat":[213,258,160,664],"product_tag":[],"class_list":{"0":"post-15830","1":"product","2":"type-product","3":"status-publish","4":"has-post-thumbnail","6":"product_cat-all-skin-needs-en","7":"product_cat-cosmeceuticals-proff-professional-products-en","8":"product_cat-janssen-cosmetics-en","9":"product_cat-special-edition-kombo-en","11":"first","12":"instock","13":"taxable","14":"shipping-taxable","15":"product-type-variable"},"_links":{"self":[{"href":"https:\/\/janssen-beauty.ee\/en\/wp-json\/wp\/v2\/product\/15830"}],"collection":[{"href":"https:\/\/janssen-beauty.ee\/en\/wp-json\/wp\/v2\/product"}],"about":[{"href":"https:\/\/janssen-beauty.ee\/en\/wp-json\/wp\/v2\/types\/product"}],"replies":[{"embeddable":true,"href":"https:\/\/janssen-beauty.ee\/en\/wp-json\/wp\/v2\/comments?post=15830"}],"wp:featuredmedia":[{"embeddable":true,"href":"https:\/\/janssen-beauty.ee\/en\/wp-json\/wp\/v2\/media\/15833"}],"wp:attachment":[{"href":"https:\/\/janssen-beauty.ee\/en\/wp-json\/wp\/v2\/media?parent=15830"}],"wp:term":[{"taxonomy":"product_cat","embeddable":true,"href":"https:\/\/janssen-beauty.ee\/en\/wp-json\/wp\/v2\/product_cat?post=15830"},{"taxonomy":"product_tag","embeddable":true,"href":"https:\/\/janssen-beauty.ee\/en\/wp-json\/wp\/v2\/product_tag?post=15830"}],"curies":[{"name":"wp","href":"https:\/\/api.w.org\/{rel}","templated":true}]}}