{"id":1884,"date":"2021-08-09T12:31:46","date_gmt":"2019-01-28T09:31:46","guid":{"rendered":"https:\/\/janssen-beauty.ee\/?post_type=product&#038;p=1884"},"modified":"2025-07-03T12:51:29","modified_gmt":"2025-07-03T09:51:29","slug":"mild-face-rub-ref-5008-5008p","status":"publish","type":"product","link":"https:\/\/janssen-beauty.ee\/en\/product\/mild-face-rub-ref-5008-5008p","title":{"rendered":"Mild face Rub Ref. 5008 \/ 5008P"},"content":{"rendered":"<p><strong>ACTIVE SUBSTANCES<\/strong><br \/>\n\u2022 Peeling granules consisting of jojoba wax: Rounded abrasive particles which melt due to the body&#8217;s heat on application<br \/>\n\u2022 Neutral oil: Care oil for lotions on the basis of coconut oil; leaves the skin feeling soft and velvety, and makes it supple<\/p>\n<p>\u2022 Refines the complexion<br \/>\n\u2022 The complexion takes on a rosy hue<br \/>\n\u2022 Rids the skin of dead skin cells, hornification and blackheads<br \/>\n\u2022 Subsequent active care substances are better absorbed by the skin<br \/>\n\u2022 Prevents blemishes<\/p>\n<p><strong>Home care application<\/strong><br \/>\nMild Face Rub onto the cleansed skin on the face and neckline once to twice per week. Distribute and massage in gently for a few minutes with moistened fingers. Then rinse off thoroughly with warm water. Subsequently treat again with Radiant Firming Tonic.<br \/>\nIdeal before applying a serum.<\/p>\n<p><span data-sheets-value=\"{&quot;1&quot;:2,&quot;2&quot;:&quot;ToimenPuhastab, eemaldades pindmise mustuse. Kergesti mahapestav, muudab n\u00e4o siledaks. Regenereerib ja tervendab. Nahas\u00f5bralik puhastusvahend, tasakaalustab naha pH. nAktiivainedn\u2022 Naturaalne arahhise\u00f5li n\u2022 Unikaalsed naturaalsed niisutusained.nKasutaminenM\u00f5eldud kasutamiseks igal hommikul ja \u00f5htul. Kanda v\u00e4ike kogus puhastusvahendit kaelale, n\u00e4ole ja dekolteele. Masseerida kergelt. L\u00f5puks pesta maha leige veega v\u00f5i puhastada niisutatud vatiga. n&quot;}\" data-sheets-userformat=\"{&quot;2&quot;:8403905,&quot;3&quot;:{&quot;1&quot;:0},&quot;9&quot;:1,&quot;10&quot;:2,&quot;11&quot;:3,&quot;12&quot;:0,&quot;14&quot;:[null,2,0],&quot;15&quot;:&quot;Arial&quot;,&quot;16&quot;:10,&quot;26&quot;:400}\">\u00a0<\/span><\/p>\n","protected":false},"excerpt":{"rendered":"<p><strong>MILD FACIAL PEELING WITH JOJOBA WAX BEADS<\/strong><br \/>\nRef. 5008-Retail 50ml, Ref. 5008\u0420 &#8211; Prof. 200 ml<\/p>\n<p><strong>Description<\/strong><br \/>\nMoisture-deficient skin is often brittle and rough. The horny cells&#8217; irregularity is comparable with a damaged roof: the external matrix has lost its reliable protection function. As a result, its ability to store moisture is severely impaired. To prevent this scenario from occurring in the first place, the horny lamellae on the surface should be regularly and gently removed.<br \/>\nMild Face Rub is a mild peeling cream. It contains abrasive particles consisting of jojoba wax, which roll over the surface of the skin like small beads of wax. They perceptibly smooth dry skin and prevent the occurrence of blackheads.<br \/>\nMild Face Rub pampers the skin even during application. Gentle and smooth, it is applied and massaged in like a rich cream. The abrasive strength of the peeling is attributable solely to the intensity and duration of the massage. As it is water-soluble, it is simply washed off again like a cleansing lotion.<br \/>\nMild Face Rub makes dry skin soft, supple and smooth again.<\/p>\n<p><span data-sheets-value=\"{&quot;1&quot;:2,&quot;2&quot;:&quot;PuhastusemulsioonnRef. 500-Koduhooldus 200ml, Ref. 500\u0420-Prof. 500 mlnKirjeldusnPehme puhastusemulsioon. T\u00e4iuslik vahend k\u00f5ikidele nahat\u00fc\u00fcpidele. Eemaldab mustuse, rasu ning meigi, ei kuivata nahka ja s\u00e4ilitab naha loomuliku pH-tasakaalu. n&quot;}\" data-sheets-userformat=\"{&quot;2&quot;:8403905,&quot;3&quot;:{&quot;1&quot;:0},&quot;9&quot;:1,&quot;10&quot;:2,&quot;11&quot;:3,&quot;12&quot;:0,&quot;14&quot;:[null,2,0],&quot;15&quot;:&quot;Arial&quot;,&quot;16&quot;:10,&quot;26&quot;:400}\">\u00a0<\/span><\/p>\n<p>&nbsp;<\/p>\n","protected":false},"featured_media":1891,"comment_status":"open","ping_status":"closed","template":"","meta":[],"product_cat":[163,166,160],"product_tag":[],"class_list":{"0":"post-1884","1":"product","2":"type-product","3":"status-publish","4":"has-post-thumbnail","6":"product_cat-cosmeceuticals-sort-by-skin-type-en","7":"product_cat-dry-skin-en","8":"product_cat-janssen-cosmetics-en","10":"first","11":"instock","12":"sale","13":"taxable","14":"shipping-taxable","15":"product-type-variable"},"_links":{"self":[{"href":"https:\/\/janssen-beauty.ee\/en\/wp-json\/wp\/v2\/product\/1884"}],"collection":[{"href":"https:\/\/janssen-beauty.ee\/en\/wp-json\/wp\/v2\/product"}],"about":[{"href":"https:\/\/janssen-beauty.ee\/en\/wp-json\/wp\/v2\/types\/product"}],"replies":[{"embeddable":true,"href":"https:\/\/janssen-beauty.ee\/en\/wp-json\/wp\/v2\/comments?post=1884"}],"wp:featuredmedia":[{"embeddable":true,"href":"https:\/\/janssen-beauty.ee\/en\/wp-json\/wp\/v2\/media\/1891"}],"wp:attachment":[{"href":"https:\/\/janssen-beauty.ee\/en\/wp-json\/wp\/v2\/media?parent=1884"}],"wp:term":[{"taxonomy":"product_cat","embeddable":true,"href":"https:\/\/janssen-beauty.ee\/en\/wp-json\/wp\/v2\/product_cat?post=1884"},{"taxonomy":"product_tag","embeddable":true,"href":"https:\/\/janssen-beauty.ee\/en\/wp-json\/wp\/v2\/product_tag?post=1884"}],"curies":[{"name":"wp","href":"https:\/\/api.w.org\/{rel}","templated":true}]}}