{"id":1933,"date":"2024-02-08T09:16:31","date_gmt":"2019-01-28T11:56:31","guid":{"rendered":"https:\/\/janssen-beauty.ee\/?post_type=product&#038;p=1933"},"modified":"2026-02-11T14:59:55","modified_gmt":"2026-02-11T12:59:55","slug":"hyalurone-impulse-ref-5024-5024p","status":"publish","type":"product","link":"https:\/\/janssen-beauty.ee\/en\/product\/hyalurone-impulse-ref-5024-5024p","title":{"rendered":"Hyalurone Impulse Ref. 5024 \/ 5024P"},"content":{"rendered":"<p><strong>ACTIVE SUBSTANCES<\/strong><br \/>\n\u2022 Long-chain hyaluronic acid: High-molecular and biotechnologically obtained moisturizer with high moisture-binding capacity, forms a smoothing film on the surface<br \/>\n\u2022 Dual peptide system: Myristyl pentapeptide-8 and myristyl tetrapeptide also occur in the skin and are therefore able to penetrate particularly well when passage through the horny layer and improving the skin&#8217;s volume there are required<\/p>\n<p>\u2022 Improves the skin structure<br \/>\n\u2022 Smoothes creases caused by dryness<br \/>\n\u2022 Ideal foundation for make-up<br \/>\n\u2022 Smooth, silky-soft skin<\/p>\n<p><strong>Home care application<\/strong><br \/>\nTwist open a capsule of Hyaluron Impulse or open it using a pair of scissors. Squeeze out the entire content and stroke over the face, neck and neckline using the fingertips. Leave out the eye area. If desired, apply the usual day or night cream on top. For external use only.<br \/>\nTip: \u201cSmall gifts preserve friendships\u201d. Give your customer two to three Hyaluron Impulse capsules and once again emphasize the care success of your balancing dry skin treatment!<\/p>\n<p><span data-sheets-value=\"{&quot;1&quot;:2,&quot;2&quot;:&quot;ToimenPuhastab, eemaldades pindmise mustuse. Kergesti mahapestav, muudab n\u00e4o siledaks. Regenereerib ja tervendab. Nahas\u00f5bralik puhastusvahend, tasakaalustab naha pH. nAktiivainedn\u2022 Naturaalne arahhise\u00f5li n\u2022 Unikaalsed naturaalsed niisutusained.nKasutaminenM\u00f5eldud kasutamiseks igal hommikul ja \u00f5htul. Kanda v\u00e4ike kogus puhastusvahendit kaelale, n\u00e4ole ja dekolteele. Masseerida kergelt. L\u00f5puks pesta maha leige veega v\u00f5i puhastada niisutatud vatiga. n&quot;}\" data-sheets-userformat=\"{&quot;2&quot;:8403905,&quot;3&quot;:{&quot;1&quot;:0},&quot;9&quot;:1,&quot;10&quot;:2,&quot;11&quot;:3,&quot;12&quot;:0,&quot;14&quot;:[null,2,0],&quot;15&quot;:&quot;Arial&quot;,&quot;16&quot;:10,&quot;26&quot;:400}\">\u00a0<\/span><\/p>\n<p>&nbsp;<\/p>\n","protected":false},"excerpt":{"rendered":"<p><strong>CARE CAPSULES FOR DRY SKIN<\/strong><br \/>\nRef.5024-Retail 50 tk , Ref. 5024P &#8211; Prof. 150 tk<\/p>\n<p><strong>Description<\/strong><br \/>\nIf dry skin is particularly brittle, applying a day cream in the morning is often not sufficient. Additional care to improve the feel of the skin and for application as and when individually required now takes on particular importance.<br \/>\nHyaluron Impulse is small care capsules which resemble pinkish, shimmering pearls. The creamy, soft content is intended for external application. Together, the extraordinary texture and modern contents provide an optimal skin care experience and result: the capsule&#8217;s rich contents are distributed over the skin, leaving it feeling velvety soft, gentle and supple. Each individual application leaves the skin beautiful and smooth.<br \/>\nHyaluron Impulse is suitable for application with and without day or night care. Applied directly beneath make-up, dry skin regains its silky-matte shimmer.<br \/>\nThe small capsules are both ideal and space-saving companions on trips, and can be packed into even the smallest of bags.<\/p>\n<p><span data-sheets-value=\"{&quot;1&quot;:2,&quot;2&quot;:&quot;PuhastusemulsioonnRef. 500-Koduhooldus 200ml, Ref. 500\u0420-Prof. 500 mlnKirjeldusnPehme puhastusemulsioon. T\u00e4iuslik vahend k\u00f5ikidele nahat\u00fc\u00fcpidele. Eemaldab mustuse, rasu ning meigi, ei kuivata nahka ja s\u00e4ilitab naha loomuliku pH-tasakaalu. n&quot;}\" data-sheets-userformat=\"{&quot;2&quot;:8403905,&quot;3&quot;:{&quot;1&quot;:0},&quot;9&quot;:1,&quot;10&quot;:2,&quot;11&quot;:3,&quot;12&quot;:0,&quot;14&quot;:[null,2,0],&quot;15&quot;:&quot;Arial&quot;,&quot;16&quot;:10,&quot;26&quot;:400}\">\u00a0<\/span><\/p>\n","protected":false},"featured_media":1944,"comment_status":"open","ping_status":"closed","template":"","meta":[],"product_cat":[163,166,160],"product_tag":[],"class_list":{"0":"post-1933","1":"product","2":"type-product","3":"status-publish","4":"has-post-thumbnail","6":"product_cat-cosmeceuticals-sort-by-skin-type-en","7":"product_cat-dry-skin-en","8":"product_cat-janssen-cosmetics-en","10":"first","11":"instock","12":"taxable","13":"shipping-taxable","14":"product-type-variable"},"_links":{"self":[{"href":"https:\/\/janssen-beauty.ee\/en\/wp-json\/wp\/v2\/product\/1933"}],"collection":[{"href":"https:\/\/janssen-beauty.ee\/en\/wp-json\/wp\/v2\/product"}],"about":[{"href":"https:\/\/janssen-beauty.ee\/en\/wp-json\/wp\/v2\/types\/product"}],"replies":[{"embeddable":true,"href":"https:\/\/janssen-beauty.ee\/en\/wp-json\/wp\/v2\/comments?post=1933"}],"wp:featuredmedia":[{"embeddable":true,"href":"https:\/\/janssen-beauty.ee\/en\/wp-json\/wp\/v2\/media\/1944"}],"wp:attachment":[{"href":"https:\/\/janssen-beauty.ee\/en\/wp-json\/wp\/v2\/media?parent=1933"}],"wp:term":[{"taxonomy":"product_cat","embeddable":true,"href":"https:\/\/janssen-beauty.ee\/en\/wp-json\/wp\/v2\/product_cat?post=1933"},{"taxonomy":"product_tag","embeddable":true,"href":"https:\/\/janssen-beauty.ee\/en\/wp-json\/wp\/v2\/product_tag?post=1933"}],"curies":[{"name":"wp","href":"https:\/\/api.w.org\/{rel}","templated":true}]}}