{"id":1953,"date":"2021-08-09T14:05:15","date_gmt":"2019-01-28T12:14:15","guid":{"rendered":"https:\/\/janssen-beauty.ee\/?post_type=product&#038;p=1953"},"modified":"2025-07-03T13:00:12","modified_gmt":"2025-07-03T10:00:12","slug":"hyaluron-replinish-cream-ref-5020-5020p","status":"publish","type":"product","link":"https:\/\/janssen-beauty.ee\/en\/product\/hyaluron-replinish-cream-ref-5020-5020p","title":{"rendered":"Hyaluron\u00b3 Replenish Cream Ref. 5020 \/ 5020P"},"content":{"rendered":"<h3>INGREDIENTS<\/h3>\n<div class=\"desccontainer mb-2\">\n<p class=\"cs95E872D0\"><span class=\"csD5D7D290\">\u2022\u00a0<\/span><span class=\"cs31D24DEE\">White lupin extract:<\/span><span class=\"csD5D7D290\">\u00a0Promotes epidermal protein and lipid synthesis, restricts transepidermal water loss (TEWL) and strengthens the skin\u2019s barrier function (skin barrier 11% more stable after 14 days)<\/span><\/p>\n<p class=\"cs95E872D0\"><span class=\"csD5D7D290\">\u2022\u00a0<\/span><span class=\"cs31D24DEE\">Long-chain hyaluronic acid:<\/span><span class=\"csD5D7D290\">\u00a0Forms a water-binding film on the skin and protects the skin from drying out<\/span><\/p>\n<p class=\"cs95E872D0\"><span class=\"csD5D7D290\">\u2022\u00a0<\/span><span class=\"cs31D24DEE\">Short-chain hyaluronic acid:<\/span><span class=\"csD5D7D290\">\u00a0Penetrates the upper layers of the stratum corneum and draws water there, softening fine lines and wrinkles<\/span><\/p>\n<p class=\"cs95E872D0\"><span class=\"csD5D7D290\">\u2022<\/span><span class=\"cs31D24DEE\">\u00a0Cross-linked hyaluronic acid:<\/span><span class=\"csD5D7D290\">\u00a0Its special structure helps to create a stable, moisturising network on the skin with a very impressive plumping effect<\/span><\/p>\n<p class=\"cs95E872D0\"><span class=\"csD5D7D290\">\u2022\u00a0<\/span><span class=\"cs31D24DEE\">Imperata cylindrica:<\/span><span class=\"csD5D7D290\">\u00a0Root extract from the desert plant Imperata cylindrica significantly increases moisture levels in the upper epidermal layers for a long-lasting effect (20% more moisture after 24 hours)<\/span><\/p>\n<p class=\"cs95E872D0\"><span class=\"csD5D7D290\">\u2022\u00a0<\/span><span class=\"cs31D24DEE\">Saccharide isomerate:<\/span><span class=\"csD5D7D290\">\u00a0Skin-identical carbohydrate complex for long-lasting hydration of the skin (72-hour long-term effect)<\/span><\/p>\n<p class=\"cs95E872D0\"><span class=\"csD5D7D290\">\u2022\u00a0<\/span><span class=\"cs31D24DEE\">Alpha Bisabolol:<\/span><span class=\"csD5D7D290\">\u00a0Soothing, anti-inflammatory, relieves irritation<\/span><\/p>\n<p class=\"cs95E872D0\"><span class=\"csD5D7D290\">\u2022\u00a0<\/span><span class=\"cs31D24DEE\">Avocado oil:<\/span><span class=\"csD5D7D290\">\u00a0Moisturising; nourishes, smooths and regenerates skin<\/span><\/p>\n<p class=\"cs95E872D0\"><span class=\"csD5D7D290\">\u2022\u00a0<\/span><span class=\"cs31D24DEE\">Vitamin E \u2013Acetate:<\/span><span class=\"csD5D7D290\">\u00a0Protects skin against damage by free radicals<\/span><\/p>\n<\/div>\n<h3>USAGE<\/h3>\n<div class=\"desccontainer mb-2\">\n<p class=\"cs95E872D0\"><span class=\"csD5D7D290\">Massage gently into face, neck and neckline.\u00a0<\/span><span class=\"cs31D24DEE\">Recommendation:<\/span><span class=\"csD5D7D290\">\u00a0Face Guard Advanced counteracts premature skin ageing through effective light protection. Simply apply the delicate emulsion during the day under Hydro Active Gel.<\/span><\/p>\n<\/div>\n<p>&nbsp;<\/p>\n<p><span data-sheets-value=\"{&quot;1&quot;:2,&quot;2&quot;:&quot;ToimenPuhastab, eemaldades pindmise mustuse. Kergesti mahapestav, muudab n\u00e4o siledaks. Regenereerib ja tervendab. Nahas\u00f5bralik puhastusvahend, tasakaalustab naha pH. nAktiivainedn\u2022 Naturaalne arahhise\u00f5li n\u2022 Unikaalsed naturaalsed niisutusained.nKasutaminenM\u00f5eldud kasutamiseks igal hommikul ja \u00f5htul. Kanda v\u00e4ike kogus puhastusvahendit kaelale, n\u00e4ole ja dekolteele. Masseerida kergelt. L\u00f5puks pesta maha leige veega v\u00f5i puhastada niisutatud vatiga. n&quot;}\" data-sheets-userformat=\"{&quot;2&quot;:8403905,&quot;3&quot;:{&quot;1&quot;:0},&quot;9&quot;:1,&quot;10&quot;:2,&quot;11&quot;:3,&quot;12&quot;:0,&quot;14&quot;:[null,2,0],&quot;15&quot;:&quot;Arial&quot;,&quot;16&quot;:10,&quot;26&quot;:400}\">\u00a0<\/span><\/p>\n","protected":false},"excerpt":{"rendered":"<h3 class=\"product-title\">Hyaluron\u00b3 Replenish Cream<\/h3>\n<p>Ref. 5020\u2013Retail 50ml , Ref. 5020P- Prof. 200 ml<\/p>\n<p><strong>Description<\/strong><br \/>\n<span class=\"desc\">The rich moisturiser works thanks to its combination of 3 types of hyaluronic acid and valuable oils. It provides round-the-clock moisture and regenerates and soothes dry, dehydrated skin.<\/span><\/p>\n<p class=\"cs95E872D0\">\n","protected":false},"featured_media":9490,"comment_status":"open","ping_status":"closed","template":"","meta":[],"product_cat":[163,166,160],"product_tag":[],"class_list":{"0":"post-1953","1":"product","2":"type-product","3":"status-publish","4":"has-post-thumbnail","6":"product_cat-cosmeceuticals-sort-by-skin-type-en","7":"product_cat-dry-skin-en","8":"product_cat-janssen-cosmetics-en","10":"first","11":"instock","12":"sale","13":"taxable","14":"shipping-taxable","15":"product-type-variable"},"_links":{"self":[{"href":"https:\/\/janssen-beauty.ee\/en\/wp-json\/wp\/v2\/product\/1953"}],"collection":[{"href":"https:\/\/janssen-beauty.ee\/en\/wp-json\/wp\/v2\/product"}],"about":[{"href":"https:\/\/janssen-beauty.ee\/en\/wp-json\/wp\/v2\/types\/product"}],"replies":[{"embeddable":true,"href":"https:\/\/janssen-beauty.ee\/en\/wp-json\/wp\/v2\/comments?post=1953"}],"wp:featuredmedia":[{"embeddable":true,"href":"https:\/\/janssen-beauty.ee\/en\/wp-json\/wp\/v2\/media\/9490"}],"wp:attachment":[{"href":"https:\/\/janssen-beauty.ee\/en\/wp-json\/wp\/v2\/media?parent=1953"}],"wp:term":[{"taxonomy":"product_cat","embeddable":true,"href":"https:\/\/janssen-beauty.ee\/en\/wp-json\/wp\/v2\/product_cat?post=1953"},{"taxonomy":"product_tag","embeddable":true,"href":"https:\/\/janssen-beauty.ee\/en\/wp-json\/wp\/v2\/product_tag?post=1953"}],"curies":[{"name":"wp","href":"https:\/\/api.w.org\/{rel}","templated":true}]}}