{"id":1984,"date":"2021-08-10T14:49:56","date_gmt":"2019-01-28T12:49:56","guid":{"rendered":"https:\/\/janssen-beauty.ee\/?post_type=product&#038;p=1984"},"modified":"2025-07-06T20:38:29","modified_gmt":"2025-07-06T17:38:29","slug":"aqualift-eye-gel-ref-5060-5060p","status":"publish","type":"product","link":"https:\/\/janssen-beauty.ee\/en\/product\/aqualift-eye-gel-ref-5060-5060p","title":{"rendered":"Aqualift Eye Gel Ref. 5060 \/ 5060P"},"content":{"rendered":"<p><strong>ACTIVE SUBSTANCES<\/strong><\/p>\n<div class=\"desccontainer mb-2 nottruncated\">\n<p class=\"cs95E872D0\"><span class=\"csD5D7D290\">\u2022\u00a0<\/span><span class=\"cs31D24DEE\">Sensitive complex:<\/span><span class=\"csD5D7D290\">\u00a0Plant-based super ingredient with hop extract and panthenol and horse chestnut, butcher\u2019s broom, liquorice root and marigold extracts strengthens vessels, reduces dark circles around the eyes (-65% after 28 days) and prevents puffiness. Dryness lines disappear and the eyes look brighter<\/span><\/p>\n<p class=\"cs95E872D0\"><span class=\"csD5D7D290\">\u2022\u00a0<\/span><span class=\"cs31D24DEE\">Long-chain hyaluronic acid:\u00a0<\/span><span class=\"csD5D7D290\">Forms a water-binding film on the skin surface and plumps out fine lines and wrinkles<\/span><\/p>\n<p class=\"cs95E872D0\"><span class=\"csD5D7D290\">\u2022\u00a0<\/span><span class=\"cs31D24DEE\">Short-chain hyaluronic acid:<\/span><span class=\"csD5D7D290\">\u00a0Penetrates the upper layers of the stratum corneum and draws water there, softening fine lines and wrinkles<\/span><\/p>\n<p class=\"cs95E872D0\"><span class=\"csD5D7D290\">\u2022\u00a0<\/span><span class=\"cs31D24DEE\">Imperata cylindrica:<\/span><span class=\"csD5D7D290\">\u00a0Root extract from the desert plant Imperata cylindrica significantly increases moisture levels in the upper epidermal layers for a long-lasting effect (20% more moisture after 24 hours)<\/span><\/p>\n<p class=\"cs95E872D0\"><span class=\"csD5D7D290\">\u2022\u00a0<\/span><span class=\"cs31D24DEE\">Grape stem cell extract:<\/span><span class=\"csD5D7D290\">\u00a0Protects skin stem cells against the impact of UV rays; increases skin\u2019s UV tolerance, fights photoageing; for lively, healthy-looking skin<\/span><\/p>\n<\/div>\n<p>\u2022 Moisturizing and moisture retaining<br \/>\n\u2022 Smoothes creases caused by dryness<br \/>\n\u2022 Combats swelling and dark rings around the eyes<br \/>\n\u2022 Cools and refreshes<br \/>\n\u2022 Ideal for spectacle and contact lens wearers<br \/>\n\u2022 Lipid-free<\/p>\n<p><strong>Home care application<\/strong><\/p>\n<p class=\"cs95E872D0\"><span class=\"csD5D7D290\">Apply Aqualift Eye Gel around the eyes mornings, evenings and any time during the day, patting lightly with your fingertips.<\/span><\/p>\n<p class=\"cs95E872D0\"><span class=\"cs31D24DEE\">Tip:\u00a0<\/span><span class=\"csD5D7D290\">Aqualift Eye Gel is really refreshing and cooling on the skin if you keep it in the fridge. The cooling effect supports the gel\u2019s capacity to reduce puffiness.<\/span><\/p>\n<p><span data-sheets-value=\"{&quot;1&quot;:2,&quot;2&quot;:&quot;ToimenPuhastab, eemaldades pindmise mustuse. Kergesti mahapestav, muudab n\u00e4o siledaks. Regenereerib ja tervendab. Nahas\u00f5bralik puhastusvahend, tasakaalustab naha pH. nAktiivainedn\u2022 Naturaalne arahhise\u00f5li n\u2022 Unikaalsed naturaalsed niisutusained.nKasutaminenM\u00f5eldud kasutamiseks igal hommikul ja \u00f5htul. Kanda v\u00e4ike kogus puhastusvahendit kaelale, n\u00e4ole ja dekolteele. Masseerida kergelt. L\u00f5puks pesta maha leige veega v\u00f5i puhastada niisutatud vatiga. n&quot;}\" data-sheets-userformat=\"{&quot;2&quot;:8403905,&quot;3&quot;:{&quot;1&quot;:0},&quot;9&quot;:1,&quot;10&quot;:2,&quot;11&quot;:3,&quot;12&quot;:0,&quot;14&quot;:[null,2,0],&quot;15&quot;:&quot;Arial&quot;,&quot;16&quot;:10,&quot;26&quot;:400}\">\u00a0<\/span><\/p>\n","protected":false},"excerpt":{"rendered":"<p><strong>Aqualift Eye Gel\u00a0<\/strong><br \/>\nRef. 5060-Retail 15ml , Ref. 5060\u0420 &#8211; Prof. 30ml<\/p>\n<p><strong>Description<\/strong><br \/>\nNo other area of the face is as sensitive as the eye area. The skin here is 5 to 10 times thinner than anywhere else on the face. It also has hardly any sebum glands and no padding adipose tissue.<br \/>\nIf the fine vessel walls are naturally lacking in resilience and a sluggish lymphatic system is added, blood shimmers through the porous capillary walls and leaves dark shadows behind. Additional fatigue and stress make the rings around the eyes even more pronounced and the eye contour decreases in firmness. Specific care is now needed to strengthen the eye contour tissue and simultaneously relieve it.<br \/>\n<span class=\"desc\">The mini-lifting plumps up wrinkles from the inside and moisturises the skin deep down. Dark circles under the eyes are visibly reduced, puffiness prevented and wrinkles smoothed. At the same time, the eye area is wonderfully cooled and refreshed.<\/span><\/p>\n<p><span class=\"csD5D7D290\">At the same time, the eye contour gel protects the skin from stress caused by UV rays and thus fights premature skin ageing. The eye area looks fresher and more awake.<\/span><\/p>\n","protected":false},"featured_media":9521,"comment_status":"open","ping_status":"closed","template":"","meta":[],"product_cat":[163,166,160],"product_tag":[],"class_list":{"0":"post-1984","1":"product","2":"type-product","3":"status-publish","4":"has-post-thumbnail","6":"product_cat-cosmeceuticals-sort-by-skin-type-en","7":"product_cat-dry-skin-en","8":"product_cat-janssen-cosmetics-en","10":"first","11":"instock","12":"sale","13":"taxable","14":"shipping-taxable","15":"product-type-variable"},"_links":{"self":[{"href":"https:\/\/janssen-beauty.ee\/en\/wp-json\/wp\/v2\/product\/1984"}],"collection":[{"href":"https:\/\/janssen-beauty.ee\/en\/wp-json\/wp\/v2\/product"}],"about":[{"href":"https:\/\/janssen-beauty.ee\/en\/wp-json\/wp\/v2\/types\/product"}],"replies":[{"embeddable":true,"href":"https:\/\/janssen-beauty.ee\/en\/wp-json\/wp\/v2\/comments?post=1984"}],"wp:featuredmedia":[{"embeddable":true,"href":"https:\/\/janssen-beauty.ee\/en\/wp-json\/wp\/v2\/media\/9521"}],"wp:attachment":[{"href":"https:\/\/janssen-beauty.ee\/en\/wp-json\/wp\/v2\/media?parent=1984"}],"wp:term":[{"taxonomy":"product_cat","embeddable":true,"href":"https:\/\/janssen-beauty.ee\/en\/wp-json\/wp\/v2\/product_cat?post=1984"},{"taxonomy":"product_tag","embeddable":true,"href":"https:\/\/janssen-beauty.ee\/en\/wp-json\/wp\/v2\/product_tag?post=1984"}],"curies":[{"name":"wp","href":"https:\/\/api.w.org\/{rel}","templated":true}]}}