{"id":2001,"date":"2021-08-11T09:09:03","date_gmt":"2019-01-28T13:09:03","guid":{"rendered":"https:\/\/janssen-beauty.ee\/?post_type=product&#038;p=2001"},"modified":"2025-07-06T20:41:55","modified_gmt":"2025-07-06T17:41:55","slug":"deep-xpress-hydro-mask-ref-5090-5090p","status":"publish","type":"product","link":"https:\/\/janssen-beauty.ee\/en\/product\/deep-xpress-hydro-mask-ref-5090-5090p","title":{"rendered":"Deep Xpress Hydro Mask Ref. 5090 \/ 5090P"},"content":{"rendered":"<h3>INGREDIENTS<\/h3>\n<div class=\"desccontainer mb-2\">\n<p class=\"cs95E872D0\"><span class=\"csD5D7D290\">\u2022\u00a0<\/span><span class=\"cs31D24DEE\">Hydro Express Complex:<\/span><span class=\"csD5D7D290\">\u00a0Molecular network of natural biopolymers (hyaluronic acid, alginate and pullulan) with ultra-concentrated moisturising active ingredients (glycerin, serin, trehalose, urea). Active ingredients are gradually released into the stratum corneum. Proven effectiveness of Hydro Express Complex: immediate improvement \u2013 increases skin moisture by 25% just 30 minutes after application Long-lasting protection \u2013 up to 48 hours\u2019 hydration after just one application. Enhanced moisture retention capacity \u2013 skin moisture lasts up to 5 days longer after the last application<\/span><\/p>\n<p class=\"cs95E872D0\"><span class=\"csD5D7D290\">\u2022\u00a0<\/span><span class=\"cs31D24DEE\">Pullulan:<\/span><span class=\"csD5D7D290\">\u00a0This natural polysaccharide is made via fermentation using the fungus Aureobasidium pullulans. It is made up of glucoside units and is highly water-soluble. The big advantage of pullulan is its ability to form resistant elastic films<\/span><\/p>\n<\/div>\n<h3>USAGE<\/h3>\n<div class=\"desccontainer mb-2\">\n<p class=\"cs95E872D0\"><span class=\"csD5D7D290\">Apply a delicate layer of the Gel Mask to the face and cleavage with the gel brush, following up with the eye area. Reaction time: 5-20 minutes. Remove residue with damp mask cloth and continue with usual skin care routine. For maximum indulgence, leave the mask to work overnight.<\/span><\/p>\n<p class=\"cs95E872D0\"><span class=\"cs31D24DEE\">Tip:\u00a0<\/span><span class=\"csD5D7D290\">also ideal as an after-sun mask, or for use after exercising and using a sauna.<\/span><\/p>\n<\/div>\n<p><span data-sheets-value=\"{&quot;1&quot;:2,&quot;2&quot;:&quot;ToimenPuhastab, eemaldades pindmise mustuse. Kergesti mahapestav, muudab n\u00e4o siledaks. Regenereerib ja tervendab. Nahas\u00f5bralik puhastusvahend, tasakaalustab naha pH. nAktiivainedn\u2022 Naturaalne arahhise\u00f5li n\u2022 Unikaalsed naturaalsed niisutusained.nKasutaminenM\u00f5eldud kasutamiseks igal hommikul ja \u00f5htul. Kanda v\u00e4ike kogus puhastusvahendit kaelale, n\u00e4ole ja dekolteele. Masseerida kergelt. L\u00f5puks pesta maha leige veega v\u00f5i puhastada niisutatud vatiga. n&quot;}\" data-sheets-userformat=\"{&quot;2&quot;:8403905,&quot;3&quot;:{&quot;1&quot;:0},&quot;9&quot;:1,&quot;10&quot;:2,&quot;11&quot;:3,&quot;12&quot;:0,&quot;14&quot;:[null,2,0],&quot;15&quot;:&quot;Arial&quot;,&quot;16&quot;:10,&quot;26&quot;:400}\">\u00a0<\/span><\/p>\n","protected":false},"excerpt":{"rendered":"<p><strong>DEEP MOISTURIZING GEL MASK<\/strong><br \/>\nRef. 5090-Retail 75 ml , Ref. 5090P \u2013 Prof. 200 ml.<\/p>\n<p><strong>Description<\/strong><br \/>\n<span class=\"desc\">Dehydrated skin is intensively and long-lasting supplied with more moisture. The skin is effectively protected from dehydration as the innovative Hydro Express Complex forms an invisible protective molecular network that continuously moisturises and protects the skin. Your skin looks fresh and smooth.<\/span><\/p>\n<p class=\"cs95E872D0\"><span class=\"csD5D7D290\">Within 30 minutes of application, the skin&#8217;s own moisture level increases by 25% and lasts up to 48 hours.<\/span><\/p>\n","protected":false},"featured_media":9529,"comment_status":"open","ping_status":"closed","template":"","meta":[],"product_cat":[163,166,160],"product_tag":[],"class_list":{"0":"post-2001","1":"product","2":"type-product","3":"status-publish","4":"has-post-thumbnail","6":"product_cat-cosmeceuticals-sort-by-skin-type-en","7":"product_cat-dry-skin-en","8":"product_cat-janssen-cosmetics-en","10":"first","11":"instock","12":"sale","13":"taxable","14":"shipping-taxable","15":"product-type-variable"},"_links":{"self":[{"href":"https:\/\/janssen-beauty.ee\/en\/wp-json\/wp\/v2\/product\/2001"}],"collection":[{"href":"https:\/\/janssen-beauty.ee\/en\/wp-json\/wp\/v2\/product"}],"about":[{"href":"https:\/\/janssen-beauty.ee\/en\/wp-json\/wp\/v2\/types\/product"}],"replies":[{"embeddable":true,"href":"https:\/\/janssen-beauty.ee\/en\/wp-json\/wp\/v2\/comments?post=2001"}],"wp:featuredmedia":[{"embeddable":true,"href":"https:\/\/janssen-beauty.ee\/en\/wp-json\/wp\/v2\/media\/9529"}],"wp:attachment":[{"href":"https:\/\/janssen-beauty.ee\/en\/wp-json\/wp\/v2\/media?parent=2001"}],"wp:term":[{"taxonomy":"product_cat","embeddable":true,"href":"https:\/\/janssen-beauty.ee\/en\/wp-json\/wp\/v2\/product_cat?post=2001"},{"taxonomy":"product_tag","embeddable":true,"href":"https:\/\/janssen-beauty.ee\/en\/wp-json\/wp\/v2\/product_tag?post=2001"}],"curies":[{"name":"wp","href":"https:\/\/api.w.org\/{rel}","templated":true}]}}