{"id":2031,"date":"2020-08-19T09:05:11","date_gmt":"2019-01-28T14:02:11","guid":{"rendered":"https:\/\/janssen-beauty.ee\/?post_type=product&#038;p=2031"},"modified":"2025-07-01T15:50:14","modified_gmt":"2025-07-01T12:50:14","slug":"soft-soothing-tonic-ref-2001-2001p","status":"publish","type":"product","link":"https:\/\/janssen-beauty.ee\/en\/product\/soft-soothing-tonic-ref-2001-2001p","title":{"rendered":"Soft Soothing Tonic Ref. 2001 \/ 2001P"},"content":{"rendered":"<p><span data-sheets-value=\"{&quot;1&quot;:2,&quot;2&quot;:&quot;ToimenPuhastab, eemaldades pindmise mustuse. Kergesti mahapestav, muudab n\u00e4o siledaks. Regenereerib ja tervendab. Nahas\u00f5bralik puhastusvahend, tasakaalustab naha pH. nAktiivainedn\u2022 Naturaalne arahhise\u00f5li n\u2022 Unikaalsed naturaalsed niisutusained.nKasutaminenM\u00f5eldud kasutamiseks igal hommikul ja \u00f5htul. Kanda v\u00e4ike kogus puhastusvahendit kaelale, n\u00e4ole ja dekolteele. Masseerida kergelt. L\u00f5puks pesta maha leige veega v\u00f5i puhastada niisutatud vatiga. n&quot;}\" data-sheets-userformat=\"{&quot;2&quot;:8403905,&quot;3&quot;:{&quot;1&quot;:0},&quot;9&quot;:1,&quot;10&quot;:2,&quot;11&quot;:3,&quot;12&quot;:0,&quot;14&quot;:[null,2,0],&quot;15&quot;:&quot;Arial&quot;,&quot;16&quot;:10,&quot;26&quot;:400}\"><strong>Ingredients<\/strong><\/span><\/p>\n<ul>\n<li>\n<p class=\"cs95E872D0\"><span class=\"cs31D24DEE\">Sensitive complex:\u00a0<\/span><span class=\"csD5D7D290\">A highly active plant extract containing the active ingredients from Asian marsh pennywort, butcher\u2019s broom, marigolds, horse chestnuts and liquorice roots which soothes any signs of irritation (redness, swelling, feelings of tightness)<\/span><\/p>\n<\/li>\n<li>\n<p class=\"cs95E872D0\"><span class=\"cs31D24DEE\">Allantoin:<\/span><span class=\"csD5D7D290\">\u00a0Soothes irritated skin and prevents redness<\/span><\/p>\n<\/li>\n<\/ul>\n<p><span data-sheets-value=\"{&quot;1&quot;:2,&quot;2&quot;:&quot;ToimenPuhastab, eemaldades pindmise mustuse. Kergesti mahapestav, muudab n\u00e4o siledaks. Regenereerib ja tervendab. Nahas\u00f5bralik puhastusvahend, tasakaalustab naha pH. nAktiivainedn\u2022 Naturaalne arahhise\u00f5li n\u2022 Unikaalsed naturaalsed niisutusained.nKasutaminenM\u00f5eldud kasutamiseks igal hommikul ja \u00f5htul. Kanda v\u00e4ike kogus puhastusvahendit kaelale, n\u00e4ole ja dekolteele. Masseerida kergelt. L\u00f5puks pesta maha leige veega v\u00f5i puhastada niisutatud vatiga. n&quot;}\" data-sheets-userformat=\"{&quot;2&quot;:8403905,&quot;3&quot;:{&quot;1&quot;:0},&quot;9&quot;:1,&quot;10&quot;:2,&quot;11&quot;:3,&quot;12&quot;:0,&quot;14&quot;:[null,2,0],&quot;15&quot;:&quot;Arial&quot;,&quot;16&quot;:10,&quot;26&quot;:400}\"><strong>Usage<\/strong><\/span><\/p>\n<p class=\"cs95E872D0\"><span class=\"csD5D7D290\">Apply Soft Soothing Tonic with a cotton pad after each cleansing with mild cleansing foam. Gently spread over face, neck and neckline.<\/span><\/p>\n<p class=\"cs95E872D0\"><span class=\"cs52DB4310\">Tip:<\/span><span class=\"cs43C038A\">\u00a0Cools, soothes and refreshes any skin after facial hair removal or epilation.<\/span><\/p>\n<p>&nbsp;<\/p>\n<p><span data-sheets-value=\"{&quot;1&quot;:2,&quot;2&quot;:&quot;ToimenPuhastab, eemaldades pindmise mustuse. Kergesti mahapestav, muudab n\u00e4o siledaks. Regenereerib ja tervendab. Nahas\u00f5bralik puhastusvahend, tasakaalustab naha pH. nAktiivainedn\u2022 Naturaalne arahhise\u00f5li n\u2022 Unikaalsed naturaalsed niisutusained.nKasutaminenM\u00f5eldud kasutamiseks igal hommikul ja \u00f5htul. Kanda v\u00e4ike kogus puhastusvahendit kaelale, n\u00e4ole ja dekolteele. Masseerida kergelt. L\u00f5puks pesta maha leige veega v\u00f5i puhastada niisutatud vatiga. n&quot;}\" data-sheets-userformat=\"{&quot;2&quot;:8403905,&quot;3&quot;:{&quot;1&quot;:0},&quot;9&quot;:1,&quot;10&quot;:2,&quot;11&quot;:3,&quot;12&quot;:0,&quot;14&quot;:[null,2,0],&quot;15&quot;:&quot;Arial&quot;,&quot;16&quot;:10,&quot;26&quot;:400}\">\u00a0<\/span><\/p>\n","protected":false},"excerpt":{"rendered":"<p><strong>Soothing gel toner<\/strong><\/p>\n<p>Ref. 2001 &#8211; Home care. 200 ml , Ref.2001P- Prof. 250ml<br \/>\n<strong>Description<\/strong><\/p>\n<p><span class=\"desc\">The alcohol-free face toner with Sensitive Complex and allantoin.<\/span><\/p>\n<p class=\"cs95E872D0\"><span class=\"csD5D7D290\">Specially developed for sensitive skin prone to reddening, Soft Soothing Tonic is the perfect final step for deep facial cleansing! The alcohol-free face toner with Sensitive Complex and allantoin soothes skin irritation as you cleanse your face.<\/span><\/p>\n","protected":false},"featured_media":8504,"comment_status":"open","ping_status":"closed","template":"","meta":[],"product_cat":[163,160,185],"product_tag":[],"class_list":{"0":"post-2031","1":"product","2":"type-product","3":"status-publish","4":"has-post-thumbnail","6":"product_cat-cosmeceuticals-sort-by-skin-type-en","7":"product_cat-janssen-cosmetics-en","8":"product_cat-sensitive-skin-en","10":"first","11":"instock","12":"sale","13":"taxable","14":"shipping-taxable","15":"product-type-variable"},"_links":{"self":[{"href":"https:\/\/janssen-beauty.ee\/en\/wp-json\/wp\/v2\/product\/2031"}],"collection":[{"href":"https:\/\/janssen-beauty.ee\/en\/wp-json\/wp\/v2\/product"}],"about":[{"href":"https:\/\/janssen-beauty.ee\/en\/wp-json\/wp\/v2\/types\/product"}],"replies":[{"embeddable":true,"href":"https:\/\/janssen-beauty.ee\/en\/wp-json\/wp\/v2\/comments?post=2031"}],"wp:featuredmedia":[{"embeddable":true,"href":"https:\/\/janssen-beauty.ee\/en\/wp-json\/wp\/v2\/media\/8504"}],"wp:attachment":[{"href":"https:\/\/janssen-beauty.ee\/en\/wp-json\/wp\/v2\/media?parent=2031"}],"wp:term":[{"taxonomy":"product_cat","embeddable":true,"href":"https:\/\/janssen-beauty.ee\/en\/wp-json\/wp\/v2\/product_cat?post=2031"},{"taxonomy":"product_tag","embeddable":true,"href":"https:\/\/janssen-beauty.ee\/en\/wp-json\/wp\/v2\/product_tag?post=2031"}],"curies":[{"name":"wp","href":"https:\/\/api.w.org\/{rel}","templated":true}]}}