{"id":2063,"date":"2025-02-12T09:10:47","date_gmt":"2019-01-28T14:23:47","guid":{"rendered":"https:\/\/janssen-beauty.ee\/?post_type=product&#038;p=2063"},"modified":"2025-07-01T15:56:14","modified_gmt":"2025-07-01T12:56:14","slug":"intence-calming-cream-ref-2020-2020p","status":"publish","type":"product","link":"https:\/\/janssen-beauty.ee\/en\/product\/intence-calming-cream-ref-2020-2020p","title":{"rendered":"Intence Calming Cream Ref. 2020 \/ 2020P"},"content":{"rendered":"<p><span data-sheets-value=\"{&quot;1&quot;:2,&quot;2&quot;:&quot;ToimenPuhastab, eemaldades pindmise mustuse. Kergesti mahapestav, muudab n\u00e4o siledaks. Regenereerib ja tervendab. Nahas\u00f5bralik puhastusvahend, tasakaalustab naha pH. nAktiivainedn\u2022 Naturaalne arahhise\u00f5li n\u2022 Unikaalsed naturaalsed niisutusained.nKasutaminenM\u00f5eldud kasutamiseks igal hommikul ja \u00f5htul. Kanda v\u00e4ike kogus puhastusvahendit kaelale, n\u00e4ole ja dekolteele. Masseerida kergelt. L\u00f5puks pesta maha leige veega v\u00f5i puhastada niisutatud vatiga. n&quot;}\" data-sheets-userformat=\"{&quot;2&quot;:8403905,&quot;3&quot;:{&quot;1&quot;:0},&quot;9&quot;:1,&quot;10&quot;:2,&quot;11&quot;:3,&quot;12&quot;:0,&quot;14&quot;:[null,2,0],&quot;15&quot;:&quot;Arial&quot;,&quot;16&quot;:10,&quot;26&quot;:400}\"><strong>Ingredients<\/strong><br \/>\n<\/span><\/p>\n<p class=\"cs95E872D0\"><span class=\"csD5D7D290\">\u2022\u00a0<\/span><span class=\"cs31D24DEE\">Skin Defense Complex+:<\/span><span class=\"csD5D7D290\">\u00a0A highly active phyto complex made from\u00a0<\/span><span class=\"cs31D24DEE\">black currant seed oil<\/span><span class=\"csD5D7D290\">\u00a0(rich in omega-3 and omega-6 fatty acids, reduces inflammation and repairs the skin\u2019s barrier function),\u00a0<\/span><span class=\"cs31D24DEE\">balloon plant\u00a0<\/span><span class=\"csD5D7D290\">(rich in phytosterols, considered a herbal alternative to hydrocortisone and reduces inflammation) and the unsaponifiable parts of\u00a0<\/span><span class=\"cs31D24DEE\">sunflower oil<\/span><span class=\"csD5D7D290\">\u00a0(rich in essential fatty acids; protects and restores the damaged skin barrier and reduces allergic reactions)<\/span><\/p>\n<p class=\"cs95E872D0\"><span class=\"csD5D7D290\">\u2022\u00a0<\/span><span class=\"cs31D24DEE\">Long-chain and short-chain hyaluronic acid:<\/span><span class=\"csD5D7D290\">\u00a0Intensively moisturises and protects<\/span><\/p>\n<p class=\"cs95E872D0\"><span class=\"csD5D7D290\">\u2022\u00a0<\/span><span class=\"cs31D24DEE\">Shea Butter:<\/span><span class=\"csD5D7D290\">\u00a0Nourishes the skin and supports its barrier function<\/span><\/p>\n<p class=\"cs95E872D0\"><span class=\"csD5D7D290\">\u2022\u00a0<\/span><span class=\"cs31D24DEE\">Isostearyl Isostearate:<\/span><span class=\"csD5D7D290\">\u00a0An emollient derived from raw plant-based materials, clinical studies have shown that it integrates into the intercellular lipids and thus strengthens the barrier function of the skin<\/span><\/p>\n<p class=\"cs95E872D0\"><span class=\"csD5D7D290\">\u2022\u00a0<\/span><span class=\"cs31D24DEE\">Squalane:\u00a0<\/span><span class=\"csD5D7D290\">Similar to natural skin lipids; prevents dehydration (water loss), smooths the skin<\/span><\/p>\n<p class=\"cs95E872D0\"><span class=\"csD5D7D290\">\u2022\u00a0<\/span><span class=\"cs31D24DEE\">Saccharide Isomerate:\u00a0<\/span><span class=\"csD5D7D290\">A skin-identical carbohydrate complex for long-lasting hydration of the skin (72-hour long-term effect)<\/span><\/p>\n<p class=\"cs95E872D0\"><span class=\"csD5D7D290\">\u2022\u00a0<\/span><span class=\"cs31D24DEE\">\u03b1-Bisabolol:<\/span><span class=\"csD5D7D290\">\u00a0Soothing, anti-inflammatory, relieves irritation<\/span><\/p>\n<p class=\"cs95E872D0\"><span class=\"csD5D7D290\">\u2022\u00a0<\/span><span class=\"cs31D24DEE\">Allantoin:<\/span><span class=\"csD5D7D290\">\u00a0Soothes irritated skin and prevents redness<\/span><\/p>\n<p class=\"cs95E872D0\"><span class=\"csD5D7D290\">\u2022\u00a0<\/span><span class=\"cs31D24DEE\">Vitamin E acetate:\u00a0<\/span><span class=\"csD5D7D290\">Protects cells from damage by free radicals<\/span><\/p>\n<p><span data-sheets-value=\"{&quot;1&quot;:2,&quot;2&quot;:&quot;ToimenPuhastab, eemaldades pindmise mustuse. Kergesti mahapestav, muudab n\u00e4o siledaks. Regenereerib ja tervendab. Nahas\u00f5bralik puhastusvahend, tasakaalustab naha pH. nAktiivainedn\u2022 Naturaalne arahhise\u00f5li n\u2022 Unikaalsed naturaalsed niisutusained.nKasutaminenM\u00f5eldud kasutamiseks igal hommikul ja \u00f5htul. Kanda v\u00e4ike kogus puhastusvahendit kaelale, n\u00e4ole ja dekolteele. Masseerida kergelt. L\u00f5puks pesta maha leige veega v\u00f5i puhastada niisutatud vatiga. n&quot;}\" data-sheets-userformat=\"{&quot;2&quot;:8403905,&quot;3&quot;:{&quot;1&quot;:0},&quot;9&quot;:1,&quot;10&quot;:2,&quot;11&quot;:3,&quot;12&quot;:0,&quot;14&quot;:[null,2,0],&quot;15&quot;:&quot;Arial&quot;,&quot;16&quot;:10,&quot;26&quot;:400}\">\u00a0<strong>Usage<\/strong><\/span><\/p>\n<p class=\"cs95E872D0\"><span class=\"csD5D7D290\">Apply Intense Calming Cream to the face, neck and neckline in the morning and\/or evening after the Intense Calming Serum.<\/span><\/p>\n<p class=\"cs95E872D0\"><span class=\"csD5D7D290\">Recommendation: Sensitive skin and sunlight are not a good mix. Face Guard Advanced provides optimal sun protection. The feather-light emulsion lays gently on the skin and reflects UV radiation. Simply apply Face Guard Advanced during the day before the Intense Calming Cream.<\/span><\/p>\n<p>&nbsp;<\/p>\n","protected":false},"excerpt":{"rendered":"<p><b>Intence Calming Cream<\/b><\/p>\n<p>Ref.2020-Home care 50ml , Ref. 2020\u0420 &#8211; Prof. 150 ml<br \/>\n<b>Description<\/b><\/p>\n<p><span class=\"desc\">24h care for sensitive skin that is prone to redness.<\/span><\/p>\n<p class=\"cs95E872D0\"><span class=\"csD5D7D290\">Calming 24-hour skin care regime protects and nourishes sensitive skin during the day and helps it regenerate overnight. The gentle formula with Skin Defense Complex+ strengthens the skin\u2019s natural protective barrier, whilst \u03b1-bisabolol and allantoin alleviate unpleasant tightness and itching, resulting in a noticeable improvement in skin condition. Saccharide isomerate and hyaluronic acid provide the skin with long-term moisture.<\/span><\/p>\n","protected":false},"featured_media":8509,"comment_status":"open","ping_status":"closed","template":"","meta":[],"product_cat":[163,160,185],"product_tag":[],"class_list":{"0":"post-2063","1":"product","2":"type-product","3":"status-publish","4":"has-post-thumbnail","6":"product_cat-cosmeceuticals-sort-by-skin-type-en","7":"product_cat-janssen-cosmetics-en","8":"product_cat-sensitive-skin-en","10":"first","11":"instock","12":"sale","13":"taxable","14":"shipping-taxable","15":"product-type-variable"},"_links":{"self":[{"href":"https:\/\/janssen-beauty.ee\/en\/wp-json\/wp\/v2\/product\/2063"}],"collection":[{"href":"https:\/\/janssen-beauty.ee\/en\/wp-json\/wp\/v2\/product"}],"about":[{"href":"https:\/\/janssen-beauty.ee\/en\/wp-json\/wp\/v2\/types\/product"}],"replies":[{"embeddable":true,"href":"https:\/\/janssen-beauty.ee\/en\/wp-json\/wp\/v2\/comments?post=2063"}],"wp:featuredmedia":[{"embeddable":true,"href":"https:\/\/janssen-beauty.ee\/en\/wp-json\/wp\/v2\/media\/8509"}],"wp:attachment":[{"href":"https:\/\/janssen-beauty.ee\/en\/wp-json\/wp\/v2\/media?parent=2063"}],"wp:term":[{"taxonomy":"product_cat","embeddable":true,"href":"https:\/\/janssen-beauty.ee\/en\/wp-json\/wp\/v2\/product_cat?post=2063"},{"taxonomy":"product_tag","embeddable":true,"href":"https:\/\/janssen-beauty.ee\/en\/wp-json\/wp\/v2\/product_tag?post=2063"}],"curies":[{"name":"wp","href":"https:\/\/api.w.org\/{rel}","templated":true}]}}