{"id":2098,"date":"2020-08-19T09:15:31","date_gmt":"2019-01-28T14:39:31","guid":{"rendered":"https:\/\/janssen-beauty.ee\/?post_type=product&#038;p=2098"},"modified":"2025-07-01T15:59:23","modified_gmt":"2025-07-01T12:59:23","slug":"sencitive-skin-complex-ref-2230-2230p","status":"publish","type":"product","link":"https:\/\/janssen-beauty.ee\/en\/product\/sencitive-skin-complex-ref-2230-2230p","title":{"rendered":"Intense Calming Serum Ref. 2030 \/ 2030P"},"content":{"rendered":"<p><strong>Active Ingredients<\/strong><\/p>\n<div class=\"desccontainer mb-2 nottruncated\">\n<p class=\"cs95E872D0\"><span class=\"csD5D7D290\">\u2022\u00a0<\/span><span class=\"cs31D24DEE\">Skin Defense Complex+:\u00a0<\/span><span class=\"csD5D7D290\">A highly active phyto complex made from\u00a0<\/span><span class=\"cs31D24DEE\">black currant seed oil<\/span><span class=\"csD5D7D290\">\u00a0(rich in omega-3 and omega-6 fatty acids, reduces inflammation and repairs the skin\u2019s barrier function),\u00a0<\/span><span class=\"cs31D24DEE\">balloon plant<\/span><span class=\"csD5D7D290\">\u00a0(rich in phytosterols, considered a herbal alternative to hydrocortisone and reduces inflammation) and the unsaponifiable parts of<\/span><span class=\"cs31D24DEE\">\u00a0sunflower oil<\/span><span class=\"csD5D7D290\">\u00a0(rich in essential fatty acids; protects and restores the damaged skin barrier and reduces allergic reactions)<\/span><\/p>\n<p class=\"cs95E872D0\"><span class=\"csD5D7D290\">\u2022\u00a0<\/span><span class=\"cs31D24DEE\">\u03b1-Bisabolol:\u00a0<\/span><span class=\"csD5D7D290\">Soothing, anti-inflammatory, relieves irritation<\/span><\/p>\n<p class=\"cs95E872D0\"><span class=\"csD5D7D290\">\u2022\u00a0<\/span><span class=\"cs31D24DEE\">Allantoin:<\/span><span class=\"csD5D7D290\">\u00a0Soothes the skin, reduces redness<\/span><\/p>\n<p class=\"cs95E872D0\"><span class=\"csD5D7D290\">\u2022\u00a0<\/span><span class=\"cs31D24DEE\">D-Panthenol:\u00a0<\/span><span class=\"csD5D7D290\">Provides moisture, supports the skin\u2019s natural regenerative properties<\/span><\/p>\n<p class=\"cs95E872D0\"><span class=\"csD5D7D290\">\u2022\u00a0<\/span><span class=\"cs31D24DEE\">Long-chain and short-chain hyaluronic acid:<\/span><span class=\"csD5D7D290\">\u00a0Intensively moisturises and protects<\/span><\/p>\n<p class=\"cs95E872D0\"><span class=\"csD5D7D290\">\u2022\u00a0<\/span><span class=\"cs31D24DEE\">Isostearyl Isostearate:<\/span><span class=\"csD5D7D290\">\u00a0An emollient derived from raw plant-based materials, clinical studies have shown that it integrates into the intercellular lipids and thus strengthens the barrier function of the skin<\/span><\/p>\n<p class=\"cs95E872D0\"><span class=\"csD5D7D290\">\u2022\u00a0<\/span><span class=\"cs31D24DEE\">Saccharide Isomerate:\u00a0<\/span><span class=\"csD5D7D290\">A skin-identical carbohydrate complex for long-lasting hydration of the skin; 72-hour long-term effect by permanently binding to the keratinocytes of the stratum corneum<\/span><\/p>\n<\/div>\n<p><span data-sheets-value=\"{&quot;1&quot;:2,&quot;2&quot;:&quot;ToimenPuhastab, eemaldades pindmise mustuse. Kergesti mahapestav, muudab n\u00e4o siledaks. Regenereerib ja tervendab. Nahas\u00f5bralik puhastusvahend, tasakaalustab naha pH. nAktiivainedn\u2022 Naturaalne arahhise\u00f5li n\u2022 Unikaalsed naturaalsed niisutusained.nKasutaminenM\u00f5eldud kasutamiseks igal hommikul ja \u00f5htul. Kanda v\u00e4ike kogus puhastusvahendit kaelale, n\u00e4ole ja dekolteele. Masseerida kergelt. L\u00f5puks pesta maha leige veega v\u00f5i puhastada niisutatud vatiga. n&quot;}\" data-sheets-userformat=\"{&quot;2&quot;:8403905,&quot;3&quot;:{&quot;1&quot;:0},&quot;9&quot;:1,&quot;10&quot;:2,&quot;11&quot;:3,&quot;12&quot;:0,&quot;14&quot;:[null,2,0],&quot;15&quot;:&quot;Arial&quot;,&quot;16&quot;:10,&quot;26&quot;:400}\"><strong>Usage<\/strong><br \/>\n<\/span><\/p>\n<p class=\"cs95E872D0\"><span class=\"csD5D7D290\">Apply morning and evening to cleansed skin and massage in gently. Then apply our Intense Calming Cream on top. Avoid the eyes.<\/span><\/p>\n<p class=\"cs95E872D0\"><span class=\"cs52DB4310\">Recommendation:<\/span><span class=\"cs43C038A\">\u00a0Sensitive skin and sunlight are not a good mix. Face Guard Advanced provides optimal sun protection. The feather-light emulsion lays gently on the skin and reflects UV radiation. Simply apply Face Guard Advanced daily over the Intense Calming Serum. Then use the Intense Calming Cream.<\/span><\/p>\n<p>&nbsp;<\/p>\n<p>&nbsp;<\/p>\n","protected":false},"excerpt":{"rendered":"<p class=\"product-title\"><strong>Intense Calming Serum<\/strong><\/p>\n<p>Ref. 2030-Home care 30ml , Ref. 2030\u0420 &#8211; Prof. 50 ml<br \/>\n<strong>Description<\/strong><br \/>\n<span class=\"desc\">Highly concentrated serum for very sensitive and irritated skin.<\/span><\/p>\n<p class=\"cs95E872D0\"><span class=\"csD5D7D290\">Intense Calming Serum with Skin Defense Complex+, regenerates and strengthens the natural skin barrier, makes it more resilient against external irritation and provides moisture. Anti-inflammatory active ingredients such as panthenol, allantoin and \u03b1-bisabolol soothe irritated skin long-term, relieve redness and leaves skin feeling relaxed.<\/span><\/p>\n","protected":false},"featured_media":8514,"comment_status":"open","ping_status":"closed","template":"","meta":[],"product_cat":[163,160,185],"product_tag":[],"class_list":{"0":"post-2098","1":"product","2":"type-product","3":"status-publish","4":"has-post-thumbnail","6":"product_cat-cosmeceuticals-sort-by-skin-type-en","7":"product_cat-janssen-cosmetics-en","8":"product_cat-sensitive-skin-en","10":"first","11":"instock","12":"sale","13":"taxable","14":"shipping-taxable","15":"product-type-variable"},"_links":{"self":[{"href":"https:\/\/janssen-beauty.ee\/en\/wp-json\/wp\/v2\/product\/2098"}],"collection":[{"href":"https:\/\/janssen-beauty.ee\/en\/wp-json\/wp\/v2\/product"}],"about":[{"href":"https:\/\/janssen-beauty.ee\/en\/wp-json\/wp\/v2\/types\/product"}],"replies":[{"embeddable":true,"href":"https:\/\/janssen-beauty.ee\/en\/wp-json\/wp\/v2\/comments?post=2098"}],"wp:featuredmedia":[{"embeddable":true,"href":"https:\/\/janssen-beauty.ee\/en\/wp-json\/wp\/v2\/media\/8514"}],"wp:attachment":[{"href":"https:\/\/janssen-beauty.ee\/en\/wp-json\/wp\/v2\/media?parent=2098"}],"wp:term":[{"taxonomy":"product_cat","embeddable":true,"href":"https:\/\/janssen-beauty.ee\/en\/wp-json\/wp\/v2\/product_cat?post=2098"},{"taxonomy":"product_tag","embeddable":true,"href":"https:\/\/janssen-beauty.ee\/en\/wp-json\/wp\/v2\/product_tag?post=2098"}],"curies":[{"name":"wp","href":"https:\/\/api.w.org\/{rel}","templated":true}]}}