{"id":2133,"date":"2020-08-19T09:20:15","date_gmt":"2019-01-28T16:41:15","guid":{"rendered":"https:\/\/janssen-beauty.ee\/?post_type=product&#038;p=2133"},"modified":"2025-07-01T16:02:20","modified_gmt":"2025-07-01T13:02:20","slug":"daily-couperose-serum-ref-2033","status":"publish","type":"product","link":"https:\/\/janssen-beauty.ee\/en\/product\/daily-couperose-serum-ref-2033","title":{"rendered":"Daily Couperose Serum Ref. 2033"},"content":{"rendered":"<p><strong>Ingredients<\/strong><\/p>\n<p class=\"cs95E872D0\"><span class=\"csD5D7D290\">\u2022<\/span><span class=\"cs31D24DEE\">\u00a0RSC-Neutralizer:<\/span><span class=\"csD5D7D290\">\u00a0Has both anti-allergic and anti-inflammatory properties and has been shown to inhibit the release of LL-37-induced pro-inflammatory cytokines. It reduces capillary blood flow and associated redness<\/span><\/p>\n<p class=\"cs95E872D0\"><span class=\"csD5D7D290\">\u2022\u00a0<\/span><span class=\"cs31D24DEE\">Sensitive complex:<\/span><span class=\"csD5D7D290\">\u00a0A highly active plant extract containing the active ingredients from Asian marsh pennywort, butcher\u2019s broom, marigolds, horse chestnuts and liquorice roots which soothes any signs of irritation (redness, swelling, feelings of tightness)<\/span><\/p>\n<p class=\"cs95E872D0\"><span class=\"csD5D7D290\">\u2022\u00a0<\/span><span class=\"cs31D24DEE\">\u03b1-Bisabolol:<\/span><span class=\"csD5D7D290\">\u00a0Soothing, anti-inflammatory, relieves irritation<\/span><\/p>\n<p class=\"cs95E872D0\"><span class=\"csD5D7D290\">\u2022\u00a0<\/span><span class=\"cs31D24DEE\">Allantoin:\u00a0<\/span><span class=\"csD5D7D290\">Soothes the skin, reduces redness<\/span><\/p>\n<p class=\"cs95E872D0\"><span class=\"csD5D7D290\">\u2022\u00a0<\/span><span class=\"cs31D24DEE\">Long-chain and short-chain hyaluronic acid:\u00a0<\/span><span class=\"csD5D7D290\">Intensively moisturises and protects<\/span><\/p>\n<p class=\"cs95E872D0\"><span class=\"csD5D7D290\">\u2022\u00a0<\/span><span class=\"cs31D24DEE\">Saccharide isomerate:<\/span><span class=\"csD5D7D290\">\u00a0A skin-identical carbohydrate complex for long-lasting hydration of the skin (72-hour long-term effect)<\/span><\/p>\n<p class=\"cs95E872D0\"><span class=\"csD5D7D290\">\u2022\u00a0<\/span><span class=\"cs31D24DEE\">ISIS (Isostearyl Isostearate):\u00a0<\/span><span class=\"csD5D7D290\">An emollient derived from raw plant-based materials, clinical studies have shown that it integrates into the intercellular lipids and thus strengthens the barrier function of the skin<\/span><\/p>\n<p><span data-sheets-value=\"{&quot;1&quot;:2,&quot;2&quot;:&quot;ToimenPuhastab, eemaldades pindmise mustuse. Kergesti mahapestav, muudab n\u00e4o siledaks. Regenereerib ja tervendab. Nahas\u00f5bralik puhastusvahend, tasakaalustab naha pH. nAktiivainedn\u2022 Naturaalne arahhise\u00f5li n\u2022 Unikaalsed naturaalsed niisutusained.nKasutaminenM\u00f5eldud kasutamiseks igal hommikul ja \u00f5htul. Kanda v\u00e4ike kogus puhastusvahendit kaelale, n\u00e4ole ja dekolteele. Masseerida kergelt. L\u00f5puks pesta maha leige veega v\u00f5i puhastada niisutatud vatiga. n&quot;}\" data-sheets-userformat=\"{&quot;2&quot;:8403905,&quot;3&quot;:{&quot;1&quot;:0},&quot;9&quot;:1,&quot;10&quot;:2,&quot;11&quot;:3,&quot;12&quot;:0,&quot;14&quot;:[null,2,0],&quot;15&quot;:&quot;Arial&quot;,&quot;16&quot;:10,&quot;26&quot;:400}\"><strong>Usage<\/strong><br \/>\n<\/span><\/p>\n<p class=\"cs95E872D0\"><span class=\"csD5D7D290\">Apply mornings and evenings to the skin and massage in gently. Then apply your usual lotion over it.<\/span><\/p>\n<p class=\"cs95E872D0\"><span class=\"cs52DB4310\">Recommendation:<\/span><span class=\"cs43C038A\">\u00a0Couperose skin and sunlight do not mix. Face Guard Advanced provides optimal sun protection. The feather-light emulsion lays gently on the skin and reflects UV radiation. Simply apply Face Guard Advanced daily under the Daily Couperose Serum. Then continue with the recommended care<\/span><span class=\"csD5D7D290\">.<\/span><\/p>\n<p><span data-sheets-value=\"{&quot;1&quot;:2,&quot;2&quot;:&quot;ToimenPuhastab, eemaldades pindmise mustuse. Kergesti mahapestav, muudab n\u00e4o siledaks. Regenereerib ja tervendab. Nahas\u00f5bralik puhastusvahend, tasakaalustab naha pH. nAktiivainedn\u2022 Naturaalne arahhise\u00f5li n\u2022 Unikaalsed naturaalsed niisutusained.nKasutaminenM\u00f5eldud kasutamiseks igal hommikul ja \u00f5htul. Kanda v\u00e4ike kogus puhastusvahendit kaelale, n\u00e4ole ja dekolteele. Masseerida kergelt. L\u00f5puks pesta maha leige veega v\u00f5i puhastada niisutatud vatiga. n&quot;}\" data-sheets-userformat=\"{&quot;2&quot;:8403905,&quot;3&quot;:{&quot;1&quot;:0},&quot;9&quot;:1,&quot;10&quot;:2,&quot;11&quot;:3,&quot;12&quot;:0,&quot;14&quot;:[null,2,0],&quot;15&quot;:&quot;Arial&quot;,&quot;16&quot;:10,&quot;26&quot;:400}\">\u00a0<\/span><\/p>\n<p>&nbsp;<\/p>\n<p>&nbsp;<\/p>\n","protected":false},"excerpt":{"rendered":"<p><strong>Couperose Gel<\/strong><br \/>\nRef. 2033-Home care 30ml<br \/>\n<strong>Description<\/strong><br \/>\n<span class=\"desc\">Dermatologically tested special care for skin prone to couperose.<\/span><\/p>\n<p class=\"cs95E872D0\"><span class=\"csD5D7D290\">This gentle serum has been specially designed for the needs of skin prone to couperose. Sensitive Complex strengthens the skin\u2019s capillary system and soothes skin irritation, while the RSC-Neutralizer demonstrably counteracts and reduces redness. Highly effective active ingredients such as barrier-strengthening ISIS, anti-inflammatory allantoin and moisture-providing hyaluronic acid noticeably and visibly improve the skin\u2019s appearance.<\/span><\/p>\n","protected":false},"featured_media":8521,"comment_status":"open","ping_status":"closed","template":"","meta":[],"product_cat":[163,160,185],"product_tag":[],"class_list":{"0":"post-2133","1":"product","2":"type-product","3":"status-publish","4":"has-post-thumbnail","6":"product_cat-cosmeceuticals-sort-by-skin-type-en","7":"product_cat-janssen-cosmetics-en","8":"product_cat-sensitive-skin-en","10":"first","11":"instock","12":"sale","13":"taxable","14":"shipping-taxable","15":"product-type-variable"},"_links":{"self":[{"href":"https:\/\/janssen-beauty.ee\/en\/wp-json\/wp\/v2\/product\/2133"}],"collection":[{"href":"https:\/\/janssen-beauty.ee\/en\/wp-json\/wp\/v2\/product"}],"about":[{"href":"https:\/\/janssen-beauty.ee\/en\/wp-json\/wp\/v2\/types\/product"}],"replies":[{"embeddable":true,"href":"https:\/\/janssen-beauty.ee\/en\/wp-json\/wp\/v2\/comments?post=2133"}],"wp:featuredmedia":[{"embeddable":true,"href":"https:\/\/janssen-beauty.ee\/en\/wp-json\/wp\/v2\/media\/8521"}],"wp:attachment":[{"href":"https:\/\/janssen-beauty.ee\/en\/wp-json\/wp\/v2\/media?parent=2133"}],"wp:term":[{"taxonomy":"product_cat","embeddable":true,"href":"https:\/\/janssen-beauty.ee\/en\/wp-json\/wp\/v2\/product_cat?post=2133"},{"taxonomy":"product_tag","embeddable":true,"href":"https:\/\/janssen-beauty.ee\/en\/wp-json\/wp\/v2\/product_tag?post=2133"}],"curies":[{"name":"wp","href":"https:\/\/api.w.org\/{rel}","templated":true}]}}