{"id":2143,"date":"2020-08-19T09:25:42","date_gmt":"2019-01-28T17:13:42","guid":{"rendered":"https:\/\/janssen-beauty.ee\/?post_type=product&#038;p=2143"},"modified":"2025-07-01T16:05:26","modified_gmt":"2025-07-01T13:05:26","slug":"instant-soothing-mask-ref-2040-2040p","status":"publish","type":"product","link":"https:\/\/janssen-beauty.ee\/en\/product\/instant-soothing-mask-ref-2040-2040p","title":{"rendered":"Instant Soothing  Mask Ref. 2040 \/ 2040P"},"content":{"rendered":"<p><span data-sheets-value=\"{&quot;1&quot;:2,&quot;2&quot;:&quot;ToimenPuhastab, eemaldades pindmise mustuse. Kergesti mahapestav, muudab n\u00e4o siledaks. Regenereerib ja tervendab. Nahas\u00f5bralik puhastusvahend, tasakaalustab naha pH. nAktiivainedn\u2022 Naturaalne arahhise\u00f5li n\u2022 Unikaalsed naturaalsed niisutusained.nKasutaminenM\u00f5eldud kasutamiseks igal hommikul ja \u00f5htul. Kanda v\u00e4ike kogus puhastusvahendit kaelale, n\u00e4ole ja dekolteele. Masseerida kergelt. L\u00f5puks pesta maha leige veega v\u00f5i puhastada niisutatud vatiga. n&quot;}\" data-sheets-userformat=\"{&quot;2&quot;:8403905,&quot;3&quot;:{&quot;1&quot;:0},&quot;9&quot;:1,&quot;10&quot;:2,&quot;11&quot;:3,&quot;12&quot;:0,&quot;14&quot;:[null,2,0],&quot;15&quot;:&quot;Arial&quot;,&quot;16&quot;:10,&quot;26&quot;:400}\"><strong>Ingredients<\/strong><br \/>\n<\/span><\/p>\n<p class=\"cs95E872D0\"><span class=\"csD5D7D290\">\u2022\u00a0<\/span><span class=\"cs31D24DEE\">Fucogel\u00ae Powder:\u00a0<\/span><span class=\"csD5D7D290\">A high molecular polysaccharide consisting of L-fructose, D-galactose and galacturonic acid; forms a protective film on the skin and provides an instant soothing effect<\/span><\/p>\n<p class=\"cs95E872D0\"><span class=\"csD5D7D290\">\u2022\u00a0<\/span><span class=\"cs31D24DEE\">Skin Defense Complex+:<\/span><span class=\"csD5D7D290\">\u00a0A highly active phyto complex made from\u00a0<\/span><span class=\"cs31D24DEE\">black currant seed oil<\/span><span class=\"csD5D7D290\">\u00a0(rich in omega-3 and omega-6 fatty acids, reduces inflammation and repairs the skin\u2019s barrier function),\u00a0<\/span><span class=\"cs31D24DEE\">balloon plant<\/span><span class=\"csD5D7D290\">\u00a0(rich in phytosterols, considered a herbal alternative to hydrocortisone and reduces inflammation) and the unsaponifiable parts of\u00a0<\/span><span class=\"cs31D24DEE\">sunflower oil\u00a0<\/span><span class=\"csD5D7D290\">(rich in essential fatty acids; protects and restores the damaged skin barrier and reduces allergic reactions)<\/span><\/p>\n<p class=\"cs95E872D0\"><span class=\"csD5D7D290\">\u2022\u00a0<\/span><span class=\"cs31D24DEE\">ISIS (Isostearyl-Isostearate):\u00a0<\/span><span class=\"csD5D7D290\">An emollient derived from raw plant-based materials, clinical studies have shown that it integrates into the intercellular lipids and thus strengthens the barrier function of the skin<\/span><\/p>\n<p class=\"cs95E872D0\"><span class=\"csD5D7D290\">\u2022\u00a0<\/span><span class=\"cs31D24DEE\">Allantoin:\u00a0<\/span><span class=\"csD5D7D290\">Soothes irritated skin and prevents redness<\/span><\/p>\n<p class=\"cs95E872D0\"><span class=\"csD5D7D290\">\u2022\u00a0<\/span><span class=\"cs31D24DEE\">Saccharide Isomerate:<\/span><span class=\"csD5D7D290\">\u00a0A skin-identical carbohydrate complex for long-lasting hydration of the skin; 72-hour long-term effect by permanently binding to the keratinocytes of the stratum corneum<\/span><\/p>\n<p><span data-sheets-value=\"{&quot;1&quot;:2,&quot;2&quot;:&quot;ToimenPuhastab, eemaldades pindmise mustuse. Kergesti mahapestav, muudab n\u00e4o siledaks. Regenereerib ja tervendab. Nahas\u00f5bralik puhastusvahend, tasakaalustab naha pH. nAktiivainedn\u2022 Naturaalne arahhise\u00f5li n\u2022 Unikaalsed naturaalsed niisutusained.nKasutaminenM\u00f5eldud kasutamiseks igal hommikul ja \u00f5htul. Kanda v\u00e4ike kogus puhastusvahendit kaelale, n\u00e4ole ja dekolteele. Masseerida kergelt. L\u00f5puks pesta maha leige veega v\u00f5i puhastada niisutatud vatiga. n&quot;}\" data-sheets-userformat=\"{&quot;2&quot;:8403905,&quot;3&quot;:{&quot;1&quot;:0},&quot;9&quot;:1,&quot;10&quot;:2,&quot;11&quot;:3,&quot;12&quot;:0,&quot;14&quot;:[null,2,0],&quot;15&quot;:&quot;Arial&quot;,&quot;16&quot;:10,&quot;26&quot;:400}\"><strong>Usage<\/strong><br \/>\n<\/span><\/p>\n<p class=\"cs95E872D0\"><span class=\"csD5D7D290\">As needed, preferably in the evening, apply to cleansed skin and let it absorb for 15 mins. Remove excess product with moist compresses or gently massage in and leave to work.<\/span><\/p>\n<p class=\"cs95E872D0\"><span class=\"cs52DB4310\">Tip:\u00a0<\/span><span class=\"cs43C038A\">You can fight fires with more than just trucks! For rapid soothing of spontaneous skin reactions such as redness, apply a good amount of Instant Soothing Mask and give it enough time to be fully absorbed by the skin. Then gently remove surface residue and leave the rest on overnight.<\/span><\/p>\n<p>&nbsp;<\/p>\n<p>&nbsp;<\/p>\n","protected":false},"excerpt":{"rendered":"<p><strong>SOS face mask<\/strong><br \/>\nRef. 2040-Home care 75ml , Ref. 2040P &#8211; Prof. 200 ml<br \/>\n<strong>Description<\/strong><br \/>\n<span class=\"desc\">This SOS face mask relieves irritation, redness and tightness in a flash.<\/span><\/p>\n<p class=\"cs95E872D0\"><span class=\"csD5D7D290\">Fast, effective and immediately visible! Instant Soothing Mask: emergency care for irritated skin! The cream mask quickly relieves irritation and tightness, demonstrably alleviates redness and boosts resistance to external irritation. Fucogel\u00ae Powder soothes the skin immediately. Skin Defense Complex+ boosts this effect, regenerates the skin\u2019s barrier function and abates inflammatory processes. Saccharide isomerate provides sensitive skin with intensive moisture. The result? For immediately relaxed and less irritated skin.<\/span><\/p>\n","protected":false},"featured_media":8527,"comment_status":"open","ping_status":"closed","template":"","meta":[],"product_cat":[163,160,185],"product_tag":[],"class_list":{"0":"post-2143","1":"product","2":"type-product","3":"status-publish","4":"has-post-thumbnail","6":"product_cat-cosmeceuticals-sort-by-skin-type-en","7":"product_cat-janssen-cosmetics-en","8":"product_cat-sensitive-skin-en","10":"first","11":"instock","12":"sale","13":"taxable","14":"shipping-taxable","15":"product-type-variable"},"_links":{"self":[{"href":"https:\/\/janssen-beauty.ee\/en\/wp-json\/wp\/v2\/product\/2143"}],"collection":[{"href":"https:\/\/janssen-beauty.ee\/en\/wp-json\/wp\/v2\/product"}],"about":[{"href":"https:\/\/janssen-beauty.ee\/en\/wp-json\/wp\/v2\/types\/product"}],"replies":[{"embeddable":true,"href":"https:\/\/janssen-beauty.ee\/en\/wp-json\/wp\/v2\/comments?post=2143"}],"wp:featuredmedia":[{"embeddable":true,"href":"https:\/\/janssen-beauty.ee\/en\/wp-json\/wp\/v2\/media\/8527"}],"wp:attachment":[{"href":"https:\/\/janssen-beauty.ee\/en\/wp-json\/wp\/v2\/media?parent=2143"}],"wp:term":[{"taxonomy":"product_cat","embeddable":true,"href":"https:\/\/janssen-beauty.ee\/en\/wp-json\/wp\/v2\/product_cat?post=2143"},{"taxonomy":"product_tag","embeddable":true,"href":"https:\/\/janssen-beauty.ee\/en\/wp-json\/wp\/v2\/product_tag?post=2143"}],"curies":[{"name":"wp","href":"https:\/\/api.w.org\/{rel}","templated":true}]}}