{"id":2163,"date":"2020-08-19T09:32:50","date_gmt":"2019-01-28T17:32:50","guid":{"rendered":"https:\/\/janssen-beauty.ee\/?post_type=product&#038;p=2163"},"modified":"2025-07-01T16:08:30","modified_gmt":"2025-07-01T13:08:30","slug":"comfort-eye-care-ref-2060-2060p","status":"publish","type":"product","link":"https:\/\/janssen-beauty.ee\/en\/product\/comfort-eye-care-ref-2060-2060p","title":{"rendered":"Comfort Eye Care Ref. 2060 \/ 2060P"},"content":{"rendered":"<p><span data-sheets-value=\"{&quot;1&quot;:2,&quot;2&quot;:&quot;ToimenPuhastab, eemaldades pindmise mustuse. Kergesti mahapestav, muudab n\u00e4o siledaks. Regenereerib ja tervendab. Nahas\u00f5bralik puhastusvahend, tasakaalustab naha pH. nAktiivainedn\u2022 Naturaalne arahhise\u00f5li n\u2022 Unikaalsed naturaalsed niisutusained.nKasutaminenM\u00f5eldud kasutamiseks igal hommikul ja \u00f5htul. Kanda v\u00e4ike kogus puhastusvahendit kaelale, n\u00e4ole ja dekolteele. Masseerida kergelt. L\u00f5puks pesta maha leige veega v\u00f5i puhastada niisutatud vatiga. n&quot;}\" data-sheets-userformat=\"{&quot;2&quot;:8403905,&quot;3&quot;:{&quot;1&quot;:0},&quot;9&quot;:1,&quot;10&quot;:2,&quot;11&quot;:3,&quot;12&quot;:0,&quot;14&quot;:[null,2,0],&quot;15&quot;:&quot;Arial&quot;,&quot;16&quot;:10,&quot;26&quot;:400}\"><strong>Ingredients<\/strong><br \/>\n<\/span><\/p>\n<p class=\"cs95E872D0\"><span class=\"csD5D7D290\">\u2022\u00a0<\/span><span class=\"cs31D24DEE\">Eyebright:\u00a0<\/span><span class=\"csD5D7D290\">Alleviates swelling and dark eye circles<\/span><\/p>\n<p class=\"cs95E872D0\"><span class=\"csD5D7D290\">\u2022\u00a0<\/span><span class=\"cs31D24DEE\">Skin Defense Complex+:<\/span><span class=\"csD5D7D290\">\u00a0A highly active phyto complex made from\u00a0<\/span><span class=\"cs31D24DEE\">black currant seed oil<\/span><span class=\"csD5D7D290\">\u00a0(rich in omega-3 and omega-6 fatty acids, reduces inflammation and repairs the skin\u2019s barrier function),\u00a0<\/span><span class=\"cs31D24DEE\">balloon plant<\/span><span class=\"csD5D7D290\">\u00a0(rich in phytosterols, considered a herbal alternative to hydrocortisone and reduces inflammation) and the unsaponifiable parts of\u00a0<\/span><span class=\"cs31D24DEE\">sunflower oil<\/span><span class=\"csD5D7D290\">\u00a0(rich in essential fatty acids; protects and restores the damaged skin barrier and reduces allergic reactions)<\/span><\/p>\n<p class=\"cs95E872D0\"><span class=\"csD5D7D290\">\u2022\u00a0<\/span><span class=\"cs31D24DEE\">Sensitive complex:<\/span><span class=\"csD5D7D290\">\u00a0A highly active plant extract containing the active ingredients from Asian marsh pennywort, butcher\u2019s broom, marigolds, horse chestnuts and liquorice roots which soothes any signs of irritation (redness, swelling, feelings of tightness)<\/span><\/p>\n<p class=\"cs95E872D0\"><span class=\"csD5D7D290\">\u2022\u00a0<\/span><span class=\"cs31D24DEE\">Long-chain and short-chain hyaluronic acid:<\/span><span class=\"csD5D7D290\">\u00a0Intensively moisturises and protects<\/span><\/p>\n<p class=\"cs95E872D0\"><span class=\"csD5D7D290\">\u2022\u00a0<\/span><span class=\"cs31D24DEE\">ISIS (Isostearyl-Isostearate):\u00a0<\/span><span class=\"csD5D7D290\">An emollient derived from raw plant-based materials, clinical studies have shown that it integrates into the intercellular lipids and thus strengthens the barrier function of the skin<\/span><\/p>\n<p class=\"cs95E872D0\"><span class=\"csD5D7D290\">\u2022\u00a0<\/span><span class=\"cs31D24DEE\">Shea butter:<\/span><span class=\"csD5D7D290\">\u00a0Nourishes the skin and supports its barrier function<\/span><\/p>\n<p class=\"cs95E872D0\"><span class=\"csD5D7D290\">\u2022\u00a0<\/span><span class=\"cs31D24DEE\">Saccharide Isomerate:\u00a0<\/span><span class=\"csD5D7D290\">A skin-identical carbohydrate complex for long-lasting hydration of the skin (72-hour long-term effect)<\/span><\/p>\n<p class=\"cs95E872D0\"><span class=\"csD5D7D290\">\u2022\u00a0<\/span><span class=\"cs31D24DEE\">Allantoin:<\/span><span class=\"csD5D7D290\">\u00a0Soothes the skin, reduces redness<\/span><\/p>\n<p class=\"cs95E872D0\"><span class=\"csD5D7D290\">\u2022\u00a0<\/span><span class=\"cs31D24DEE\">\u03b1-Bisabolol:<\/span><span class=\"csD5D7D290\">\u00a0Soothing, anti-inflammatory, relieves irritation<\/span><\/p>\n<p class=\"cs95E872D0\"><span class=\"csD5D7D290\">\u2022\u00a0<\/span><span class=\"cs31D24DEE\">Vitamin E acetate:\u00a0<\/span><span class=\"csD5D7D290\">Neutralises harmful free radicals<\/span><\/p>\n<p><span data-sheets-value=\"{&quot;1&quot;:2,&quot;2&quot;:&quot;ToimenPuhastab, eemaldades pindmise mustuse. Kergesti mahapestav, muudab n\u00e4o siledaks. Regenereerib ja tervendab. Nahas\u00f5bralik puhastusvahend, tasakaalustab naha pH. nAktiivainedn\u2022 Naturaalne arahhise\u00f5li n\u2022 Unikaalsed naturaalsed niisutusained.nKasutaminenM\u00f5eldud kasutamiseks igal hommikul ja \u00f5htul. Kanda v\u00e4ike kogus puhastusvahendit kaelale, n\u00e4ole ja dekolteele. Masseerida kergelt. L\u00f5puks pesta maha leige veega v\u00f5i puhastada niisutatud vatiga. n&quot;}\" data-sheets-userformat=\"{&quot;2&quot;:8403905,&quot;3&quot;:{&quot;1&quot;:0},&quot;9&quot;:1,&quot;10&quot;:2,&quot;11&quot;:3,&quot;12&quot;:0,&quot;14&quot;:[null,2,0],&quot;15&quot;:&quot;Arial&quot;,&quot;16&quot;:10,&quot;26&quot;:400}\"><br \/>\n<strong>Usage<\/strong><br \/>\nApply Comfort Eye Care in the morning and evening to the skin around the eyes and pat gently.<br \/>\n<\/span><\/p>\n<p>&nbsp;<\/p>\n<p>&nbsp;<\/p>\n","protected":false},"excerpt":{"rendered":"<p><strong>Eye Care Emulsion<\/strong><br \/>\nRef.2060-Home care 15ml , Ref. 2060\u0420 &#8211; Prof. 30.ml<br \/>\n<strong>Description<\/strong><br \/>\n<span class=\"desc\">Smoothing eye care for the particularly sensitive eye area.<\/span><\/p>\n<p class=\"cs95E872D0\"><span class=\"csD5D7D290\">This gentle eye care emulsion has been specially developed for the highly sensitive skin around the eyes prone to redness. It is based on a combination of conditioning shea butter, ISIS and Skin Defense Complex+, which strengthens the skin barrier, has a regenerative effect and makes the skin more resilient against external irritations. Hyaluronic acid and Saccharide isomerate provide the sensitive area around the eye with revitalising moisture, making it noticeably soft and supple. Eyebright counteracts dark rings under the eyes.<\/span><\/p>\n","protected":false},"featured_media":8533,"comment_status":"open","ping_status":"closed","template":"","meta":[],"product_cat":[163,160,185],"product_tag":[],"class_list":{"0":"post-2163","1":"product","2":"type-product","3":"status-publish","4":"has-post-thumbnail","6":"product_cat-cosmeceuticals-sort-by-skin-type-en","7":"product_cat-janssen-cosmetics-en","8":"product_cat-sensitive-skin-en","10":"first","11":"instock","12":"sale","13":"taxable","14":"shipping-taxable","15":"product-type-variable"},"_links":{"self":[{"href":"https:\/\/janssen-beauty.ee\/en\/wp-json\/wp\/v2\/product\/2163"}],"collection":[{"href":"https:\/\/janssen-beauty.ee\/en\/wp-json\/wp\/v2\/product"}],"about":[{"href":"https:\/\/janssen-beauty.ee\/en\/wp-json\/wp\/v2\/types\/product"}],"replies":[{"embeddable":true,"href":"https:\/\/janssen-beauty.ee\/en\/wp-json\/wp\/v2\/comments?post=2163"}],"wp:featuredmedia":[{"embeddable":true,"href":"https:\/\/janssen-beauty.ee\/en\/wp-json\/wp\/v2\/media\/8533"}],"wp:attachment":[{"href":"https:\/\/janssen-beauty.ee\/en\/wp-json\/wp\/v2\/media?parent=2163"}],"wp:term":[{"taxonomy":"product_cat","embeddable":true,"href":"https:\/\/janssen-beauty.ee\/en\/wp-json\/wp\/v2\/product_cat?post=2163"},{"taxonomy":"product_tag","embeddable":true,"href":"https:\/\/janssen-beauty.ee\/en\/wp-json\/wp\/v2\/product_tag?post=2163"}],"curies":[{"name":"wp","href":"https:\/\/api.w.org\/{rel}","templated":true}]}}