{"id":2172,"date":"2022-06-17T09:37:51","date_gmt":"2019-01-28T17:37:51","guid":{"rendered":"https:\/\/janssen-beauty.ee\/?post_type=product&#038;p=2172"},"modified":"2025-07-01T16:53:42","modified_gmt":"2025-07-01T13:53:42","slug":"purifying-cleancing-gel-ref-4000-4000p","status":"publish","type":"product","link":"https:\/\/janssen-beauty.ee\/en\/product\/purifying-cleancing-gel-ref-4000-4000p","title":{"rendered":"Purifying Cleancing Gel Ref. 4000 \/ 4000P"},"content":{"rendered":"<p><span data-sheets-value=\"{&quot;1&quot;:2,&quot;2&quot;:&quot;ToimenPuhastab, eemaldades pindmise mustuse. Kergesti mahapestav, muudab n\u00e4o siledaks. Regenereerib ja tervendab. Nahas\u00f5bralik puhastusvahend, tasakaalustab naha pH. nAktiivainedn\u2022 Naturaalne arahhise\u00f5li n\u2022 Unikaalsed naturaalsed niisutusained.nKasutaminenM\u00f5eldud kasutamiseks igal hommikul ja \u00f5htul. Kanda v\u00e4ike kogus puhastusvahendit kaelale, n\u00e4ole ja dekolteele. Masseerida kergelt. L\u00f5puks pesta maha leige veega v\u00f5i puhastada niisutatud vatiga. n&quot;}\" data-sheets-userformat=\"{&quot;2&quot;:8403905,&quot;3&quot;:{&quot;1&quot;:0},&quot;9&quot;:1,&quot;10&quot;:2,&quot;11&quot;:3,&quot;12&quot;:0,&quot;14&quot;:[null,2,0],&quot;15&quot;:&quot;Arial&quot;,&quot;16&quot;:10,&quot;26&quot;:400}\"><strong>Ingredients<\/strong><br \/>\n<\/span><\/p>\n<p class=\"cs95E872D0\"><span class=\"csD5D7D290\">\u2022\u00a0<\/span><span class=\"cs31D24DEE\">Decyl glucoside (sugar surfactant):<\/span><span class=\"csD5D7D290\">\u00a0Vegetable-based cleansing agent for gentle cleansing of the skin<\/span><\/p>\n<p class=\"cs95E872D0\"><span class=\"csD5D7D290\">\u2022\u00a0<\/span><span class=\"cs31D24DEE\">Panthenol:<\/span><span class=\"csD5D7D290\">\u00a0Provitamin B5. Panthenol has moisturising and anti-inflammatory properties. This helps alleviate redness. As well as this, panthenol has soothing properties<\/span><\/p>\n<p><strong>Usage<\/strong><\/p>\n<p class=\"cs95E872D0\"><span class=\"csD5D7D290\">Gently spread the Purifying Cleansing Gel over the skin on the face, neck and d\u00e9collet\u00e9 with damp hands. Rinse thoroughly. Treat with Purifying Tonic.<\/span><\/p>\n<p class=\"cs95E872D0\"><span class=\"cs52DB4310\">Tip:<\/span><span class=\"cs43C038A\">\u00a0If the skin is free of inflammation, a face brush is best suited for spreading the cleansing gel.<\/span><\/p>\n<p><span data-sheets-value=\"{&quot;1&quot;:2,&quot;2&quot;:&quot;ToimenPuhastab, eemaldades pindmise mustuse. Kergesti mahapestav, muudab n\u00e4o siledaks. Regenereerib ja tervendab. Nahas\u00f5bralik puhastusvahend, tasakaalustab naha pH. nAktiivainedn\u2022 Naturaalne arahhise\u00f5li n\u2022 Unikaalsed naturaalsed niisutusained.nKasutaminenM\u00f5eldud kasutamiseks igal hommikul ja \u00f5htul. Kanda v\u00e4ike kogus puhastusvahendit kaelale, n\u00e4ole ja dekolteele. Masseerida kergelt. L\u00f5puks pesta maha leige veega v\u00f5i puhastada niisutatud vatiga. n&quot;}\" data-sheets-userformat=\"{&quot;2&quot;:8403905,&quot;3&quot;:{&quot;1&quot;:0},&quot;9&quot;:1,&quot;10&quot;:2,&quot;11&quot;:3,&quot;12&quot;:0,&quot;14&quot;:[null,2,0],&quot;15&quot;:&quot;Arial&quot;,&quot;16&quot;:10,&quot;26&quot;:400}\">\u00a0<\/span><\/p>\n<p>&nbsp;<\/p>\n<p>&nbsp;<\/p>\n","protected":false},"excerpt":{"rendered":"<p><strong>Purifying Cleansing Gel<\/strong><br \/>\nRef. 4000-Home care 200ml , Ref. 4000\u0420 &#8211; Prof.500 ml<br \/>\n<b>Description<\/b><\/p>\n<p><span class=\"desc\">Cleansing gel with panthenol for gently cleansing rather dry, blemished skin. This mild cleansing gel removes dirt and excess sebum while preserving the skin\u00b4s moisture content.<\/span><\/p>\n<p class=\"cs95E872D0\"><span class=\"csD5D7D290\">Cleansing gel with panthenol for gently cleansing rather dry, blemished skin. This mild gel lifts dirt and excess sebum while preserving the skin\u2019s moisture content.<\/span><\/p>\n","protected":false},"featured_media":10154,"comment_status":"open","ping_status":"closed","template":"","meta":[],"product_cat":[163,160,191],"product_tag":[],"class_list":{"0":"post-2172","1":"product","2":"type-product","3":"status-publish","4":"has-post-thumbnail","6":"product_cat-cosmeceuticals-sort-by-skin-type-en","7":"product_cat-janssen-cosmetics-en","8":"product_cat-oily-skin-en","10":"first","11":"instock","12":"sale","13":"taxable","14":"shipping-taxable","15":"product-type-variable"},"_links":{"self":[{"href":"https:\/\/janssen-beauty.ee\/en\/wp-json\/wp\/v2\/product\/2172"}],"collection":[{"href":"https:\/\/janssen-beauty.ee\/en\/wp-json\/wp\/v2\/product"}],"about":[{"href":"https:\/\/janssen-beauty.ee\/en\/wp-json\/wp\/v2\/types\/product"}],"replies":[{"embeddable":true,"href":"https:\/\/janssen-beauty.ee\/en\/wp-json\/wp\/v2\/comments?post=2172"}],"wp:featuredmedia":[{"embeddable":true,"href":"https:\/\/janssen-beauty.ee\/en\/wp-json\/wp\/v2\/media\/10154"}],"wp:attachment":[{"href":"https:\/\/janssen-beauty.ee\/en\/wp-json\/wp\/v2\/media?parent=2172"}],"wp:term":[{"taxonomy":"product_cat","embeddable":true,"href":"https:\/\/janssen-beauty.ee\/en\/wp-json\/wp\/v2\/product_cat?post=2172"},{"taxonomy":"product_tag","embeddable":true,"href":"https:\/\/janssen-beauty.ee\/en\/wp-json\/wp\/v2\/product_tag?post=2172"}],"curies":[{"name":"wp","href":"https:\/\/api.w.org\/{rel}","templated":true}]}}