{"id":3347,"date":"2019-02-08T13:53:47","date_gmt":"2019-02-08T11:53:47","guid":{"rendered":"https:\/\/janssen-beauty.ee\/?post_type=product&#038;p=3347"},"modified":"2025-07-07T11:27:30","modified_gmt":"2025-07-07T08:27:30","slug":"perfect-bust-formula-ref-7701-7701p","status":"publish","type":"product","link":"https:\/\/janssen-beauty.ee\/en\/product\/perfect-bust-formula-ref-7701-7701p","title":{"rendered":"Perfect Bust Formula Ref. 7701 \/ 7701P"},"content":{"rendered":"<h3>INGREDIENTS<\/h3>\n<div class=\"mb-2\">\n<p class=\"cs95E872D0\"><span class=\"csD5D7D290\">\u2022\u00a0<\/span><span class=\"cs31D24DEE\">Perfect bust complex with scientifically proved studies; combination of three plant-based active substances.<\/span><\/p>\n<p class=\"cs95E872D0\"><span class=\"csD5D7D290\">\u2022\u00a0<\/span><span class=\"cs31D24DEE\">ESP:<\/span><span class=\"csD5D7D290\">\u00a0Elastin-stimulating peptides; these structure the elastic tissue and ensure increased firmness<\/span><\/p>\n<p class=\"cs95E872D0\"><span class=\"csD5D7D290\">\u2022\u00a0<\/span><span class=\"cs31D24DEE\">Short-chain hyaluronic acid:<\/span><span class=\"csD5D7D290\">\u00a0Low-molecular and biotechnologically obtained moisturizer with high moisture binding capacity, penetrates down to the lower layer of the epidermis and visibly \u201cpads\u201d it out, smoothes the skin and protects its moisture<\/span><\/p>\n<p class=\"cs95E872D0\"><span class=\"csD5D7D290\">\u2022\u00a0<\/span><span class=\"cs31D24DEE\">Long-chain hyaluronic acid:\u00a0<\/span><span class=\"csD5D7D290\">High-molecular and biotechnologically obtained moisturizer with high moisture binding capacity, forms a smoothing film on the surface of the skin<\/span><\/p>\n<p class=\"cs95E872D0\"><span class=\"csD5D7D290\">\u2022\u00a0<\/span><span class=\"cs31D24DEE\">Macadamia nut oil:\u00a0<\/span><span class=\"csD5D7D290\">Softening and skin-smoothing, rich in palmitoleic acid; palmitoleic acid enhances the oil&#8217;s ability to penetrate into the skin<\/span><\/p>\n<\/div>\n<h3>USAGE<\/h3>\n<div class=\"mb-2\">\n<p class=\"cs95E872D0\"><span class=\"csD5D7D290\">Distribute Perfect Bust Formula gently over the bust and neckline. Apply daily.<\/span><\/p>\n<p class=\"cs95E872D0\"><span class=\"cs52DB4310\">Tip:<\/span><span class=\"cs43C038A\">\u00a0Alternating showers promote metabolic activity in order to support and maintain the bust tissue. A bust workout intensifies the effect to achieve a lifted bust.<\/span><\/p>\n<\/div>\n","protected":false},"excerpt":{"rendered":"<p><strong>Perfect Bust Formula<\/strong><br \/>\nRef. 7701\u2013Home care 75 ml, Prof.7701P\u2013150 ml<br \/>\n<strong>Description<\/strong><br \/>\n<span class=\"desc\">Highly-effective bust and d\u00e9collet\u00e9 firming concentrate. Enhances femininity and leaves the d\u00e9collet\u00e9 looking firm. Contains: Perfect Bust Complex, ESP (elastin-stimulating peptides), hyaluronic acid and macadamia oil.<\/span><\/p>\n<p class=\"cs95E872D0\"><span class=\"csD5D7D290\">A well-formed neckline is the epitome of femininity. However, due to changing circumstances the bust area may be placed under particular strain. These include e.g. weight changes, the influence of the sun plus pregnancy and breast feeding. Perfect Bust Formula is a highly-effective lifting concentrate for emphasizing the femininity of the bust and neckline. With its velvety soft consistency, the lifting concentrate is rapidly absorbed into the skin and leaves the bust and neckline looking visibly lifted. With Perfect Bust complex consisting of mangosteen, quince and algae bioferment plus ESP (elastin-stimulating peptides), hyaluronic acid and macadamia oil.<\/span><\/p>\n","protected":false},"featured_media":9957,"comment_status":"open","ping_status":"closed","template":"","meta":[],"product_cat":[219,163,160],"product_tag":[],"class_list":{"0":"post-3347","1":"product","2":"type-product","3":"status-publish","4":"has-post-thumbnail","6":"product_cat-body-en","7":"product_cat-cosmeceuticals-sort-by-skin-type-en","8":"product_cat-janssen-cosmetics-en","10":"first","11":"instock","12":"sale","13":"taxable","14":"shipping-taxable","15":"product-type-variable"},"_links":{"self":[{"href":"https:\/\/janssen-beauty.ee\/en\/wp-json\/wp\/v2\/product\/3347"}],"collection":[{"href":"https:\/\/janssen-beauty.ee\/en\/wp-json\/wp\/v2\/product"}],"about":[{"href":"https:\/\/janssen-beauty.ee\/en\/wp-json\/wp\/v2\/types\/product"}],"replies":[{"embeddable":true,"href":"https:\/\/janssen-beauty.ee\/en\/wp-json\/wp\/v2\/comments?post=3347"}],"wp:featuredmedia":[{"embeddable":true,"href":"https:\/\/janssen-beauty.ee\/en\/wp-json\/wp\/v2\/media\/9957"}],"wp:attachment":[{"href":"https:\/\/janssen-beauty.ee\/en\/wp-json\/wp\/v2\/media?parent=3347"}],"wp:term":[{"taxonomy":"product_cat","embeddable":true,"href":"https:\/\/janssen-beauty.ee\/en\/wp-json\/wp\/v2\/product_cat?post=3347"},{"taxonomy":"product_tag","embeddable":true,"href":"https:\/\/janssen-beauty.ee\/en\/wp-json\/wp\/v2\/product_tag?post=3347"}],"curies":[{"name":"wp","href":"https:\/\/api.w.org\/{rel}","templated":true}]}}