{"id":6633,"date":"2019-04-03T10:47:03","date_gmt":"2019-04-03T07:47:03","guid":{"rendered":"https:\/\/janssen-beauty.ee\/?post_type=product&#038;p=6633"},"modified":"2025-07-07T12:46:48","modified_gmt":"2025-07-07T09:46:48","slug":"digital-moisture-monitor-for-skin","status":"publish","type":"product","link":"https:\/\/janssen-beauty.ee\/en\/product\/digital-moisture-monitor-for-skin","title":{"rendered":"Digital Moisture Monitor for Skin"},"content":{"rendered":"<p><strong>TULEMUSED<\/strong><br \/>\nNahaniiskuse m\u00f5\u00f5tmine aitab kosmetoloogil teha \u00f5ige valiku edasise protseduuri tegemiseks ja \u00f5igete toodete valikuks.<\/p>\n","protected":false},"excerpt":{"rendered":"<p><strong>Digitaalne monitor naha niiskuse m\u00f5\u00f5tmiseks<\/strong><br \/>\nSee spetsiaalselt v\u00e4ljat\u00f6\u00f6tatud seadis, milles on kasutatud uusimat bioelektrilist takistuse<br \/>\nanal\u00fc\u00fcsi( BIA) tehnoloogiat, mittepurunev m\u00f5\u00f5tmisaparaat, mis on Teie parim abiline<br \/>\nnahahooldustes.<\/p>\n","protected":false},"featured_media":6640,"comment_status":"open","ping_status":"closed","template":"","meta":[],"product_cat":[427,436],"product_tag":[],"class_list":{"0":"post-6633","1":"product","2":"type-product","3":"status-publish","4":"has-post-thumbnail","6":"product_cat-cosmetic-products","7":"product_cat-hooldustooted-en","9":"first","10":"instock","11":"taxable","12":"shipping-taxable","13":"product-type-variable"},"_links":{"self":[{"href":"https:\/\/janssen-beauty.ee\/en\/wp-json\/wp\/v2\/product\/6633"}],"collection":[{"href":"https:\/\/janssen-beauty.ee\/en\/wp-json\/wp\/v2\/product"}],"about":[{"href":"https:\/\/janssen-beauty.ee\/en\/wp-json\/wp\/v2\/types\/product"}],"replies":[{"embeddable":true,"href":"https:\/\/janssen-beauty.ee\/en\/wp-json\/wp\/v2\/comments?post=6633"}],"wp:featuredmedia":[{"embeddable":true,"href":"https:\/\/janssen-beauty.ee\/en\/wp-json\/wp\/v2\/media\/6640"}],"wp:attachment":[{"href":"https:\/\/janssen-beauty.ee\/en\/wp-json\/wp\/v2\/media?parent=6633"}],"wp:term":[{"taxonomy":"product_cat","embeddable":true,"href":"https:\/\/janssen-beauty.ee\/en\/wp-json\/wp\/v2\/product_cat?post=6633"},{"taxonomy":"product_tag","embeddable":true,"href":"https:\/\/janssen-beauty.ee\/en\/wp-json\/wp\/v2\/product_tag?post=6633"}],"curies":[{"name":"wp","href":"https:\/\/api.w.org\/{rel}","templated":true}]}}