{"id":8539,"date":"2020-08-19T13:36:39","date_gmt":"2020-08-19T10:36:41","guid":{"rendered":"https:\/\/janssen-beauty.ee\/?post_type=product&#038;p=8539"},"modified":"2025-07-01T16:14:44","modified_gmt":"2025-07-01T13:14:44","slug":"neuro-skin-balm-ref-2070","status":"publish","type":"product","link":"https:\/\/janssen-beauty.ee\/en\/product\/neuro-skin-balm-ref-2070","title":{"rendered":"Neuro Skin Balm Ref. 2070"},"content":{"rendered":"<p><strong>Ingredients<\/strong><\/p>\n<p class=\"cs95E872D0\"><span class=\"csD5D7D290\">\u2022\u00a0<\/span><span class=\"cs31D24DEE\">Mondo grass extract (Ophiopogon japonicus):<\/span><span class=\"csD5D7D290\">\u00a0Rich in natural fructosans, it has been shown to strengthen the barrier function of the skin, promote the synthesis of epidermal lipids, optimise their structure, activate the genes involved in hydration, hydrate and restructure the skin<\/span><\/p>\n<p class=\"cs95E872D0\"><span class=\"csD5D7D290\">\u2022\u00a0<\/span><span class=\"cs31D24DEE\">Skin Defense Complex+:\u00a0<\/span><span class=\"csD5D7D290\">A highly active phyto complex made from\u00a0<\/span><span class=\"cs31D24DEE\">black currant seed oil\u00a0<\/span><span class=\"csD5D7D290\">(rich in omega-3 and omega-6 fatty acids, reduces inflammation and repairs the skin\u2019s barrier function),\u00a0<\/span><span class=\"cs31D24DEE\">balloon plant<\/span><span class=\"csD5D7D290\">\u00a0(rich in phytosterols, considered a herbal alternative to hydrocortisone and reduces inflammation) and the unsaponifiable parts of\u00a0<\/span><span class=\"cs31D24DEE\">sunflower oil\u00a0<\/span><span class=\"csD5D7D290\">(rich in essential fatty acids; protects and restores the damaged skin barrier and reduces allergic reactions)<\/span><\/p>\n<p class=\"cs95E872D0\"><span class=\"csD5D7D290\">\u2022\u00a0<\/span><span class=\"cs31D24DEE\">Hyaluronic acid:\u00a0<\/span><span class=\"csD5D7D290\">Intensively moisturises and protects<\/span><\/p>\n<p class=\"cs95E872D0\"><span class=\"csD5D7D290\">\u2022\u00a0<\/span><span class=\"cs31D24DEE\">Saccharide Isomerate:<\/span><span class=\"csD5D7D290\">\u00a0A skin-identical carbohydrate complex for long-lasting hydration of the skin (72-hour long-term effect)<\/span><\/p>\n<p class=\"cs95E872D0\"><span class=\"csD5D7D290\">\u2022\u00a0<\/span><span class=\"cs31D24DEE\">Shea Butter:\u00a0<\/span><span class=\"csD5D7D290\">Nourishes the skin and supports its barrier function<\/span><\/p>\n<p class=\"cs95E872D0\"><span class=\"csD5D7D290\">\u2022\u00a0<\/span><span class=\"cs31D24DEE\">Isostearyl Isostearate:\u00a0<\/span><span class=\"csD5D7D290\">An emollient derived from raw plant-based materials, clinical studies have shown that it integrates into the intercellular lipids and thus strengthens the barrier function of the skin<\/span><\/p>\n<p class=\"cs95E872D0\"><span class=\"csD5D7D290\">\u2022\u00a0<\/span><span class=\"cs31D24DEE\">\u03b1-Bisabolol:<\/span><span class=\"csD5D7D290\">\u00a0Soothing, anti-inflammatory, relieves irritation<\/span><\/p>\n<p class=\"cs95E872D0\"><span class=\"csD5D7D290\">\u2022\u00a0<\/span><span class=\"cs31D24DEE\">Allantoin:\u00a0<\/span><span class=\"csD5D7D290\">Soothes irritated skin and prevents redness<\/span><\/p>\n<p class=\"cs95E872D0\"><span class=\"csD5D7D290\">\u2022\u00a0<\/span><span class=\"cs31D24DEE\">Squalane:\u00a0<\/span><span class=\"csD5D7D290\">Similar to natural skin lipids; prevents dehydration (water loss), smooths the skin<\/span><\/p>\n<p class=\"cs95E872D0\"><span class=\"csD5D7D290\">\u2022\u00a0<\/span><span class=\"cs31D24DEE\">Vitamin E:<\/span><span class=\"csD5D7D290\">\u00a0Protects cells from damage by free radicals<\/span><\/p>\n<p><span data-sheets-value=\"{&quot;1&quot;:2,&quot;2&quot;:&quot;ToimenPuhastab, eemaldades pindmise mustuse. Kergesti mahapestav, muudab n\u00e4o siledaks. Regenereerib ja tervendab. Nahas\u00f5bralik puhastusvahend, tasakaalustab naha pH. nAktiivainedn\u2022 Naturaalne arahhise\u00f5li n\u2022 Unikaalsed naturaalsed niisutusained.nKasutaminenM\u00f5eldud kasutamiseks igal hommikul ja \u00f5htul. Kanda v\u00e4ike kogus puhastusvahendit kaelale, n\u00e4ole ja dekolteele. Masseerida kergelt. L\u00f5puks pesta maha leige veega v\u00f5i puhastada niisutatud vatiga. n&quot;}\" data-sheets-userformat=\"{&quot;2&quot;:8403905,&quot;3&quot;:{&quot;1&quot;:0},&quot;9&quot;:1,&quot;10&quot;:2,&quot;11&quot;:3,&quot;12&quot;:0,&quot;14&quot;:[null,2,0],&quot;15&quot;:&quot;Arial&quot;,&quot;16&quot;:10,&quot;26&quot;:400}\"><strong>Usage<\/strong><br \/>\n<\/span><\/p>\n<p class=\"cs95E872D0\"><span class=\"csD5D7D290\">Apply Neuro Skin Balm to the skin\u2019s affected areas in the morning and\/or evening after cleansing and gently massage in.<\/span><\/p>\n<p class=\"cs95E872D0\"><span class=\"cs52DB4310\">Recommendation:\u00a0<\/span><span class=\"cs43C038A\">Sensitive skin and sunlight are not a good mix. Therefore, protect sensitive skin with Face Guard Advanced. This lightweight emulsion includes a protective mineral ingredient, titanium dioxide, which gently lays on the skin and reflects UV radiation. Simply apply Face Guard Advanced as part of your daily skin care routine.<\/span><\/p>\n<p><span data-sheets-value=\"{&quot;1&quot;:2,&quot;2&quot;:&quot;ToimenPuhastab, eemaldades pindmise mustuse. Kergesti mahapestav, muudab n\u00e4o siledaks. Regenereerib ja tervendab. Nahas\u00f5bralik puhastusvahend, tasakaalustab naha pH. nAktiivainedn\u2022 Naturaalne arahhise\u00f5li n\u2022 Unikaalsed naturaalsed niisutusained.nKasutaminenM\u00f5eldud kasutamiseks igal hommikul ja \u00f5htul. Kanda v\u00e4ike kogus puhastusvahendit kaelale, n\u00e4ole ja dekolteele. Masseerida kergelt. L\u00f5puks pesta maha leige veega v\u00f5i puhastada niisutatud vatiga. n&quot;}\" data-sheets-userformat=\"{&quot;2&quot;:8403905,&quot;3&quot;:{&quot;1&quot;:0},&quot;9&quot;:1,&quot;10&quot;:2,&quot;11&quot;:3,&quot;12&quot;:0,&quot;14&quot;:[null,2,0],&quot;15&quot;:&quot;Arial&quot;,&quot;16&quot;:10,&quot;26&quot;:400}\">\u00a0<\/span><\/p>\n<p>&nbsp;<\/p>\n<p>&nbsp;<\/p>\n","protected":false},"excerpt":{"rendered":"<p><strong>Dermatologically tested special care for skin that is prone to neurodermatitis<\/strong><br \/>\nRef. 2070-Home care 100ml<br \/>\n<strong>Description<\/strong><br \/>\nSkin prone to neurodermatitis requires special hypoallergenic treatment! Neuro Skin Balm treats skin prone to neurodermatitis intensively, has a soothing effect on the skin and alleviates itching. Squawroot extract demonstrably boosts the skin\u2019s protective barrier function. The active ingredient Skin Defense Complex+ quickly regenerates the skin, with the aim of extending attack-free (remission) periods. Saccharide isomerate und hyaluronic acid provide the skin with revitalising moisture.<\/p>\n","protected":false},"featured_media":8544,"comment_status":"open","ping_status":"closed","template":"","meta":[],"product_cat":[163,160,185],"product_tag":[],"class_list":{"0":"post-8539","1":"product","2":"type-product","3":"status-publish","4":"has-post-thumbnail","6":"product_cat-cosmeceuticals-sort-by-skin-type-en","7":"product_cat-janssen-cosmetics-en","8":"product_cat-sensitive-skin-en","10":"first","11":"instock","12":"sale","13":"taxable","14":"shipping-taxable","15":"product-type-variable"},"_links":{"self":[{"href":"https:\/\/janssen-beauty.ee\/en\/wp-json\/wp\/v2\/product\/8539"}],"collection":[{"href":"https:\/\/janssen-beauty.ee\/en\/wp-json\/wp\/v2\/product"}],"about":[{"href":"https:\/\/janssen-beauty.ee\/en\/wp-json\/wp\/v2\/types\/product"}],"replies":[{"embeddable":true,"href":"https:\/\/janssen-beauty.ee\/en\/wp-json\/wp\/v2\/comments?post=8539"}],"wp:featuredmedia":[{"embeddable":true,"href":"https:\/\/janssen-beauty.ee\/en\/wp-json\/wp\/v2\/media\/8544"}],"wp:attachment":[{"href":"https:\/\/janssen-beauty.ee\/en\/wp-json\/wp\/v2\/media?parent=8539"}],"wp:term":[{"taxonomy":"product_cat","embeddable":true,"href":"https:\/\/janssen-beauty.ee\/en\/wp-json\/wp\/v2\/product_cat?post=8539"},{"taxonomy":"product_tag","embeddable":true,"href":"https:\/\/janssen-beauty.ee\/en\/wp-json\/wp\/v2\/product_tag?post=8539"}],"curies":[{"name":"wp","href":"https:\/\/api.w.org\/{rel}","templated":true}]}}