{"id":9347,"date":"2021-07-30T12:07:24","date_gmt":"2021-07-30T09:07:25","guid":{"rendered":"https:\/\/janssen-beauty.ee\/?post_type=product&#038;p=9347"},"modified":"2025-07-01T19:03:28","modified_gmt":"2025-07-01T16:03:28","slug":"sensational-glow-cream-ref-2620-2620p","status":"publish","type":"product","link":"https:\/\/janssen-beauty.ee\/en\/product\/sensational-glow-cream-ref-2620-2620p","title":{"rendered":"Sensational Glow Cream Ref. 2620 \/ 2620P"},"content":{"rendered":"<p><span data-sheets-value=\"{&quot;1&quot;:2,&quot;2&quot;:&quot;ToimenPuhastab, eemaldades pindmise mustuse. Kergesti mahapestav, muudab n\u00e4o siledaks. Regenereerib ja tervendab. Nahas\u00f5bralik puhastusvahend, tasakaalustab naha pH. nAktiivainedn\u2022 Naturaalne arahhise\u00f5li n\u2022 Unikaalsed naturaalsed niisutusained.nKasutaminenM\u00f5eldud kasutamiseks igal hommikul ja \u00f5htul. Kanda v\u00e4ike kogus puhastusvahendit kaelale, n\u00e4ole ja dekolteele. Masseerida kergelt. L\u00f5puks pesta maha leige veega v\u00f5i puhastada niisutatud vatiga. n&quot;}\" data-sheets-userformat=\"{&quot;2&quot;:8403905,&quot;3&quot;:{&quot;1&quot;:0},&quot;9&quot;:1,&quot;10&quot;:2,&quot;11&quot;:3,&quot;12&quot;:0,&quot;14&quot;:[null,2,0],&quot;15&quot;:&quot;Arial&quot;,&quot;16&quot;:10,&quot;26&quot;:400}\"><strong>Ingredients<\/strong><br \/>\n<\/span><\/p>\n<p class=\"cs95E872D0\"><span class=\"csD5D7D290\">\u2022\u00a0<\/span><span class=\"cs31D24DEE\">Indian Ocean algae extract:<\/span><span class=\"csD5D7D290\">\u00a0Bacillus ferment has been shown to improve skin radiance by 28% after 28 days. It also improves skin hydration and reduces transepidermal water loss (TEWL), as well as increasing skin firmness<\/span><\/p>\n<p class=\"cs95E872D0\"><span class=\"csD5D7D290\">\u2022\u00a0<\/span><span class=\"cs31D24DEE\">Equal-Refining Complex:<\/span><span class=\"csD5D7D290\">\u00a0The combination of oleanolic acid and Enantia Chlorantha bark extract reduces oily shine and shrinks pores<\/span><\/p>\n<p class=\"cs95E872D0\"><span class=\"csD5D7D290\">\u2022\u00a0<\/span><span class=\"cs31D24DEE\">Long- and short-chained hyaluronic acids:<\/span><span class=\"csD5D7D290\">\u00a0Plump out fine lines and wrinkles<\/span><\/p>\n<p class=\"cs95E872D0\"><span class=\"csD5D7D290\">\u2022\u00a0<\/span><span class=\"cs31D24DEE\">Saccharide Isomerate:<\/span><span class=\"csD5D7D290\">\u00a0Skin-identical carbohydrate complex for long-lasting hydration of the skin (72-hour long-term effect)<\/span><\/p>\n<p class=\"cs95E872D0\"><span class=\"csD5D7D290\">\u2022\u00a0<\/span><span class=\"cs31D24DEE\">Aloe Vera:<\/span><span class=\"csD5D7D290\">\u00a0Moisturising and invigorating<\/span><\/p>\n<p class=\"cs95E872D0\"><span class=\"csD5D7D290\">\u2022\u00a0<\/span><span class=\"cs31D24DEE\">Allantoin:<\/span><span class=\"csD5D7D290\">\u00a0Counteracts inflammation and soothes the skin<\/span><\/p>\n<p class=\"cs95E872D0\"><span class=\"csD5D7D290\">\u2022\u00a0<\/span><span class=\"cs31D24DEE\">Caffeine:<\/span><span class=\"csD5D7D290\">\u00a0Supports skin microcirculation with invigorating effect<\/span><\/p>\n<p class=\"cs95E872D0\"><span class=\"csD5D7D290\">\u2022\u00a0<\/span><span class=\"cs31D24DEE\">Niacinamide:<\/span><span class=\"csD5D7D290\">\u00a0Strengthens skin barrier and prevents inflammation<\/span><\/p>\n<p class=\"cs95E872D0\"><span class=\"csD5D7D290\">\u2022\u00a0<\/span><span class=\"cs31D24DEE\">Shea Butter:\u00a0<\/span><span class=\"csD5D7D290\">Nourishes the skin and supports its barrier function<\/span><\/p>\n<p class=\"cs95E872D0\"><span class=\"csD5D7D290\">\u2022\u00a0<\/span><span class=\"cs31D24DEE\">Soft Focus Pigments:<\/span><span class=\"csD5D7D290\">\u00a0Visually reduce fine lines and wrinkles<\/span><\/p>\n<p><span data-sheets-value=\"{&quot;1&quot;:2,&quot;2&quot;:&quot;ToimenPuhastab, eemaldades pindmise mustuse. Kergesti mahapestav, muudab n\u00e4o siledaks. Regenereerib ja tervendab. Nahas\u00f5bralik puhastusvahend, tasakaalustab naha pH. nAktiivainedn\u2022 Naturaalne arahhise\u00f5li n\u2022 Unikaalsed naturaalsed niisutusained.nKasutaminenM\u00f5eldud kasutamiseks igal hommikul ja \u00f5htul. Kanda v\u00e4ike kogus puhastusvahendit kaelale, n\u00e4ole ja dekolteele. Masseerida kergelt. L\u00f5puks pesta maha leige veega v\u00f5i puhastada niisutatud vatiga. n&quot;}\" data-sheets-userformat=\"{&quot;2&quot;:8403905,&quot;3&quot;:{&quot;1&quot;:0},&quot;9&quot;:1,&quot;10&quot;:2,&quot;11&quot;:3,&quot;12&quot;:0,&quot;14&quot;:[null,2,0],&quot;15&quot;:&quot;Arial&quot;,&quot;16&quot;:10,&quot;26&quot;:400}\">\u00a0<strong>Usage<\/strong><\/span><\/p>\n<p class=\"cs95E872D0\">In the morning and evening, apply Sensational Glow Cream to cleansed skin and gently massage in. Use ideally in combination with the Magic Glow Serum in the morning.<\/p>\n<p>&nbsp;<\/p>\n","protected":false},"excerpt":{"rendered":"<h3 class=\"product-title\">Sensational Glow Cream<\/h3>\n<p>Ref.2620-Home care 50ml , Ref. 2620\u0420 &#8211; Prof. 100 ml<br \/>\n<b>Description<\/b><\/p>\n<p class=\"cs95E872D0\"><span class=\"desc\">This 24h care cream gives the skin a long-lasting youthful and fresh glow. Its intensely moisturising beauty formula contains dual hyaluronic acid, Soft Focus pigments and an innovative algae extract from the Indian Ocean.<\/span><\/p>\n<p class=\"cs95E872D0\"><span class=\"csD5D7D290\">This 24h nourishing cream gives the skin a long-lasting youthful and fresh glow. Its intensely moisturising beauty formula contains dual hyaluronic acid, Soft Focus pigments and an innovative algae extract from the Indian Ocean which has been proven to give skin renewed radiance.<\/span><\/p>\n","protected":false},"featured_media":9362,"comment_status":"open","ping_status":"closed","template":"","meta":[],"product_cat":[213,163,160],"product_tag":[],"class_list":{"0":"post-9347","1":"product","2":"type-product","3":"status-publish","4":"has-post-thumbnail","6":"product_cat-all-skin-needs-en","7":"product_cat-cosmeceuticals-sort-by-skin-type-en","8":"product_cat-janssen-cosmetics-en","10":"first","11":"instock","12":"sale","13":"taxable","14":"shipping-taxable","15":"product-type-variable"},"_links":{"self":[{"href":"https:\/\/janssen-beauty.ee\/en\/wp-json\/wp\/v2\/product\/9347"}],"collection":[{"href":"https:\/\/janssen-beauty.ee\/en\/wp-json\/wp\/v2\/product"}],"about":[{"href":"https:\/\/janssen-beauty.ee\/en\/wp-json\/wp\/v2\/types\/product"}],"replies":[{"embeddable":true,"href":"https:\/\/janssen-beauty.ee\/en\/wp-json\/wp\/v2\/comments?post=9347"}],"wp:featuredmedia":[{"embeddable":true,"href":"https:\/\/janssen-beauty.ee\/en\/wp-json\/wp\/v2\/media\/9362"}],"wp:attachment":[{"href":"https:\/\/janssen-beauty.ee\/en\/wp-json\/wp\/v2\/media?parent=9347"}],"wp:term":[{"taxonomy":"product_cat","embeddable":true,"href":"https:\/\/janssen-beauty.ee\/en\/wp-json\/wp\/v2\/product_cat?post=9347"},{"taxonomy":"product_tag","embeddable":true,"href":"https:\/\/janssen-beauty.ee\/en\/wp-json\/wp\/v2\/product_tag?post=9347"}],"curies":[{"name":"wp","href":"https:\/\/api.w.org\/{rel}","templated":true}]}}