{"id":9370,"date":"2021-07-30T12:42:01","date_gmt":"2021-07-30T09:42:02","guid":{"rendered":"https:\/\/janssen-beauty.ee\/?post_type=product&#038;p=9370"},"modified":"2025-07-01T19:10:53","modified_gmt":"2025-07-01T16:10:53","slug":"magic-glow-serum-ref-2630-2630p","status":"publish","type":"product","link":"https:\/\/janssen-beauty.ee\/en\/product\/magic-glow-serum-ref-2630-2630p","title":{"rendered":"Magic Glow Serum Ref. 2630 \/ 2630P"},"content":{"rendered":"<p><span data-sheets-value=\"{&quot;1&quot;:2,&quot;2&quot;:&quot;ToimenPuhastab, eemaldades pindmise mustuse. Kergesti mahapestav, muudab n\u00e4o siledaks. Regenereerib ja tervendab. Nahas\u00f5bralik puhastusvahend, tasakaalustab naha pH. nAktiivainedn\u2022 Naturaalne arahhise\u00f5li n\u2022 Unikaalsed naturaalsed niisutusained.nKasutaminenM\u00f5eldud kasutamiseks igal hommikul ja \u00f5htul. Kanda v\u00e4ike kogus puhastusvahendit kaelale, n\u00e4ole ja dekolteele. Masseerida kergelt. L\u00f5puks pesta maha leige veega v\u00f5i puhastada niisutatud vatiga. n&quot;}\" data-sheets-userformat=\"{&quot;2&quot;:8403905,&quot;3&quot;:{&quot;1&quot;:0},&quot;9&quot;:1,&quot;10&quot;:2,&quot;11&quot;:3,&quot;12&quot;:0,&quot;14&quot;:[null,2,0],&quot;15&quot;:&quot;Arial&quot;,&quot;16&quot;:10,&quot;26&quot;:400}\"><strong>Ingredients<\/strong><br \/>\n<\/span><\/p>\n<p class=\"cs95E872D0\"><span class=\"csD5D7D290\">\u2022\u00a0<\/span><span class=\"cs31D24DEE\">Indian Ocean algae extract:\u00a0<\/span><span class=\"csD5D7D290\">Bacillus ferment has been shown to improve skin radiance by 28% after 28 days. It also improves skin hydration and reduces transepidermal water loss (TEWL), as well as increasing skin firmness<\/span><\/p>\n<p class=\"cs95E872D0\"><span class=\"csD5D7D290\">\u2022\u00a0<\/span><span class=\"cs31D24DEE\">Equal-Refining Complex:<\/span><span class=\"csD5D7D290\">\u00a0The combination of oleanolic acid and Enantia Chlorantha bark extract reduces oily shine and shrinks pores. Skin is radiant but not shiny<\/span><\/p>\n<p class=\"cs95E872D0\"><span class=\"csD5D7D290\">\u2022<\/span><span class=\"cs31D24DEE\">\u00a0Long- and short-chained hyaluronic acids:<\/span><span class=\"csD5D7D290\">\u00a0Plump out fine lines and wrinkles<\/span><\/p>\n<p class=\"cs95E872D0\"><span class=\"csD5D7D290\">\u2022\u00a0<\/span><span class=\"cs31D24DEE\">Saccharide isomerate:\u00a0<\/span><span class=\"csD5D7D290\">Skin-identical carbohydrate complex for long-lasting hydration of the skin (72-hour long-term effect)<\/span><\/p>\n<p class=\"cs95E872D0\"><span class=\"csD5D7D290\">\u2022\u00a0<\/span><span class=\"cs31D24DEE\">Caffeine:\u00a0<\/span><span class=\"csD5D7D290\">Supports blood circulation and invigorates<\/span><\/p>\n<p class=\"cs95E872D0\"><span class=\"csD5D7D290\">\u2022\u00a0<\/span><span class=\"cs31D24DEE\">Chondrus Crispus:<\/span><span class=\"csD5D7D290\">\u00a0An algae extract that moisturises and protects<\/span><\/p>\n<p class=\"cs95E872D0\"><span class=\"csD5D7D290\">\u2022\u00a0<\/span><span class=\"cs31D24DEE\">Niacinamide:<\/span><span class=\"csD5D7D290\">\u00a0Strengthens the skin barrier and reduces inflammation<\/span><\/p>\n<p class=\"cs95E872D0\"><span class=\"csD5D7D290\">\u2022\u00a0<\/span><span class=\"cs31D24DEE\">Combination of Soft Focus Pigments:<\/span><span class=\"csD5D7D290\">\u00a0Soft-focus pigments visually reduce fine lines and wrinkles<\/span><\/p>\n<p><span data-sheets-value=\"{&quot;1&quot;:2,&quot;2&quot;:&quot;ToimenPuhastab, eemaldades pindmise mustuse. Kergesti mahapestav, muudab n\u00e4o siledaks. Regenereerib ja tervendab. Nahas\u00f5bralik puhastusvahend, tasakaalustab naha pH. nAktiivainedn\u2022 Naturaalne arahhise\u00f5li n\u2022 Unikaalsed naturaalsed niisutusained.nKasutaminenM\u00f5eldud kasutamiseks igal hommikul ja \u00f5htul. Kanda v\u00e4ike kogus puhastusvahendit kaelale, n\u00e4ole ja dekolteele. Masseerida kergelt. L\u00f5puks pesta maha leige veega v\u00f5i puhastada niisutatud vatiga. n&quot;}\" data-sheets-userformat=\"{&quot;2&quot;:8403905,&quot;3&quot;:{&quot;1&quot;:0},&quot;9&quot;:1,&quot;10&quot;:2,&quot;11&quot;:3,&quot;12&quot;:0,&quot;14&quot;:[null,2,0],&quot;15&quot;:&quot;Arial&quot;,&quot;16&quot;:10,&quot;26&quot;:400}\">\u00a0<strong>Usage<\/strong><\/span><\/p>\n<p class=\"cs95E872D0\"><span class=\"csD5D7D290\">Apply to the face in the morning after cleansing.<\/span><\/p>\n<p class=\"cs95E872D0\"><span class=\"cs31D24DEE\">TIP:<\/span><span class=\"csD5D7D290\">\u00a0Can also be applied locally to individual skin areas as a highlighter. Also ideal as a primer before applying make-up.<\/span><\/p>\n<p>&nbsp;<\/p>\n","protected":false},"excerpt":{"rendered":"<h3 class=\"product-title\">Magic Glow Serum<\/h3>\n<p>Ref.2630-Home care 30ml , Ref. 2630\u0420 &#8211; Prof. 50 ml<br \/>\n<b>Description<\/b><\/p>\n<p class=\"cs95E872D0\"><span class=\"desc\">Instantly visible glow brings a fresh, natural radiance to the skin. Moisturising hyaluronic acid and light-reflecting Soft Focus pigments.<\/span><\/p>\n<p class=\"cs95E872D0\"><span class=\"csD5D7D290\">Instantly visible glow brings a fresh, natural radiance to the skin. Moisturising hyaluronic acid and light-reflecting Soft Focus pigments conceal wrinkles, giving the complexion a natural, fresh look. Also suitable as a highlighter. Apply to the face in the morning after cleansing. Can also be applied locally as highlighter to individual skin areas. Also ideal as a primer before applying make-up.<\/span><\/p>\n","protected":false},"featured_media":9374,"comment_status":"open","ping_status":"closed","template":"","meta":[],"product_cat":[213,163,160],"product_tag":[],"class_list":{"0":"post-9370","1":"product","2":"type-product","3":"status-publish","4":"has-post-thumbnail","6":"product_cat-all-skin-needs-en","7":"product_cat-cosmeceuticals-sort-by-skin-type-en","8":"product_cat-janssen-cosmetics-en","10":"first","11":"instock","12":"sale","13":"taxable","14":"shipping-taxable","15":"product-type-variable"},"_links":{"self":[{"href":"https:\/\/janssen-beauty.ee\/en\/wp-json\/wp\/v2\/product\/9370"}],"collection":[{"href":"https:\/\/janssen-beauty.ee\/en\/wp-json\/wp\/v2\/product"}],"about":[{"href":"https:\/\/janssen-beauty.ee\/en\/wp-json\/wp\/v2\/types\/product"}],"replies":[{"embeddable":true,"href":"https:\/\/janssen-beauty.ee\/en\/wp-json\/wp\/v2\/comments?post=9370"}],"wp:featuredmedia":[{"embeddable":true,"href":"https:\/\/janssen-beauty.ee\/en\/wp-json\/wp\/v2\/media\/9374"}],"wp:attachment":[{"href":"https:\/\/janssen-beauty.ee\/en\/wp-json\/wp\/v2\/media?parent=9370"}],"wp:term":[{"taxonomy":"product_cat","embeddable":true,"href":"https:\/\/janssen-beauty.ee\/en\/wp-json\/wp\/v2\/product_cat?post=9370"},{"taxonomy":"product_tag","embeddable":true,"href":"https:\/\/janssen-beauty.ee\/en\/wp-json\/wp\/v2\/product_tag?post=9370"}],"curies":[{"name":"wp","href":"https:\/\/api.w.org\/{rel}","templated":true}]}}