{"id":9689,"date":"2021-11-02T10:27:06","date_gmt":"2021-11-02T08:27:07","guid":{"rendered":"https:\/\/janssen-beauty.ee\/?post_type=product&#038;p=9689"},"modified":"2025-07-01T19:00:31","modified_gmt":"2025-07-01T16:00:31","slug":"marine-collagen-cream-ref-2610-2610p","status":"publish","type":"product","link":"https:\/\/janssen-beauty.ee\/en\/product\/marine-collagen-cream-ref-2610-2610p","title":{"rendered":"Marine Collagen Cream Ref. 2610 \/ 2610P"},"content":{"rendered":"<p><span data-sheets-value=\"{&quot;1&quot;:2,&quot;2&quot;:&quot;ToimenPuhastab, eemaldades pindmise mustuse. Kergesti mahapestav, muudab n\u00e4o siledaks. Regenereerib ja tervendab. Nahas\u00f5bralik puhastusvahend, tasakaalustab naha pH. nAktiivainedn\u2022 Naturaalne arahhise\u00f5li n\u2022 Unikaalsed naturaalsed niisutusained.nKasutaminenM\u00f5eldud kasutamiseks igal hommikul ja \u00f5htul. Kanda v\u00e4ike kogus puhastusvahendit kaelale, n\u00e4ole ja dekolteele. Masseerida kergelt. L\u00f5puks pesta maha leige veega v\u00f5i puhastada niisutatud vatiga. n&quot;}\" data-sheets-userformat=\"{&quot;2&quot;:8403905,&quot;3&quot;:{&quot;1&quot;:0},&quot;9&quot;:1,&quot;10&quot;:2,&quot;11&quot;:3,&quot;12&quot;:0,&quot;14&quot;:[null,2,0],&quot;15&quot;:&quot;Arial&quot;,&quot;16&quot;:10,&quot;26&quot;:400}\"><strong>Ingredients<\/strong><br \/>\n<\/span><\/p>\n<p class=\"cs95E872D0\"><span class=\"csD5D7D290\">\u2022\u00a0<\/span><span class=\"cs31D24DEE\">Marine Collagen:\u00a0<\/span><span class=\"csD5D7D290\">Collagen of marine origin, provides a lifting effect on the skin. Since it is a macromolecule, it cannot penetrate the skin. It remains on the skin and has a moisture-binding and moisture-retaining, film-forming and firming effect<\/span><\/p>\n<p class=\"cs95E872D0\"><span class=\"csD5D7D290\">\u2022\u00a0<\/span><span class=\"cs31D24DEE\">Pomegranate extract:<\/span><span class=\"csD5D7D290\">\u00a0Concentrated pomegranate flower extract (punica granatum, flos) and a vitamin C derivative; stimulates collagen production, increases skin density, reduces wrinkles and protects against light-related skin ageing<\/span><\/p>\n<p class=\"cs95E872D0\"><span class=\"csD5D7D290\">\u2022\u00a0<\/span><span class=\"cs31D24DEE\">Long-chain hyaluronic acid:\u00a0<\/span><span class=\"csD5D7D290\">Forms a water-binding film on the skin surface and, protecting the skin from drying out. Fills out fine lines and wrinkles<\/span><\/p>\n<p class=\"cs95E872D0\"><span class=\"csD5D7D290\">\u2022\u00a0<\/span><span class=\"cs31D24DEE\">Macadamia oil:\u00a0<\/span><span class=\"csD5D7D290\">A natural oil extracted from the macadamia nut; absorbs well, nourishes the skin and leaves it soft and supple<\/span><\/p>\n<p class=\"cs95E872D0\"><span class=\"csD5D7D290\">\u2022\u00a0<\/span><span class=\"cs31D24DEE\">Vitamin E Acetate:<\/span><span class=\"csD5D7D290\">\u00a0Vitamin E is a natural antioxidant; depending on the concentration used, vitamin E protects the skin from the negative effects of free radicals, moisturises and smooths the skin<\/span><\/p>\n<p><span data-sheets-value=\"{&quot;1&quot;:2,&quot;2&quot;:&quot;ToimenPuhastab, eemaldades pindmise mustuse. Kergesti mahapestav, muudab n\u00e4o siledaks. Regenereerib ja tervendab. Nahas\u00f5bralik puhastusvahend, tasakaalustab naha pH. nAktiivainedn\u2022 Naturaalne arahhise\u00f5li n\u2022 Unikaalsed naturaalsed niisutusained.nKasutaminenM\u00f5eldud kasutamiseks igal hommikul ja \u00f5htul. Kanda v\u00e4ike kogus puhastusvahendit kaelale, n\u00e4ole ja dekolteele. Masseerida kergelt. L\u00f5puks pesta maha leige veega v\u00f5i puhastada niisutatud vatiga. n&quot;}\" data-sheets-userformat=\"{&quot;2&quot;:8403905,&quot;3&quot;:{&quot;1&quot;:0},&quot;9&quot;:1,&quot;10&quot;:2,&quot;11&quot;:3,&quot;12&quot;:0,&quot;14&quot;:[null,2,0],&quot;15&quot;:&quot;Arial&quot;,&quot;16&quot;:10,&quot;26&quot;:400}\">\u00a0<strong>Usage<\/strong><\/span><\/p>\n<p class=\"cs95E872D0\">Apply to face, neck and chest in the morning and evening after cleansing the face.<\/p>\n<p>&nbsp;<\/p>\n","protected":false},"excerpt":{"rendered":"<h3 class=\"product-title\">Marine Collagen Cream<\/h3>\n<p>Ref.2610-Home care 50ml , Ref. 2610\u0420 &#8211; Prof. 150 ml<br \/>\n<b>Description<\/b><\/p>\n<p class=\"cs95E872D0\"><span class=\"desc\">This anti-ageing cream with marine collagen provides a visible lifting effect.<\/span><\/p>\n<p class=\"cs95E872D0\"><span class=\"csD5D7D290\">This firming anti-ageing cream with marine collagen and collagen booster specifically counteracts diminishing tissue firmness and the appearance of wrinkles. The rich formula helps the skin triple its natural collagen content, leaving it looking youthful, plumper and firmer. Marine collagen provides a noticeable lifting effect on the skin. It covers the skin like an invisible film that binds moisture, filling out fine wrinkles and lines.<\/span><\/p>\n","protected":false},"featured_media":9703,"comment_status":"open","ping_status":"closed","template":"","meta":[],"product_cat":[213,163,160],"product_tag":[],"class_list":{"0":"post-9689","1":"product","2":"type-product","3":"status-publish","4":"has-post-thumbnail","6":"product_cat-all-skin-needs-en","7":"product_cat-cosmeceuticals-sort-by-skin-type-en","8":"product_cat-janssen-cosmetics-en","10":"first","11":"instock","12":"sale","13":"taxable","14":"shipping-taxable","15":"product-type-variable"},"_links":{"self":[{"href":"https:\/\/janssen-beauty.ee\/en\/wp-json\/wp\/v2\/product\/9689"}],"collection":[{"href":"https:\/\/janssen-beauty.ee\/en\/wp-json\/wp\/v2\/product"}],"about":[{"href":"https:\/\/janssen-beauty.ee\/en\/wp-json\/wp\/v2\/types\/product"}],"replies":[{"embeddable":true,"href":"https:\/\/janssen-beauty.ee\/en\/wp-json\/wp\/v2\/comments?post=9689"}],"wp:featuredmedia":[{"embeddable":true,"href":"https:\/\/janssen-beauty.ee\/en\/wp-json\/wp\/v2\/media\/9703"}],"wp:attachment":[{"href":"https:\/\/janssen-beauty.ee\/en\/wp-json\/wp\/v2\/media?parent=9689"}],"wp:term":[{"taxonomy":"product_cat","embeddable":true,"href":"https:\/\/janssen-beauty.ee\/en\/wp-json\/wp\/v2\/product_cat?post=9689"},{"taxonomy":"product_tag","embeddable":true,"href":"https:\/\/janssen-beauty.ee\/en\/wp-json\/wp\/v2\/product_tag?post=9689"}],"curies":[{"name":"wp","href":"https:\/\/api.w.org\/{rel}","templated":true}]}}