{"id":9894,"date":"2022-05-10T10:06:18","date_gmt":"2022-05-10T07:06:17","guid":{"rendered":"https:\/\/janssen-beauty.ee\/?post_type=product&#038;p=9894"},"modified":"2025-07-01T19:06:08","modified_gmt":"2025-07-01T16:06:08","slug":"probiotics-anti-pollution-cream-ref-2621-2621p","status":"publish","type":"product","link":"https:\/\/janssen-beauty.ee\/en\/product\/probiotics-anti-pollution-cream-ref-2621-2621p","title":{"rendered":"Probiotics Anti-Pollution Cream  Ref. 2621 \/ 2621P"},"content":{"rendered":"<p><span data-sheets-value=\"{&quot;1&quot;:2,&quot;2&quot;:&quot;ToimenPuhastab, eemaldades pindmise mustuse. Kergesti mahapestav, muudab n\u00e4o siledaks. Regenereerib ja tervendab. Nahas\u00f5bralik puhastusvahend, tasakaalustab naha pH. nAktiivainedn\u2022 Naturaalne arahhise\u00f5li n\u2022 Unikaalsed naturaalsed niisutusained.nKasutaminenM\u00f5eldud kasutamiseks igal hommikul ja \u00f5htul. Kanda v\u00e4ike kogus puhastusvahendit kaelale, n\u00e4ole ja dekolteele. Masseerida kergelt. L\u00f5puks pesta maha leige veega v\u00f5i puhastada niisutatud vatiga. n&quot;}\" data-sheets-userformat=\"{&quot;2&quot;:8403905,&quot;3&quot;:{&quot;1&quot;:0},&quot;9&quot;:1,&quot;10&quot;:2,&quot;11&quot;:3,&quot;12&quot;:0,&quot;14&quot;:[null,2,0],&quot;15&quot;:&quot;Arial&quot;,&quot;16&quot;:10,&quot;26&quot;:400}\"><strong>Ingredients<\/strong><br \/>\n<\/span><\/p>\n<p class=\"cs95E872D0\"><span class=\"csD5D7D290\">\u2022\u00a0<\/span><span class=\"cs31D24DEE\">Probiotic:<\/span><span class=\"csD5D7D290\">\u00a0made from lactic acid bacteria; balances the microbiome of the skin, which can be derailed by negative environmental influences, and strengthens the skin\u2019s barrier function; reduces dryness and irritation; can significantly reduce transepidermal water loss (TEWL) after just 7 days<\/span><\/p>\n<p class=\"cs95E872D0\"><span class=\"csD5D7D290\">\u2022\u00a0<\/span><span class=\"cs31D24DEE\">Microalgae extract:\u00a0<\/span><span class=\"csD5D7D290\">is activated by blue light radiation (HEV = High Energy Visible Light; significantly reduces the signs of digital ageing after just 10 days: Radiance +5%; Wrinkle depth -16%; Firmness +4%<\/span><\/p>\n<p class=\"cs95E872D0\"><span class=\"csD5D7D290\">\u2022\u00a0<\/span><span class=\"cs31D24DEE\">Red Camellia Extract:<\/span><span class=\"csD5D7D290\">\u00a0extract from Camellia japonica, a plant with red flowers native to Japan and Korea; has an antioxidative effect, reduces wrinkles, improves skin density and moisture; good anti-ageing effect against damage caused by fine dust<\/span><\/p>\n<p class=\"cs95E872D0\"><span class=\"csD5D7D290\">\u2022\u00a0<\/span><span class=\"cs31D24DEE\">Long- and short-chained hyaluronic acids:<\/span><span class=\"csD5D7D290\">\u00a0provides long-lasting moisture<\/span><\/p>\n<p class=\"cs95E872D0\"><span class=\"csD5D7D290\">\u2022\u00a0<\/span><span class=\"cs31D24DEE\">Saccharide isomerate:<\/span><span class=\"csD5D7D290\">\u00a0a skin-identical carbohydrate complex for long-lasting hydration of the skin<\/span><\/p>\n<p class=\"cs95E872D0\"><span class=\"csD5D7D290\">\u2022\u00a0<\/span><span class=\"cs31D24DEE\">Vitamin E:<\/span><span class=\"csD5D7D290\">\u00a0neutralises the free radicals that cause cell damage<\/span><\/p>\n<p class=\"cs95E872D0\"><span class=\"csD5D7D290\">\u2022\u00a0<\/span><span class=\"cs31D24DEE\">Shea Butter:<\/span><span class=\"csD5D7D290\">\u00a0leaves skin smooth and supple<\/span><\/p>\n<p><span data-sheets-value=\"{&quot;1&quot;:2,&quot;2&quot;:&quot;ToimenPuhastab, eemaldades pindmise mustuse. Kergesti mahapestav, muudab n\u00e4o siledaks. Regenereerib ja tervendab. Nahas\u00f5bralik puhastusvahend, tasakaalustab naha pH. nAktiivainedn\u2022 Naturaalne arahhise\u00f5li n\u2022 Unikaalsed naturaalsed niisutusained.nKasutaminenM\u00f5eldud kasutamiseks igal hommikul ja \u00f5htul. Kanda v\u00e4ike kogus puhastusvahendit kaelale, n\u00e4ole ja dekolteele. Masseerida kergelt. L\u00f5puks pesta maha leige veega v\u00f5i puhastada niisutatud vatiga. n&quot;}\" data-sheets-userformat=\"{&quot;2&quot;:8403905,&quot;3&quot;:{&quot;1&quot;:0},&quot;9&quot;:1,&quot;10&quot;:2,&quot;11&quot;:3,&quot;12&quot;:0,&quot;14&quot;:[null,2,0],&quot;15&quot;:&quot;Arial&quot;,&quot;16&quot;:10,&quot;26&quot;:400}\">\u00a0<strong>Usage<\/strong><\/span><\/p>\n<p class=\"cs95E872D0\">Apply PROBIOTICS Anti-Pollution Cream regularly to the face and d\u00e9colletage in the morning and\/or evening after cleansing and gently massage in. Ideally, apply PROBIOTICS Pro-Immune Serum beforehand.<\/p>\n<p>&nbsp;<\/p>\n","protected":false},"excerpt":{"rendered":"<h3 class=\"product-title\"><strong>Probiotics Anti-Pollution <\/strong> Cream<\/h3>\n<p>Ref.2621-Home care 50ml , Ref. 2621\u0420 &#8211; Prof. 150 ml<br \/>\n<b>Description<\/b><\/p>\n<p class=\"cs95E872D0\"><span class=\"desc\">The PROBIOTICS Anti-Pollution Cream strengthens the skin&#8217;s microbiome, protects against digital ageing and acts as a protective shield against negative natural influences. The natural balance of the skin&#8217;s acid mantle is restored, making it more resilient.<\/span><\/p>\n<p>&nbsp;<\/p>\n<p class=\"cs95E872D0\"><span class=\"csD5D7D290\">With a 24-hour effect, the cream strengthens the skin&#8217;s microbiome, protects against digital ageing and acts as a protective shield against negative environmental influences. The probiotic active ingredient helps balance the microbiome and reduce irritation and damage caused by fine dust and other environmental stressors. Innovative microalgae extract counteracts digital skin ageing caused by blue light. The skin is more resilient and its protective barrier is strengthened.<\/span><\/p>\n","protected":false},"featured_media":9908,"comment_status":"open","ping_status":"closed","template":"","meta":[],"product_cat":[213,160],"product_tag":[],"class_list":{"0":"post-9894","1":"product","2":"type-product","3":"status-publish","4":"has-post-thumbnail","6":"product_cat-all-skin-needs-en","7":"product_cat-janssen-cosmetics-en","9":"first","10":"instock","11":"sale","12":"taxable","13":"shipping-taxable","14":"product-type-variable"},"_links":{"self":[{"href":"https:\/\/janssen-beauty.ee\/en\/wp-json\/wp\/v2\/product\/9894"}],"collection":[{"href":"https:\/\/janssen-beauty.ee\/en\/wp-json\/wp\/v2\/product"}],"about":[{"href":"https:\/\/janssen-beauty.ee\/en\/wp-json\/wp\/v2\/types\/product"}],"replies":[{"embeddable":true,"href":"https:\/\/janssen-beauty.ee\/en\/wp-json\/wp\/v2\/comments?post=9894"}],"wp:featuredmedia":[{"embeddable":true,"href":"https:\/\/janssen-beauty.ee\/en\/wp-json\/wp\/v2\/media\/9908"}],"wp:attachment":[{"href":"https:\/\/janssen-beauty.ee\/en\/wp-json\/wp\/v2\/media?parent=9894"}],"wp:term":[{"taxonomy":"product_cat","embeddable":true,"href":"https:\/\/janssen-beauty.ee\/en\/wp-json\/wp\/v2\/product_cat?post=9894"},{"taxonomy":"product_tag","embeddable":true,"href":"https:\/\/janssen-beauty.ee\/en\/wp-json\/wp\/v2\/product_tag?post=9894"}],"curies":[{"name":"wp","href":"https:\/\/api.w.org\/{rel}","templated":true}]}}