{"id":1647,"date":"2018-05-08T11:17:20","date_gmt":"2018-05-08T08:17:20","guid":{"rendered":"https:\/\/beauty.dev-ops.club\/lepingutingimused-ja-privaatsuspoliitika\/"},"modified":"2021-09-13T17:45:21","modified_gmt":"2021-09-13T14:45:21","slug":"uslovija-dogovora","status":"publish","type":"page","link":"https:\/\/janssen-beauty.ee\/ru\/uslovija-dogovora","title":{"rendered":"\u0423\u0441\u043b\u043e\u0432\u0438\u044f \u0434\u043e\u0433\u043e\u0432\u043e\u0440\u0430"},"content":{"rendered":"<p class=\"p2\"><span class=\"s1\"><b>1. M\u00fc\u00fcgitingimuste kehtivus<\/b><\/span><\/p>\n<p class=\"p2\"><span class=\"s1\">1.1 M\u00fc\u00fcgitingimused kehtivad janssen-beauty.ee veebipoe klientide (edaspidi Klient) ja TVP O\u00dc (edaspidi janssen-beauty.ee) vahel kaupade ostmisel tekkivate \u00f5iguste ja kohustuste kohta.<\/span><\/p>\n<p class=\"p2\"><span class=\"s1\">1.2 Lisaks siintoodud tingimustele reguleerivad janssen-beauty.ee veebipoest toodete ostmisel tekkivaid \u00f5igussuhteid Eesti Vabariigis kehtivad \u00f5igusaktid.<\/span><\/p>\n<p class=\"p2\"><span class=\"s1\">1.3 janssen-beauty.ee<\/span><span class=\"s2\"> veebipoes tellimust vormistades ning ettemaksu sooritades kinnitab Klient, et ta on tutvunud m\u00fc\u00fcgitingimustega ja on nendega n\u00f5us.<\/span><\/p>\n<p class=\"p3\"><span class=\"s1\">1.4 M\u00fc\u00fcjal on \u00f5igus \u00fchepoolselt tingimusi muuta ja t\u00e4iendada, avaldades uued tingimused internetiaadressil https:\/\/janssen-beauty.ee\/privaatsuspoliitika. Kui klient esitas tellimuse enne tingimuste muudatuste j\u00f5ustumist, kohaldatakse kliendi ja m\u00fc\u00fcja \u00f5igussuhtele tellimuse esitamise ajal kehtinud tingimusi<\/span><\/p>\n<p class=\"p2\"><span class=\"s1\"><b>2. Hinnad<\/b><\/span><\/p>\n<p class=\"p2\"><span class=\"s2\">2.1 <\/span><span class=\"s1\">janssen-beauty.ee<\/span><span class=\"s2\"> e-poes m\u00fc\u00fcdavate toodete hinnad on toodud eurodes ning ilma kohaletoimetamise kuluta.<\/span><\/p>\n<p class=\"p2\"><span class=\"s1\">2.2 K\u00f5ik hinnad janssen-beauty.ee veebipoes sisaldavad k\u00e4ibemaksu 20%<\/span><\/p>\n<p class=\"p2\"><span class=\"s1\">2.3 Ostudel mille toodete kogusumma j\u00e4\u00e4b alla 100 EUR lisandub transpordi hind vastavalt Kliendi valitud tarneviisile.<\/span><\/p>\n<p class=\"p2\"><span class=\"s1\">2.4 janssen-beauty.ee j\u00e4tab endale \u00f5iguse \u00fchepoolselt teha muudatusi m\u00fc\u00fcgitingimustes ja m\u00fc\u00fcgihindades. <\/span><span class=\"s2\">Tingimuste ja hindade muudatused ning t\u00e4iendused j\u00f5ustuvad alates nimetatud informatsiooni ilmumise hetkest lehek\u00fcljel janssen-beauty.ee. Kui Klient edastas oma tellimuse enne tingimuste muudatuste j\u00f5ustumist, siis Kliendi jaoks kehtivad tellimuse edastamise ajal kehtinud tingimused, v.a kui seaduses v\u00f5i k\u00e4esolevates tingimustes on ette n\u00e4htud teisiti.<\/span><\/p>\n<p class=\"p2\"><span class=\"s1\"><b>3. Tellimuse vormistamine ja tasumine<\/b><\/span><\/p>\n<p class=\"p2\"><span class=\"s1\">3.1 Lisage soovitud tooted ostukorvi. <\/span><span class=\"s2\">Toote ostukorvi lisamine ei kohusta veel ostma.<\/span><\/p>\n<p class=\"p3\"><span class=\"s1\"><b>3.2<\/b> Klient saab muuta ostukorvis olevate toodete kogust ning neid soovi korral tooteid ostukorvist eemaldada.<\/span><\/p>\n<p class=\"p3\"><span class=\"s1\"><b>3.3<\/b> Ostukorvis olevad tooted on kuni tellimuse kinnitamiseni saadaval ka teistele Klientidele.<\/span><\/p>\n<p class=\"p2\"><span class=\"s1\">3.4 Tellimuse vormistamisega alustamiseks vajutage lingile \u201eostukorv\u201c.<\/span><\/p>\n<p class=\"p2\"><span class=\"s1\">3.5 J\u00e4rgnevalt t\u00e4itke n\u00f5utud andmev\u00e4ljad, valige teile sobiv toodete kohaletoimetamise viis ja maksev\u00f5imalus (Swedbank, SEB,LHV, Luminor, arvega tasumine).<\/span><\/p>\n<p class=\"p2\"><span class=\"s1\">3.6 Tellimus on esitatud ja komplekteeritakse, kui makse on sooritatud.<\/span><\/p>\n<p>3.7 Juhul kui tellitud toode puudub laos, v\u00f5etakse kliendiga \u00fchendust ja pakutakse asendustoodet ,\u00a0 lepitakse \u00f5ige toote uus tarneaeg v\u00f5i tagastatakse puuduva toote maksumus kliendile.<\/p>\n<p class=\"p2\"><span class=\"s1\"><b>4. Kohaletoimetamine<\/b><\/span><\/p>\n<p class=\"p2\"><span class=\"s1\">4.1 P\u00e4rast Kliendipoolset arve tasumist komplekteerib janssen-beauty.ee tellimuse ning annab selle \u00fcle kohaletoimetamiseks meie logistikapartneritele.<\/span><\/p>\n<p class=\"p2\"><span class=\"s1\">4.2 Viivitusteta kohaletoimetamiseks palume olla hoolikad kohaletoimetamise andmete sisestamisel tellimuse vormistamisel.<\/span><\/p>\n<p class=\"p2\"><span class=\"s1\">4.3 Kohaletoimetamise hinnakiri: Itella SmartPost 5 EUR, Omniva<span class=\"Apple-converted-space\">\u00a0 <\/span>5EUR<\/span><span class=\"s3\">.<\/span><\/p>\n<p class=\"p3\"><span class=\"s1\">4.3.1<b> <\/b>Kui tellimuse summa \u00fcletab 100 EUR ning tasumine on arve alusel, on Itella Smartposti ja Omniva kohaletoimetamine Eesti Vabariigi piires 0 EUR. <\/span><\/p>\n<p class=\"p2\"><span class=\"s1\">4.4 Transpordi k\u00e4igus vigastada saanud tooted asendatakse Kliendile.<\/span><\/p>\n<p class=\"p2\"><span class=\"s1\">4.5 janssen-beauty.ee ei vastuta kauba kohaletoimetamise viibimise eest juhul, kui kaup on logistikapartneritele \u00fcle antud \u00f5igeaegselt Kliendile lubatud kohaletoimetamise p\u00e4evaks, kuid kohaletoimetamise viibimine on tingitud asjaoludest, mida polnud v\u00f5imalik m\u00f5jutada v\u00f5i ette n\u00e4ha.<\/span><\/p>\n<p class=\"p2\"><span class=\"s1\"><b>5. Tagastamis\u00f5igus<\/b><\/span><\/p>\n<p class=\"p2\"><span class=\"s1\">5.1 Peale tellimuse k\u00e4ttetoimetamist on Tarbijal \u00f5igus tellitud tooted 14 p\u00e4eva jooksul tagastada. <\/span><\/p>\n<p class=\"p2\"><span class=\"s1\">5.2 Tagastamisele kuuluvad tooted peavad olema kasutamata ja avamata originaalpakendis. <\/span><\/p>\n<p class=\"p2\"><span class=\"s1\">5.3 Kauba tagastamisega seotud kulu kannab Klient (kuni 10 EUR ulatuses). janssen-beauty.ee kannab kauba tagastusega seotud kulu juhul kui kohaletoimetatud kaup erines tellitust.<\/span><\/p>\n<p class=\"p2\"><span class=\"s1\">5.4 Kauba tagastamiseks tuleb kirjutada e-posti aadressil info@janssen-beauty.ee 14 p\u00e4eva jooksul alates kauba k\u00e4tte saamisest. Kliendiga v\u00f5etakse \u00fchendust ja koosk\u00f5lastatakse kauba tagastamine esimesel v\u00f5imalusel, kuid mitte hiljem kui 14 p\u00e4eva jooksul.<\/span><\/p>\n<p class=\"p2\"><span class=\"s1\">5.5 Raha tagastatud kauba eest h\u00fcvitatakse Kliendile peale tagasi j\u00f5udnud kauba \u00fcle kontrollimist, kuid mitte hiljem kui 14 p\u00e4eva jooksul.<\/span><\/p>\n<p class=\"p2\"><span class=\"s1\"><b>6. Isikuandmete kaitse<\/b><\/span><\/p>\n<p class=\"p2\"><span class=\"s1\">6.1 M\u00fc\u00fcja kasutab kliendi poolt esitatud isikuandmeid ja andmeid sooritatud ostude kohta koosk\u00f5las isikuandmete kaitse seadusega ulatuses, mis on vajalik kliendi poolt e-poes esitatud tellimuse t\u00e4itmiseks. M\u00fc\u00fcja ei edasta kliendi isikuandmeid kolmandatele isikutele, v.a posti- v\u00f5i kullerteenust pakkuvale ettev\u00f5tjale ulatuses, mis on vajalik kauba kliendile k\u00e4ttetoimetamiseks.<\/span><\/p>\n<p class=\"p2\"><span class=\"s1\">6.2 Kr\u00fcpteeritud andmeside pankadega ostude eest tasumisel tagab Kliendi personaalsete pangatunnuste turvalisuse ja neile puudub ka janssen-beauty.ee-poolne ligip\u00e4\u00e4s.<\/span><\/p>\n<p class=\"p2\"><span class=\"s1\"><b>7. Pretensioonid<\/b><\/span><\/p>\n<p class=\"p2\"><span class=\"s1\">7.1 janssen-beauty.ee ei vastuta Kliendi s\u00fc\u00fcl toote puuduste tekkimise eest, mis on tekkinud toote mittekorrap\u00e4rase hoiustamise v\u00f5i kasutamise tulemusena. Puuduste hulka arvestatakse toote puudusi, kuid mitte tootepakendi puudusi.<\/span><\/p>\n<p class=\"p2\"><span class=\"s1\">7.2 Toote n\u00f5uetele mittevastavuse v\u00f5i puuduste ilmnemisel palume edastada pretsensioon meiliaadressile info@janssen-beauty.ee, kus on \u00e4ra m\u00e4rgitud tellimuse esitaja nimi, kontakttelefon, tellimuse number ja toote tingimustele mittevastavuse v\u00f5i puuduse t\u00e4pne kirjeldus.<\/span><\/p>\n<p class=\"p2\"><span class=\"s1\">7.3 Pretensioon toote n\u00f5uetele mittevastavuse v\u00f5i puuduste avastamise korral peab olema esitatud \u00fche kuu jooksul alates toote n\u00f5uetele mittevastavuse v\u00f5i puuduste avastamisest.<\/span><\/p>\n","protected":false},"excerpt":{"rendered":"<p>1. M\u00fc\u00fcgitingimuste kehtivus 1.1 M\u00fc\u00fcgitingimused kehtivad janssen-beauty.ee veebipoe klientide (edaspidi Klient) ja TVP O\u00dc (edaspidi janssen-beauty.ee) vahel kaupade ostmisel tekkivate \u00f5iguste ja kohustuste kohta. 1.2 Lisaks siintoodud tingimustele reguleerivad janssen-beauty.ee veebipoest toodete ostmisel tekkivaid \u00f5igussuhteid Eesti Vabariigis kehtivad \u00f5igusaktid. 1.3 janssen-beauty.ee veebipoes tellimust vormistades ning ettemaksu sooritades kinnitab Klient, et ta on tutvunud m\u00fc\u00fcgitingimustega ja [&hellip;]<\/p>\n","protected":false},"author":5,"featured_media":0,"parent":0,"menu_order":0,"comment_status":"closed","ping_status":"closed","template":"","meta":{"footnotes":""},"class_list":["post-1647","page","type-page","status-publish","hentry"],"_links":{"self":[{"href":"https:\/\/janssen-beauty.ee\/ru\/wp-json\/wp\/v2\/pages\/1647"}],"collection":[{"href":"https:\/\/janssen-beauty.ee\/ru\/wp-json\/wp\/v2\/pages"}],"about":[{"href":"https:\/\/janssen-beauty.ee\/ru\/wp-json\/wp\/v2\/types\/page"}],"author":[{"embeddable":true,"href":"https:\/\/janssen-beauty.ee\/ru\/wp-json\/wp\/v2\/users\/5"}],"replies":[{"embeddable":true,"href":"https:\/\/janssen-beauty.ee\/ru\/wp-json\/wp\/v2\/comments?post=1647"}],"version-history":[{"count":0,"href":"https:\/\/janssen-beauty.ee\/ru\/wp-json\/wp\/v2\/pages\/1647\/revisions"}],"wp:attachment":[{"href":"https:\/\/janssen-beauty.ee\/ru\/wp-json\/wp\/v2\/media?parent=1647"}],"curies":[{"name":"wp","href":"https:\/\/api.w.org\/{rel}","templated":true}]}}