{"id":10171,"date":"2022-06-17T10:08:19","date_gmt":"2022-06-17T07:08:20","guid":{"rendered":"https:\/\/janssen-beauty.ee\/?post_type=product&#038;p=10171"},"modified":"2026-04-07T16:05:45","modified_gmt":"2026-04-07T13:05:45","slug":"ah-bha-cleancer-ref-4002-4002p","status":"publish","type":"product","link":"https:\/\/janssen-beauty.ee\/ru\/product\/ah-bha-cleancer-ref-4002-4002p","title":{"rendered":"AHA+BHA Cleancer  Ref. 4002 \/ 4002P"},"content":{"rendered":"<p><span data-sheets-value=\"{&quot;1&quot;:2,&quot;2&quot;:&quot;ToimenPuhastab, eemaldades pindmise mustuse. Kergesti mahapestav, muudab n\u00e4o siledaks. Regenereerib ja tervendab. Nahas\u00f5bralik puhastusvahend, tasakaalustab naha pH. nAktiivainedn\u2022 Naturaalne arahhise\u00f5li n\u2022 Unikaalsed naturaalsed niisutusained.nKasutaminenM\u00f5eldud kasutamiseks igal hommikul ja \u00f5htul. Kanda v\u00e4ike kogus puhastusvahendit kaelale, n\u00e4ole ja dekolteele. Masseerida kergelt. L\u00f5puks pesta maha leige veega v\u00f5i puhastada niisutatud vatiga. n&quot;}\" data-sheets-userformat=\"{&quot;2&quot;:8403905,&quot;3&quot;:{&quot;1&quot;:0},&quot;9&quot;:1,&quot;10&quot;:2,&quot;11&quot;:3,&quot;12&quot;:0,&quot;14&quot;:[null,2,0],&quot;15&quot;:&quot;Arial&quot;,&quot;16&quot;:10,&quot;26&quot;:400}\"><strong>\u0410\u043a\u0442\u0438\u0432\u043d\u044b\u0435 \u043a\u043e\u043c\u043f\u043e\u043d\u0435\u043d\u0442\u044b<\/strong><br \/>\n<\/span><\/p>\n<ul>\n<li>\u041a\u043e\u043c\u043f\u043b\u0435\u043a\u0441 \u0444\u0440\u0443\u043a\u0442\u043e\u0432\u044b\u0445 AHA \u043a\u0438\u0441\u043b\u043e\u0442: \u0441\u043e\u0441\u0442\u043e\u0438\u0442 \u0438\u0437 \u0433\u043b\u0438\u043a\u043e\u043b\u0435\u0432\u043e\u0439, \u044f\u0431\u043b\u043e\u0447\u043d\u043e\u0439, \u043b\u0438\u043c\u043e\u043d\u043d\u043e\u0439 \u0438 \u0432\u0438\u043d\u043d\u043e\u0439 \u043a\u0438\u0441\u043b\u043e\u0442, \u043a\u043e\u0442\u043e\u0440\u044b\u0435 \u043c\u044f\u0433\u043a\u043e \u0438 \u0431\u0435\u0437\u043e\u043f\u0430\u0441\u043d\u043e \u0440\u0430\u0441\u0442\u0432\u043e\u0440\u044f\u0435\u0442 \u043e\u0440\u043e\u0433\u043e\u0432\u0435\u0432\u0448\u0438\u0435 \u043a\u043b\u0435\u0442\u043a\u0438 \u043a\u043e\u0436\u0438. \u0421\u0442\u0438\u043c\u0443\u043b\u0438\u0440\u0443\u0435\u0442 \u043f\u0440\u043e\u043b\u0438\u0444\u0435\u0440\u0430\u0446\u0438\u044e \u043a\u043b\u0435\u0442\u043e\u043a.<\/li>\n<li>\u0421\u0430\u043b\u0438\u0446\u0438\u043b\u043e\u0432\u0430\u044f \u043a\u0438\u0441\u043b\u043e\u0442\u0430 BHA: \u044f\u0432\u043b\u044f\u0435\u0442\u0441\u044f \u043f\u0440\u0438\u0440\u043e\u0434\u043d\u044b\u043c \u0430\u043a\u0442\u0438\u0432\u043d\u044b\u043c \u0432\u0435\u0449\u0435\u0441\u0442\u0432\u043e\u043c. \u0418\u043c\u0435\u0435\u0442 \u043f\u0440\u043e\u0442\u0438\u0432\u043e\u043c\u0438\u043a\u0440\u043e\u0431\u043d\u044b\u0439 \u0438 \u043f\u0440\u043e\u0442\u0438\u0432\u043e\u0432\u043e\u0441\u043f\u0430\u043b\u0438\u0442\u0435\u043b\u044c\u043d\u044b\u0439 \u044d\u0444\u0444\u0435\u043a\u0442.<\/li>\n<\/ul>\n<p><strong>\u0421\u0432\u043e\u0439\u0441\u0442\u0432\u0430:<\/strong><\/p>\n<ul>\n<li>\u041f\u0435\u0440\u0432\u044b\u0439 \u0448\u0430\u0433 \u0432 \u0443\u0445\u043e\u0434\u0435 \u0437\u0430 \u0436\u0438\u0440\u043d\u043e\u0439 \u043f\u0440\u043e\u0431\u043b\u0435\u043c\u043d\u043e\u0439 \u043a\u043e\u0436\u0435\u0439<\/li>\n<li>\u041a\u0440\u0435\u043c\u043e\u0432\u0430\u044f \u043a\u043e\u043d\u0441\u0438\u0441\u0442\u0435\u043d\u0446\u0438\u044f<\/li>\n<li>\u041f\u0440\u0438\u044f\u0442\u043d\u043e\u0435 \u0442\u0449\u0430\u0442\u0435\u043b\u044c\u043d\u043e\u0435 \u043e\u0447\u0438\u0449\u0435\u043d\u0438\u0435<\/li>\n<li>\u0421\u0443\u0436\u0435\u043d\u0438\u0435 \u043f\u043e\u0440<\/li>\n<\/ul>\n<p>NB!<\/p>\n<p>\u041d\u0435 \u043e\u0441\u0442\u0430\u0432\u043b\u044f\u0442\u044c \u043d\u0430 \u043a\u043e\u0436\u0435 \u0431\u043e\u043b\u0435\u0435 3-5 \u043c\u0438\u043d\u0443\u0442.<\/p>\n<p>\u041d\u0435 \u043d\u0430\u043d\u043e\u0441\u0438\u0442\u044c \u043d\u0430 \u043a\u043e\u0436\u0443 \u0432\u043e\u043a\u0440\u0443\u0433 \u0433\u043b\u0430\u0437 \u0438\u043b\u0438 \u0441\u043b\u0438\u0437\u0438\u0441\u0442\u044b\u0435 \u043e\u0431\u043e\u043b\u043e\u0447\u043a\u0438<\/p>\n<p><span data-sheets-value=\"{&quot;1&quot;:2,&quot;2&quot;:&quot;ToimenPuhastab, eemaldades pindmise mustuse. Kergesti mahapestav, muudab n\u00e4o siledaks. Regenereerib ja tervendab. Nahas\u00f5bralik puhastusvahend, tasakaalustab naha pH. nAktiivainedn\u2022 Naturaalne arahhise\u00f5li n\u2022 Unikaalsed naturaalsed niisutusained.nKasutaminenM\u00f5eldud kasutamiseks igal hommikul ja \u00f5htul. Kanda v\u00e4ike kogus puhastusvahendit kaelale, n\u00e4ole ja dekolteele. Masseerida kergelt. L\u00f5puks pesta maha leige veega v\u00f5i puhastada niisutatud vatiga. n&quot;}\" data-sheets-userformat=\"{&quot;2&quot;:8403905,&quot;3&quot;:{&quot;1&quot;:0},&quot;9&quot;:1,&quot;10&quot;:2,&quot;11&quot;:3,&quot;12&quot;:0,&quot;14&quot;:[null,2,0],&quot;15&quot;:&quot;Arial&quot;,&quot;16&quot;:10,&quot;26&quot;:400}\">\u00a0<\/span><\/p>\n<p><span style=\"font-weight: 400;\"><strong>\u041f\u0440\u0438\u043c\u0435\u043d\u0435\u043d\u0438\u0435<\/strong> <\/span><\/p>\n<p>\u0414\u043b\u044f \u0442\u0449\u0430\u0442\u0435\u043b\u044c\u043d\u043e\u0433\u043e \u043e\u0447\u0438\u0449\u0435\u043d\u0438\u044f \u043a\u043e\u0436\u0438 \u043e\u0431\u0438\u043b\u044c\u043d\u043e \u043d\u0430\u043d\u0435\u0441\u0438\u0442\u0435 \u043e\u0447\u0438\u0449\u0430\u044e\u0449\u0435\u0435 \u0441\u0440\u0435\u0434\u0441\u0442\u0432\u043e AHA + BHA \u043d\u0430 \u043b\u0438\u0446\u043e, \u0448\u0435\u044e \u0438 \u0437\u043e\u043d\u0443 \u0434\u0435\u043a\u043e\u043b\u044c\u0442\u0435 \u0438 \u0430\u043a\u043a\u0443\u0440\u0430\u0442\u043d\u043e \u043f\u043e\u043c\u0430\u0441\u0441\u0438\u0440\u0443\u0439\u0442\u0435. \u0423\u0434\u0430\u043b\u0438\u0442\u0435 \u043e\u0441\u0442\u0430\u0442\u043a\u0438 \u0441 \u043f\u043e\u043c\u043e\u0449\u044c\u044e \u043a\u043e\u043c\u043f\u0440\u0435\u0441\u0441\u043e\u0432 \u043a\u043e\u043c\u0444\u043e\u0440\u0442\u043d\u043e\u0439 \u0442\u0435\u043c\u043f\u0435\u0440\u0430\u0442\u0443\u0440\u044b.<\/p>\n<p>&nbsp;<\/p>\n","protected":false},"excerpt":{"rendered":"<p><strong>\u041e\u0447\u0438\u0449\u0430\u044e\u0449\u0430\u044f \u044d\u043c\u0443\u043b\u044c\u0441\u0438\u044f \u0441<\/strong><strong>\u00a0 <\/strong><strong>&#8211;<\/strong><strong>AHA <\/strong><strong>\u0438<\/strong> <strong>&#8211;<\/strong><strong>BHA<\/strong><strong> \u043a\u0438\u0441\u043b\u043e\u0442\u0430\u043c\u0438<\/strong><\/p>\n<p>Ref. 4002-<span style=\"font-weight: 400;\">\u0414<\/span><span style=\"font-weight: 400;\">\u043e\u043c\u0430\u0448\u043d\u0438\u0439 \u0443\u0445\u043e\u0434 <\/span>200ml , Ref. 4002\u0420- <span style=\"font-weight: 400;\">\u041f\u0440\u043e\u0444<\/span><span style=\"font-weight: 400;\">\u0444<\/span><span style=\"font-weight: 400;\">.<\/span> 500 ml<br \/>\n<span style=\"font-weight: 400;\"><strong>\u041e\u043f\u0438\u0441\u0430\u043d\u0438\u0435<\/strong> <\/span><\/p>\n<p>AHA + BHA Cleanser \u2014 \u044d\u0442\u043e \u043e\u0447\u0438\u0449\u0430\u044e\u0449\u0435\u0435 \u043c\u043e\u043b\u043e\u0447\u043a\u043e \u0434\u043b\u044f \u0436\u0438\u0440\u043d\u043e\u0439, \u0441\u043a\u043b\u043e\u043d\u043d\u043e\u0439 \u043a \u0432\u044b\u0441\u044b\u043f\u0430\u043d\u0438\u044f\u043c \u043a\u043e\u0436\u0438.<\/p>\n<p>\u042d\u043c\u0443\u043b\u044c\u0441\u0438\u044f \u00a0\u0441\u043e\u0434\u0435\u0440\u0436\u0438\u0442 \u043a\u043e\u043c\u0431\u0438\u043d\u0430\u0446\u0438\u044e \u0430\u043b\u044c\u0444\u0430-\u0433\u0438\u0434\u0440\u043e\u043a\u0441\u0438\u043a\u0438\u0441\u043b\u043e\u0442 &#8211; \u0433\u043b\u0438\u043a\u043e\u043b\u0435\u0432\u0430\u044f, \u044f\u0431\u043b\u043e\u0447\u043d\u0430\u044f, \u043b\u0438\u043c\u043e\u043d\u043d\u0430\u044f \u0438 \u0432\u0438\u043d\u043d\u0430\u044f \u043a\u0438\u0441\u043b\u043e\u0442\u044b, \u0431\u0435\u0442\u0430-\u043e\u043a\u0441\u0438\u043a\u0438\u0441\u043b\u043e\u0442\u0430, \u0441\u0430\u043b\u0438\u0446\u0438\u043b\u043e\u0432\u0430\u044f \u043a\u0438\u0441\u043b\u043e\u0442\u0430.<\/p>\n<p>\u0424\u0440\u0443\u043a\u0442\u043e\u0432\u044b\u0435 \u043a\u0438\u0441\u043b\u043e\u0442\u044b \u0440\u0430\u0441\u0442\u0432\u043e\u0440\u044f\u044e\u0442 \u043e\u043c\u0435\u0440\u0442\u0432\u0435\u0432\u0448\u0438\u0435 \u043a\u043b\u0435\u0442\u043a\u0438 \u043a\u043e\u0436\u0438 \u0438 \u043e\u0442\u043a\u0440\u044b\u0432\u0430\u044e\u0442 \u0437\u0430\u043a\u0443\u043f\u043e\u0440\u0435\u043d\u043d\u044b\u0435 \u043f\u043e\u0440\u044b, \u0447\u0442\u043e \u043f\u0440\u043e\u0442\u0438\u0432\u043e\u0434\u0435\u0439\u0441\u0442\u0432\u0443\u0435\u0442 \u043e\u0431\u0440\u0430\u0437\u043e\u0432\u0430\u043d\u0438\u044e \u043f\u0430\u043f\u0443\u043b \u0438 \u043f\u0443\u0441\u0442\u0443\u043b. \u0421\u0430\u043b\u0438\u0446\u0438\u043b\u043e\u0432\u0430\u044f \u043a\u0438\u0441\u043b\u043e\u0442\u0430 \u043e\u0431\u043b\u0430\u0434\u0430\u0435\u0442 \u043f\u0440\u043e\u0442\u0438\u0432\u043e\u043c\u0438\u043a\u0440\u043e\u0431\u043d\u044b\u043c \u0438 \u043f\u0440\u043e\u0442\u0438\u0432\u043e\u0432\u043e\u0441\u043f\u0430\u043b\u0438\u0442\u0435\u043b\u044c\u043d\u044b\u043c \u0434\u0435\u0439\u0441\u0442\u0432\u0438\u0435\u043c.<\/p>\n<p>\u041f\u0440\u0438 \u0440\u0435\u0433\u0443\u043b\u044f\u0440\u043d\u043e\u043c \u0438\u0441\u043f\u043e\u043b\u044c\u0437\u043e\u0432\u0430\u043d\u0438\u0438 \u0437\u043d\u0430\u0447\u0438\u0442\u0435\u043b\u044c\u043d\u043e \u0443\u043b\u0443\u0447\u0448\u0430\u0435\u0442\u0441\u044f \u0442\u0435\u043a\u0441\u0442\u0443\u0440\u0430 \u043a\u043e\u0436\u0438.<\/p>\n","protected":false},"featured_media":10176,"comment_status":"open","ping_status":"closed","template":"","meta":[],"product_cat":[162,159,190],"product_tag":[],"class_list":{"0":"post-10171","1":"product","2":"type-product","3":"status-publish","4":"has-post-thumbnail","6":"product_cat-cosmeceuticals------","7":"product_cat-janssen-cosmetics-ru","8":"product_cat-oily-skin-ru","10":"first","11":"instock","12":"taxable","13":"shipping-taxable","14":"product-type-variable"},"_links":{"self":[{"href":"https:\/\/janssen-beauty.ee\/ru\/wp-json\/wp\/v2\/product\/10171"}],"collection":[{"href":"https:\/\/janssen-beauty.ee\/ru\/wp-json\/wp\/v2\/product"}],"about":[{"href":"https:\/\/janssen-beauty.ee\/ru\/wp-json\/wp\/v2\/types\/product"}],"replies":[{"embeddable":true,"href":"https:\/\/janssen-beauty.ee\/ru\/wp-json\/wp\/v2\/comments?post=10171"}],"wp:featuredmedia":[{"embeddable":true,"href":"https:\/\/janssen-beauty.ee\/ru\/wp-json\/wp\/v2\/media\/10176"}],"wp:attachment":[{"href":"https:\/\/janssen-beauty.ee\/ru\/wp-json\/wp\/v2\/media?parent=10171"}],"wp:term":[{"taxonomy":"product_cat","embeddable":true,"href":"https:\/\/janssen-beauty.ee\/ru\/wp-json\/wp\/v2\/product_cat?post=10171"},{"taxonomy":"product_tag","embeddable":true,"href":"https:\/\/janssen-beauty.ee\/ru\/wp-json\/wp\/v2\/product_tag?post=10171"}],"curies":[{"name":"wp","href":"https:\/\/api.w.org\/{rel}","templated":true}]}}