{"id":1947,"date":"2021-08-09T14:05:15","date_gmt":"2019-01-28T12:14:15","guid":{"rendered":"https:\/\/janssen-beauty.ee\/?post_type=product&#038;p=1947"},"modified":"2025-07-03T12:59:24","modified_gmt":"2025-07-03T09:59:24","slug":"hyaluron-replinish-cream-ref-5020-5020p","status":"publish","type":"product","link":"https:\/\/janssen-beauty.ee\/ru\/product\/hyaluron-replinish-cream-ref-5020-5020p","title":{"rendered":"Hyaluron\u00b3 Replenish Cream Ref. 5020 \/ 5020P"},"content":{"rendered":"<p><strong>\u0410\u043a\u0442\u0438\u0432\u043d\u044b\u0435 \u043a\u043e\u043c\u043f\u043e\u043d\u0435\u043d\u0442\u044b<\/strong><\/p>\n<ul>\n<li><strong>White lupin extract: <\/strong>\u044d\u043a\u0441\u0442\u0440\u0430\u043a\u0442 \u0431\u0435\u043b\u043e\u0433\u043e \u043b\u044e\u043f\u0438\u043d\u0430 \u0441\u0438\u043d\u0442\u0435\u0437 \u043f\u0440\u043e\u0442\u0435\u0438\u043d\u043e\u0432 \u0438 \u043b\u0438\u043f\u0438\u0434\u043e\u0432, \u043e\u0433\u0440\u0430\u043d\u0438\u0447\u0438\u0432\u0430\u0435\u0442 \u0442\u0440\u0430\u043d\u0441\u044d\u043f\u0438\u0434\u0435\u0440\u043c\u0430\u043b\u044c\u043d\u0443\u044e \u043f\u043e\u0442\u0435\u0440\u044e \u0432\u043e\u0434\u044b (TEWL) \u0438 \u0443\u043a\u0440\u0435\u043f\u043b\u044f\u0435\u0442 \u0431\u0430\u0440\u044c\u0435\u0440\u043d\u0443\u044e \u0444\u0443\u043d\u043a\u0446\u0438\u044e \u043a\u043e\u0436\u0438 (\u043a\u043e\u0436\u043d\u044b\u0439 \u0431\u0430\u0440\u044c\u0435\u0440 \u043d\u0430 11% \u0431\u043e\u043b\u0435\u0435 \u0441\u0442\u0430\u0431\u0438\u043b\u0435\u043d \u0447\u0435\u0440\u0435\u0437 14 \u0434\u043d\u0435\u0439)<\/li>\n<li><strong>Long-chain hyaluronic acid: <\/strong>\u043e\u0431\u0440\u0430\u0437\u0443\u0435\u0442 \u043d\u0430 \u043f\u043e\u0432\u0435\u0440\u0445\u043d\u043e\u0441\u0442\u0438 \u043a\u043e\u0436\u0438 \u0432\u043b\u0430\u0433\u043e\u0441\u0432\u044f\u0437\u044b\u0432\u0430\u044e\u0449\u0443\u044e \u043f\u043b\u0435\u043d\u043a\u0443, \u0437\u0430\u0449\u0438\u0449\u0430\u044e\u0449\u0443\u044e \u043a\u043e\u0436\u0443 \u043e\u0442 \u0432\u044b\u0441\u044b\u0445\u0430\u043d\u0438\u044f, \u0437\u0430\u043f\u043e\u043b\u043d\u044f\u0435\u0442 \u0442\u043e\u043d\u043a\u0438\u0435 \u043c\u043e\u0440\u0449\u0438\u043d\u043a\u0438.<\/li>\n<li><strong>Short-chain hyaluronic acid: <\/strong>\u043f\u0440\u043e\u043d\u0438\u043a\u0430\u0435\u0442 \u0432 \u0432\u0435\u0440\u0445\u043d\u0438\u0435 \u0441\u043b\u043e\u0438 \u0440\u043e\u0433\u043e\u0432\u043e\u0433\u043e \u0441\u043b\u043e\u044f, \u043f\u0440\u043e\u043b\u043e\u043d\u0433\u0438\u0440\u043e\u0432\u0430\u043d\u043d\u043e \u0443\u0432\u043b\u0430\u0436\u043d\u044f\u0435\u0442 \u0435\u0451, \u043c\u043e\u0440\u0449\u0438\u043d\u043a\u0438 \u0440\u0430\u0437\u0433\u043b\u0430\u0436\u0438\u0432\u0430\u044e\u0442\u0441\u044f.<\/li>\n<li><strong>Cross<\/strong><strong>&#8211;<\/strong><strong>linked<\/strong> <strong>hyaluronic<\/strong> <strong>acid<\/strong><strong>: <\/strong>\u0441\u0448\u0438\u0442\u0430\u044f \u0433\u0438\u0430\u043b\u0443\u0440\u043e\u043d\u043e\u0432\u0430\u044f \u043a\u0438\u0441\u043b\u043e\u0442\u0430 \u043e\u0441\u043e\u0431\u0430\u044f \u0441\u0442\u0440\u0443\u043a\u0442\u0443\u0440\u0430 \u043a\u043e\u0442\u043e\u0440\u043e\u0439 \u043f\u043e\u043c\u043e\u0433\u0430\u0435\u0442 \u0441\u043e\u0437\u0434\u0430\u0442\u044c \u0441\u0442\u0430\u0431\u0438\u043b\u044c\u043d\u0443\u044e, \u0443\u0432\u043b\u0430\u0436\u043d\u044f\u044e\u0449\u0443\u044e \u0441\u0435\u0442\u043a\u0443 \u043d\u0430 \u043f\u043e\u0432\u0435\u0440\u0445\u043d\u043e\u0441\u0442\u0438 \u043a\u043e\u0436\u0438 \u0441 \u0434\u043e\u043b\u0433\u043e\u0441\u0440\u043e\u0447\u043d\u044b\u043c \u044d\u0444\u0444\u0435\u043a\u0442\u043e\u043c \u0443\u0432\u043b\u0430\u0436\u043d\u0435\u043d\u0438\u044f.<\/li>\n<li><strong>Imperata<\/strong> <strong>cylindrica<\/strong><strong>: <\/strong>\u044d\u043a\u0441\u0442\u0440\u0430\u043a\u0442 \u043a\u043e\u0440\u043d\u044f Imperata cylindrica \u0437\u043d\u0430\u0447\u0438\u0442\u0435\u043b\u044c\u043d\u043e \u0443\u0432\u0435\u043b\u0438\u0447\u0438\u0432\u0430\u0435\u0442 \u0443\u0440\u043e\u0432\u0435\u043d\u044c \u0432\u043b\u0430\u0436\u043d\u043e\u0441\u0442\u0438 \u0432 \u0432\u0435\u0440\u0445\u043d\u0438\u0445 \u0441\u043b\u043e\u044f\u0445 \u044d\u043f\u0438\u0434\u0435\u0440\u043c\u0438\u0441\u0430 (\u043d\u0430 20% \u0431\u043e\u043b\u044c\u0448\u0435 \u0432\u043b\u0430\u0433\u0438 \u0432 \u0442\u0435\u0447\u0435\u043d\u0438\u0435 24 \u0447\u0430\u0441\u043e\u0432).<\/li>\n<li><strong>Saccharide<\/strong> <strong>isomerate<\/strong><strong>:<\/strong> \u0438\u0434\u0435\u043d\u0442\u0438\u0447\u043d\u044b\u0439 \u043a\u043e\u0436\u0435 \u0443\u0433\u043b\u0435\u0432\u043e\u0434\u043d\u044b\u0439 \u043a\u043e\u043c\u043f\u043b\u0435\u043a\u0441 \u0434\u043b\u044f \u0434\u043b\u0438\u0442\u0435\u043b\u044c\u043d\u043e\u0433\u043e \u0443\u0432\u043b\u0430\u0436\u043d\u0435\u043d\u0438\u044f (72-\u0447\u0430\u0441\u043e\u0432\u043e\u0439 \u0434\u043e\u043b\u0433\u043e\u0441\u0440\u043e\u0447\u043d\u044b\u0439 \u044d\u0444\u0444\u0435\u043a\u0442).<\/li>\n<li><strong>Alpha<\/strong> <strong>Bisabolol<\/strong><strong>: <\/strong>\u0443\u0441\u043f\u043e\u043a\u0430\u0438\u0432\u0430\u044e\u0449\u0435\u0435, \u043f\u0440\u043e\u0442\u0438\u0432\u043e\u0432\u043e\u0441\u043f\u0430\u043b\u0438\u0442\u0435\u043b\u044c\u043d\u043e\u0435 \u0434\u0435\u0439\u0441\u0442\u0432\u0438\u0435 \u0441\u043d\u0438\u043c\u0430\u0435\u0442 \u0440\u0430\u0437\u0434\u0440\u0430\u0436\u0435\u043d\u0438\u0435.<\/li>\n<li><strong>Avocado oil: <\/strong>\u043e\u0431\u043e\u0433\u0430\u0449\u0451\u043d \u043d\u0430\u0442\u0443\u0440\u0430\u043b\u044c\u043d\u044b\u043c\u0438 \u0436\u0438\u0440\u043d\u044b\u043c\u0438 \u043a\u0438\u0441\u043b\u043e\u0442\u0430\u043c\u0438 \u0438 \u0432\u0438\u0442\u0430\u043c\u0438\u043d\u0430\u043c\u0438 A, E \u0438 D; \u043f\u0438\u0442\u0430\u0435\u0442 \u0438 \u0437\u0430\u0449\u0438\u0449\u0430\u0435\u0442 \u043a\u043e\u0436\u0443 \u0432\u043e \u0432\u0440\u0435\u043c\u044f \u043e\u0447\u0438\u0449\u0435\u043d\u0438\u044f, \u0434\u0435\u043b\u0430\u044f \u043a\u043e\u0436\u0443 \u043c\u044f\u0433\u043a\u043e\u0439 \u0438 \u0433\u043b\u0430\u0434\u043a\u043e\u0439.<\/li>\n<li><strong>Vitamin<\/strong> <strong>E<\/strong><strong> \u2013<\/strong><strong>Acetate<\/strong><strong>: <\/strong>\u0437\u0430\u0449\u0438\u0449\u0430\u0435\u0442 \u043a\u043e\u0436\u0443 \u043e\u0442 \u0441\u0432\u043e\u0431\u043e\u0434\u043d\u044b\u0445 \u0440\u0430\u0434\u0438\u043a\u0430\u043b\u043e\u0432.<\/li>\n<\/ul>\n<p><strong>\u0421\u0432\u043e\u0439\u0441\u0442\u0432\u0430<\/strong><\/p>\n<ul>\n<li>\u041e\u0431\u043e\u0433\u0430\u0449\u0451\u043d\u043d\u044b\u0439 24-\u0447\u0430\u0441\u043e\u0432\u043e\u0439 \u0443\u0445\u043e\u0434 \u0437\u0430 \u0441\u0443\u0445\u043e\u0439 \u043a\u043e\u0436\u0435\u0439<\/li>\n<li>\u0421\u043e\u0434\u0435\u0440\u0436\u0430\u043d\u0438\u0435 \u043b\u0438\u043f\u0438\u0434\u043e\u0432 32,5%<\/li>\n<li>\u0418\u043d\u0442\u0435\u043d\u0441\u0438\u0432\u043d\u043e\u0435, \u0434\u043b\u0438\u0442\u0435\u043b\u044c\u043d\u043e\u0435 \u0443\u0432\u043b\u0430\u0436\u043d\u0435\u043d\u0438\u0435, \u043f\u0440\u043e\u043d\u0438\u043a\u043d\u043e\u0432\u0435\u043d\u0438\u0435 \u043b\u0438\u043f\u0438\u0434\u043e\u0432 \u0433\u043b\u0443\u0431\u043e\u043a\u043e \u0432 \u043a\u043e\u0436\u0443<\/li>\n<li>\u0420\u0435\u0433\u0435\u043d\u0435\u0440\u0430\u0446\u0438\u044f<\/li>\n<li>\u0417\u0430\u0449\u0438\u0449\u0430\u0435\u0442 \u043e\u0442 \u0441\u0432\u043e\u0431\u043e\u0434\u043d\u044b\u0445 \u0440\u0430\u0434\u0438\u043a\u0430\u043b\u043e\u0432<\/li>\n<li>\u0423\u0432\u0435\u043b\u0438\u0447\u0438\u0432\u0430\u0435\u0442 \u0437\u0430\u0449\u0438\u0442\u043d\u044b\u0439 \u0431\u0430\u0440\u044c\u0435\u0440 \u043a\u043e\u0436\u0438<\/li>\n<\/ul>\n<p><strong>\u041f\u0440\u0438\u043c\u0435\u043d\u0435\u043d\u0438\u0435<\/strong><\/p>\n<p>\u041d\u0430\u043d\u043e\u0441\u0438\u0442\u0435 \u043d\u0430 \u043b\u0438\u0446\u043e, \u0448\u0435\u044e \u0438 \u0434\u0435\u043a\u043e\u043b\u044c\u0442\u0435 \u0443\u0442\u0440\u043e\u043c \u0438\/\u0438\u043b\u0438 \u0432\u0435\u0447\u0435\u0440\u043e\u043c \u043f\u043e\u0441\u043b\u0435 \u043e\u0447\u0438\u0449\u0430\u044e\u0449\u0438\u0445 \u0438 \u0442\u043e\u043d\u0438\u0437\u0438\u0440\u0443\u044e\u0449\u0435\u0433\u043e \u0441\u0440\u0435\u0434\u0441\u0442\u0432\u0430.<\/p>\n","protected":false},"excerpt":{"rendered":"<p><span data-sheets-value=\"{&quot;1&quot;:2,&quot;2&quot;:&quot;PuhastusemulsioonnRef. 500-Koduhooldus 200ml, Ref. 500\u0420-Prof. 500 mlnKirjeldusnPehme puhastusemulsioon. T\u00e4iuslik vahend k\u00f5ikidele nahat\u00fc\u00fcpidele. Eemaldab mustuse, rasu ning meigi, ei kuivata nahka ja s\u00e4ilitab naha loomuliku pH-tasakaalu. n&quot;}\" data-sheets-userformat=\"{&quot;2&quot;:8403905,&quot;3&quot;:{&quot;1&quot;:0},&quot;9&quot;:1,&quot;10&quot;:2,&quot;11&quot;:3,&quot;12&quot;:0,&quot;14&quot;:[null,2,0],&quot;15&quot;:&quot;Arial&quot;,&quot;16&quot;:10,&quot;26&quot;:400}\"><strong>\u041f\u0438\u0442\u0430\u0442\u0435\u043b\u044c\u043d\u044b\u0439 \u0440\u0435\u0433\u0435\u043d\u0435\u0440\u0438\u0440\u0443\u044e\u0449\u0438\u0439 \u043a\u0440\u0435\u043c<\/strong><br \/>\nRef. \u0414\u043e\u043c\u0430\u0448\u043d\u0438\u0439 \u0443\u0445\u043e\u0434 5020 (50 \u043c\u043b), 5020P \u041f\u0440\u043e\u0444\u0444. (200 \u043c\u043b)<br \/>\n<strong>\u041e\u043f\u0438\u0441\u0430\u043d\u0438\u0435<\/strong><br \/>\n\u0415\u0441\u0442\u0435\u0441\u0442\u0432\u0435\u043d\u043d\u044b\u0435 \u043f\u0440\u043e\u0446\u0435\u0441\u0441\u044b \u043a\u043e\u0436\u0438 \u0443\u043f\u0440\u0430\u0432\u043b\u044f\u044e\u0442\u0441\u044f \u043a\u043e\u043c\u043f\u043b\u0435\u043a\u0441\u043d\u044b\u043c \u043c\u0435\u0445\u0430\u043d\u0438\u0437\u043c\u043e\u043c \u043a\u043b\u0435\u0442\u043e\u0447\u043d\u043e\u0439 \u0430\u043a\u0442\u0438\u0432\u043d\u043e\u0441\u0442\u0438 \u0438 \u0440\u0435\u0430\u0433\u0438\u0440\u0443\u044e\u0442 \u043d\u0430 \u0432\u043d\u0435\u0448\u043d\u0438\u0435 \u0441\u0442\u0438\u043c\u0443\u043b\u044b. \u0412 \u0441\u043e\u0432\u0440\u0435\u043c\u0435\u043d\u043d\u043e\u043c \u043c\u0438\u0440\u0435,\u043f\u0435\u0440\u0435\u043f\u043e\u043b\u043d\u0435\u043d\u043d\u043e\u043c \u0440\u0430\u0437\u043d\u043e\u043e\u0431\u0440\u0430\u0437\u043d\u044b\u043c\u0438 \u0441\u0442\u0440\u0435\u0441\u0441\u0430\u043c\u0438 \u0438 \u043d\u0430\u0433\u0440\u0443\u0437\u043a\u0430\u043c\u0438, \u0447\u0440\u0435\u0437\u0432\u044b\u0447\u0430\u0439\u043d\u043e \u0432\u0430\u0436\u043d\u043e \u0443\u043a\u0440\u0435\u043f\u0438\u0442\u044c \u0435\u0441\u0442\u0435\u0441\u0442\u0432\u0435\u043d\u043d\u0443\u044e \u0437\u0430\u0449\u0438\u0442\u0443 \u043a\u043e\u0436\u0438 \u0438 \u043f\u043e\u0434\u0434\u0435\u0440\u0436\u0438\u0432\u0430\u0442\u044c \u0435\u0435 \u043e\u043f\u0442\u0438\u043c\u0430\u043b\u044c\u043d\u043e\u0435 \u0444\u0443\u043d\u043a\u0446\u0438\u043e\u043d\u0438\u0440\u043e\u0432\u0430\u043d\u0438\u0435. \u041d\u0430\u0438\u0431\u043e\u043b\u0435\u0435 \u044d\u0444\u0444\u0435\u043a\u0442\u0438\u0432\u043d\u043e \u043e\u0441\u0443\u0449\u0435\u0441\u0442\u0432\u043b\u044f\u0442\u044c \u044d\u0442\u043e \u0441 \u043f\u043e\u043c\u043e\u0449\u044c\u044e \u0433\u043b\u0443\u0431\u043e\u043a\u043e\u0433\u043e \u0432\u043e\u0437\u0434\u0435\u0439\u0441\u0442\u0432\u0438\u044f \u0432\u043e \u0432\u0440\u0435\u043c\u044f \u043d\u043e\u0447\u043d\u043e\u0433\u043e \u0441\u043d\u0430. \u0418\u043d\u043d\u043e\u0432\u0430\u0446\u0438\u043e\u043d\u043d\u044b\u0435 \u0430\u043a\u0442\u0438\u0432\u043d\u044b\u0435 \u043a\u043e\u043c\u043f\u043e\u043d\u0435\u043d\u0442\u044b \u0432\u043e\u0441\u0441\u0442\u0430\u043d\u0430\u0432\u043b\u0438\u0432\u0430\u044e\u0442 \u0431\u0430\u043b\u0430\u043d\u0441 \u043b\u0438\u043f\u0438\u0434\u043e\u0432 \u0438 \u0432\u043e\u0441\u043f\u043e\u043b\u043d\u044f\u044e\u0442 \u0440\u0435\u0437\u0435\u0440\u0432 \u0432\u043b\u0430\u0433\u0438. \u0425\u0440\u0443\u043f\u043a\u0430\u044f \u0438 \u0441\u0443\u0445\u0430\u044f \u043a\u043e\u0436\u0430 \u0432\u043e\u0437\u0432\u0440\u0430\u0449\u0430\u0435\u0442 \u0443\u043f\u0440\u0443\u0433\u043e\u0441\u0442\u044c \u0438 \u044d\u043b\u0430\u0441\u0442\u0438\u0447\u043d\u043e\u0441\u0442\u044c. \u041f\u043e\u043c\u0438\u043c\u043e \u0442\u043e\u0433\u043e, \u043f\u043e\u0434\u0434\u0435\u0440\u0436\u0438\u0432\u0430\u0435\u0442\u0441\u044f \u0431\u0430\u0440\u044c\u0435\u0440\u043d\u0430\u044f \u0444\u0443\u043d\u043a\u0446\u0438\u044f \u0441\u0443\u0445\u043e\u0439 \u043a\u043e\u0436\u0438, \u0438 \u043e\u043d\u0430 \u043d\u0430\u0434\u0435\u0436\u043d\u043e \u0437\u0430\u0449\u0438\u0449\u0435\u043d\u0430 \u043e\u0442 \u0434\u0430\u043b\u044c\u043d\u0435\u0439\u0448\u0435\u0433\u043e \u043e\u0431\u0435\u0437\u0432\u043e\u0436\u0438\u0432\u0430\u043d\u0438\u044f. \u041e\u043d \u0443\u043a\u0440\u0435\u043f\u043b\u044f\u0435\u0442 \u043a\u043e\u0436\u0443, \u043f\u0440\u0438\u0434\u0430\u0432\u0430\u044f \u0435\u0439 \u0441\u0438\u043b\u044b \u0434\u043b\u044f \u0442\u043e\u0433\u043e \u0447\u0442\u043e\u0431\u044b \u0441\u043f\u0440\u0430\u0432\u0438\u0442\u044c\u0441\u044f \u0441\u043e \u0432\u0441\u0435\u043c\u0438 \u0438\u0441\u043f\u044b\u0442\u0430\u043d\u0438\u044f\u043c\u0438 \u0434\u043d\u044f.<br \/>\n<\/span><\/p>\n","protected":false},"featured_media":9491,"comment_status":"open","ping_status":"closed","template":"","meta":[],"product_cat":[162,165,159],"product_tag":[],"class_list":{"0":"post-1947","1":"product","2":"type-product","3":"status-publish","4":"has-post-thumbnail","6":"product_cat-cosmeceuticals------","7":"product_cat-dry-skin-ru","8":"product_cat-janssen-cosmetics-ru","10":"first","11":"instock","12":"sale","13":"taxable","14":"shipping-taxable","15":"product-type-variable"},"_links":{"self":[{"href":"https:\/\/janssen-beauty.ee\/ru\/wp-json\/wp\/v2\/product\/1947"}],"collection":[{"href":"https:\/\/janssen-beauty.ee\/ru\/wp-json\/wp\/v2\/product"}],"about":[{"href":"https:\/\/janssen-beauty.ee\/ru\/wp-json\/wp\/v2\/types\/product"}],"replies":[{"embeddable":true,"href":"https:\/\/janssen-beauty.ee\/ru\/wp-json\/wp\/v2\/comments?post=1947"}],"wp:featuredmedia":[{"embeddable":true,"href":"https:\/\/janssen-beauty.ee\/ru\/wp-json\/wp\/v2\/media\/9491"}],"wp:attachment":[{"href":"https:\/\/janssen-beauty.ee\/ru\/wp-json\/wp\/v2\/media?parent=1947"}],"wp:term":[{"taxonomy":"product_cat","embeddable":true,"href":"https:\/\/janssen-beauty.ee\/ru\/wp-json\/wp\/v2\/product_cat?post=1947"},{"taxonomy":"product_tag","embeddable":true,"href":"https:\/\/janssen-beauty.ee\/ru\/wp-json\/wp\/v2\/product_tag?post=1947"}],"curies":[{"name":"wp","href":"https:\/\/api.w.org\/{rel}","templated":true}]}}