{"id":1971,"date":"2021-08-10T14:33:45","date_gmt":"2019-01-28T12:33:45","guid":{"rendered":"https:\/\/janssen-beauty.ee\/?post_type=product&#038;p=1971"},"modified":"2025-07-06T20:33:37","modified_gmt":"2025-07-06T17:33:37","slug":"deep-xpress-moist-serum-ref-5035-5035p","status":"publish","type":"product","link":"https:\/\/janssen-beauty.ee\/ru\/product\/deep-xpress-moist-serum-ref-5035-5035p","title":{"rendered":"Deep Xpress Moist Serum Ref. 5035 \/ 5035P"},"content":{"rendered":"<p><span data-sheets-value=\"{&quot;1&quot;:2,&quot;2&quot;:&quot;ToimenPuhastab, eemaldades pindmise mustuse. Kergesti mahapestav, muudab n\u00e4o siledaks. Regenereerib ja tervendab. Nahas\u00f5bralik puhastusvahend, tasakaalustab naha pH. nAktiivainedn\u2022 Naturaalne arahhise\u00f5li n\u2022 Unikaalsed naturaalsed niisutusained.nKasutaminenM\u00f5eldud kasutamiseks igal hommikul ja \u00f5htul. Kanda v\u00e4ike kogus puhastusvahendit kaelale, n\u00e4ole ja dekolteele. Masseerida kergelt. L\u00f5puks pesta maha leige veega v\u00f5i puhastada niisutatud vatiga. n&quot;}\" data-sheets-userformat=\"{&quot;2&quot;:8403905,&quot;3&quot;:{&quot;1&quot;:0},&quot;9&quot;:1,&quot;10&quot;:2,&quot;11&quot;:3,&quot;12&quot;:0,&quot;14&quot;:[null,2,0],&quot;15&quot;:&quot;Arial&quot;,&quot;16&quot;:10,&quot;26&quot;:400}\"><strong>\u0410\u043a\u0442\u0438\u0432\u043d\u044b\u0435 \u043a\u043e\u043c\u043f\u043e\u043d\u0435\u043d\u0442\u044b<\/strong><br \/>\n<\/span><\/p>\n<ul>\n<li><strong>Hydro Express Complex: <\/strong>Hydro Express Complex: \u041c\u043e\u043b\u0435\u043a\u0443\u043b\u044f\u0440\u043d\u0430\u044f \u0441\u0435\u0442\u043a\u0430 \u0438\u0437 \u043f\u0440\u0438\u0440\u043e\u0434\u043d\u044b\u0445 \u0431\u0438\u043e\u043f\u043e\u043b\u0438\u043c\u0435\u0440\u043e\u0432 (\u0433\u0438\u0430\u043b\u0443\u0440\u043e\u043d\u043e\u0432\u0430\u044f \u043a\u0438\u0441\u043b\u043e\u0442\u0430, \u0430\u043b\u044c\u0433\u0438\u043d\u0430\u0442 \u0438 \u043f\u0443\u043b\u043b\u0443\u043b\u0430\u043d) \u0441 \u0443\u043b\u044c\u0442\u0440\u0430\u043a\u043e\u043d\u0446\u0435\u043d\u0442\u0440\u0438\u0440\u043e\u0432\u0430\u043d\u043d\u044b\u043c\u0438 \u0443\u0432\u043b\u0430\u0436\u043d\u044f\u044e\u0449\u0438\u043c\u0438 \u0430\u043a\u0442\u0438\u0432\u043d\u044b\u043c\u0438 \u0438\u043d\u0433\u0440\u0435\u0434\u0438\u0435\u043d\u0442\u0430\u043c\u0438 (\u0433\u043b\u0438\u0446\u0435\u0440\u0438\u043d, \u0441\u0435\u0440\u0438\u043d, \u0442\u0440\u0435\u0433\u0430\u043b\u043e\u0437\u0430, \u043c\u043e\u0447\u0435\u0432\u0438\u043d\u0430). \u0410\u043a\u0442\u0438\u0432\u043d\u044b\u0435 \u0438\u043d\u0433\u0440\u0435\u0434\u0438\u0435\u043d\u0442\u044b \u043f\u043e\u0441\u0442\u0435\u043f\u0435\u043d\u043d\u043e \u043f\u043e\u043f\u0430\u0434\u0430\u044e\u0442 \u0432 \u0440\u043e\u0433\u043e\u0432\u043e\u0439 \u0441\u043b\u043e\u0439, \u043f\u043e\u0432\u044b\u0448\u0430\u044f \u0443\u0432\u043b\u0430\u0436\u043d\u0451\u043d\u043d\u043e\u0441\u0442\u044c \u043a\u043e\u0436\u0438 (\u043d\u0430 25% \u0431\u043e\u043b\u044c\u0448\u0435 \u0432\u043b\u0430\u0433\u0438 \u0432\u0441\u0435\u0433\u043e \u0437\u0430 30 \u043c\u0438\u043d\u0443\u0442), \u0434\u043b\u0438\u0442\u0435\u043b\u044c\u043d\u0430\u044f \u0437\u0430\u0449\u0438\u0442\u0430 \u0443\u0432\u0435\u043b\u0438\u0447\u0438\u0432\u0430\u0435\u0442 \u0432\u043b\u0430\u0436\u043d\u043e\u0441\u0442\u044c \u043a\u043e\u0436\u0438 \u0434\u043e 5 \u0434\u043d\u0435\u0439 \u043f\u043e\u0441\u043b\u0435 \u043f\u043e\u0441\u043b\u0435\u0434\u043d\u0435\u0433\u043e \u043f\u0440\u0438\u043c\u0435\u043d\u0435\u043d\u0438\u044f.<\/li>\n<li><strong>Wild viola extract:<\/strong>\u0434\u043b\u0438\u0442\u0435\u043b\u044c\u043d\u043e\u0435 \u0443\u0432\u043b\u0430\u0436\u043d\u0435\u043d\u0438\u0435 \u0432 \u0433\u043b\u0443\u0431\u043e\u043a\u0438\u0435 \u0441\u043b\u043e\u0438 \u043a\u043e\u0436\u0438; \u0430\u043a\u0442\u0438\u0432\u0438\u0440\u0443\u0435\u0442 \u0432\u043e\u0434\u043d\u044b\u0435 \u043a\u0430\u043d\u0430\u043b\u044b \u043c\u0435\u0436\u0434\u0443 \u043a\u043b\u0435\u0442\u043a\u0430\u043c\u0438 \u043a\u043e\u0436\u0438, \u043f\u043e\u043f\u043e\u043b\u043d\u044f\u044f \u0437\u0430\u043f\u0430\u0441\u044b \u0432\u043b\u0430\u0433\u0438 \u0432 \u043a\u043e\u0436\u0435.<\/li>\n<li><strong>Long-chain hyaluronic acid: <\/strong>\u043e\u0431\u0440\u0430\u0437\u0443\u0435\u0442 \u043d\u0430 \u043f\u043e\u0432\u0435\u0440\u0445\u043d\u043e\u0441\u0442\u0438 \u043a\u043e\u0436\u0438 \u0432\u043b\u0430\u0433\u043e\u0441\u0432\u044f\u0437\u044b\u0432\u0430\u044e\u0449\u0443\u044e \u043f\u043b\u0435\u043d\u043a\u0443, \u043d\u0430\u043f\u043e\u043b\u043d\u044f\u0435\u0442 \u0432\u043b\u0430\u0433\u043e\u0439, \u0437\u0430\u043f\u043e\u043b\u043d\u044f\u0435\u0442 \u0442\u043e\u043d\u043a\u0438\u0435 \u043c\u043e\u0440\u0449\u0438\u043d\u043a\u0438.<\/li>\n<li><strong>Short-chain hyaluronic acid: <\/strong>\u043f\u0440\u043e\u043d\u0438\u043a\u0430\u0435\u0442 \u0432 \u0432\u0435\u0440\u0445\u043d\u0438\u0435 \u0441\u043b\u043e\u0438 \u0440\u043e\u0433\u043e\u0432\u043e\u0433\u043e \u0441\u043b\u043e\u044f, \u043f\u0440\u043e\u043b\u043e\u043d\u0433\u0438\u0440\u043e\u0432\u0430\u043d\u043d\u043e \u0443\u0432\u043b\u0430\u0436\u043d\u044f\u0435\u0442 \u0435\u0451, \u043c\u043e\u0440\u0449\u0438\u043d\u044b \u0440\u0430\u0437\u0433\u043b\u0430\u0436\u0438\u0432\u0430\u044e\u0442\u0441\u044f.<\/li>\n<li><strong>Imperata<\/strong> <strong>cylindrica<\/strong><strong>: <\/strong>\u044d\u043a\u0441\u0442\u0440\u0430\u043a\u0442 \u043a\u043e\u0440\u043d\u044f Imperata cylindrica \u0437\u043d\u0430\u0447\u0438\u0442\u0435\u043b\u044c\u043d\u043e \u0443\u0432\u0435\u043b\u0438\u0447\u0438\u0432\u0430\u0435\u0442 \u0443\u0440\u043e\u0432\u0435\u043d\u044c \u0432\u043b\u0430\u0436\u043d\u043e\u0441\u0442\u0438 \u0432 \u0432\u0435\u0440\u0445\u043d\u0438\u0445 \u0441\u043b\u043e\u044f\u0445 \u044d\u043f\u0438\u0434\u0435\u0440\u043c\u0438\u0441\u0430 (\u043d\u0430 20% \u0431\u043e\u043b\u044c\u0448\u0435 \u0432\u043b\u0430\u0433\u0438 \u0432 \u0442\u0435\u0447\u0435\u043d\u0438\u0435 24 \u0447\u0430\u0441\u043e\u0432).<\/li>\n<li><strong>Ectoine: <\/strong>\u0437\u0430\u0449\u0438\u0449\u0430\u0435\u0442 \u043a\u043b\u0435\u0442\u043a\u0438 \u044d\u043f\u0438\u0434\u0435\u0440\u043c\u0438\u0441\u0430 \u043e\u0442 \u0432\u043e\u0437\u0434\u0435\u0439\u0441\u0442\u0432\u0438\u044f \u043e\u043a\u0440\u0443\u0436\u0430\u044e\u0449\u0435\u0439 \u0441\u0440\u0435\u0434\u044b \u043d\u0430 \u0434\u043b\u0438\u0442\u0435\u043b\u044c\u043d\u044b\u0439 \u0441\u0440\u043e\u043a, \u0443\u043c\u0435\u043d\u044c\u0448\u0430\u044f \u0441\u043e\u0434\u0435\u0440\u0436\u0430\u043d\u0438\u0435 \u0432\u043b\u0430\u0433\u0438 (+ 30% \u0437\u0430 12 \u0434\u043d\u0435\u0439) \u0438 \u043f\u0438\u0433\u043c\u0435\u043d\u0442\u043d\u044b\u0445 \u043f\u044f\u0442\u0435\u043d (-22% \u0437\u0430 4 \u043c\u0435\u0441\u044f\u0446\u0430).<\/li>\n<\/ul>\n<p><span data-sheets-value=\"{&quot;1&quot;:2,&quot;2&quot;:&quot;ToimenPuhastab, eemaldades pindmise mustuse. Kergesti mahapestav, muudab n\u00e4o siledaks. Regenereerib ja tervendab. Nahas\u00f5bralik puhastusvahend, tasakaalustab naha pH. nAktiivainedn\u2022 Naturaalne arahhise\u00f5li n\u2022 Unikaalsed naturaalsed niisutusained.nKasutaminenM\u00f5eldud kasutamiseks igal hommikul ja \u00f5htul. Kanda v\u00e4ike kogus puhastusvahendit kaelale, n\u00e4ole ja dekolteele. Masseerida kergelt. L\u00f5puks pesta maha leige veega v\u00f5i puhastada niisutatud vatiga. n&quot;}\" data-sheets-userformat=\"{&quot;2&quot;:8403905,&quot;3&quot;:{&quot;1&quot;:0},&quot;9&quot;:1,&quot;10&quot;:2,&quot;11&quot;:3,&quot;12&quot;:0,&quot;14&quot;:[null,2,0],&quot;15&quot;:&quot;Arial&quot;,&quot;16&quot;:10,&quot;26&quot;:400}\"><strong>\u0421\u0432\u043e\u0439\u0441\u0442\u0432\u0430<\/strong><br \/>\n\u2022 \u0423\u0441\u0438\u043b\u0438\u0442\u0435\u043b\u044c \u0432\u043b\u0430\u0436\u043d\u043e\u0441\u0442\u0438.<br \/>\n\u2022 \u041e\u0431\u0435\u0441\u043f\u0435\u0447\u0438\u0432\u0430\u0435\u0442 \u0438\u043d\u0442\u0435\u043d\u0441\u0438\u0432\u043d\u043e\u0435 \u0438 \u043f\u0440\u043e\u0434\u043e\u043b\u0436\u0438\u0442\u0435\u043b\u044c\u043d\u043e\u0435, \u0433\u043b\u0443\u0431\u043e\u043a\u043e\u0435 \u0443\u0432\u043b\u0430\u0436\u043d\u0435\u043d\u0438\u0435 \u043a\u043e\u0436\u0438.<br \/>\n\u2022 \u0420\u0430\u0437\u0433\u043b\u0430\u0436\u0438\u0432\u0430\u0435\u0442 \u043c\u043e\u0440\u0449\u0438\u043d\u044b, \u0432\u044b\u0437\u0432\u0430\u043d\u043d\u044b\u0435 \u0441\u0443\u0445\u043e\u0441\u0442\u044c\u044e.<br \/>\n\u2022 \u0423\u043a\u0440\u0435\u043f\u043b\u044f\u0435\u0442 \u0437\u0430\u0449\u0438\u0442\u043d\u044b\u0439 \u0431\u0430\u0440\u044c\u0435\u0440 \u043a\u043e\u0436\u0438.<br \/>\n\u2022 \u0417\u0430\u0449\u0438\u0449\u0430\u0435\u0442 \u043e\u0442 \u0441\u0432\u043e\u0431\u043e\u0434\u043d\u044b\u0445 \u0440\u0430\u0434\u0438\u043a\u0430\u043b\u043e\u0432.<\/span><\/p>\n<p><strong>\u041f\u0440\u0438\u043c\u0435\u043d\u0435\u043d\u0438\u0435<\/strong><\/p>\n<p>\u041d\u0430\u043d\u043e\u0441\u0438\u0442\u0435 \u0441\u044b\u0432\u043e\u0440\u043e\u0442\u043a\u0443 \u0443\u0442\u0440\u043e\u043c \u0438 \u0432\u0435\u0447\u0435\u0440\u043e\u043c \u043f\u043e\u0441\u043b\u0435 \u043e\u0447\u0438\u0449\u0435\u043d\u0438\u044f \u043a\u043e\u0436\u0438, \u0430 \u0437\u0430\u0442\u0435\u043c \u0438\u0441\u043f\u043e\u043b\u044c\u0437\u0443\u0439\u0442\u0435 \u043f\u0438\u0442\u0430\u0442\u0435\u043b\u044c\u043d\u044b\u0439 \u043a\u0440\u0435\u043c.<\/p>\n<p><span data-sheets-value=\"{&quot;1&quot;:2,&quot;2&quot;:&quot;ToimenPuhastab, eemaldades pindmise mustuse. Kergesti mahapestav, muudab n\u00e4o siledaks. Regenereerib ja tervendab. Nahas\u00f5bralik puhastusvahend, tasakaalustab naha pH. nAktiivainedn\u2022 Naturaalne arahhise\u00f5li n\u2022 Unikaalsed naturaalsed niisutusained.nKasutaminenM\u00f5eldud kasutamiseks igal hommikul ja \u00f5htul. Kanda v\u00e4ike kogus puhastusvahendit kaelale, n\u00e4ole ja dekolteele. Masseerida kergelt. L\u00f5puks pesta maha leige veega v\u00f5i puhastada niisutatud vatiga. n&quot;}\" data-sheets-userformat=\"{&quot;2&quot;:8403905,&quot;3&quot;:{&quot;1&quot;:0},&quot;9&quot;:1,&quot;10&quot;:2,&quot;11&quot;:3,&quot;12&quot;:0,&quot;14&quot;:[null,2,0],&quot;15&quot;:&quot;Arial&quot;,&quot;16&quot;:10,&quot;26&quot;:400}\">\u00a0<\/span><\/p>\n","protected":false},"excerpt":{"rendered":"<h3>\u0418\u043d\u0442\u0435\u043d\u0441\u0438\u0432\u043d\u043e\u0435 \u0443\u0432\u043b\u0430\u0436\u043d\u0435\u043d\u0438\u0435 + \u0437\u0430\u0449\u0438\u0442\u0430 \u043e\u0442 \u0432\u043e\u0437\u0434\u0435\u0439\u0441\u0442\u0432\u0438\u044f \u043e\u043a\u0440\u0443\u0436\u0430\u044e\u0449\u0435\u0439 \u0441\u0440\u0435\u0434\u044b<\/h3>\n<p><span data-sheets-value=\"{&quot;1&quot;:2,&quot;2&quot;:&quot;PuhastusemulsioonnRef. 500-Koduhooldus 200ml, Ref. 500\u0420-Prof. 500 mlnKirjeldusnPehme puhastusemulsioon. T\u00e4iuslik vahend k\u00f5ikidele nahat\u00fc\u00fcpidele. Eemaldab mustuse, rasu ning meigi, ei kuivata nahka ja s\u00e4ilitab naha loomuliku pH-tasakaalu. n&quot;}\" data-sheets-userformat=\"{&quot;2&quot;:8403905,&quot;3&quot;:{&quot;1&quot;:0},&quot;9&quot;:1,&quot;10&quot;:2,&quot;11&quot;:3,&quot;12&quot;:0,&quot;14&quot;:[null,2,0],&quot;15&quot;:&quot;Arial&quot;,&quot;16&quot;:10,&quot;26&quot;:400}\">Ref. 5035 &#8211; \u0414\u043e\u043c\u0430\u0448\u043d\u0438\u0439 \u0443\u0445\u043e\u0434 30 \u043c\u043b, Ref. 5035P &#8211; \u041f\u0440\u043e\u0444\u0444. 50 \u043c\u043b<br \/>\n<strong>\u041e\u043f\u0438\u0441\u0430\u043d\u0438\u0435<\/strong><br \/>\n<\/span><\/p>\n<p>Deep Xpress Moist Serum &#8211; \u00a0\u044f\u0432\u043b\u044f\u0435\u0442\u0441\u044f \u0438\u0434\u0435\u0430\u043b\u044c\u043d\u044b\u043c \u0434\u043e\u043f\u043e\u043b\u043d\u0435\u043d\u0438\u0435\u043c \u043a \u043b\u044e\u0431\u043e\u043c\u0443 \u043a\u0440\u0435\u043c\u0443 \u0438\u0437 \u0441\u0435\u0440\u0438\u0438 Dry Skin. \u0411\u044b\u0441\u0442\u0440\u043e \u0432\u043f\u0438\u0442\u044b\u0432\u0430\u044e\u0449\u0430\u044f\u0441\u044f, \u0438\u043d\u0442\u0435\u043d\u0441\u0438\u0432\u043d\u043e \u043e\u0441\u0432\u0435\u0436\u0430\u044e\u0449\u0430\u044f \u0441\u044b\u0432\u043e\u0440\u043e\u0442\u043a\u0430 \u043c\u0433\u043d\u043e\u0432\u0435\u043d\u043d\u043e \u043f\u0440\u043e\u043d\u0438\u043a\u0430\u0435\u0442 \u0432 \u043a\u043e\u0436\u0443, \u043e\u0431\u0435\u0441\u043f\u0435\u0447\u0438\u0432\u0430\u044f \u043c\u0430\u043a\u0441\u0438\u043c\u0430\u043b\u044c\u043d\u043e\u0435 \u0443\u0432\u043b\u0430\u0436\u043d\u0435\u043d\u0438\u0435, \u0437\u0430\u0449\u0438\u0449\u0430\u0435\u0442 \u043e\u0442 \u043e\u043a\u0438\u0441\u043b\u0438\u0442\u0435\u043b\u044c\u043d\u043e\u0433\u043e \u0441\u0442\u0440\u0435\u0441\u0441\u0430 \u0438 \u043f\u0440\u0435\u0436\u0434\u0435\u0432\u0440\u0435\u043c\u0435\u043d\u043d\u043e\u0433\u043e \u0441\u0442\u0430\u0440\u0435\u043d\u0438\u044f \u043a\u043e\u0436\u0438. \u0421\u044b\u0432\u043e\u0440\u043e\u0442\u043a\u0430 Deep Xpress \u0441\u043e\u0434\u0435\u0440\u0436\u0438\u0442 \u0443\u043b\u044c\u0442\u0440\u0430\u044d\u0444\u0444\u0435\u043a\u0442\u0438\u0432\u043d\u044b\u0439 \u043a\u043e\u043c\u043f\u043b\u0435\u043a\u0441 Hydro Express &#8211; \u044d\u0442\u043e \u0438\u043d\u043d\u043e\u0432\u0430\u0446\u0438\u043e\u043d\u043d\u044b\u0439 \u043a\u043e\u043c\u043f\u043b\u0435\u043a\u0441, \u043a\u043e\u0442\u043e\u0440\u044b\u0439 \u043e\u0431\u0440\u0430\u0437\u0443\u0435\u0442 \u043d\u0435\u0432\u0438\u0434\u0438\u043c\u0443\u044e, \u043d\u043e \u044d\u0444\u0444\u0435\u043a\u0442\u0438\u0432\u043d\u0443\u044e \u043c\u043e\u043b\u0435\u043a\u0443\u043b\u044f\u0440\u043d\u0443\u044e \u0441\u0435\u0442\u043a\u0443 \u043d\u0430 \u043f\u043e\u0432\u0435\u0440\u0445\u043d\u043e\u0441\u0442\u0438 \u043a\u043e\u0436\u0438. \u0421\u0435\u0442\u043a\u0430 \u0441\u043e\u0441\u0442\u043e\u0438\u0442 \u0438\u0437 \u0433\u0438\u0430\u043b\u0443\u0440\u043e\u043d\u043e\u0432\u043e\u0439 \u043a\u0438\u0441\u043b\u043e\u0442\u044b, \u0430\u043b\u044c\u0433\u0438\u043d\u0430\u0442\u0430 \u0438 \u043f\u0443\u043b\u043b\u0443\u043b\u0430\u043d\u0430 \u0438 \u043d\u0435\u0441\u0435\u0442 \u0432 \u0441\u0435\u0431\u0435 \u0443\u0432\u043b\u0430\u0436\u043d\u044f\u044e\u0449\u0438\u0439 \u043a\u043e\u043c\u043f\u043b\u0435\u043a\u0441, \u043a\u043e\u0442\u043e\u0440\u044b\u0439 \u043d\u0435\u043f\u0440\u0435\u0440\u044b\u0432\u043d\u043e \u0443\u0432\u043b\u0430\u0436\u043d\u044f\u0435\u0442 \u043a\u043e\u0436\u0443. \u041d\u0430\u0442\u0443\u0440\u0430\u043b\u044c\u043d\u044b\u0439 \u044d\u043a\u0441\u0442\u0440\u0430\u043a\u0442 \u0434\u0438\u043a\u0438\u0445 \u0430\u043d\u044e\u0442\u0438\u043d\u044b\u0445 \u0433\u043b\u0430\u0437\u043e\u043a \u0430\u043a\u0442\u0438\u0432\u0438\u0437\u0438\u0440\u0443\u0435\u0442 \u0432\u043e\u0434\u043d\u044b\u0435 \u043a\u0430\u043d\u0430\u043b\u044b \u043c\u0435\u0436\u0434\u0443 \u043a\u043b\u0435\u0442\u043a\u0430\u043c\u0438 \u043a\u043e\u0436\u0438, \u044d\u0444\u0444\u0435\u043a\u0442\u0438\u0432\u043d\u043e \u043f\u043e\u043f\u043e\u043b\u043d\u044f\u044f \u0437\u0430\u043f\u0430\u0441\u044b \u0432\u043b\u0430\u0433\u0438 \u0432 \u043a\u043e\u0436\u0435. \u0414\u0432\u043e\u0439\u043d\u0430\u044f \u0433\u0438\u0430\u043b\u0443\u0440\u043e\u043d\u043e\u0432\u0430\u044f \u043a\u0438\u0441\u043b\u043e\u0442\u0430 \u043c\u043e\u043c\u0435\u043d\u0442\u0430\u043b\u044c\u043d\u043e \u0443\u043c\u0435\u043d\u044c\u0448\u0430\u0435\u0442 \u0433\u043b\u0443\u0431\u0438\u043d\u0443 \u043c\u043e\u0440\u0449\u0438\u043d\u043e\u043a, \u0434\u0435\u043b\u0430\u044f \u043a\u043e\u0436\u0443 \u0448\u0435\u043b\u043a\u043e\u0432\u0438\u0441\u0442\u043e-\u0433\u043b\u0430\u0434\u043a\u043e\u0439. \u042d\u043a\u0442\u043e\u0438\u043d \u0437\u0430\u0449\u0438\u0449\u0430\u0435\u0442 \u043a\u043e\u0436\u0443 \u043e\u0442 \u0432\u0440\u0435\u0434\u043d\u043e\u0433\u043e \u0432\u043e\u0437\u0434\u0435\u0439\u0441\u0442\u0432\u0438\u044f \u043e\u043a\u0440\u0443\u0436\u0430\u044e\u0449\u0435\u0439 \u0441\u0440\u0435\u0434\u044b, \u043f\u043e\u0434\u0434\u0435\u0440\u0436\u0438\u0432\u0430\u044f \u0441\u043e\u0431\u0441\u0442\u0432\u0435\u043d\u043d\u044b\u0439 \u043c\u0435\u0445\u0430\u043d\u0438\u0437\u043c \u0432\u043e\u0441\u0441\u0442\u0430\u043d\u043e\u0432\u043b\u0435\u043d\u0438\u044f \u043a\u043b\u0435\u0442\u043e\u043a. \u041d\u0430\u0442\u0443\u0440\u0430\u043b\u044c\u043d\u0430\u044f \u0430\u043d\u0442\u0438\u0441\u0442\u0440\u0435\u0441\u0441\u043e\u0432\u0430\u044f \u043c\u043e\u043b\u0435\u043a\u0443\u043b\u0430 \u043f\u043e\u0432\u044b\u0448\u0430\u0435\u0442 \u0443\u0440\u043e\u0432\u0435\u043d\u044c \u0432\u043b\u0430\u0436\u043d\u043e\u0441\u0442\u0438 \u043a\u043e\u0436\u0438 \u0438 \u0437\u0430\u0449\u0438\u0449\u0430\u0435\u0442 \u0441\u043e\u0431\u0441\u0442\u0432\u0435\u043d\u043d\u0443\u044e \u0437\u0430\u0449\u0438\u0442\u043d\u0443\u044e \u0444\u0443\u043d\u043a\u0446\u0438\u044e \u043a\u043e\u0436\u0438.<\/p>\n<p><span data-sheets-value=\"{&quot;1&quot;:2,&quot;2&quot;:&quot;PuhastusemulsioonnRef. 500-Koduhooldus 200ml, Ref. 500\u0420-Prof. 500 mlnKirjeldusnPehme puhastusemulsioon. T\u00e4iuslik vahend k\u00f5ikidele nahat\u00fc\u00fcpidele. Eemaldab mustuse, rasu ning meigi, ei kuivata nahka ja s\u00e4ilitab naha loomuliku pH-tasakaalu. n&quot;}\" data-sheets-userformat=\"{&quot;2&quot;:8403905,&quot;3&quot;:{&quot;1&quot;:0},&quot;9&quot;:1,&quot;10&quot;:2,&quot;11&quot;:3,&quot;12&quot;:0,&quot;14&quot;:[null,2,0],&quot;15&quot;:&quot;Arial&quot;,&quot;16&quot;:10,&quot;26&quot;:400}\">\u00a0<\/span><\/p>\n","protected":false},"featured_media":9513,"comment_status":"open","ping_status":"closed","template":"","meta":[],"product_cat":[162,165,159],"product_tag":[],"class_list":{"0":"post-1971","1":"product","2":"type-product","3":"status-publish","4":"has-post-thumbnail","6":"product_cat-cosmeceuticals------","7":"product_cat-dry-skin-ru","8":"product_cat-janssen-cosmetics-ru","10":"first","11":"instock","12":"sale","13":"taxable","14":"shipping-taxable","15":"product-type-variable"},"_links":{"self":[{"href":"https:\/\/janssen-beauty.ee\/ru\/wp-json\/wp\/v2\/product\/1971"}],"collection":[{"href":"https:\/\/janssen-beauty.ee\/ru\/wp-json\/wp\/v2\/product"}],"about":[{"href":"https:\/\/janssen-beauty.ee\/ru\/wp-json\/wp\/v2\/types\/product"}],"replies":[{"embeddable":true,"href":"https:\/\/janssen-beauty.ee\/ru\/wp-json\/wp\/v2\/comments?post=1971"}],"wp:featuredmedia":[{"embeddable":true,"href":"https:\/\/janssen-beauty.ee\/ru\/wp-json\/wp\/v2\/media\/9513"}],"wp:attachment":[{"href":"https:\/\/janssen-beauty.ee\/ru\/wp-json\/wp\/v2\/media?parent=1971"}],"wp:term":[{"taxonomy":"product_cat","embeddable":true,"href":"https:\/\/janssen-beauty.ee\/ru\/wp-json\/wp\/v2\/product_cat?post=1971"},{"taxonomy":"product_tag","embeddable":true,"href":"https:\/\/janssen-beauty.ee\/ru\/wp-json\/wp\/v2\/product_tag?post=1971"}],"curies":[{"name":"wp","href":"https:\/\/api.w.org\/{rel}","templated":true}]}}