{"id":2004,"date":"2021-08-11T09:09:03","date_gmt":"2019-01-28T13:09:03","guid":{"rendered":"https:\/\/janssen-beauty.ee\/?post_type=product&#038;p=2004"},"modified":"2025-07-06T20:40:40","modified_gmt":"2025-07-06T17:40:40","slug":"deep-xpress-hydro-mask-ref-5090-5090p","status":"publish","type":"product","link":"https:\/\/janssen-beauty.ee\/ru\/product\/deep-xpress-hydro-mask-ref-5090-5090p","title":{"rendered":"Deep Xpress Hydro Mask Ref. 5090 \/ 5090P"},"content":{"rendered":"<p><span data-sheets-value=\"{&quot;1&quot;:2,&quot;2&quot;:&quot;ToimenPuhastab, eemaldades pindmise mustuse. Kergesti mahapestav, muudab n\u00e4o siledaks. Regenereerib ja tervendab. Nahas\u00f5bralik puhastusvahend, tasakaalustab naha pH. nAktiivainedn\u2022 Naturaalne arahhise\u00f5li n\u2022 Unikaalsed naturaalsed niisutusained.nKasutaminenM\u00f5eldud kasutamiseks igal hommikul ja \u00f5htul. Kanda v\u00e4ike kogus puhastusvahendit kaelale, n\u00e4ole ja dekolteele. Masseerida kergelt. L\u00f5puks pesta maha leige veega v\u00f5i puhastada niisutatud vatiga. n&quot;}\" data-sheets-userformat=\"{&quot;2&quot;:8403905,&quot;3&quot;:{&quot;1&quot;:0},&quot;9&quot;:1,&quot;10&quot;:2,&quot;11&quot;:3,&quot;12&quot;:0,&quot;14&quot;:[null,2,0],&quot;15&quot;:&quot;Arial&quot;,&quot;16&quot;:10,&quot;26&quot;:400}\"><strong>\u0410\u043a\u0442\u0438\u0432\u043d\u044b\u0435 \u043a\u043e\u043c\u043f\u043e\u043d\u0435\u043d\u0442\u044b<\/strong><br \/>\n<\/span><\/p>\n<ul>\n<li><strong>Hydro Express Complex: <\/strong>Hydro Express Complex: \u041c\u043e\u043b\u0435\u043a\u0443\u043b\u044f\u0440\u043d\u0430\u044f \u0441\u0435\u0442\u043a\u0430 \u0438\u0437 \u043f\u0440\u0438\u0440\u043e\u0434\u043d\u044b\u0445 \u0431\u0438\u043e\u043f\u043e\u043b\u0438\u043c\u0435\u0440\u043e\u0432 (\u0433\u0438\u0430\u043b\u0443\u0440\u043e\u043d\u043e\u0432\u0430\u044f \u043a\u0438\u0441\u043b\u043e\u0442\u0430, \u0430\u043b\u044c\u0433\u0438\u043d\u0430\u0442 \u0438 \u043f\u0443\u043b\u043b\u0443\u043b\u0430\u043d) \u0441 \u0443\u043b\u044c\u0442\u0440\u0430\u043a\u043e\u043d\u0446\u0435\u043d\u0442\u0440\u0438\u0440\u043e\u0432\u0430\u043d\u043d\u044b\u043c\u0438 \u0443\u0432\u043b\u0430\u0436\u043d\u044f\u044e\u0449\u0438\u043c\u0438 \u0430\u043a\u0442\u0438\u0432\u043d\u044b\u043c\u0438 \u0438\u043d\u0433\u0440\u0435\u0434\u0438\u0435\u043d\u0442\u0430\u043c\u0438 (\u0433\u043b\u0438\u0446\u0435\u0440\u0438\u043d, \u0441\u0435\u0440\u0438\u043d, \u0442\u0440\u0435\u0433\u0430\u043b\u043e\u0437\u0430, \u043c\u043e\u0447\u0435\u0432\u0438\u043d\u0430). \u0410\u043a\u0442\u0438\u0432\u043d\u044b\u0435 \u0438\u043d\u0433\u0440\u0435\u0434\u0438\u0435\u043d\u0442\u044b \u043f\u043e\u0441\u0442\u0435\u043f\u0435\u043d\u043d\u043e \u043f\u043e\u043f\u0430\u0434\u0430\u044e\u0442 \u0432 \u0440\u043e\u0433\u043e\u0432\u043e\u0439 \u0441\u043b\u043e\u0439, \u043f\u043e\u0432\u044b\u0448\u0430\u044f \u0443\u0432\u043b\u0430\u0436\u043d\u0451\u043d\u043d\u043e\u0441\u0442\u044c \u043a\u043e\u0436\u0438 (\u043d\u0430 25% \u0431\u043e\u043b\u044c\u0448\u0435 \u0432\u043b\u0430\u0433\u0438 \u0432\u0441\u0435\u0433\u043e \u0437\u0430 30 \u043c\u0438\u043d\u0443\u0442), \u0434\u043b\u0438\u0442\u0435\u043b\u044c\u043d\u0430\u044f \u0437\u0430\u0449\u0438\u0442\u0430 \u0443\u0432\u0435\u043b\u0438\u0447\u0438\u0432\u0430\u0435\u0442 \u0432\u043b\u0430\u0436\u043d\u043e\u0441\u0442\u044c \u043a\u043e\u0436\u0438 \u0434\u043e 5 \u0434\u043d\u0435\u0439 \u043f\u043e\u0441\u043b\u0435 \u043f\u043e\u0441\u043b\u0435\u0434\u043d\u0435\u0433\u043e \u043f\u0440\u0438\u043c\u0435\u043d\u0435\u043d\u0438\u044f.<\/li>\n<li><strong>Pullulan: <\/strong>\u044d\u0442\u043e\u0442 \u043f\u0440\u0438\u0440\u043e\u0434\u043d\u044b\u0439 \u043f\u043e\u043b\u0438\u0441\u0430\u0445\u0430\u0440\u0438\u0434 \u043f\u0440\u043e\u0438\u0437\u0432\u043e\u0434\u0438\u0442\u0441\u044f \u043f\u0443\u0442\u0435\u043c \u0444\u0435\u0440\u043c\u0435\u043d\u0442\u0430\u0446\u0438\u0438 \u0441 \u0438\u0441\u043f\u043e\u043b\u044c\u0437\u043e\u0432\u0430\u043d\u0438\u0435\u043c \u0433\u0440\u0438\u0431\u043a\u0430 Aureobasidium pullulans. \u041e\u043d \u0441\u043e\u0441\u0442\u043e\u0438\u0442 \u0438\u0437 \u0433\u043b\u044e\u043a\u043e\u0437\u0438\u0434\u043d\u044b\u0445 \u0432\u0435\u0449\u0435\u0441\u0442\u0432 \u0438 \u0445\u043e\u0440\u043e\u0448\u043e \u0440\u0430\u0441\u0442\u0432\u043e\u0440\u044f\u0435\u0442\u0441\u044f \u0432 \u0432\u043e\u0434\u0435. \u0411\u043e\u043b\u044c\u0448\u0438\u043c \u043f\u0440\u0435\u0438\u043c\u0443\u0449\u0435\u0441\u0442\u0432\u043e\u043c \u043f\u0443\u043b\u043b\u0443\u043b\u0430\u043d\u0430 \u044f\u0432\u043b\u044f\u0435\u0442\u0441\u044f \u0435\u0433\u043e \u0441\u043f\u043e\u0441\u043e\u0431\u043d\u043e\u0441\u0442\u044c \u043e\u0431\u0440\u0430\u0437\u043e\u0432\u044b\u0432\u0430\u0442\u044c \u0443\u0441\u0442\u043e\u0439\u0447\u0438\u0432\u044b\u0435 \u044d\u043b\u0430\u0441\u0442\u0438\u0447\u043d\u044b\u0435 \u043f\u043b\u0435\u043d\u043a\u0438.<\/li>\n<\/ul>\n<p><span data-sheets-value=\"{&quot;1&quot;:2,&quot;2&quot;:&quot;ToimenPuhastab, eemaldades pindmise mustuse. Kergesti mahapestav, muudab n\u00e4o siledaks. Regenereerib ja tervendab. Nahas\u00f5bralik puhastusvahend, tasakaalustab naha pH. nAktiivainedn\u2022 Naturaalne arahhise\u00f5li n\u2022 Unikaalsed naturaalsed niisutusained.nKasutaminenM\u00f5eldud kasutamiseks igal hommikul ja \u00f5htul. Kanda v\u00e4ike kogus puhastusvahendit kaelale, n\u00e4ole ja dekolteele. Masseerida kergelt. L\u00f5puks pesta maha leige veega v\u00f5i puhastada niisutatud vatiga. n&quot;}\" data-sheets-userformat=\"{&quot;2&quot;:8403905,&quot;3&quot;:{&quot;1&quot;:0},&quot;9&quot;:1,&quot;10&quot;:2,&quot;11&quot;:3,&quot;12&quot;:0,&quot;14&quot;:[null,2,0],&quot;15&quot;:&quot;Arial&quot;,&quot;16&quot;:10,&quot;26&quot;:400}\"><strong>\u0421\u0432\u043e\u0439\u0441\u0442\u0432\u0430<\/strong><br \/>\n<\/span><\/p>\n<ul>\n<li>\u0418\u043d\u0442\u0435\u043d\u0441\u0438\u0432\u043d\u043e \u0443\u0432\u043b\u0430\u0436\u043d\u044f\u0435\u0442 \u0438 \u043e\u0441\u0432\u0435\u0436\u0430\u0435\u0442.<\/li>\n<li>\u0420\u0430\u0437\u0433\u043b\u0430\u0436\u0438\u0432\u0430\u0435\u0442 \u043a\u043e\u0436\u0443.<\/li>\n<li>\u041e\u0431\u0435\u0441\u043f\u0435\u0447\u0438\u0432\u0430\u0435\u0442 \u044d\u043b\u0430\u0441\u0442\u0438\u0447\u043d\u043e\u0441\u0442\u044c.<\/li>\n<li>\u0418\u0434\u0435\u0430\u043b\u044c\u043d\u043e \u043f\u043e\u0434\u0445\u043e\u0434\u0438\u0442 \u0434\u043b\u044f \u0438\u0441\u043f\u043e\u043b\u044c\u0437\u043e\u0432\u0430\u043d\u0438\u044f \u0441 Hydro Active Gel \u0434\u043b\u044f \u0432\u043e\u0441\u0441\u0442\u0430\u043d\u043e\u0432\u043b\u0435\u043d\u0438\u044f \u043f\u043e\u0442\u0435\u0440\u0438 \u0432\u043b\u0430\u0433\u0438.<\/li>\n<\/ul>\n<p><span data-sheets-value=\"{&quot;1&quot;:2,&quot;2&quot;:&quot;ToimenPuhastab, eemaldades pindmise mustuse. Kergesti mahapestav, muudab n\u00e4o siledaks. Regenereerib ja tervendab. Nahas\u00f5bralik puhastusvahend, tasakaalustab naha pH. nAktiivainedn\u2022 Naturaalne arahhise\u00f5li n\u2022 Unikaalsed naturaalsed niisutusained.nKasutaminenM\u00f5eldud kasutamiseks igal hommikul ja \u00f5htul. Kanda v\u00e4ike kogus puhastusvahendit kaelale, n\u00e4ole ja dekolteele. Masseerida kergelt. L\u00f5puks pesta maha leige veega v\u00f5i puhastada niisutatud vatiga. n&quot;}\" data-sheets-userformat=\"{&quot;2&quot;:8403905,&quot;3&quot;:{&quot;1&quot;:0},&quot;9&quot;:1,&quot;10&quot;:2,&quot;11&quot;:3,&quot;12&quot;:0,&quot;14&quot;:[null,2,0],&quot;15&quot;:&quot;Arial&quot;,&quot;16&quot;:10,&quot;26&quot;:400}\"><br \/>\n<strong>\u041f\u0440\u0438\u043c\u0435\u043d\u0435\u043d\u0438\u0435<\/strong><br \/>\n<\/span><\/p>\n<p>\u0421 \u043f\u043e\u043c\u043e\u0449\u044c\u044e \u0433\u0435\u043b\u0435\u0432\u043e\u0439 \u043a\u0438\u0441\u0442\u0438 \u043d\u0430\u043d\u0435\u0441\u0438\u0442\u0435 \u0442\u043e\u043d\u043a\u0438\u0439 \u0441\u043b\u043e\u0439 \u0433\u0435\u043b\u0435\u0432\u043e\u0439 \u043c\u0430\u0441\u043a\u0438 \u043d\u0430 \u043b\u0438\u0446\u043e \u0438 \u043e\u0431\u043b\u0430\u0441\u0442\u044c \u0434\u0435\u043a\u043e\u043b\u044c\u0442\u0435, \u0430 \u0437\u0430\u0442\u0435\u043c \u043d\u0430\u043d\u0435\u0441\u0438\u0442\u0435 \u043d\u0430 \u043e\u0431\u043b\u0430\u0441\u0442\u044c \u0432\u043e\u043a\u0440\u0443\u0433 \u0433\u043b\u0430\u0437. \u0412\u0440\u0435\u043c\u044f \u0432\u043e\u0437\u0434\u0435\u0439\u0441\u0442\u0432\u0438\u044f: 5-20 \u043c\u0438\u043d\u0443\u0442. \u0423\u0434\u0430\u043b\u0438\u0442\u0435 \u043e\u0441\u0442\u0430\u0442\u043a\u0438 \u043c\u0430\u0441\u043a\u0438 \u0432\u043b\u0430\u0436\u043d\u044b\u043c \u043a\u043e\u043c\u043f\u0440\u0435\u0441\u0441\u043e\u043c \u0438 \u043f\u0440\u043e\u0434\u043e\u043b\u0436\u0430\u0439\u0442\u0435 \u043e\u0431\u044b\u0447\u043d\u044b\u0439 \u0443\u0445\u043e\u0434 \u0437\u0430 \u043a\u043e\u0436\u0435\u0439.<br \/>\n\u0421\u043e\u0432\u0435\u0442: \u0442\u0430\u043a\u0436\u0435 \u0438\u0434\u0435\u0430\u043b\u044c\u043d\u043e \u043f\u043e\u0434\u0445\u043e\u0434\u0438\u0442 \u0432 \u043a\u0430\u0447\u0435\u0441\u0442\u0432\u0435 \u043c\u0430\u0441\u043a\u0438 \u043f\u043e\u0441\u043b\u0435 \u0437\u0430\u0433\u0430\u0440\u0430 \u0438\u043b\u0438 \u0434\u043b\u044f \u0438\u0441\u043f\u043e\u043b\u044c\u0437\u043e\u0432\u0430\u043d\u0438\u044f \u043f\u043e\u0441\u043b\u0435 \u0442\u0440\u0435\u043d\u0438\u0440\u043e\u0432\u043a\u0438 \u0438 \u0441\u0430\u0443\u043d\u044b.<br \/>\n\u0414\u043b\u044f \u0441\u0430\u043b\u043e\u043d\u0430: \u0445\u043e\u0440\u043e\u0448\u0430 \u043a\u0430\u043a \u043e\u0441\u043d\u043e\u0432\u0430 \u0434\u043b\u044f \u043e\u0442\u0448\u0435\u043b\u0443\u0448\u0438\u0432\u0430\u044e\u0449\u0438\u0445 \u043c\u0430\u0441\u043e\u043a \u0433\u043b\u0443\u0431\u043e\u043a\u043e\u0433\u043e \u0434\u0435\u0439\u0441\u0442\u0432\u0438\u044f. \u042d\u0442\u043e \u0443\u0434\u0432\u0430\u0438\u0432\u0430\u0435\u0442 \u044d\u0444\u0444\u0435\u043a\u0442, \u0438 \u043e\u0441\u0442\u0430\u0442\u043a\u0438 \u043c\u0430\u0441\u043a\u0438 \u043f\u043e\u043b\u043d\u043e\u0441\u0442\u044c\u044e \u0443\u0434\u0430\u043b\u044f\u044e\u0442\u0441\u044f \u043e\u0434\u043d\u0438\u043c \u043f\u0440\u043e\u0442\u0438\u0440\u0430\u043d\u0438\u0435\u043c.<br \/>\n\u0425\u0440\u0430\u043d\u0438\u0442\u0435 \u0433\u0438\u0434\u0440\u043e\u043c\u0430\u0441\u043a\u0443 Deep Xpress \u0432 \u0445\u043e\u043b\u043e\u0434\u0438\u043b\u044c\u043d\u0438\u043a\u0435 \u043b\u0435\u0442\u043e\u043c. \u0423\u0434\u043e\u0431\u043d\u0430\u044f \u043e\u0445\u043b\u0430\u0436\u0434\u0430\u044e\u0449\u0430\u044f \u043f\u0440\u043e\u0446\u0435\u0434\u0443\u0440\u0430, \u0447\u0442\u043e\u0431\u044b \u043f\u0440\u0435\u0434\u043b\u043e\u0436\u0438\u0442\u044c \u0432\u0430\u0448\u0438\u043c \u043a\u043b\u0438\u0435\u043d\u0442\u0430\u043c!<\/p>\n<p><span data-sheets-value=\"{&quot;1&quot;:2,&quot;2&quot;:&quot;ToimenPuhastab, eemaldades pindmise mustuse. Kergesti mahapestav, muudab n\u00e4o siledaks. Regenereerib ja tervendab. Nahas\u00f5bralik puhastusvahend, tasakaalustab naha pH. nAktiivainedn\u2022 Naturaalne arahhise\u00f5li n\u2022 Unikaalsed naturaalsed niisutusained.nKasutaminenM\u00f5eldud kasutamiseks igal hommikul ja \u00f5htul. Kanda v\u00e4ike kogus puhastusvahendit kaelale, n\u00e4ole ja dekolteele. Masseerida kergelt. L\u00f5puks pesta maha leige veega v\u00f5i puhastada niisutatud vatiga. n&quot;}\" data-sheets-userformat=\"{&quot;2&quot;:8403905,&quot;3&quot;:{&quot;1&quot;:0},&quot;9&quot;:1,&quot;10&quot;:2,&quot;11&quot;:3,&quot;12&quot;:0,&quot;14&quot;:[null,2,0],&quot;15&quot;:&quot;Arial&quot;,&quot;16&quot;:10,&quot;26&quot;:400}\">\u00a0<\/span><\/p>\n","protected":false},"excerpt":{"rendered":"<p><strong>\u0413\u0435\u043b\u0435\u0432\u0430\u044f \u043c\u0430\u0441\u043a\u0430 \u0441 \u043c\u0433\u043d\u043e\u0432\u0435\u043d\u043d\u044b\u043c \u0443\u0432\u043b\u0430\u0436\u043d\u044f\u044e\u0449\u0438\u043c \u0434\u0435\u0439\u0441\u0442\u0432\u0438\u0435\u043c<\/strong><br \/>\nRef. 5090 &#8211; \u0414\u043e\u043c\u0430\u0448\u043d\u0438\u0439 \u0443\u0445\u043e\u0434 75 \u043c\u043b, Ref. 5090P -\u041f\u0440\u043e\u0444\u0444. 200 \u043c\u043b<br \/>\n<strong>\u041e\u043f\u0438\u0441\u0430\u043d\u0438\u0435<\/strong><\/p>\n<p>\u041e\u0441\u0432\u0435\u0436\u0430\u044e\u0449\u0430\u044f \u0438 \u043d\u0435\u0436\u043d\u0430\u044f \u0433\u0435\u043b\u0435\u0432\u0430\u044f \u0442\u0435\u043a\u0441\u0442\u0443\u0440\u0430 \u043c\u0430\u0441\u043a\u0438 \u043d\u0430\u043f\u043e\u043b\u043d\u044f\u0435\u0442 \u043a\u043e\u0436\u0443 \u0432\u043b\u0430\u0433\u043e\u0439, \u0434\u0435\u043b\u0430\u044f \u0435\u0451 \u0443\u043f\u0440\u0443\u0433\u043e\u0439 \u0438 \u0441\u0432\u0435\u0436\u0435\u0439. Deep Xpress Hydro Mask \u043c\u043e\u043c\u0435\u043d\u0442\u0430\u043b\u044c\u043d\u043e \u0438\u043d\u0442\u0435\u043d\u0441\u0438\u0432\u043d\u043e, \u043f\u0440\u043e\u043b\u043e\u043d\u0433\u0438\u0440\u043e\u0432\u0430\u043d\u043d\u043e \u0443\u0432\u043b\u0430\u0436\u043d\u0435\u043d\u044f\u0435\u0442 \u043e\u0431\u0435\u0437\u0432\u043e\u0436\u0435\u043d\u043d\u0443\u044e \u043a\u043e\u0436\u0443.<\/p>\n<p>Deep Xpress Hydro Mask \u0441\u043e\u0434\u0435\u0440\u0436\u0438\u0442 Hydro Express Complex, \u0438\u043d\u043d\u043e\u0432\u0430\u0446\u0438\u043e\u043d\u043d\u044b\u0439 \u0443\u0432\u043b\u0430\u0436\u043d\u044f\u044e\u0449\u0438\u0439 \u043a\u043e\u043c\u043f\u043b\u0435\u043a\u0441, \u043a\u043e\u0442\u043e\u0440\u044b\u0439 \u043e\u0431\u0440\u0430\u0437\u0443\u0435\u0442 \u043d\u0435\u0432\u0438\u0434\u0438\u043c\u0443\u044e, \u043c\u043e\u043b\u0435\u043a\u0443\u043b\u044f\u0440\u043d\u0443\u044e \u0441\u0435\u0442\u043a\u0443 \u043f\u043e \u0432\u0441\u0435\u0439 \u043f\u043e\u0432\u0435\u0440\u0445\u043d\u043e\u0441\u0442\u0438 \u043a\u043e\u0436\u0438, \u043a\u043e\u0442\u043e\u0440\u0430\u044f \u0441\u043e\u0441\u0442\u043e\u0438\u0442 \u0438\u0437 \u0433\u0438\u0430\u043b\u0443\u0440\u043e\u043d\u043e\u0432\u043e\u0439 \u043a\u0438\u0441\u043b\u043e\u0442\u044b, \u0430\u043b\u044c\u0433\u0438\u043d\u0430\u0442\u0430 \u0438 \u043f\u0443\u043b\u043b\u0443\u043b\u0430\u043d\u0430 \u0438 \u043d\u0435\u0441\u0435\u0442 \u0432 \u0441\u0435\u0431\u0435 \u043a\u043e\u043c\u043f\u043b\u0435\u043a\u0441, \u043a\u043e\u0442\u043e\u0440\u044b\u0439 \u043d\u0435\u043f\u0440\u0435\u0440\u044b\u0432\u043d\u043e \u0432\u043f\u0438\u0442\u044b\u0432\u0430\u0435\u0442\u0441\u044f \u0432 \u043a\u043e\u0436\u0443. \u041a\u043b\u0438\u043d\u0438\u0447\u0435\u0441\u043a\u0438\u0435 \u0438\u0441\u043f\u044b\u0442\u0430\u043d\u0438\u044f \u0434\u043e\u043a\u0430\u0437\u0430\u043b\u0438 \u044d\u0444\u0444\u0435\u043a\u0442\u0438\u0432\u043d\u043e\u0441\u0442\u044c \u043a\u043e\u043c\u043f\u043b\u0435\u043a\u0441\u0430 Hydro Express. \u0427\u0435\u0440\u0435\u0437 30 \u043c\u0438\u043d\u0443\u0442 \u00a0\u043f\u043e\u0441\u043b\u0435 \u043d\u0430\u043d\u0435\u0441\u0435\u043d\u0438\u044f \u0443\u0432\u043b\u0430\u0436\u043d\u0435\u043d\u0438\u0435 \u043a\u043e\u0436\u0438 \u0443\u0432\u0435\u043b\u0438\u0447\u0438\u0432\u0430\u0435\u0442\u0441\u044f \u043d\u0430 25%, \u043e\u0441\u0442\u0430\u0432\u0430\u044f\u0441\u044c \u043d\u0430 \u0441\u0440\u043e\u043a \u0434\u043e 48 \u0447\u0430\u0441\u043e\u0432.<\/p>\n","protected":false},"featured_media":9530,"comment_status":"open","ping_status":"closed","template":"","meta":[],"product_cat":[162,165,159],"product_tag":[],"class_list":{"0":"post-2004","1":"product","2":"type-product","3":"status-publish","4":"has-post-thumbnail","6":"product_cat-cosmeceuticals------","7":"product_cat-dry-skin-ru","8":"product_cat-janssen-cosmetics-ru","10":"first","11":"instock","12":"sale","13":"taxable","14":"shipping-taxable","15":"product-type-variable"},"_links":{"self":[{"href":"https:\/\/janssen-beauty.ee\/ru\/wp-json\/wp\/v2\/product\/2004"}],"collection":[{"href":"https:\/\/janssen-beauty.ee\/ru\/wp-json\/wp\/v2\/product"}],"about":[{"href":"https:\/\/janssen-beauty.ee\/ru\/wp-json\/wp\/v2\/types\/product"}],"replies":[{"embeddable":true,"href":"https:\/\/janssen-beauty.ee\/ru\/wp-json\/wp\/v2\/comments?post=2004"}],"wp:featuredmedia":[{"embeddable":true,"href":"https:\/\/janssen-beauty.ee\/ru\/wp-json\/wp\/v2\/media\/9530"}],"wp:attachment":[{"href":"https:\/\/janssen-beauty.ee\/ru\/wp-json\/wp\/v2\/media?parent=2004"}],"wp:term":[{"taxonomy":"product_cat","embeddable":true,"href":"https:\/\/janssen-beauty.ee\/ru\/wp-json\/wp\/v2\/product_cat?post=2004"},{"taxonomy":"product_tag","embeddable":true,"href":"https:\/\/janssen-beauty.ee\/ru\/wp-json\/wp\/v2\/product_tag?post=2004"}],"curies":[{"name":"wp","href":"https:\/\/api.w.org\/{rel}","templated":true}]}}