{"id":2101,"date":"2020-08-19T09:15:31","date_gmt":"2019-01-28T14:39:31","guid":{"rendered":"https:\/\/janssen-beauty.ee\/?post_type=product&#038;p=2101"},"modified":"2025-07-01T15:58:17","modified_gmt":"2025-07-01T12:58:17","slug":"intence-calming-serum-ref-2030-2030p","status":"publish","type":"product","link":"https:\/\/janssen-beauty.ee\/ru\/product\/intence-calming-serum-ref-2030-2030p","title":{"rendered":"Intense Calming Serum Ref. 2030 \/ 2030P"},"content":{"rendered":"<p><strong>\u0410\u043a\u0442\u0438\u0432\u043d\u044b\u0435 \u043a\u043e\u043c\u043f\u043e\u043d\u0435\u043d\u0442\u044b<\/strong><\/p>\n<ul>\n<li><strong>Skin Defense Complex +: <\/strong>\u0432\u044b\u0441\u043e\u043a\u043e\u0430\u043a\u0442\u0438\u0432\u043d\u044b\u0439 \u0444\u0438\u0442\u043e\u043a\u043e\u043c\u043f\u043b\u0435\u043a\u0441 \u0441\u043e\u0434\u0435\u0440\u0436\u0438\u0442 \u043c\u0430\u0441\u043b\u043e \u0441\u0435\u043c\u044f\u043d \u0447\u0435\u0440\u043d\u043e\u0439 \u0441\u043c\u043e\u0440\u043e\u0434\u0438\u043d\u044b \u0431\u043e\u0433\u0430\u0442\u043e\u0435 \u043e\u043c\u0435\u0433\u0430-3 \u0438 \u043e\u043c\u0435\u0433\u0430-6 \u0436\u0438\u0440\u043d\u044b\u043c\u0438 \u043a\u0438\u0441\u043b\u043e\u0442\u0430\u043c\u0438, \u0443\u043c\u0435\u043d\u044c\u0448\u0430\u0435\u0442 \u0432\u043e\u0441\u043f\u0430\u043b\u0435\u043d\u0438\u0435 \u0438 \u0443\u043b\u0443\u0447\u0448\u0430\u0435\u0442 \u0437\u0430\u0449\u0438\u0442\u043d\u044b\u0439 \u0441\u043b\u043e\u0439 \u043a\u043e\u0436\u0438, \u0448\u0438\u0440\u043e\u043a\u043e\u043a\u043e\u043b\u043e\u043a\u043e\u043b\u044c\u0447\u0438\u043a \u043a\u0440\u0443\u043f\u043d\u043e\u0446\u0432\u0435\u0442\u043a\u043e\u0432\u044b\u0439 \u0431\u043e\u0433\u0430\u0442\u044b\u0439 \u0444\u0438\u0442\u043e\u0441\u0442\u0435\u0440\u043e\u043b\u0430\u043c\u0438, \u043a\u043e\u0442\u043e\u0440\u044b\u0439 \u0441\u0447\u0438\u0442\u0430\u0435\u0442\u0441\u044f \u0440\u0430\u0441\u0442\u0438\u0442\u0435\u043b\u044c\u043d\u044b\u043c \u0432\u0430\u0440\u0438\u0430\u043d\u0442\u043e\u043c \u0433\u0438\u0434\u0440\u043e\u043a\u043e\u0440\u0442\u0438\u0437\u043e\u043d\u0430 \u0438 \u043d\u0435\u043d\u0430\u0441\u044b\u0449\u0435\u043d\u043d\u043e\u0435 \u043f\u043e\u0434\u0441\u043e\u043b\u043d\u0435\u0447\u043d\u043e\u0435 \u043c\u0430\u0441\u043b\u043e \u0441\u043e\u0434\u0435\u0440\u0436\u0438\u0442 \u043d\u0435\u0437\u0430\u043c\u0435\u043d\u0438\u043c\u044b\u0435 \u0436\u0438\u0440\u043d\u044b\u0435 \u043a\u0438\u0441\u043b\u043e\u0442\u044b, \u0437\u0430\u0449\u0438\u0449\u0430\u0435\u0442 \u0438 \u0432\u043e\u0441\u0441\u0442\u0430\u043d\u0430\u0432\u043b\u0438\u0432\u0430\u0435\u0442 \u0437\u0430\u0449\u0438\u0442\u043d\u044b\u0439 \u0441\u043b\u043e\u0439 \u043f\u043e\u0432\u0440\u0435\u0436\u0434\u0435\u043d\u043d\u043e\u0439 \u043a\u043e\u0436\u0438 \u0438 \u0443\u043c\u0435\u043d\u044c\u0448\u0430\u0435\u0442 \u0430\u043b\u043b\u0435\u0440\u0433\u0438\u0447\u0435\u0441\u043a\u0438\u0435 \u0440\u0435\u0430\u043a\u0446\u0438\u0438.<\/li>\n<li><strong>Saccharide isomerate: <\/strong>\u0443\u0432\u043b\u0430\u0436\u043d\u044f\u044e\u0449\u0438\u0439 \u0430\u0433\u0435\u043d\u0442, \u043f\u043e\u043b\u0443\u0447\u0435\u043d\u043d\u044b\u0439 \u0438\u0437 \u043d\u0430\u0442\u0443\u0440\u0430\u043b\u044c\u043d\u044b\u0445 \u0441\u0430\u0445\u0430\u0440\u043e\u0432; \u043f\u0440\u043e\u0447\u043d\u043e \u0441\u0432\u044f\u0437\u044b\u0432\u0430\u0435\u0442\u0441\u044f \u0441 \u043a\u0435\u0440\u0430\u0442\u0438\u043d\u043e\u043c \u043a\u043e\u0436\u0438 \u0438 \u0431\u043b\u0430\u0433\u043e\u0434\u0430\u0440\u044f \u043e\u0447\u0435\u043d\u044c \u0445\u043e\u0440\u043e\u0448\u0438\u043c \u0432\u043b\u0430\u0433\u043e\u0441\u0432\u044f\u0437\u044b\u0432\u0430\u044e\u0449\u0438\u043c \u0441\u0432\u043e\u0439\u0441\u0442\u0432\u0430\u043c, \u043e\u043f\u0442\u0438\u043c\u0430\u043b\u044c\u043d\u043e \u043f\u0440\u043e\u043d\u0438\u043a\u0430\u0435\u0442 \u0432 \u043a\u043e\u0436\u0443.<\/li>\n<li><strong>Hyaluronic acid: <\/strong>\u0433\u0438\u0430\u043b\u0443\u0440\u043e\u043d\u043e\u0432\u0430\u044f \u043a\u0438\u0441\u043b\u043e\u0442\u0430 \u0441 \u043a\u043e\u0440\u043e\u0442\u043a\u043e\u0439 \u0438 \u0434\u043b\u0438\u043d\u043d\u043e\u0439 \u0446\u0435\u043f\u044f\u043c\u0438: \u0438\u043d\u0442\u0435\u043d\u0441\u0438\u0432\u043d\u043e\u0435 \u0443\u0432\u043b\u0430\u0436\u043d\u0435\u043d\u0438\u0435 \u0438 \u0443\u0432\u043b\u0430\u0436\u043d\u0435\u043d\u0438\u0435.<\/li>\n<li><strong>Isostearyl Isostearate: <\/strong>\u0441\u043c\u044f\u0433\u0447\u0430\u044e\u0449\u0435\u0435 \u0441\u0440\u0435\u0434\u0441\u0442\u0432\u043e \u043d\u0430 \u043e\u0441\u043d\u043e\u0432\u0435 \u043d\u0435\u043e\u0431\u0440\u0430\u0431\u043e\u0442\u0430\u043d\u043d\u043e\u0433\u043e \u0434\u0435\u0439\u0441\u0442\u0432\u0443\u044e\u0449\u0435\u0433\u043e \u0432\u0435\u0449\u0435\u0441\u0442\u0432\u0430 \u0440\u0430\u0441\u0442\u0438\u0442\u0435\u043b\u044c\u043d\u043e\u0433\u043e \u043f\u0440\u043e\u0438\u0441\u0445\u043e\u0436\u0434\u0435\u043d\u0438\u044f, \u0443\u043b\u0443\u0447\u0448\u0430\u0435\u0442 \u043a\u043e\u0433\u0435\u0437\u0438\u044e \u043b\u0438\u043f\u0438\u0434\u043e\u0432 \u0440\u043e\u0433\u043e\u0432\u043e\u0433\u043e \u0441\u043b\u043e\u044f \u0438 \u0441\u043d\u0438\u0436\u0430\u0435\u0442 \u043f\u043e\u0442\u0435\u0440\u044e \u0432\u043b\u0430\u0433\u0438 \u0432 \u0442\u0440\u0430\u043d\u0441\u0435\u043f\u0438\u0434\u0435\u0440\u043c\u0438\u0441\u0435.<\/li>\n<li><strong>Bisabolol: <\/strong>\u043f\u0440\u043e\u0442\u0438\u0432\u043e\u0432\u043e\u0441\u043f\u0430\u043b\u0438\u0442\u0435\u043b\u044c\u043d\u043e\u0435 \u0434\u0435\u0439\u0441\u0442\u0432\u0438\u0435, \u0430\u0440\u043e\u043c\u0430\u0442\u0438\u0437\u0430\u0442\u043e\u0440, \u0438\u043c\u0435\u0435\u0442 \u0443\u0441\u043f\u043e\u043a\u0430\u0438\u0432\u0430\u044e\u0449\u0435\u0435 \u0434\u0435\u0439\u0441\u0442\u0432\u0438\u0435.<\/li>\n<li><strong>Allantoin: <\/strong>\u0432\u043e\u0441\u0441\u0442\u0430\u043d\u0430\u0432\u043b\u0438\u0432\u0430\u0435\u0442 \u0438 \u0443\u0441\u043f\u043e\u043a\u0430\u0438\u0432\u0430\u0435\u0442 \u043a\u043e\u0436\u0443.<\/li>\n<\/ul>\n<p><span data-sheets-value=\"{&quot;1&quot;:2,&quot;2&quot;:&quot;ToimenPuhastab, eemaldades pindmise mustuse. Kergesti mahapestav, muudab n\u00e4o siledaks. Regenereerib ja tervendab. Nahas\u00f5bralik puhastusvahend, tasakaalustab naha pH. nAktiivainedn\u2022 Naturaalne arahhise\u00f5li n\u2022 Unikaalsed naturaalsed niisutusained.nKasutaminenM\u00f5eldud kasutamiseks igal hommikul ja \u00f5htul. Kanda v\u00e4ike kogus puhastusvahendit kaelale, n\u00e4ole ja dekolteele. Masseerida kergelt. L\u00f5puks pesta maha leige veega v\u00f5i puhastada niisutatud vatiga. n&quot;}\" data-sheets-userformat=\"{&quot;2&quot;:8403905,&quot;3&quot;:{&quot;1&quot;:0},&quot;9&quot;:1,&quot;10&quot;:2,&quot;11&quot;:3,&quot;12&quot;:0,&quot;14&quot;:[null,2,0],&quot;15&quot;:&quot;Arial&quot;,&quot;16&quot;:10,&quot;26&quot;:400}\"><b>* \u0418\u0441\u0441\u043b\u0435\u0434\u043e\u0432\u0430\u043d\u0438\u0435 \u044d\u0444\u0444\u0435\u043a\u0442\u0438\u0432\u043d\u043e\u0441\u0442\u0438 \u043a\u043e\u043c\u043f\u043b\u0435\u043a\u0441\u0430\u00a0Skin defense.<\/b><br \/>\n<b>\u041e\u0436\u043e\u0433\u043e\u0432\u044b\u0439 \u0442\u0435\u0441\u0442.<\/b><br \/>\n\u041e\u0436\u043e\u0433\u043e\u0432\u044b\u0439 \u0442\u0435\u0441\u0442 \u043e\u0441\u043d\u043e\u0432\u0430\u043d \u043d\u0430 \u0440\u0430\u0437\u0434\u0440\u0430\u0436\u0435\u043d\u0438\u0438 \u043a\u043e\u0436\u0438 \u043a\u0440\u044b\u043b\u044c\u0435\u0432 \u043d\u043e\u0441\u0430 10%-\u043c \u0440\u0430\u0441\u0442\u0432\u043e\u0440\u043e\u043c \u043c\u043e\u043b\u043e\u0447\u043d\u043e\u0439 \u043a\u0438\u0441\u043b\u043e\u0442\u044b, \u0441 \u043f\u043e\u0441\u043b\u0435\u0434\u0443\u044e\u0449\u0438\u043c \u043d\u0430\u043d\u0435\u0441\u0435\u043d\u0438\u0435\u043c Sensitive Skin Complex \u043d\u0430 \u043e\u0434\u043d\u0443 \u0441\u0442\u043e\u0440\u043e\u043d\u0443 \u0438 \u0440\u0430\u0441\u0442\u0432\u043e\u0440\u0430 \u043f\u043b\u0430\u0446\u0435\u0431\u043e \u043d\u0430 \u0434\u0440\u0443\u0433\u0443\u044e. \u0421\u0440\u0430\u0432\u043d\u0438\u0432\u0430\u043b\u0430\u0441\u044c \u0440\u0435\u0430\u043a\u0446\u0438\u044f, \u0434\u0435\u043c\u043e\u043d\u0441\u0442\u0440\u0438\u0440\u0443\u0435\u043c\u0430\u044f \u043d\u0430 \u043a\u043e\u0436\u0435 \u043e\u0431\u0435\u0438\u0445 \u0441\u0442\u043e\u0440\u043e\u043d \u043d\u043e\u0441\u0430: \u043f\u043e \u0441\u043f\u0435\u0446\u0438\u0430\u043b\u044c\u043d\u043e\u0439 \u0448\u043a\u0430\u043b\u0435 \u0440\u0430\u0437\u0434\u0440\u0430\u0436\u0435\u043d\u0438\u044f \u043e\u0446\u0435\u043d\u0438\u0432\u0430\u043b\u0430\u0441\u044c \u0440\u0435\u0430\u043a\u0446\u0438\u044f \u043d\u0430 10 \u0441\u0435\u043a\u0443\u043d\u0434\u0435, 2,5 \u043c\u0438\u043d\u0443\u0442\u0430\u0445 \u0438 5 \u043c\u0438\u043d\u0443\u0442\u0430\u0445 \u043f\u043e\u0441\u043b\u0435 \u043d\u0430\u043d\u0435\u0441\u0435\u043d\u0438\u044f \u0440\u0430\u0437\u0434\u0440\u0430\u0436\u0438\u0442\u0435\u043b\u044f.<br \/>\n\u041e\u0442\u0431\u0438\u0440\u0430\u043b\u0438\u0441\u044c \u0442\u043e\u043b\u044c\u043a\u043e \u0442\u0435 \u0434\u043e\u0431\u0440\u043e\u0432\u043e\u043b\u044c\u0446\u044b, \u043a\u043e\u0442\u043e\u0440\u044b\u0435 \u0434\u0435\u043c\u043e\u043d\u0441\u0442\u0440\u0438\u0440\u043e\u0432\u0430\u043b\u0438 \u0432\u044b\u0441\u043e\u043a\u0443\u044e \u0447\u0443\u0432\u0441\u0442\u0432\u0438\u0442\u0435\u043b\u044c\u043d\u043e\u0441\u0442\u044c \u043a \u043c\u043e\u043b\u043e\u0447\u043d\u043e\u0439 \u043a\u0438\u0441\u043b\u043e\u0442\u0435.<br \/>\n\u041e\u0442\u043e\u0431\u0440\u0430\u043d\u043d\u044b\u0435 \u0434\u043e\u0431\u0440\u043e\u0432\u043e\u043b\u044c\u0446\u044b (19 \u0447\u0435\u043b\u043e\u0432\u0435\u043a) \u043d\u0430\u043d\u043e\u0441\u0438\u043b\u0438 \u0430\u043a\u0442\u0438\u0432\u043d\u044b\u0439 \u043a\u043e\u043d\u0446\u0435\u043d\u0442\u0440\u0430\u0442, \u0441\u043e\u0434\u0435\u0440\u0436\u0430\u0449\u0438\u0439 \u043a\u043e\u043c\u043f\u043b\u0435\u043a\u0441 Skin defense 2 \u0440\u0430\u0437\u0430 \u0432 \u0434\u0435\u043d\u044c \u043d\u0430 \u043f\u0440\u043e\u0442\u044f\u0436\u0435\u043d\u0438\u0438 27 \u0434\u043d\u0435\u0439. \u041d\u0430 28-\u0439 \u0434\u0435\u043d\u044c \u0441\u043d\u043e\u0432\u0430 \u043f\u0440\u043e\u0432\u043e\u0434\u0438\u043b\u0441\u044f \u043e\u0436\u043e\u0433\u043e\u0432\u044b\u0439 \u0442\u0435\u0441\u0442 \u043f\u0440\u0438 \u0442\u0435\u0445 \u0436\u0435 \u0443\u0441\u043b\u043e\u0432\u0438\u044f\u0445, \u0447\u0442\u043e \u0438 \u0432 \u043f\u0435\u0440\u0432\u044b\u0439 \u0440\u0430\u0437.<br \/>\n<b>\u0420\u0435\u0437\u0443\u043b\u044c\u0442\u0430\u0442 \u043f\u0440\u0438\u043c\u0435\u043d\u0435\u043d\u0438\u044f \u043f\u0440\u043e\u0434\u0443\u043a\u0442\u0430 \u043d\u0430 \u043f\u0440\u043e\u0442\u044f\u0436\u0435\u043d\u0438\u0438 28 \u0434\u043d\u0435\u0439: \u0441\u043d\u0438\u0436\u0435\u043d\u0438\u0435 \u0443\u0440\u043e\u0432\u043d\u044f \u0447\u0443\u0432\u0441\u0442\u0432\u0438\u0442\u0435\u043b\u044c\u043d\u043e\u0441\u0442\u0438 \u043d\u0430 49%.<\/b><\/span><\/p>\n<p><strong>\u0421\u0432\u043e\u0439\u0441\u0442\u0432\u0430<\/strong><\/p>\n<ul>\n<li>\u0412\u044b\u0441\u043e\u043a\u043e\u044d\u0444\u0444\u0435\u043a\u0442\u0438\u0432\u043d\u044b\u0439 \u0443\u0445\u043e\u0434 \u0437\u0430 \u0447\u0443\u0432\u0441\u0442\u0432\u0438\u0442\u0435\u043b\u044c\u043d\u043e\u0439 \u043a\u043e\u0436\u0435\u0439<\/li>\n<li>\u0412\u043e\u0441\u0441\u0442\u0430\u043d\u0430\u0432\u043b\u0438\u0432\u0430\u0435\u0442 \u0438 \u0443\u043a\u0440\u0435\u043f\u043b\u044f\u0435\u0442 \u0435\u0441\u0442\u0435\u0441\u0442\u0432\u0435\u043d\u043d\u044b\u0439 \u0437\u0430\u0449\u0438\u0442\u043d\u044b\u0439 \u0441\u043b\u043e\u0439 \u043a\u043e\u0436\u0438<\/li>\n<li>\u0423\u0441\u043f\u043e\u043a\u0430\u0438\u0432\u0430\u0435\u0442 \u043a\u043e\u0436\u0443 \u0438 \u0443\u043c\u0435\u043d\u044c\u0448\u0430\u0435\u0442 \u043f\u043e\u043a\u0440\u0430\u0441\u043d\u0435\u043d\u0438\u044f<\/li>\n<li>\u0414\u043b\u0438\u0442\u0435\u043b\u044c\u043d\u044b\u0439 \u0443\u0432\u043b\u0430\u0436\u043d\u044f\u044e\u0449\u0438\u0439 \u044d\u0444\u0444\u0435\u043a\u0442<\/li>\n<li>\u0423\u043c\u0435\u043d\u044c\u0448\u0430\u0435\u0442 \u0432\u043e\u0441\u043f\u0440\u0438\u0438\u043c\u0447\u0438\u0432\u043e\u0441\u0442\u044c \u043a\u043e\u0436\u0438 \u043a \u0432\u043d\u0435\u0448\u043d\u0438\u043c \u0440\u0430\u0437\u0434\u0440\u0430\u0436\u0438\u0442\u0435\u043b\u044f\u043c<\/li>\n<\/ul>\n<p><span data-sheets-value=\"{&quot;1&quot;:2,&quot;2&quot;:&quot;ToimenPuhastab, eemaldades pindmise mustuse. Kergesti mahapestav, muudab n\u00e4o siledaks. Regenereerib ja tervendab. Nahas\u00f5bralik puhastusvahend, tasakaalustab naha pH. nAktiivainedn\u2022 Naturaalne arahhise\u00f5li n\u2022 Unikaalsed naturaalsed niisutusained.nKasutaminenM\u00f5eldud kasutamiseks igal hommikul ja \u00f5htul. Kanda v\u00e4ike kogus puhastusvahendit kaelale, n\u00e4ole ja dekolteele. Masseerida kergelt. L\u00f5puks pesta maha leige veega v\u00f5i puhastada niisutatud vatiga. n&quot;}\" data-sheets-userformat=\"{&quot;2&quot;:8403905,&quot;3&quot;:{&quot;1&quot;:0},&quot;9&quot;:1,&quot;10&quot;:2,&quot;11&quot;:3,&quot;12&quot;:0,&quot;14&quot;:[null,2,0],&quot;15&quot;:&quot;Arial&quot;,&quot;16&quot;:10,&quot;26&quot;:400}\"><br \/>\n<span style=\"font-weight: 400;\"><strong>\u041f\u0440\u0438\u043c\u0435\u043d\u0435\u043d\u0438\u0435<\/strong> <\/span><\/span><\/p>\n<p>\u041d\u0430\u043d\u043e\u0441\u0438\u0442\u044c \u0443\u0442\u0440\u043e\u043c \u0438 \u0432\u0435\u0447\u0435\u0440\u043e\u043c \u043d\u0430 \u043e\u0447\u0438\u0449\u0435\u043d\u043d\u0443\u044e \u043a\u043e\u0436\u0443 \u0438 \u0430\u043a\u043a\u0443\u0440\u0430\u0442\u043d\u043e \u0432\u0442\u0438\u0440\u0430\u0442\u044c \u0432 \u043a\u043e\u0436\u0443. \u0417\u0430\u0442\u0435\u043c \u043d\u0430\u043d\u0435\u0441\u0438\u0442\u0435 \u0438\u043d\u0442\u0435\u043d\u0441\u0438\u0432\u043d\u044b\u0439 \u0443\u0441\u043f\u043e\u043a\u0430\u0438\u0432\u0430\u044e\u0449\u0438\u0439 \u043a\u0440\u0435\u043c \u043d\u0430 \u043a\u043e\u0436\u0443. \u0418\u0437\u0431\u0435\u0433\u0430\u0439\u0442\u0435 \u043e\u0431\u043b\u0430\u0441\u0442\u0438 \u0432\u043e\u043a\u0440\u0443\u0433 \u0433\u043b\u0430\u0437.<\/p>\n<p><strong><em>\u0421\u043e\u0432\u0435\u0442: <\/em><\/strong><em>\u0427\u0443\u0432\u0441\u0442\u0432\u0438\u0442\u0435\u043b\u044c\u043d\u0430\u044f \u043a\u043e\u0436\u0430 \u0438 \u0441\u043e\u043b\u043d\u0435\u0447\u043d\u044b\u0439 \u0441\u0432\u0435\u0442 \u043d\u0435 \u0441\u043e\u0447\u0435\u0442\u0430\u044e\u0442\u0441\u044f \u0434\u0440\u0443\u0433 \u0441 \u0434\u0440\u0443\u0433\u043e\u043c. \u0417\u0430\u0449\u0438\u0442\u043d\u044b\u0439 \u043a\u0440\u0435\u043c Face Guard Advanced \u043e\u0431\u0435\u0441\u043f\u0435\u0447\u0438\u0432\u0430\u0435\u0442 \u043e\u043f\u0442\u0438\u043c\u0430\u043b\u044c\u043d\u0443\u044e \u0437\u0430\u0449\u0438\u0442\u0443 \u043a\u043e\u0436\u0438 \u043e\u0442 \u0441\u043e\u043b\u043d\u0435\u0447\u043d\u044b\u0445 \u043b\u0443\u0447\u0435\u0439. \u0421\u0432\u0435\u0442\u043e\u0438\u0437\u043b\u0443\u0447\u0430\u044e\u0449\u0430\u044f \u044d\u043c\u0443\u043b\u044c\u0441\u0438\u044f \u043c\u044f\u0433\u043a\u043e \u043f\u043e\u043a\u0440\u044b\u0432\u0430\u0435\u0442 \u043a\u043e\u0436\u0443 \u0438 \u043e\u0442\u0440\u0430\u0436\u0430\u0435\u0442 \u0423\u0424-\u0438\u0437\u043b\u0443\u0447\u0435\u043d\u0438\u0435. \u0415\u0436\u0435\u0434\u043d\u0435\u0432\u043d\u043e \u043d\u0430\u043d\u043e\u0441\u0438\u0442\u0435 \u0437\u0430\u0449\u0438\u0442\u043d\u044b\u0439 \u043a\u0440\u0435\u043c \u043d\u0430 \u043a\u043e\u0436\u0443 \u043f\u0435\u0440\u0435\u0434 \u0438\u043d\u0442\u0435\u043d\u0441\u0438\u0432\u043d\u043e\u0439 \u0443\u0441\u043f\u043e\u043a\u0430\u0438\u0432\u0430\u044e\u0449\u0435\u0439 \u0441\u044b\u0432\u043e\u0440\u043e\u0442\u043a\u043e\u0439. \u0417\u0430\u0442\u0435\u043c \u0438\u0441\u043f\u043e\u043b\u044c\u0437\u0443\u0439\u0442\u0435 \u0438\u043d\u0442\u0435\u043d\u0441\u0438\u0432\u043d\u044b\u0439 \u0443\u0441\u043f\u043e\u043a\u0430\u0438\u0432\u0430\u044e\u0449\u0438\u0439 \u043a\u0440\u0435\u043c.<\/em><\/p>\n<p><span data-sheets-value=\"{&quot;1&quot;:2,&quot;2&quot;:&quot;ToimenPuhastab, eemaldades pindmise mustuse. Kergesti mahapestav, muudab n\u00e4o siledaks. Regenereerib ja tervendab. Nahas\u00f5bralik puhastusvahend, tasakaalustab naha pH. nAktiivainedn\u2022 Naturaalne arahhise\u00f5li n\u2022 Unikaalsed naturaalsed niisutusained.nKasutaminenM\u00f5eldud kasutamiseks igal hommikul ja \u00f5htul. Kanda v\u00e4ike kogus puhastusvahendit kaelale, n\u00e4ole ja dekolteele. Masseerida kergelt. L\u00f5puks pesta maha leige veega v\u00f5i puhastada niisutatud vatiga. n&quot;}\" data-sheets-userformat=\"{&quot;2&quot;:8403905,&quot;3&quot;:{&quot;1&quot;:0},&quot;9&quot;:1,&quot;10&quot;:2,&quot;11&quot;:3,&quot;12&quot;:0,&quot;14&quot;:[null,2,0],&quot;15&quot;:&quot;Arial&quot;,&quot;16&quot;:10,&quot;26&quot;:400}\">\u0412 \u0441\u0430\u043b\u043e\u043d\u0435 \u043f\u0440\u0438\u043c\u0435\u043d\u044f\u0442\u044c \u0441\u043e\u0433\u043b\u0430\u0441\u043d\u043e \u0440\u0435\u0433\u043b\u0430\u043c\u0435\u043d\u0442\u0443 \u043f\u0440\u043e\u0446\u0435\u0434\u0443\u0440\u044b.<br \/>\n<\/span><\/p>\n<p>&nbsp;<\/p>\n<p>&nbsp;<\/p>\n","protected":false},"excerpt":{"rendered":"<p><strong>\u0412\u043e\u0441\u0441\u0442\u0430\u043d\u0430\u0432\u043b\u0438\u0432\u0430\u044e\u0449\u0438\u0439 \u043a\u043e\u043d\u0446\u0435\u043d\u0442\u0440\u0430\u0442 \u0434\u043b\u044f \u0447\u0443\u0441\u0442\u0432\u0438\u0442\u0435\u043b\u044c\u043d\u043e\u0439 \u043a\u043e\u0436\u0438<\/strong><br \/>\nRef. 2030-\u0414\u043e\u043c\u0430\u0448\u043d\u0438\u0439 \u0443\u0445\u043e\u0434 30ml , Ref. 2030\u0420 &#8211; \u041f\u0440\u043e\u0444\u0444. 50 ml<br \/>\n<span style=\"font-weight: 400;\"><strong>\u041e\u043f\u0438\u0441\u0430\u043d\u0438\u0435<\/strong> <\/span><\/p>\n<p>Intensive Soothing Serum &#8211; \u043b\u0435\u0433\u043a\u0430\u044f \u043f\u0438\u0442\u0430\u0442\u0435\u043b\u044c\u043d\u0430\u044f \u0441\u044b\u0432\u043e\u0440\u043e\u0442\u043a\u0430 \u0434\u043b\u044f \u043e\u0447\u0435\u043d\u044c \u0447\u0443\u0432\u0441\u0442\u0432\u0438\u0442\u0435\u043b\u044c\u043d\u043e\u0439 \u0438 \u0440\u0430\u0437\u0434\u0440\u0430\u0436\u0435\u043d\u043d\u043e\u0439 \u043a\u043e\u0436\u0438. \u042d\u0442\u043e \u0438\u0434\u0435\u0430\u043b\u044c\u043d\u044b\u0439 \u043f\u0440\u043e\u0434\u0443\u043a\u0442 \u0434\u043b\u044f \u0443\u0441\u0438\u043b\u0435\u043d\u0438\u044f \u044d\u0444\u0444\u0435\u043a\u0442\u0430 \u0438\u043d\u0442\u0435\u043d\u0441\u0438\u0432\u043d\u043e\u0433\u043e \u0443\u0441\u043f\u043e\u043a\u0430\u0438\u0432\u0430\u044e\u0449\u0435\u0433\u043e \u043a\u0440\u0435\u043c\u0430.<\/p>\n<p>\u041a\u043e\u043c\u043f\u043b\u0435\u043a\u0441 \u043e\u0431\u043e\u0433\u0430\u0449\u0435\u043d \u0438\u0437\u043e\u0441\u0442\u0435\u0430\u0440\u0438\u043b\u0438\u0437\u043e\u0441\u0442\u0435\u0430\u0440\u0430\u0442\u0430\u043c\u0438 (ISIS), \u0443\u0441\u0438\u043b\u0438\u0432\u0430\u044e\u0449\u0438\u043c\u0438 \u0431\u0430\u0440\u044c\u0435\u0440, \u0438 \u043f\u0440\u043e\u0442\u0438\u0432\u043e\u0432\u043e\u0441\u043f\u0430\u043b\u0438\u0442\u0435\u043b\u044c\u043d\u044b\u043c\u0438 \u0430\u0433\u0435\u043d\u0442\u0430\u043c\u0438, \u0442\u0430\u043a\u0438\u043c\u0438 \u043a\u0430\u043a \u043f\u0430\u043d\u0442\u0435\u043d\u043e\u043b, \u0430\u043b\u043b\u0430\u043d\u0442\u043e\u0438\u043d \u0438 \u03b1-\u0431\u0438\u0441\u0430\u0431\u043e\u043b\u043e\u043b. \u0418\u0437\u043e\u043c\u0435\u0440\u044b \u0433\u0438\u0430\u043b\u0443\u0440\u043e\u043d\u043e\u0432\u043e\u0439 \u043a\u0438\u0441\u043b\u043e\u0442\u044b \u0438 \u0441\u0430\u0445\u0430\u0440\u0438\u0434\u043e\u0432 \u0443\u0432\u043b\u0430\u0436\u043d\u044f\u044e\u0442 \u0438 \u0437\u0430\u0449\u0438\u0449\u0430\u044e\u0442 \u043a\u043e\u0436\u0443 \u0432 \u0442\u0435\u0447\u0435\u043d\u0438\u0435 72 \u0447\u0430\u0441\u043e\u0432.<\/p>\n","protected":false},"featured_media":8515,"comment_status":"open","ping_status":"closed","template":"","meta":[],"product_cat":[162,159,184],"product_tag":[],"class_list":{"0":"post-2101","1":"product","2":"type-product","3":"status-publish","4":"has-post-thumbnail","6":"product_cat-cosmeceuticals------","7":"product_cat-janssen-cosmetics-ru","8":"product_cat-sensitive-skin-ru","10":"first","11":"instock","12":"sale","13":"taxable","14":"shipping-taxable","15":"product-type-variable"},"_links":{"self":[{"href":"https:\/\/janssen-beauty.ee\/ru\/wp-json\/wp\/v2\/product\/2101"}],"collection":[{"href":"https:\/\/janssen-beauty.ee\/ru\/wp-json\/wp\/v2\/product"}],"about":[{"href":"https:\/\/janssen-beauty.ee\/ru\/wp-json\/wp\/v2\/types\/product"}],"replies":[{"embeddable":true,"href":"https:\/\/janssen-beauty.ee\/ru\/wp-json\/wp\/v2\/comments?post=2101"}],"wp:featuredmedia":[{"embeddable":true,"href":"https:\/\/janssen-beauty.ee\/ru\/wp-json\/wp\/v2\/media\/8515"}],"wp:attachment":[{"href":"https:\/\/janssen-beauty.ee\/ru\/wp-json\/wp\/v2\/media?parent=2101"}],"wp:term":[{"taxonomy":"product_cat","embeddable":true,"href":"https:\/\/janssen-beauty.ee\/ru\/wp-json\/wp\/v2\/product_cat?post=2101"},{"taxonomy":"product_tag","embeddable":true,"href":"https:\/\/janssen-beauty.ee\/ru\/wp-json\/wp\/v2\/product_tag?post=2101"}],"curies":[{"name":"wp","href":"https:\/\/api.w.org\/{rel}","templated":true}]}}