{"id":2198,"date":"2022-06-17T09:50:42","date_gmt":"2019-01-29T07:50:42","guid":{"rendered":"https:\/\/janssen-beauty.ee\/?post_type=product&#038;p=2198"},"modified":"2025-07-01T16:56:01","modified_gmt":"2025-07-01T13:56:01","slug":"purifying-tonic-ref-4001-4001p","status":"publish","type":"product","link":"https:\/\/janssen-beauty.ee\/ru\/product\/purifying-tonic-ref-4001-4001p","title":{"rendered":"Purifying Tonic Ref. 4001 \/ 4001P"},"content":{"rendered":"<p><span data-sheets-value=\"{&quot;1&quot;:2,&quot;2&quot;:&quot;ToimenPuhastab, eemaldades pindmise mustuse. Kergesti mahapestav, muudab n\u00e4o siledaks. Regenereerib ja tervendab. Nahas\u00f5bralik puhastusvahend, tasakaalustab naha pH. nAktiivainedn\u2022 Naturaalne arahhise\u00f5li n\u2022 Unikaalsed naturaalsed niisutusained.nKasutaminenM\u00f5eldud kasutamiseks igal hommikul ja \u00f5htul. Kanda v\u00e4ike kogus puhastusvahendit kaelale, n\u00e4ole ja dekolteele. Masseerida kergelt. L\u00f5puks pesta maha leige veega v\u00f5i puhastada niisutatud vatiga. n&quot;}\" data-sheets-userformat=\"{&quot;2&quot;:8403905,&quot;3&quot;:{&quot;1&quot;:0},&quot;9&quot;:1,&quot;10&quot;:2,&quot;11&quot;:3,&quot;12&quot;:0,&quot;14&quot;:[null,2,0],&quot;15&quot;:&quot;Arial&quot;,&quot;16&quot;:10,&quot;26&quot;:400}\"><strong>\u0410\u043a\u0442\u0438\u0432\u043d\u044b\u0435 \u043a\u043e\u043c\u043f\u043e\u043d\u0435\u043d\u0442\u044b<\/strong><br \/>\n\u2022 \u041a\u043e\u043c\u043f\u043b\u0435\u043a\u0441 Equal-Refining: \u043a\u043e\u043c\u0431\u0438\u043d\u0430\u0446\u0438\u044f \u043e\u043b\u0435\u0430\u043d\u043e\u043b\u043e\u0432\u043e\u0439 \u043a\u0438\u0441\u043b\u043e\u0442\u044b \u0438 \u044d\u043a\u0441\u0442\u0440\u0430\u043a\u0442\u0430<br \/>\n\u043a\u043e\u0440\u044b Enantia Chlorantha \u0437\u0430\u043c\u0435\u0434\u043b\u044f\u0435\u0442 \u0440\u043e\u0441\u0442 \u0441\u0435\u0431\u043e\u0446\u0438\u0442\u043e\u0432. \u0421\u0430\u043b\u044c\u043d\u044b\u0435 \u0436\u0435\u043b\u0435\u0437\u044b<br \/>\n\u043f\u0435\u0440\u0435\u0445\u043e\u0434\u044f\u0442 \u0432 \u0441\u043f\u044f\u0449\u0435\u0435 \u0441\u043e\u0441\u0442\u043e\u044f\u043d\u0438\u0435, \u0443\u043c\u0435\u043d\u044c\u0448\u0430\u044f \u0436\u0438\u0440\u043d\u044b\u0439 \u0431\u043b\u0435\u0441\u043a \u043d\u0430 -21,7% \u0438 \u0440\u0430\u0437\u043c\u0435\u0440<br \/>\n\u043f\u043e\u0440 \u043d\u0430 -16% \u0447\u0435\u0440\u0435\u0437 28 \u0434\u043d\u0435\u0439.<br \/>\n\u2022 \u0413\u043b\u0438\u0446\u0435\u0440\u0438\u043d: \u043e\u0431\u043b\u0430\u0434\u0430\u0435\u0442 \u0433\u0438\u0433\u0440\u043e\u0441\u043a\u043e\u043f\u0438\u0447\u0435\u0441\u043a\u0438\u043c \u0434\u0435\u0439\u0441\u0442\u0432\u0438\u0435\u043c \u0438 \u0441\u0432\u044f\u0437\u044b\u0432\u0430\u0435\u0442 \u0432\u043e\u0434\u0443,<br \/>\n\u0443\u0432\u0435\u043b\u0438\u0447\u0438\u0432\u0430\u044f \u0432\u043b\u0430\u0436\u043d\u043e\u0441\u0442\u044c \u043a\u043e\u0436\u0438.<br \/>\n<\/span><\/p>\n<p><strong>\u0421\u0432\u043e\u0439\u0441\u0442\u0432\u0430<\/strong><br \/>\n\u2022 \u0413\u043b\u0443\u0431\u043e\u043a\u043e \u043e\u0447\u0438\u0449\u0430\u0435\u0442 \u043f\u043e\u0440\u044b<br \/>\n\u2022 \u0420\u0435\u0433\u0443\u043b\u0438\u0440\u0443\u0435\u0442 \u0438\u0437\u0431\u044b\u0442\u043e\u0447\u043d\u0443\u044e \u0432\u044b\u0440\u0430\u0431\u043e\u0442\u043a\u0443 \u043a\u043e\u0436\u043d\u043e\u0433\u043e \u0441\u0430\u043b\u0430<br \/>\n\u2022 \u041e\u0431\u0435\u0441\u043f\u0435\u0447\u0438\u0432\u0430\u0435\u0442 \u0443\u0432\u043b\u0430\u0436\u043d\u0435\u043d\u0438\u0435<br \/>\n\u2022 \u041e\u0442\u0442\u0430\u043b\u043a\u0438\u0432\u0430\u0435\u0442 \u0437\u0430\u0433\u0440\u044f\u0437\u043d\u0435\u043d\u0438\u044f<br \/>\n\u2022 \u0414\u0435\u043b\u0430\u0435\u0442 \u043a\u043e\u0436\u0443 \u0438\u0434\u0435\u0430\u043b\u044c\u043d\u043e \u043f\u043e\u0434\u0433\u043e\u0442\u043e\u0432\u043b\u0435\u043d\u043d\u043e\u0439 \u0434\u043b\u044f \u043f\u043e\u0441\u043b\u0435\u0434\u0443\u044e\u0449\u0435\u0433\u043e \u0443\u0445\u043e\u0434\u0430 \u0437\u0430 \u043a\u043e\u0436\u0435\u0439<br \/>\n\u2022 \u0411\u043b\u0430\u0433\u043e\u043f\u0440\u0438\u044f\u0442\u043d\u044b\u0439 \u0434\u043b\u044f \u043a\u043e\u0436\u0438 \u0440\u041d<br \/>\n\u2022 \u0411\u0435\u0437 \u0441\u043e\u0434\u0435\u0440\u0436\u0430\u043d\u0438\u044f \u0430\u043b\u043a\u043e\u0433\u043e\u043b\u044f<\/p>\n<p><strong>\u041f\u0440\u0438\u043c\u0435\u043d\u0435\u043d\u0438\u0435<\/strong><br \/>\n\u0421\u043c\u043e\u0447\u0438\u0442\u0435 \u0442\u043e\u043d\u0438\u043a\u043e\u043c Purifying Tonic Lotion \u0432\u0430\u0442\u043d\u044b\u0439 \u0434\u0438\u0441\u043a \u0438 \u043f\u0440\u043e\u0442\u0440\u0438\u0442\u0435 \u043a\u043e\u0436\u0443 \u043b\u0438\u0446\u0430 \u0438 \u0448\u0435\u0438. \u0418\u0441\u043f\u043e\u043b\u044c\u0437\u0443\u0439\u0442\u0435 \u0435\u0433\u043e \u043f\u043e\u0441\u043b\u0435 \u043a\u0430\u0436\u0434\u043e\u0433\u043e \u043e\u0447\u0438\u0449\u0435\u043d\u0438\u044f \u043a\u043e\u0436\u0438 \u0441 \u043f\u043e\u043c\u043e\u0449\u044c\u044e Clarifying Cleansing Gel.<\/p>\n<p>\u0412 \u0441\u0430\u043b\u043e\u043d\u0435 \u043f\u0440\u0438\u043c\u0435\u043d\u044f\u0442\u044c \u0441\u043e\u0433\u043b\u0430\u0441\u043d\u043e \u0440\u0435\u0433\u043b\u0430\u043c\u0435\u043d\u0442\u0443 \u043f\u0440\u043e\u0446\u0435\u0434\u0443\u0440\u044b.<\/p>\n","protected":false},"excerpt":{"rendered":"<p><strong>\u0422\u043e\u043d\u0438\u043a \u0434\u043b\u044f \u0436\u0438\u0440\u043d\u043e\u0439 \u043a\u043e\u0436\u0438 \u0438 \u043a\u043e\u0436\u0438 \u0441 \u0430\u043a\u043d\u0435<\/strong><br \/>\nRef. 4001-<span style=\"font-weight: 400;\">\u0414<\/span><span style=\"font-weight: 400;\">\u043e\u043c\u0430\u0448\u043d\u0438\u0439 \u0443\u0445\u043e\u0434 <\/span>200ml , Ref. 4001\u0420- <span style=\"font-weight: 400;\">\u041f\u0440\u043e\u0444<\/span><span style=\"font-weight: 400;\">\u0444<\/span><span style=\"font-weight: 400;\">.<\/span> 500 ml<br \/>\n<span style=\"font-weight: 400;\"><strong>\u041e\u043f\u0438\u0441\u0430\u043d\u0438\u0435<\/strong> <\/span><br \/>\n\u041e\u0447\u0438\u0449\u0430\u044e\u0449\u0438\u0439 \u0442\u043e\u043d\u0438\u043a \u043f\u0440\u0435\u043f\u044f\u0442\u0441\u0442\u0432\u0443\u0435\u0442 \u043f\u043e\u044f\u0432\u043b\u0435\u043d\u0438\u044e \u043a\u043e\u043c\u0435\u0434\u043e\u043d\u043e\u0432 \u0438 \u043f\u0440\u0435\u0434\u043e\u0442\u0432\u0440\u0430\u0449\u0430\u0435\u0442 \u0432\u043e\u0441\u043f\u0430\u043b\u0435\u043d\u0438\u0435. \u041d\u0435 \u043f\u0435\u0440\u0435\u0441\u0443\u0448\u0438\u0432\u0430\u0435\u0442 \u043a\u043e\u0436\u0443, \u0437\u0430\u043c\u0435\u0442\u043d\u043e \u0440\u0435\u0432\u0438\u0442\u0430\u043b\u0438\u0437\u0438\u0440\u0443\u0435\u0442 \u0438 \u043e\u0441\u0432\u0435\u0436\u0430\u0435\u0442 \u0435\u0435. \u041d\u043e\u0440\u043c\u0430\u043b\u0438\u0437\u0443\u0435\u0442 \u043f\u0440\u043e\u0438\u0437\u0432\u043e\u0434\u0441\u0442\u0432\u043e \u0441\u0435\u0431\u0443\u043c\u0430. \u041d\u0435 \u0441\u043e\u0434\u0435\u0440\u0436\u0438\u0442 \u0441\u043f\u0438\u0440\u0442\u0430. \u041e\u043f\u0442\u0438\u043c\u0430\u043b\u044c\u043d\u043e \u043f\u043e\u0434\u0433\u043e\u0442\u0430\u0432\u043b\u0438\u0432\u0430\u0435\u0442 \u043a\u043e\u0436\u0443 \u0434\u043b\u044f \u0432\u043e\u0441\u043f\u0440\u0438\u044f\u0442\u0438\u044f \u0430\u043a\u0442\u0438\u0432\u043d\u044b\u0445 \u043a\u043e\u043c\u043f\u043e\u043d\u0435\u043d\u0442\u043e\u0432 \u043f\u043e\u0441\u043b\u0435\u0434\u0443\u044e\u0449\u0435\u0433\u043e \u0443\u0445\u043e\u0434\u0430.<\/p>\n","protected":false},"featured_media":10162,"comment_status":"open","ping_status":"closed","template":"","meta":[],"product_cat":[162,159,190],"product_tag":[],"class_list":{"0":"post-2198","1":"product","2":"type-product","3":"status-publish","4":"has-post-thumbnail","6":"product_cat-cosmeceuticals------","7":"product_cat-janssen-cosmetics-ru","8":"product_cat-oily-skin-ru","10":"first","11":"instock","12":"sale","13":"taxable","14":"shipping-taxable","15":"product-type-variable"},"_links":{"self":[{"href":"https:\/\/janssen-beauty.ee\/ru\/wp-json\/wp\/v2\/product\/2198"}],"collection":[{"href":"https:\/\/janssen-beauty.ee\/ru\/wp-json\/wp\/v2\/product"}],"about":[{"href":"https:\/\/janssen-beauty.ee\/ru\/wp-json\/wp\/v2\/types\/product"}],"replies":[{"embeddable":true,"href":"https:\/\/janssen-beauty.ee\/ru\/wp-json\/wp\/v2\/comments?post=2198"}],"wp:featuredmedia":[{"embeddable":true,"href":"https:\/\/janssen-beauty.ee\/ru\/wp-json\/wp\/v2\/media\/10162"}],"wp:attachment":[{"href":"https:\/\/janssen-beauty.ee\/ru\/wp-json\/wp\/v2\/media?parent=2198"}],"wp:term":[{"taxonomy":"product_cat","embeddable":true,"href":"https:\/\/janssen-beauty.ee\/ru\/wp-json\/wp\/v2\/product_cat?post=2198"},{"taxonomy":"product_tag","embeddable":true,"href":"https:\/\/janssen-beauty.ee\/ru\/wp-json\/wp\/v2\/product_tag?post=2198"}],"curies":[{"name":"wp","href":"https:\/\/api.w.org\/{rel}","templated":true}]}}