{"id":6626,"date":"2019-04-03T10:26:44","date_gmt":"2019-04-03T07:26:44","guid":{"rendered":"https:\/\/janssen-beauty.ee\/?post_type=product&#038;p=6626"},"modified":"2024-02-02T14:46:42","modified_gmt":"2024-02-02T12:46:42","slug":"iceroller","status":"publish","type":"product","link":"https:\/\/janssen-beauty.ee\/ru\/product\/iceroller","title":{"rendered":"Iceroller"},"content":{"rendered":"<p><strong>TULEMUSED<\/strong><br \/>\nF\u00fcsioteraapiline protseduur k\u00fclmarolleriga naha\u00e4rrituse mahav\u00f5tmiseks ja rahustamiseks, suurendab l\u00fcmfodrenazi ja aktiveerib mikrotsirkulatsiooni ja naharakkude regenereerimise protsessi.<\/p>\n","protected":false},"excerpt":{"rendered":"<p><strong>Kreo roller<\/strong><\/p>\n<p>Asendamatu ja effektiivne roller kreoteraapia jaoks n\u00e4ole ja kehale.<\/p>\n","protected":false},"featured_media":6630,"comment_status":"open","ping_status":"closed","template":"","meta":[],"product_cat":[435,426],"product_tag":[],"class_list":{"0":"post-6626","1":"product","2":"type-product","3":"status-publish","4":"has-post-thumbnail","6":"product_cat-hooldustooted-ru","7":"product_cat-kosmeticheskie-tovari","9":"first","10":"instock","11":"taxable","12":"shipping-taxable","13":"product-type-variable"},"_links":{"self":[{"href":"https:\/\/janssen-beauty.ee\/ru\/wp-json\/wp\/v2\/product\/6626"}],"collection":[{"href":"https:\/\/janssen-beauty.ee\/ru\/wp-json\/wp\/v2\/product"}],"about":[{"href":"https:\/\/janssen-beauty.ee\/ru\/wp-json\/wp\/v2\/types\/product"}],"replies":[{"embeddable":true,"href":"https:\/\/janssen-beauty.ee\/ru\/wp-json\/wp\/v2\/comments?post=6626"}],"wp:featuredmedia":[{"embeddable":true,"href":"https:\/\/janssen-beauty.ee\/ru\/wp-json\/wp\/v2\/media\/6630"}],"wp:attachment":[{"href":"https:\/\/janssen-beauty.ee\/ru\/wp-json\/wp\/v2\/media?parent=6626"}],"wp:term":[{"taxonomy":"product_cat","embeddable":true,"href":"https:\/\/janssen-beauty.ee\/ru\/wp-json\/wp\/v2\/product_cat?post=6626"},{"taxonomy":"product_tag","embeddable":true,"href":"https:\/\/janssen-beauty.ee\/ru\/wp-json\/wp\/v2\/product_tag?post=6626"}],"curies":[{"name":"wp","href":"https:\/\/api.w.org\/{rel}","templated":true}]}}