{"id":8541,"date":"2020-08-19T13:36:39","date_gmt":"2020-08-19T10:36:43","guid":{"rendered":"https:\/\/janssen-beauty.ee\/?post_type=product&#038;p=8541"},"modified":"2025-07-01T16:14:01","modified_gmt":"2025-07-01T13:14:01","slug":"neuro-skin-balm-ref-2070","status":"publish","type":"product","link":"https:\/\/janssen-beauty.ee\/ru\/product\/neuro-skin-balm-ref-2070","title":{"rendered":"Neuro Skin Balm Ref. 2070"},"content":{"rendered":"<p><span data-sheets-value=\"{&quot;1&quot;:2,&quot;2&quot;:&quot;ToimenPuhastab, eemaldades pindmise mustuse. Kergesti mahapestav, muudab n\u00e4o siledaks. Regenereerib ja tervendab. Nahas\u00f5bralik puhastusvahend, tasakaalustab naha pH. nAktiivainedn\u2022 Naturaalne arahhise\u00f5li n\u2022 Unikaalsed naturaalsed niisutusained.nKasutaminenM\u00f5eldud kasutamiseks igal hommikul ja \u00f5htul. Kanda v\u00e4ike kogus puhastusvahendit kaelale, n\u00e4ole ja dekolteele. Masseerida kergelt. L\u00f5puks pesta maha leige veega v\u00f5i puhastada niisutatud vatiga. n&quot;}\" data-sheets-userformat=\"{&quot;2&quot;:8403905,&quot;3&quot;:{&quot;1&quot;:0},&quot;9&quot;:1,&quot;10&quot;:2,&quot;11&quot;:3,&quot;12&quot;:0,&quot;14&quot;:[null,2,0],&quot;15&quot;:&quot;Arial&quot;,&quot;16&quot;:10,&quot;26&quot;:400}\"><strong>\u0410\u043a\u0442\u0438\u0432\u043d\u044b\u0435 \u043a\u043e\u043c\u043f\u043e\u043d\u0435\u043d\u0442\u044b<\/strong><br \/>\n<\/span><\/p>\n<ul>\n<li><strong>\u042d\u043a\u0441\u0442\u0440\u0430\u043a\u0442 \u0442\u0440\u0430\u0432\u044b Mondo (Ophiopogon japonicus): <\/strong>\u0431\u043e\u0433\u0430\u0442 \u043f\u0440\u0438\u0440\u043e\u0434\u043d\u044b\u043c\u0438 \u0444\u0440\u0443\u043a\u0442\u043e\u0437\u0430\u043d\u0430\u043c\u0438, \u043a\u043e\u0442\u043e\u0440\u044b\u0435, \u043a\u0430\u043a \u0434\u043e\u043a\u0430\u0437\u0430\u043d\u043e, \u0443\u043a\u0440\u0435\u043f\u043b\u044f\u044e\u0442 \u0437\u0430\u0449\u0438\u0442\u043d\u044b\u0439 \u0441\u043b\u043e\u0439 \u043a\u043e\u0436\u0438, \u043f\u043e\u0434\u0434\u0435\u0440\u0436\u0438\u0432\u0430\u044e\u0442 \u0441\u0438\u043d\u0442\u0435\u0437 \u0436\u0438\u0440\u043d\u044b\u0445 \u043a\u0438\u0441\u043b\u043e\u0442 \u0432 \u0432\u0435\u0440\u0445\u043d\u0435\u043c \u0441\u043b\u043e\u0435 \u043a\u043e\u0436\u0438, \u043e\u043f\u0442\u0438\u043c\u0438\u0437\u0438\u0440\u0443\u044e\u0442 \u0438 \u0430\u043a\u0442\u0438\u0432\u0438\u0440\u0443\u044e\u0442 \u0438\u0445 \u0441\u0442\u0440\u0443\u043a\u0442\u0443\u0440\u044b, \u0430\u043a\u0442\u0438\u0432\u0438\u0440\u0443\u044e\u0442 \u0441\u0432\u044f\u0437\u0430\u043d\u043d\u044b\u0435 \u0441 \u0443\u0432\u043b\u0430\u0436\u043d\u0435\u043d\u0438\u0435\u043c \u0433\u0435\u043d\u044b, \u0432\u043e\u0441\u0441\u0442\u0430\u043d\u0430\u0432\u043b\u0438\u0432\u0430\u044e\u0442 \u043a\u043e\u0436\u0443.<\/li>\n<li><strong>Skin Defense Complex +: <\/strong>\u0432\u044b\u0441\u043e\u043a\u043e\u0430\u043a\u0442\u0438\u0432\u043d\u044b\u0439 \u0444\u0438\u0442\u043e\u043a\u043e\u043c\u043f\u043b\u0435\u043a\u0441 \u0441\u043e\u0434\u0435\u0440\u0436\u0438\u0442 \u043c\u0430\u0441\u043b\u043e \u0441\u0435\u043c\u044f\u043d \u0447\u0435\u0440\u043d\u043e\u0439 \u0441\u043c\u043e\u0440\u043e\u0434\u0438\u043d\u044b \u0431\u043e\u0433\u0430\u0442\u043e\u0435 \u043e\u043c\u0435\u0433\u0430-3 \u0438 \u043e\u043c\u0435\u0433\u0430-6 \u0436\u0438\u0440\u043d\u044b\u043c\u0438 \u043a\u0438\u0441\u043b\u043e\u0442\u0430\u043c\u0438, \u0443\u043c\u0435\u043d\u044c\u0448\u0430\u0435\u0442 \u0432\u043e\u0441\u043f\u0430\u043b\u0435\u043d\u0438\u0435 \u0438 \u0443\u043b\u0443\u0447\u0448\u0430\u0435\u0442 \u0437\u0430\u0449\u0438\u0442\u043d\u044b\u0439 \u0441\u043b\u043e\u0439 \u043a\u043e\u0436\u0438, \u0448\u0438\u0440\u043e\u043a\u043e\u043a\u043e\u043b\u043e\u043a\u043e\u043b\u044c\u0447\u0438\u043a \u043a\u0440\u0443\u043f\u043d\u043e\u0446\u0432\u0435\u0442\u043a\u043e\u0432\u044b\u0439 \u0431\u043e\u0433\u0430\u0442\u044b\u0439 \u0444\u0438\u0442\u043e\u0441\u0442\u0435\u0440\u043e\u043b\u0430\u043c\u0438, \u043a\u043e\u0442\u043e\u0440\u044b\u0439 \u0441\u0447\u0438\u0442\u0430\u0435\u0442\u0441\u044f \u0440\u0430\u0441\u0442\u0438\u0442\u0435\u043b\u044c\u043d\u044b\u043c \u0432\u0430\u0440\u0438\u0430\u043d\u0442\u043e\u043c \u0433\u0438\u0434\u0440\u043e\u043a\u043e\u0440\u0442\u0438\u0437\u043e\u043d\u0430 \u0438 \u043d\u0435\u043d\u0430\u0441\u044b\u0449\u0435\u043d\u043d\u043e\u0435 \u043f\u043e\u0434\u0441\u043e\u043b\u043d\u0435\u0447\u043d\u043e\u0435 \u043c\u0430\u0441\u043b\u043e \u0441\u043e\u0434\u0435\u0440\u0436\u0438\u0442 \u043d\u0435\u0437\u0430\u043c\u0435\u043d\u0438\u043c\u044b\u0435 \u0436\u0438\u0440\u043d\u044b\u0435 \u043a\u0438\u0441\u043b\u043e\u0442\u044b, \u0437\u0430\u0449\u0438\u0449\u0430\u0435\u0442 \u0438 \u0432\u043e\u0441\u0441\u0442\u0430\u043d\u0430\u0432\u043b\u0438\u0432\u0430\u0435\u0442 \u0437\u0430\u0449\u0438\u0442\u043d\u044b\u0439 \u0441\u043b\u043e\u0439 \u043f\u043e\u0432\u0440\u0435\u0436\u0434\u0435\u043d\u043d\u043e\u0439 \u043a\u043e\u0436\u0438 \u0438 \u0443\u043c\u0435\u043d\u044c\u0448\u0430\u0435\u0442 \u0430\u043b\u043b\u0435\u0440\u0433\u0438\u0447\u0435\u0441\u043a\u0438\u0435 \u0440\u0435\u0430\u043a\u0446\u0438\u0438.<\/li>\n<li><strong>Saccharide isomerate:<\/strong> \u0443\u0432\u043b\u0430\u0436\u043d\u044f\u044e\u0449\u0438\u0439 \u0430\u0433\u0435\u043d\u0442, \u043f\u043e\u043b\u0443\u0447\u0435\u043d\u043d\u044b\u0439 \u0438\u0437 \u043d\u0430\u0442\u0443\u0440\u0430\u043b\u044c\u043d\u044b\u0445 \u0441\u0430\u0445\u0430\u0440\u043e\u0432; \u043f\u0440\u043e\u0447\u043d\u043e \u0441\u0432\u044f\u0437\u044b\u0432\u0430\u0435\u0442\u0441\u044f \u0441 \u043a\u0435\u0440\u0430\u0442\u0438\u043d\u043e\u043c \u043a\u043e\u0436\u0438 \u0438 \u0431\u043b\u0430\u0433\u043e\u0434\u0430\u0440\u044f \u043e\u0447\u0435\u043d\u044c \u0445\u043e\u0440\u043e\u0448\u0438\u043c \u0432\u043b\u0430\u0433\u043e\u0441\u0432\u044f\u0437\u044b\u0432\u0430\u044e\u0449\u0438\u043c \u0441\u0432\u043e\u0439\u0441\u0442\u0432\u0430\u043c, \u043e\u043f\u0442\u0438\u043c\u0430\u043b\u044c\u043d\u043e \u043f\u0440\u043e\u043d\u0438\u043a\u0430\u0435\u0442 \u0432 \u043a\u043e\u0436\u0443.<\/li>\n<li><strong>Hyaluronic acid:<\/strong> \u0433\u0438\u0430\u043b\u0443\u0440\u043e\u043d\u043e\u0432\u0430\u044f \u043a\u0438\u0441\u043b\u043e\u0442\u0430 \u0441 \u043a\u043e\u0440\u043e\u0442\u043a\u043e\u0439 \u0438 \u0434\u043b\u0438\u043d\u043d\u043e\u0439 \u0446\u0435\u043f\u044f\u043c\u0438: \u0438\u043d\u0442\u0435\u043d\u0441\u0438\u0432\u043d\u043e\u0435 \u0443\u0432\u043b\u0430\u0436\u043d\u0435\u043d\u0438\u0435 \u0438 \u0443\u0432\u043b\u0430\u0436\u043d\u0435\u043d\u0438\u0435<\/li>\n<li><strong>Shea Butter:<\/strong> \u0438\u043d\u0442\u0435\u043d\u0441\u0438\u0432\u043d\u043e \u0443\u0445\u0430\u0436\u0438\u0432\u0430\u0435\u0442 \u0437\u0430 \u043a\u043e\u0436\u0435\u0439 \u0438 \u0434\u0435\u043b\u0430\u0435\u0442 \u0435\u0451 \u043c\u044f\u0433\u043a\u043e\u0439 \u0438 \u043d\u0435\u0436\u043d\u043e\u0439.<\/li>\n<li><strong>Isostearyl<\/strong> <strong>Isostearate:<\/strong> \u0441\u043c\u044f\u0433\u0447\u0430\u044e\u0449\u0435\u0435 \u0441\u0440\u0435\u0434\u0441\u0442\u0432\u043e \u043d\u0430 \u043e\u0441\u043d\u043e\u0432\u0435 \u043d\u0435\u043e\u0431\u0440\u0430\u0431\u043e\u0442\u0430\u043d\u043d\u043e\u0433\u043e \u0434\u0435\u0439\u0441\u0442\u0432\u0443\u044e\u0449\u0435\u0433\u043e \u0432\u0435\u0449\u0435\u0441\u0442\u0432\u0430 \u0440\u0430\u0441\u0442\u0438\u0442\u0435\u043b\u044c\u043d\u043e\u0433\u043e \u043f\u0440\u043e\u0438\u0441\u0445\u043e\u0436\u0434\u0435\u043d\u0438\u044f, \u0443\u043b\u0443\u0447\u0448\u0430\u0435\u0442 \u043a\u043e\u0433\u0435\u0437\u0438\u044e \u043b\u0438\u043f\u0438\u0434\u043e\u0432 \u0440\u043e\u0433\u043e\u0432\u043e\u0433\u043e \u0441\u043b\u043e\u044f \u0438 \u0441\u043d\u0438\u0436\u0430\u0435\u0442 \u043f\u043e\u0442\u0435\u0440\u044e \u0432\u043b\u0430\u0433\u0438 \u0432 \u0442\u0440\u0430\u043d\u0441\u0435\u043f\u0438\u0434\u0435\u0440\u043c\u0438\u0441\u0435.<\/li>\n<li><strong>Bisabolol<\/strong>: \u043f\u0440\u043e\u0442\u0438\u0432\u043e\u0432\u043e\u0441\u043f\u0430\u043b\u0438\u0442\u0435\u043b\u044c\u043d\u043e\u0435 \u0434\u0435\u0439\u0441\u0442\u0432\u0438\u0435, \u0430\u0440\u043e\u043c\u0430\u0442\u0438\u0437\u0430\u0442\u043e\u0440, \u0438\u043c\u0435\u0435\u0442 \u0443\u0441\u043f\u043e\u043a\u0430\u0438\u0432\u0430\u044e\u0449\u0435\u0435 \u0434\u0435\u0439\u0441\u0442\u0432\u0438\u0435.<\/li>\n<li><strong>Allantoin<\/strong>: \u0432\u043e\u0441\u0441\u0442\u0430\u043d\u0430\u0432\u043b\u0438\u0432\u0430\u0435\u0442 \u0438 \u0443\u0441\u043f\u043e\u043a\u0430\u0438\u0432\u0430\u0435\u0442 \u043a\u043e\u0436\u0443.<\/li>\n<li><strong>Squalane<\/strong>: \u043f\u0438\u0442\u0430\u0435\u0442 \u043a\u043e\u0436\u0443 \u0438 \u0437\u0430\u0449\u0438\u0449\u0430\u0435\u0442 \u0435\u0435 \u043e\u0442 \u043e\u0431\u0435\u0437\u0432\u043e\u0436\u0438\u0432\u0430\u043d\u0438\u044f.<\/li>\n<li><strong>Vitamin E:<\/strong> \u043d\u0435\u0439\u0442\u0440\u0430\u043b\u0438\u0437\u0443\u0435\u0442 \u043f\u043e\u0432\u0440\u0435\u0436\u0434\u0435\u043d\u0438\u0435 \u043a\u043b\u0435\u0442\u043e\u043a \u043e\u0442 \u0441\u0432\u043e\u0431\u043e\u0434\u043d\u044b\u0445 \u0440\u0430\u0434\u0438\u043a\u0430\u043b\u043e\u0432.<\/li>\n<\/ul>\n<p><strong>\u0421\u0432\u043e\u0439\u0441\u0442\u0432\u0430<\/strong><\/p>\n<ul>\n<li>\u041d\u0435 \u0440\u0430\u0437\u0434\u0440\u0430\u0436\u0430\u0435\u0442 \u043a\u043e\u0436\u0443<\/li>\n<li>\u0412\u043e\u0441\u0441\u0442\u0430\u043d\u0430\u0432\u043b\u0438\u0432\u0430\u0435\u0442 \u0438 \u0443\u043a\u0440\u0435\u043f\u043b\u044f\u0435\u0442 \u0437\u0430\u0449\u0438\u0442\u043d\u044b\u0439 \u0431\u0430\u0440\u044c\u0435\u0440 \u043a\u043e\u0436\u0438<\/li>\n<li>\u0418\u043d\u0442\u0435\u043d\u0441\u0438\u0432\u043d\u043e \u0432\u043e\u0437\u0434\u0435\u0439\u0441\u0442\u0432\u0443\u0435\u0442, \u0443\u0441\u043f\u043e\u043a\u0430\u0438\u0432\u0430\u0435\u0442 \u043a\u043e\u0436\u0443 \u0438 \u0443\u043c\u0435\u043d\u044c\u0448\u0430\u0435\u0442 \u0437\u0443\u0434<\/li>\n<li>\u0423\u0432\u0435\u043b\u0438\u0447\u0438\u0432\u0430\u0435\u0442 \u0443\u0432\u043b\u0430\u0436\u043d\u0435\u043d\u0438\u0435 \u043a\u043e\u0436\u0438<\/li>\n<li>\u0414\u0435\u0439\u0441\u0442\u0432\u0443\u0435\u0442 \u043a\u0430\u043a \u0430\u043d\u0442\u0438-\u043d\u0435\u0439\u0440\u043e\u0434\u0435\u0440\u043c\u0438\u0442 \u0442\u0435\u0440\u0430\u043f\u0438\u044f<\/li>\n<\/ul>\n<p><span data-sheets-value=\"{&quot;1&quot;:2,&quot;2&quot;:&quot;ToimenPuhastab, eemaldades pindmise mustuse. Kergesti mahapestav, muudab n\u00e4o siledaks. Regenereerib ja tervendab. Nahas\u00f5bralik puhastusvahend, tasakaalustab naha pH. nAktiivainedn\u2022 Naturaalne arahhise\u00f5li n\u2022 Unikaalsed naturaalsed niisutusained.nKasutaminenM\u00f5eldud kasutamiseks igal hommikul ja \u00f5htul. Kanda v\u00e4ike kogus puhastusvahendit kaelale, n\u00e4ole ja dekolteele. Masseerida kergelt. L\u00f5puks pesta maha leige veega v\u00f5i puhastada niisutatud vatiga. n&quot;}\" data-sheets-userformat=\"{&quot;2&quot;:8403905,&quot;3&quot;:{&quot;1&quot;:0},&quot;9&quot;:1,&quot;10&quot;:2,&quot;11&quot;:3,&quot;12&quot;:0,&quot;14&quot;:[null,2,0],&quot;15&quot;:&quot;Arial&quot;,&quot;16&quot;:10,&quot;26&quot;:400}\"><strong>\u041f\u0440\u0438\u043c\u0435\u043d\u0435\u043d\u0438\u0435<\/strong><br \/>\n<\/span><\/p>\n<p>\u041d\u0430\u043d\u043e\u0441\u0438\u0442\u0435 \u043d\u0435\u0439\u0440\u043e\u0434\u0435\u0440\u043c\u0430\u0442\u043e\u043b\u043e\u0433\u0438\u0447\u0435\u0441\u043a\u0438\u0439 \u0431\u0430\u043b\u044c\u0437\u0430\u043c \u043d\u0430 \u043f\u043e\u0440\u0430\u0436\u0435\u043d\u043d\u044b\u0435 \u0443\u0447\u0430\u0441\u0442\u043a\u0438 \u043a\u043e\u0436\u0438 \u0443\u0442\u0440\u043e\u043c \u0438 \/ \u0438\u043b\u0438 \u0432\u0435\u0447\u0435\u0440\u043e\u043c \u043f\u043e\u0441\u043b\u0435 \u043e\u0447\u0438\u0449\u0435\u043d\u0438\u044f \u0434\u043e \u043f\u043e\u043b\u043d\u043e\u0433\u043e \u0432\u043f\u0438\u0442\u044b\u0432\u0430\u043d\u0438\u044f.<\/p>\n<p><strong><em>\u0421\u043e\u0432\u0435\u0442<\/em><\/strong><strong><em>: <\/em><\/strong><em>\u0427\u0443\u0432\u0441\u0442\u0432\u0438\u0442\u0435\u043b\u044c\u043d\u0430\u044f \u043a\u043e\u0436\u0430 \u0438 \u0441\u043e\u043b\u043d\u0435\u0447\u043d\u044b\u0439 \u0441\u0432\u0435\u0442 \u043d\u0435 \u0441\u043e\u0447\u0435\u0442\u0430\u044e\u0442\u0441\u044f \u0434\u0440\u0443\u0433 \u0441 \u0434\u0440\u0443\u0433\u043e\u043c. \u041f\u043e\u044d\u0442\u043e\u043c\u0443 \u0432\u0430\u0436\u043d\u043e \u0437\u0430\u0449\u0438\u0442\u0438\u0442\u044c \u0447\u0443\u0432\u0441\u0442\u0432\u0438\u0442\u0435\u043b\u044c\u043d\u0443\u044e \u043a\u043e\u0436\u0443 \u0441 \u043f\u043e\u043c\u043e\u0449\u044c\u044e Face Guard Advanced. \u042d\u0442\u0430 \u043b\u0435\u0433\u043a\u0430\u044f \u044d\u043c\u0443\u043b\u044c\u0441\u0438\u044f \u0441\u043e\u0434\u0435\u0440\u0436\u0438\u0442 \u0437\u0430\u0449\u0438\u0442\u043d\u044b\u0435 \u043c\u0438\u043d\u0435\u0440\u0430\u043b\u044b \u0438 \u0434\u0438\u043e\u043a\u0441\u0438\u0434 \u0442\u0438\u0442\u0430\u043d\u0430, \u043a\u043e\u0442\u043e\u0440\u044b\u0439<\/em> <em>\u043e\u0441\u0442\u0430\u0435\u0442\u0441\u044f \u043d\u0430 \u043a\u043e\u0436\u0435 \u0438 \u043e\u0442\u0440\u0430\u0436\u0430\u0435\u0442 \u0443\u043b\u044c\u0442\u0440\u0430\u0444\u0438\u043e\u043b\u0435\u0442\u043e\u0432\u043e\u0435 \u0438\u0437\u043b\u0443\u0447\u0435\u043d\u0438\u0435. \u041d\u0430\u043d\u043e\u0441\u0438\u0442\u0435 \u0437\u0430\u0449\u0438\u0442\u043d\u044b\u0439 \u043a\u0440\u0435\u043c \u043d\u0430 \u043a\u043e\u0436\u0443 \u043a\u0430\u043a \u0447\u0430\u0441\u0442\u044c \u0435\u0436\u0435\u0434\u043d\u0435\u0432\u043d\u043e\u0433\u043e \u0443\u0445\u043e\u0434\u0430 \u0437\u0430 \u043a\u043e\u0436\u0435\u0439.<\/em><\/p>\n<p><span data-sheets-value=\"{&quot;1&quot;:2,&quot;2&quot;:&quot;ToimenPuhastab, eemaldades pindmise mustuse. Kergesti mahapestav, muudab n\u00e4o siledaks. Regenereerib ja tervendab. Nahas\u00f5bralik puhastusvahend, tasakaalustab naha pH. nAktiivainedn\u2022 Naturaalne arahhise\u00f5li n\u2022 Unikaalsed naturaalsed niisutusained.nKasutaminenM\u00f5eldud kasutamiseks igal hommikul ja \u00f5htul. Kanda v\u00e4ike kogus puhastusvahendit kaelale, n\u00e4ole ja dekolteele. Masseerida kergelt. L\u00f5puks pesta maha leige veega v\u00f5i puhastada niisutatud vatiga. n&quot;}\" data-sheets-userformat=\"{&quot;2&quot;:8403905,&quot;3&quot;:{&quot;1&quot;:0},&quot;9&quot;:1,&quot;10&quot;:2,&quot;11&quot;:3,&quot;12&quot;:0,&quot;14&quot;:[null,2,0],&quot;15&quot;:&quot;Arial&quot;,&quot;16&quot;:10,&quot;26&quot;:400}\">\u00a0<\/span><\/p>\n<p>&nbsp;<\/p>\n<p>&nbsp;<\/p>\n","protected":false},"excerpt":{"rendered":"<p><strong>\u0421\u043f\u0435\u0446\u0438\u0430\u043b\u044c\u043d\u044b\u0439 \u0443\u0445\u043e\u0434 \u0434\u043b\u044f \u0430\u0442\u043e\u043f\u0438\u0447\u043d\u043e\u0439 \u043a\u043e\u0436\u0438<\/strong><br \/>\nRef. 2070-<span style=\"font-weight: 400;\">\u0414<\/span><span style=\"font-weight: 400;\">\u043e\u043c\u0430\u0448\u043d\u0438\u0439 \u0443\u0445\u043e\u0434<\/span> 100ml<br \/>\n<strong>\u041e\u043f\u0438\u0441\u0430\u043d\u0438\u0435 <\/strong><\/p>\n<p>\u041d\u0435\u0439\u0440\u043e\u0434\u0435\u0440\u043c\u0430\u0442\u043e\u043b\u043e\u0433\u0438\u0447\u0435\u0441\u043a\u0438\u0439 \u0431\u0430\u043b\u044c\u0437\u0430\u043c \u0434\u0435\u0439\u0441\u0442\u0432\u0443\u0435\u0442 \u043a\u0430\u043a \u0430\u043d\u0442\u0438-\u043d\u0435\u0439\u0440\u043e\u0434\u0435\u0440\u043c\u0438\u0442 \u0442\u0435\u0440\u0430\u043f\u0438\u044f. \u042d\u0442\u043e\u0442 \u043b\u0435\u0433\u043a\u0438\u0439 \u0432 \u043f\u0440\u0438\u043c\u0435\u043d\u0435\u043d\u0438\u0438 \u043b\u043e\u0441\u044c\u043e\u043d \u0441\u043e\u0434\u0435\u0440\u0436\u0438\u0442 \u0430\u043a\u0442\u0438\u0432\u043d\u044b\u0435 \u0438\u043d\u0433\u0440\u0435\u0434\u0438\u0435\u043d\u0442\u044b, \u043a\u043e\u0442\u043e\u0440\u044b\u0435 \u0432\u043e\u0441\u0441\u0442\u0430\u043d\u0430\u0432\u043b\u0438\u0432\u0430\u044e\u0442 \u043f\u043e\u0432\u0440\u0435\u0436\u0434\u0435\u043d\u043d\u044b\u0439 \u0437\u0430\u0449\u0438\u0442\u043d\u044b\u0439 \u0441\u043b\u043e\u0439 \u043a\u043e\u0436\u0438, \u0443\u043c\u0435\u043d\u044c\u0448\u0430\u044e\u0442 \u0432\u043e\u0441\u043f\u0430\u043b\u0435\u043d\u0438\u0435 \u0438 \u0434\u0435\u043b\u0430\u044e\u0442 \u043a\u043e\u0436\u0443 \u043f\u0440\u0438\u044f\u0442\u043d\u043e\u0439 \u043d\u0430 \u043e\u0449\u0443\u043f\u044c.<\/p>\n<p>\u042f\u043f\u043e\u043d\u0441\u043a\u0438\u0439 \u044d\u043a\u0441\u0442\u0440\u0430\u043a\u0442 \u0442\u0440\u0430\u0432\u044b \u043c\u043e\u043d\u0434\u043e \u0441\u043f\u0435\u0446\u0438\u0430\u043b\u044c\u043d\u043e \u0440\u0430\u0437\u0440\u0430\u0431\u043e\u0442\u0430\u043d \u0434\u043b\u044f \u043a\u043e\u0436\u0438, \u0441\u0442\u0440\u0430\u0434\u0430\u044e\u0449\u0435\u0439 \u043d\u0435\u0439\u0440\u043e\u0434\u0435\u0440\u043c\u0438\u0442\u043e\u043c. \u0412 \u0441\u043e\u0447\u0435\u0442\u0430\u043d\u0438\u0438 \u0441 \u044d\u0444\u0444\u0435\u043a\u0442\u0438\u0432\u043d\u044b\u043c \u043a\u043e\u043c\u043f\u043b\u0435\u043a\u0441\u043e\u043c Skin Defense+ \u0438 \u043f\u043e\u043b\u0435\u0437\u043d\u044b\u043c\u0438 \u0440\u0430\u0441\u0442\u0438\u0442\u0435\u043b\u044c\u043d\u044b\u043c\u0438 \u043c\u0430\u0441\u043b\u0430\u043c\u0438 \u0437\u0430\u0449\u0438\u0442\u043d\u044b\u0439 \u0441\u043b\u043e\u0439 \u043a\u043e\u0436\u0438 \u0432\u043e\u0441\u0441\u0442\u0430\u043d\u0430\u0432\u043b\u0438\u0432\u0430\u0435\u0442\u0441\u044f \u0438 \u0441\u0442\u0430\u0431\u0438\u043b\u0438\u0437\u0438\u0440\u0443\u0435\u0442\u0441\u044f \u0432 \u0442\u0435\u0447\u0435\u043d\u0438\u0435 \u0434\u043b\u0438\u0442\u0435\u043b\u044c\u043d\u043e\u0433\u043e \u0432\u0440\u0435\u043c\u0435\u043d\u0438. \u0420\u0430\u0437\u0434\u0440\u0430\u0436\u0435\u043d\u0438\u0435 \u043a\u043e\u0436\u0438 \u0443\u043c\u0435\u043d\u044c\u0448\u0430\u0435\u0442\u0441\u044f, \u043a\u043e\u0436\u0430 \u0432\u043e\u0441\u0441\u0442\u0430\u043d\u043e\u0432\u043b\u0438\u0432\u0430\u0435\u0442\u0441\u044f. \u0414\u043b\u0438\u0442\u0435\u043b\u044c\u043d\u043e\u0435 \u0438\u0441\u043f\u043e\u043b\u044c\u0437\u043e\u0432\u0430\u043d\u0438\u0435 \u043f\u0440\u043e\u0434\u043b\u0435\u0432\u0430\u0435\u0442 \u0444\u0430\u0437\u0443 \u0440\u0435\u043c\u0438\u0441\u0441\u0438\u0438 (\u0431\u0435\u0441\u0441\u0438\u043c\u043f\u0442\u043e\u043c\u043d\u0430\u044f \u0444\u0430\u0437\u0430) \u043d\u0435\u0439\u0440\u043e\u0434\u0435\u0440\u043c\u0438\u0442\u0430 \u0438 \u043f\u043e\u0432\u044b\u0448\u0430\u0435\u0442 \u0441\u043e\u0441\u0442\u043e\u044f\u043d\u0438\u0435 \u043a\u043e\u0436\u0438 *. \u041a\u0440\u043e\u043c\u0435 \u0442\u043e\u0433\u043e, \u0438\u0437\u043e\u043c\u0435\u0440\u044b \u0433\u0438\u0430\u043b\u0443\u0440\u043e\u043d\u043e\u0432\u043e\u0439 \u043a\u0438\u0441\u043b\u043e\u0442\u044b \u0438 \u0441\u0430\u0445\u0430\u0440\u0438\u0434\u043e\u0432 \u043e\u0431\u0435\u0441\u043f\u0435\u0447\u0438\u0432\u0430\u044e\u0442 \u0434\u043e\u043f\u043e\u043b\u043d\u0438\u0442\u0435\u043b\u044c\u043d\u043e\u0435 \u0443\u0432\u043b\u0430\u0436\u043d\u0435\u043d\u0438\u0435 \u0434\u043b\u044f \u0431\u0430\u043b\u0430\u043d\u0441\u0430 \u043e\u0431\u0435\u0437\u0432\u043e\u0436\u0435\u043d\u043d\u043e\u0439 \u043a\u043e\u0436\u0438.<\/p>\n","protected":false},"featured_media":8545,"comment_status":"open","ping_status":"closed","template":"","meta":[],"product_cat":[162,159,184],"product_tag":[],"class_list":{"0":"post-8541","1":"product","2":"type-product","3":"status-publish","4":"has-post-thumbnail","6":"product_cat-cosmeceuticals------","7":"product_cat-janssen-cosmetics-ru","8":"product_cat-sensitive-skin-ru","10":"first","11":"instock","12":"sale","13":"taxable","14":"shipping-taxable","15":"product-type-variable"},"_links":{"self":[{"href":"https:\/\/janssen-beauty.ee\/ru\/wp-json\/wp\/v2\/product\/8541"}],"collection":[{"href":"https:\/\/janssen-beauty.ee\/ru\/wp-json\/wp\/v2\/product"}],"about":[{"href":"https:\/\/janssen-beauty.ee\/ru\/wp-json\/wp\/v2\/types\/product"}],"replies":[{"embeddable":true,"href":"https:\/\/janssen-beauty.ee\/ru\/wp-json\/wp\/v2\/comments?post=8541"}],"wp:featuredmedia":[{"embeddable":true,"href":"https:\/\/janssen-beauty.ee\/ru\/wp-json\/wp\/v2\/media\/8545"}],"wp:attachment":[{"href":"https:\/\/janssen-beauty.ee\/ru\/wp-json\/wp\/v2\/media?parent=8541"}],"wp:term":[{"taxonomy":"product_cat","embeddable":true,"href":"https:\/\/janssen-beauty.ee\/ru\/wp-json\/wp\/v2\/product_cat?post=8541"},{"taxonomy":"product_tag","embeddable":true,"href":"https:\/\/janssen-beauty.ee\/ru\/wp-json\/wp\/v2\/product_tag?post=8541"}],"curies":[{"name":"wp","href":"https:\/\/api.w.org\/{rel}","templated":true}]}}